{"id":1267,"date":"2025-09-04T17:23:40","date_gmt":"2025-09-04T09:23:40","guid":{"rendered":"https:\/\/mostebglass.com\/?page_id=1267"},"modified":"2025-12-09T17:12:34","modified_gmt":"2025-12-09T09:12:34","slug":"vzorek-zdarma","status":"publish","type":"page","link":"https:\/\/mostebglass.com\/cs\/free-sample\/","title":{"rendered":"Vzorek zdarma"},"content":{"rendered":"<div data-elementor-type=\"wp-page\" data-elementor-id=\"1267\" class=\"elementor elementor-1267\" data-elementor-settings=\"{&quot;ha_cmc_init_switcher&quot;:&quot;no&quot;}\" data-elementor-post-type=\"page\">\n\t\t\t\t<div class=\"elementor-element elementor-element-7818d62 e-flex e-con-boxed e-con e-parent\" data-id=\"7818d62\" data-element_type=\"container\" data-e-type=\"container\" data-settings=\"{&quot;_ha_eqh_enable&quot;:false}\">\n\t\t\t\t\t<div class=\"e-con-inner\">\n\t\t\t\t<div class=\"elementor-element elementor-element-e8a79b4 elementor-widget elementor-widget-breadcrumbs\" data-id=\"e8a79b4\" data-element_type=\"widget\" data-e-type=\"widget\" data-widget_type=\"breadcrumbs.default\">\n\t\t\t\t<div class=\"elementor-widget-container\">\n\t\t\t\t\t<nav aria-label=\"strouhanka\" class=\"rank-math-breadcrumb\"><p><span class=\"last\">Domov<\/span><\/p><\/nav>\t\t\t\t<\/div>\n\t\t\t\t<\/div>\n\t\t\t\t<div class=\"elementor-element elementor-element-95bb8eb elementor-widget elementor-widget-heading\" data-id=\"95bb8eb\" data-element_type=\"widget\" data-e-type=\"widget\" data-widget_type=\"heading.default\">\n\t\t\t\t\t<h2 class=\"elementor-heading-title elementor-size-default\">Vy\u017e\u00e1dejte si bezplatn\u00e9 vzorky<\/h2>\t\t\t\t<\/div>\n\t\t\t\t<div class=\"elementor-element elementor-element-caa4cfb elementor-widget elementor-widget-text-editor\" data-id=\"caa4cfb\" data-element_type=\"widget\" data-e-type=\"widget\" data-widget_type=\"text-editor.default\">\n\t\t\t\t\t\t\t\t\t<p>Mosteb nab\u00edz\u00ed na\u0161im z\u00e1kazn\u00edk\u016fm mo\u017enost bezplatn\u00e9ho vzorku po dokon\u010den\u00ed objedn\u00e1vky. Jedn\u00e1 se o voliteln\u00fd proces, kter\u00fd z\u00e1kazn\u00edk\u016fm pom\u00e1h\u00e1 z\u00edskat v\u011bt\u0161\u00ed jistotu ohledn\u011b v\u00fdsledku. Promluvte si s n\u00e1mi o sv\u00e9m projektu. Jeden z na\u0161ich produktov\u00fdch specialist\u016f se s v\u00e1mi spoj\u00ed do 1 pracovn\u00edho dne.<\/p><p><strong>Vzorky jsou k dispozici ve 3 typech:<\/strong><\/p><ul><li>Digit\u00e1ln\u00ed 3D rendering (p\u0159\u00edklad grafiky a stylu sklen\u011bn\u00e9 n\u00e1doby v interaktivn\u00edm 3D).<\/li><li>St\u00e1vaj\u00edc\u00ed vzorky (sklen\u011bn\u00e9 n\u00e1doby, kter\u00e9 jsme ji\u017e vyrobili)<\/li><li>Zak\u00e1zkov\u00e9 vzorky (pln\u011b zak\u00e1zkov\u00fd vzorek dle va\u0161\u00ed specifikace)<\/li><\/ul><p><strong>Pozn\u00e1mka:<\/strong><\/p><ul><li>Podl\u00e9h\u00e1 ur\u010dit\u00fdm podm\u00ednk\u00e1m a kategori\u00edm produkt\u016f. Cena dopravy nen\u00ed zahrnuta.<\/li><li>Poplatek za zak\u00e1zkov\u00fd vzorek bude proplacen po zad\u00e1n\u00ed cel\u00e9 v\u00fdrobn\u00ed objedn\u00e1vky.<\/li><li>N\u00e1hrada se vztahuje pouze na vzorky um\u011bleck\u00fdch d\u011bl, kter\u00e9 jsou finalizov\u00e1ny pro plnou produkci.<\/li><\/ul>\t\t\t\t\t\t\t\t<\/div>\n\t\t\t\t\t<\/div>\n\t\t\t\t<\/div>\n\t\t<div class=\"elementor-element elementor-element-d693e3f e-flex e-con-boxed e-con e-parent\" data-id=\"d693e3f\" data-element_type=\"container\" data-e-type=\"container\" data-settings=\"{&quot;_ha_eqh_enable&quot;:false}\">\n\t\t\t\t\t<div class=\"e-con-inner\">\n\t\t\t\t<div class=\"elementor-element elementor-element-14c263d elementor-widget elementor-widget-heading\" data-id=\"14c263d\" data-element_type=\"widget\" data-e-type=\"widget\" data-widget_type=\"heading.default\">\n\t\t\t\t\t<h2 class=\"elementor-heading-title elementor-size-default\">Za\u010dn\u011bte s balen\u00edm skla<br> cesta s Mostebem<\/h2>\t\t\t\t<\/div>\n\t\t\t\t<div class=\"elementor-element elementor-element-a530797 elementor-widget elementor-widget-text-editor\" data-id=\"a530797\" data-element_type=\"widget\" data-e-type=\"widget\" data-widget_type=\"text-editor.default\">\n\t\t\t\t\t\t\t\t\t<p><br \/>Kontaktujte na\u0161eho produktov\u00e9ho specialistu hned te\u010f<\/p>\t\t\t\t\t\t\t\t<\/div>\n\t\t\t\t<div class=\"elementor-element elementor-element-62a9c11 elementor-align-center elementor-widget elementor-widget-button\" data-id=\"62a9c11\" data-element_type=\"widget\" data-e-type=\"widget\" data-widget_type=\"button.default\">\n\t\t\t\t\t\t\t\t\t\t<a class=\"elementor-button elementor-button-link elementor-size-sm\" href=\"#\">\n\t\t\t\t\t\t<span class=\"elementor-button-content-wrapper\">\n\t\t\t\t\t\t\t\t\t<span class=\"elementor-button-text\">Vy\u017e\u00e1dejte si cenovou nab\u00eddku<\/span>\n\t\t\t\t\t<\/span>\n\t\t\t\t\t<\/a>\n\t\t\t\t\t\t\t\t<\/div>\n\t\t\t\t\t<\/div>\n\t\t\t\t<\/div>\n\t\t\t\t<\/div>","protected":false},"excerpt":{"rendered":"<p>Home Request Free Samples Mosteb offers Free Sample options for our customers after full order commitment. It is an optional [\u2026]<\/p>","protected":false},"author":1,"featured_media":0,"parent":0,"menu_order":0,"comment_status":"closed","ping_status":"closed","template":"","meta":{"site-sidebar-layout":"no-sidebar","site-content-layout":"","ast-site-content-layout":"full-width-container","site-content-style":"default","site-sidebar-style":"default","ast-global-header-display":"","ast-banner-title-visibility":"","ast-main-header-display":"","ast-hfb-above-header-display":"","ast-hfb-below-header-display":"","ast-hfb-mobile-header-display":"","site-post-title":"disabled","ast-breadcrumbs-content":"","ast-featured-img":"disabled","footer-sml-layout":"","theme-transparent-header-meta":"","adv-header-id-meta":"","stick-header-meta":"","header-above-stick-meta":"","header-main-stick-meta":"","header-below-stick-meta":"","astra-migrate-meta-layouts":"default","ast-page-background-enabled":"default","ast-page-background-meta":{"desktop":{"background-color":"var(--ast-global-color-5)","background-image":"","background-repeat":"repeat","background-position":"center center","background-size":"auto","background-attachment":"scroll","background-type":"","background-media":"","overlay-type":"","overlay-color":"","overlay-opacity":"","overlay-gradient":""},"tablet":{"background-color":"","background-image":"","background-repeat":"repeat","background-position":"center center","background-size":"auto","background-attachment":"scroll","background-type":"","background-media":"","overlay-type":"","overlay-color":"","overlay-opacity":"","overlay-gradient":""},"mobile":{"background-color":"","background-image":"","background-repeat":"repeat","background-position":"center center","background-size":"auto","background-attachment":"scroll","background-type":"","background-media":"","overlay-type":"","overlay-color":"","overlay-opacity":"","overlay-gradient":""}},"ast-content-background-meta":{"desktop":{"background-color":"var(--ast-global-color-4)","background-image":"","background-repeat":"repeat","background-position":"center center","background-size":"auto","background-attachment":"scroll","background-type":"","background-media":"","overlay-type":"","overlay-color":"","overlay-opacity":"","overlay-gradient":""},"tablet":{"background-color":"var(--ast-global-color-4)","background-image":"","background-repeat":"repeat","background-position":"center center","background-size":"auto","background-attachment":"scroll","background-type":"","background-media":"","overlay-type":"","overlay-color":"","overlay-opacity":"","overlay-gradient":""},"mobile":{"background-color":"var(--ast-global-color-4)","background-image":"","background-repeat":"repeat","background-position":"center center","background-size":"auto","background-attachment":"scroll","background-type":"","background-media":"","overlay-type":"","overlay-color":"","overlay-opacity":"","overlay-gradient":""}},"footnotes":""},"class_list":["post-1267","page","type-page","status-publish","hentry"],"jetpack_sharing_enabled":true,"_links":{"self":[{"href":"https:\/\/mostebglass.com\/cs\/wp-json\/wp\/v2\/pages\/1267","targetHints":{"allow":["GET"]}}],"collection":[{"href":"https:\/\/mostebglass.com\/cs\/wp-json\/wp\/v2\/pages"}],"about":[{"href":"https:\/\/mostebglass.com\/cs\/wp-json\/wp\/v2\/types\/page"}],"author":[{"embeddable":true,"href":"https:\/\/mostebglass.com\/cs\/wp-json\/wp\/v2\/users\/1"}],"replies":[{"embeddable":true,"href":"https:\/\/mostebglass.com\/cs\/wp-json\/wp\/v2\/comments?post=1267"}],"version-history":[{"count":5,"href":"https:\/\/mostebglass.com\/cs\/wp-json\/wp\/v2\/pages\/1267\/revisions"}],"predecessor-version":[{"id":1509,"href":"https:\/\/mostebglass.com\/cs\/wp-json\/wp\/v2\/pages\/1267\/revisions\/1509"}],"wp:attachment":[{"href":"https:\/\/mostebglass.com\/cs\/wp-json\/wp\/v2\/media?parent=1267"}],"curies":[{"name":"wp","href":"https:\/\/api.w.org\/{rel}","templated":true}]}}