{"id":1032,"date":"2025-08-28T11:26:08","date_gmt":"2025-08-28T03:26:08","guid":{"rendered":"https:\/\/mostebglass.com\/?post_type=product&#038;p=1032"},"modified":"2026-03-20T17:00:21","modified_gmt":"2026-03-20T09:00:21","slug":"round-candle-holder-85ml-jars-and-lids-for-candles","status":"publish","type":"product","link":"https:\/\/mostebglass.com\/cs\/round-candle-holder-85ml-jars-and-lids-for-candles\/","title":{"rendered":"Kulat\u00fd sv\u00edcen \u2013 85ml sklenice a v\u00ed\u010dka na sv\u00ed\u010dky"},"content":{"rendered":"<p>Na\u0161e 85ml sklenice s v\u00ed\u010dky na sv\u00ed\u010dky jsou minimalistick\u00e9 sklen\u011bn\u00e9 d\u00f3zy s \u0161irok\u00fdm hrdlem, navr\u017een\u00e9 jako v\u0161estrann\u00e1 n\u00e1doba na sv\u00ed\u010dky. Jsou vyrobeny z t\u011b\u017ek\u00e9ho sodno-v\u00e1penat\u00e9ho skla a maj\u00ed \u010dir\u00fd a pr\u016fhledn\u00fd povrch, kter\u00fd odpov\u00edd\u00e1 image luxusn\u00edho a modern\u00edho brandingu. Tato mal\u00e1 n\u00e1doba na sv\u00ed\u010dky m\u00e1 celkov\u00fd objem 85 ml a lze ji pou\u017e\u00edt s vonn\u00fdmi sv\u00ed\u010dkami, d\u00e1rkov\u00fdmi sadami a maloobchodn\u00edmi sklen\u011bn\u00fdmi obaly. Je kompatibiln\u00ed s kovov\u00fdmi nebo bambusov\u00fdmi v\u00ed\u010dky (se silikonov\u00fdm t\u011bsn\u011bn\u00edm) a slou\u017e\u00ed jako kompletn\u00ed \u0159e\u0161en\u00ed pro sklenice a v\u00ed\u010dka na sv\u00ed\u010dky, kter\u00e9 \u0161iroce pou\u017e\u00edvaj\u00ed zna\u010dky a distributo\u0159i, kte\u0159\u00ed nakupuj\u00ed velkoobchodn\u00ed d\u00f3zy na sv\u00ed\u010dky a n\u00e1doby na sv\u00ed\u010dky s v\u00ed\u010dky.<\/p>\n<h2>Kl\u00ed\u010dov\u00e9 specifikace<\/h2>\n<table style=\"border-collapse: collapse; width: 80%; margin-left: auto; margin-right: auto;\" border=\"0\" width=\"593\" cellspacing=\"0\" cellpadding=\"0\">\n<tbody>\n<tr style=\"height: 13.50pt;\">\n<td style=\"height: 13.50pt; width: 119.25pt;\" width=\"159\" height=\"18\">Tvar<\/td>\n<td style=\"width: 325.50pt;\" width=\"434\">Kulat\u00e1, \u0161irok\u00e1 \u00fasta<\/td>\n<\/tr>\n<tr style=\"height: 13.50pt;\">\n<td style=\"height: 13.50pt;\" height=\"18\">Kapacita<\/td>\n<td>85 ml<\/td>\n<\/tr>\n<tr style=\"height: 13.50pt;\">\n<td style=\"height: 13.50pt;\" height=\"18\">Rozm\u011bry<\/td>\n<td>Horn\u00ed \u00d8 65 mm \/ Spodn\u00ed \u00d8 58 mm \/ V\u00fd\u0161ka 60 mm<\/td>\n<\/tr>\n<tr style=\"height: 13.50pt;\">\n<td style=\"height: 13.50pt;\" height=\"18\">Hmotnost<\/td>\n<td>200 g<\/td>\n<\/tr>\n<tr style=\"height: 13.50pt;\">\n<td style=\"height: 13.50pt;\" height=\"18\">Materi\u00e1l<\/td>\n<td>Siln\u00e9 sodno-v\u00e1penat\u00e9 sklo (vhodn\u00e9 pro recyklaci)<\/td>\n<\/tr>\n<tr style=\"height: 13.50pt;\">\n<td style=\"height: 13.50pt;\" height=\"18\">Mo\u017enosti v\u00edka<\/td>\n<td>Kovov\u00e9 \/ bambusov\u00e9 v\u00ed\u010dko se silikonov\u00fdm krou\u017ekem (na zak\u00e1zku)<\/td>\n<\/tr>\n<tr style=\"height: 13.50pt;\">\n<td style=\"height: 13.50pt;\" height=\"18\">Barva<\/td>\n<td>Pr\u016fhledn\u00e9 (k dispozici jsou vlastn\u00ed barvy)<\/td>\n<\/tr>\n<tr style=\"height: 13.50pt;\">\n<td style=\"height: 13.50pt;\" height=\"18\">V\u00fdrobn\u00ed proces<\/td>\n<td>Strojov\u011b lisovan\u00e9<\/td>\n<\/tr>\n<tr style=\"height: 13.50pt;\">\n<td style=\"height: 13.50pt;\" height=\"18\">Obal<\/td>\n<td>90 ks\/karton<\/td>\n<\/tr>\n<tr style=\"height: 13.50pt;\">\n<td style=\"height: 13.50pt;\" height=\"18\">Styl<\/td>\n<td>Minimalistick\u00fd, modern\u00ed sv\u00edcen<\/td>\n<\/tr>\n<tr style=\"height: 13.50pt;\">\n<td style=\"height: 13.50pt;\" height=\"18\">Vlastn\u00ed mo\u017enosti<\/td>\n<td>Logo, povrchov\u00e1 \u00faprava, barva, velikost, tvar, kapacita<\/td>\n<\/tr>\n<\/tbody>\n<\/table>\n<h2>Kl\u00ed\u010dov\u00e9 vlastnosti<\/h2>\n<ol>\n<li><strong>\u0160irok\u00e1 \u00fasta pro lep\u0161\u00ed rozptyl v\u016fn\u011b<\/strong>\u0160irok\u00fd otvor umo\u017e\u0148uje v\u011bt\u0161\u00ed \u0161\u00ed\u0159en\u00ed v\u016fn\u011b a d\u011bl\u00e1 z n\u011bj perfektn\u00ed n\u00e1dobu na sv\u00ed\u010dku s nejlep\u0161\u00edmi aromaterapeutick\u00fdmi produkty.<\/li>\n<li><strong>Robustn\u00ed, tepeln\u011b tvrzen\u00e9 sklo<\/strong>Struktura tohoto skla je ztlu\u0161t\u011bn\u00e1, co\u017e zaru\u010duje skv\u011blou odolnost v\u016f\u010di tepeln\u00fdm \u0161ok\u016fm a bezpe\u010dnost v\u0161ech typ\u016f vosk\u016f.<\/li>\n<li><strong>Opakovan\u011b pou\u017eiteln\u00fd design a \u0161etrnost k \u017eivotn\u00edmu prost\u0159ed\u00ed<\/strong>Jedn\u00e1 se o obal p\u0159ipraven\u00fd k recyklaci, kter\u00fd je robustn\u00ed a opakovan\u011b pou\u017eiteln\u00fd v souladu s trendy udr\u017eiteln\u00fdch sklen\u011bn\u00fdch obal\u016f.<\/li>\n<\/ol>\n<h2>\u00dasp\u011b\u0161n\u00e1 p\u0159\u00edpadov\u00e1 studie<\/h2>\n<p>Jeden z majitel\u016f butikov\u00e9 zna\u010dky sv\u00ed\u010dek ve Francii zakoupil 20 000 t\u011bchto sklen\u011bn\u00fdch d\u00f3z se sv\u00ed\u010dkami jako sou\u010d\u00e1st sv\u00e9 sez\u00f3nn\u00ed d\u00e1rkov\u00e9 \u0159ady. Jako\u017eto luxusn\u00ed prodejce lifestylov\u00e9ho zbo\u017e\u00ed pot\u0159eboval vlastn\u00ed obaly, jako je matn\u00fd ml\u00e9\u010dn\u00fd povlak, zlat\u011b poti\u0161t\u011bn\u00e9 logo a bambusov\u00e1 v\u00ed\u010dka. Tento minimalistick\u00fd styl a pr\u016fhledn\u00e1 n\u00e1doba umo\u017e\u0148ovaly z\u00e1kazn\u00edk\u016fm vizu\u00e1ln\u011b vid\u011bt barvu vosku, co\u017e zvy\u0161ovalo atraktivitu zbo\u017e\u00ed v reg\u00e1lu. \u0158ada sv\u00ed\u010dek byla za t\u0159i m\u011bs\u00edce nedostupn\u00e1 kv\u016fli v\u00fdprodej\u016fm v online a maloobchodn\u00edch prodejn\u00e1ch, co\u017e zv\u00fd\u0161ilo tr\u017eby z prodeje sv\u00ed\u010dek o 35 %. Klient ji\u017e opakovan\u011b prov\u00e1d\u011bl hromadn\u00e9 objedn\u00e1vky a p\u0159e\u0161el na dlouhodobou spolupr\u00e1ci ve velkoobchod\u011b a hromadn\u00e9m prodeji.<\/p>\n<h2>Doporu\u010den\u00ed pro personalizaci pro B2B kupuj\u00edc\u00ed<\/h2>\n<ol>\n<li><strong>P\u0159izp\u016fsoben\u00ed zam\u011b\u0159en\u00e9 na branding<\/strong>S\u00edtotisk, ra\u017eba nebo popisov\u00e1n\u00ed standardn\u00edch d\u00f3z na sv\u00ed\u010dky pro vytvo\u0159en\u00ed jedine\u010dn\u00fdch luxusn\u00edch d\u00f3z na sv\u00ed\u010dky.<\/li>\n<li><strong>V\u00edko a obal<\/strong>P\u00e1rov\u00e1n\u00ed bambusov\u00fdch nebo kovov\u00fdch v\u00ed\u010dek: Zkombinujte zak\u00e1zkov\u00e9 vn\u011bj\u0161\u00ed krabi\u010dky s bambusov\u00fdmi nebo kovov\u00fdmi v\u00ed\u010dky a vytvo\u0159te tak cel\u00e9 n\u00e1doby na sv\u00ed\u010dky s v\u00ed\u010dky k prodeji nebo jako d\u00e1rky.<\/li>\n<li><strong>Mo\u017enosti barev\/povrchov\u00e9 \u00fapravy<\/strong>P\u0159izp\u016fsobte si matn\u00fd, barevn\u00fd nebo st\u0159\u00edkan\u00fd povrch tak, aby ladil s ro\u010dn\u00edm obdob\u00edm nebo zna\u010dkou va\u0161eho sv\u00edcnu.<\/li>\n<\/ol>\n<p>Produkt je nejlep\u0161\u00ed volbou na trhu pro zna\u010dky, distributory a v\u00fdrobn\u00ed partnery, kte\u0159\u00ed cht\u011bj\u00ed m\u00edt odoln\u00e9 a hezk\u00e9 zbo\u017e\u00ed s flexibiln\u00edmi mo\u017enostmi balen\u00ed na m\u00edru.<\/p>","protected":false},"excerpt":{"rendered":"<p>Pr\u00e9miov\u00fd kulat\u00fd sv\u00edcen s d\u00f3zou a v\u00ed\u010dkem na sv\u00ed\u010dky. Odoln\u00e9, minimalistick\u00e9 sklen\u011bn\u00e9 balen\u00ed ide\u00e1ln\u00ed pro velkoobchodn\u00ed i hromadn\u00e9 prodeje sv\u00ed\u010dek.<\/p>","protected":false},"featured_media":4859,"template":"","meta":{"site-sidebar-layout":"default","site-content-layout":"","ast-site-content-layout":"default","site-content-style":"default","site-sidebar-style":"default","ast-global-header-display":"","ast-banner-title-visibility":"","ast-main-header-display":"","ast-hfb-above-header-display":"","ast-hfb-below-header-display":"","ast-hfb-mobile-header-display":"","site-post-title":"","ast-breadcrumbs-content":"","ast-featured-img":"","footer-sml-layout":"","theme-transparent-header-meta":"default","adv-header-id-meta":"","stick-header-meta":"","header-above-stick-meta":"","header-main-stick-meta":"","header-below-stick-meta":"","astra-migrate-meta-layouts":"set","ast-page-background-enabled":"default","ast-page-background-meta":{"desktop":{"background-color":"var(--ast-global-color-5)","background-image":"","background-repeat":"repeat","background-position":"center center","background-size":"auto","background-attachment":"scroll","background-type":"","background-media":"","overlay-type":"","overlay-color":"","overlay-opacity":"","overlay-gradient":""},"tablet":{"background-color":"","background-image":"","background-repeat":"repeat","background-position":"center center","background-size":"auto","background-attachment":"scroll","background-type":"","background-media":"","overlay-type":"","overlay-color":"","overlay-opacity":"","overlay-gradient":""},"mobile":{"background-color":"","background-image":"","background-repeat":"repeat","background-position":"center center","background-size":"auto","background-attachment":"scroll","background-type":"","background-media":"","overlay-type":"","overlay-color":"","overlay-opacity":"","overlay-gradient":""}},"ast-content-background-meta":{"desktop":{"background-color":"var(--ast-global-color-4)","background-image":"","background-repeat":"repeat","background-position":"center center","background-size":"auto","background-attachment":"scroll","background-type":"","background-media":"","overlay-type":"","overlay-color":"","overlay-opacity":"","overlay-gradient":""},"tablet":{"background-color":"var(--ast-global-color-4)","background-image":"","background-repeat":"repeat","background-position":"center center","background-size":"auto","background-attachment":"scroll","background-type":"","background-media":"","overlay-type":"","overlay-color":"","overlay-opacity":"","overlay-gradient":""},"mobile":{"background-color":"var(--ast-global-color-4)","background-image":"","background-repeat":"repeat","background-position":"center center","background-size":"auto","background-attachment":"scroll","background-type":"","background-media":"","overlay-type":"","overlay-color":"","overlay-opacity":"","overlay-gradient":""}}},"product_brand":[],"product_cat":[28,21],"product_tag":[],"class_list":{"0":"post-1032","1":"product","2":"type-product","3":"status-publish","4":"has-post-thumbnail","6":"product_cat-glass-candle-jars","7":"product_cat-product","8":"desktop-align-left","9":"tablet-align-left","10":"mobile-align-left","12":"first","13":"instock","14":"shipping-taxable","15":"product-type-simple"},"jetpack_sharing_enabled":true,"_links":{"self":[{"href":"https:\/\/mostebglass.com\/cs\/wp-json\/wp\/v2\/product\/1032","targetHints":{"allow":["GET"]}}],"collection":[{"href":"https:\/\/mostebglass.com\/cs\/wp-json\/wp\/v2\/product"}],"about":[{"href":"https:\/\/mostebglass.com\/cs\/wp-json\/wp\/v2\/types\/product"}],"wp:featuredmedia":[{"embeddable":true,"href":"https:\/\/mostebglass.com\/cs\/wp-json\/wp\/v2\/media\/4859"}],"wp:attachment":[{"href":"https:\/\/mostebglass.com\/cs\/wp-json\/wp\/v2\/media?parent=1032"}],"wp:term":[{"taxonomy":"product_brand","embeddable":true,"href":"https:\/\/mostebglass.com\/cs\/wp-json\/wp\/v2\/product_brand?post=1032"},{"taxonomy":"product_cat","embeddable":true,"href":"https:\/\/mostebglass.com\/cs\/wp-json\/wp\/v2\/product_cat?post=1032"},{"taxonomy":"product_tag","embeddable":true,"href":"https:\/\/mostebglass.com\/cs\/wp-json\/wp\/v2\/product_tag?post=1032"}],"curies":[{"name":"wp","href":"https:\/\/api.w.org\/{rel}","templated":true}]}}