{"id":1058,"date":"2025-08-28T14:48:18","date_gmt":"2025-08-28T06:48:18","guid":{"rendered":"https:\/\/mostebglass.com\/?post_type=product&#038;p=1058"},"modified":"2026-03-10T14:16:55","modified_gmt":"2026-03-10T06:16:55","slug":"reed-diffuser-glass-jar-with-octagonal-base-wholesale","status":"publish","type":"product","link":"https:\/\/mostebglass.com\/cs\/reed-diffuser-glass-jar-with-octagonal-base-wholesale\/","title":{"rendered":"200ml 500ml 1000ml Reed difuz\u00e9r sklen\u011bn\u00e1 n\u00e1doba s osmibokou z\u00e1kladnou velkoobchod"},"content":{"rendered":"<p>Hled\u00e1te modern\u00ed a z\u00e1rove\u0148 profesion\u00e1ln\u00ed difuz\u00e9ry ve tvaru ty\u010dinek? Tyto difuz\u00e9ry se vyzna\u010duj\u00ed klasick\u00fdm \u0161esti\u00faheln\u00edkov\u00fdm tvarem s \u010dist\u00fdmi, elegantn\u00edmi liniemi a ostr\u00fdmi, ale zaoblen\u00fdmi hranami. Hra sv\u011btla a st\u00ednu vytv\u00e1\u0159\u00ed jedine\u010dnou geometrickou estetiku a dod\u00e1v\u00e1 elegantn\u00ed n\u00e1dech ka\u017ed\u00e9mu prostoru.<\/p>\n<h2>Vlastnosti produktu<\/h2>\n<ul>\n<li><strong>Ostr\u00fd \u0161estihrann\u00fd design:<\/strong> \u0160est \u010dist\u00fdch fazet vytv\u00e1\u0159\u00ed modern\u00ed vzhled, kter\u00fd vynik\u00e1 oproti b\u011b\u017en\u00fdm difuz\u00e9r\u016fm ve tvaru ty\u010dinek.<\/li>\n<li><strong>Odoln\u00e1 sklen\u011bn\u00e1 konstrukce:<\/strong> Siln\u00e9, \u010dir\u00e9 sklo je odoln\u00e9 proti rozbit\u00ed a dokonale zv\u00fdraz\u0148uje barvu esenci\u00e1ln\u00edch olej\u016f, tak\u017ee je ide\u00e1ln\u00ed pro luxusn\u00ed difuz\u00e9ry.<\/li>\n<li><strong>\u0160estihrann\u00fd krk pro bezpe\u010dn\u00e9 ut\u011bsn\u011bn\u00ed:<\/strong> Dokonale se p\u0159izp\u016fsob\u00ed tvaru dna lahve a bezpe\u010dn\u011b zajist\u00ed z\u00e1tku \u2013 nedoch\u00e1z\u00ed k \u00fanik\u016fm, tak\u017ee instalace difuz\u00e9ru je snadn\u00e1.<\/li>\n<\/ul>\n<h2>P\u0159\u00edb\u011bh \u00fasp\u011bchu: Od skici k poli\u010dce za pouh\u00fdch 10 t\u00fddn\u016f<\/h2>\n<p>Startup zab\u00fdvaj\u00edc\u00ed se v\u00fdrobou bytov\u00fdch v\u016fn\u00ed cht\u011bl lahvi\u010dku s architektonick\u00fdm n\u00e1dechem \u2013 takovou, kter\u00e1 by p\u016fsobila \u201enavr\u017een\u011b\u201c je\u0161t\u011b p\u0159edt\u00edm, ne\u017e se k n\u00ed v\u016fn\u011b v\u016fbec dostane. P\u0159edstavili jsme jim tuto \u0161estihrannou sklen\u011bnou n\u00e1dobu s difuz\u00e9rem. L\u00edbily se jim rovn\u00e9 strany, kter\u00e9 usnad\u0148ovaly etiketov\u00e1n\u00ed, a tvar vynikal mezi mnoha v\u00e1lcov\u00fdmi lahvemi. M\u00edrn\u011b jsme upravili v\u00fd\u0161ku, aby se do n\u00ed ve\u0161ly standardn\u00ed aromaterapeutick\u00e9 ty\u010dinky, a upravili jsme tlou\u0161\u0165ku skla, aby lahvi\u010dka p\u016fsobila v\u00fdrazn\u011bji. B\u011bhem 10 t\u00fddn\u016f uvedli na trh 8 000 ty\u010dinek s difuz\u00e9rem ve t\u0159ech charakteristick\u00fdch v\u016fn\u00edch. Z\u00e1kazn\u00edci si zapamatovali tvar i zna\u010dku. Nyn\u00ed pova\u017euj\u00ed ty\u010dinky s difuz\u00e9rem za vlajkovou lo\u010f cel\u00e9 sv\u00e9 produktov\u00e9 \u0159ady.<\/p>\n<h2>N\u00e1pady na zak\u00e1zkov\u00e9 sklen\u011bn\u00e9 difuz\u00e9ry Reed<\/h2>\n<ul>\n<li>Zm\u011b\u0148te \u00fahel \u0161esti\u00faheln\u00edku \u2013 m\u00edrn\u011b z\u00fa\u017ete strany pro m\u011bk\u010d\u00ed a p\u0159irozen\u011bj\u0161\u00ed \u0161esti\u00faheln\u00edkov\u00fd tvar.<\/li>\n<li>P\u0159ejd\u011bte na kou\u0159ov\u00e9 nebo t\u00f3novan\u00e9 sklo \u2013 pro dramati\u010dt\u011bj\u0161\u00ed lahev vyzkou\u0161ejte jemn\u011b \u010dernou, \u0161alv\u011bjov\u011b zelenou nebo sv\u011btle r\u016f\u017eovou.<\/li>\n<li>Okraj nat\u0159ete matnou vrstvou a horn\u00ed \u010d\u00e1st nechte pr\u016fhlednou \u2013 vytvo\u0159te kontrast, skryjte hladinu oleje a odhalte z\u00e1tku.<\/li>\n<\/ul>\n<p>Nejde jen o jednoduch\u00e9 \u00fapravy. Jsou to zp\u016fsoby, jak prom\u011bnit standardn\u00ed sklen\u011bnou n\u00e1dobu s difuz\u00e9rem v charakteristick\u00fd prvek zna\u010dky. Kdy\u017e nakupujete difuz\u00e9ry velkoobchodn\u011b, nejen pln\u00edte objedn\u00e1vku, ale budujete si pov\u011bdom\u00ed o zna\u010dce.<\/p>","protected":false},"excerpt":{"rendered":"<p>Velkoobchodn\u00ed dod\u00e1vky difuz\u00e9rov\u00fdch sklenic Reed a difuz\u00e9rov\u00e9ho skla, poskytov\u00e1n\u00ed OEM slu\u017eeb, vzork\u016f zdarma, rychl\u00e9 dod\u00e1n\u00ed, konkurenceschopn\u00e9 velkoobchodn\u00ed ceny.<\/p>","protected":false},"featured_media":4709,"template":"","meta":{"site-sidebar-layout":"default","site-content-layout":"","ast-site-content-layout":"default","site-content-style":"default","site-sidebar-style":"default","ast-global-header-display":"","ast-banner-title-visibility":"","ast-main-header-display":"","ast-hfb-above-header-display":"","ast-hfb-below-header-display":"","ast-hfb-mobile-header-display":"","site-post-title":"","ast-breadcrumbs-content":"","ast-featured-img":"","footer-sml-layout":"","theme-transparent-header-meta":"default","adv-header-id-meta":"","stick-header-meta":"","header-above-stick-meta":"","header-main-stick-meta":"","header-below-stick-meta":"","astra-migrate-meta-layouts":"set","ast-page-background-enabled":"default","ast-page-background-meta":{"desktop":{"background-color":"var(--ast-global-color-5)","background-image":"","background-repeat":"repeat","background-position":"center center","background-size":"auto","background-attachment":"scroll","background-type":"","background-media":"","overlay-type":"","overlay-color":"","overlay-opacity":"","overlay-gradient":""},"tablet":{"background-color":"","background-image":"","background-repeat":"repeat","background-position":"center center","background-size":"auto","background-attachment":"scroll","background-type":"","background-media":"","overlay-type":"","overlay-color":"","overlay-opacity":"","overlay-gradient":""},"mobile":{"background-color":"","background-image":"","background-repeat":"repeat","background-position":"center center","background-size":"auto","background-attachment":"scroll","background-type":"","background-media":"","overlay-type":"","overlay-color":"","overlay-opacity":"","overlay-gradient":""}},"ast-content-background-meta":{"desktop":{"background-color":"var(--ast-global-color-4)","background-image":"","background-repeat":"repeat","background-position":"center center","background-size":"auto","background-attachment":"scroll","background-type":"","background-media":"","overlay-type":"","overlay-color":"","overlay-opacity":"","overlay-gradient":""},"tablet":{"background-color":"var(--ast-global-color-4)","background-image":"","background-repeat":"repeat","background-position":"center center","background-size":"auto","background-attachment":"scroll","background-type":"","background-media":"","overlay-type":"","overlay-color":"","overlay-opacity":"","overlay-gradient":""},"mobile":{"background-color":"var(--ast-global-color-4)","background-image":"","background-repeat":"repeat","background-position":"center center","background-size":"auto","background-attachment":"scroll","background-type":"","background-media":"","overlay-type":"","overlay-color":"","overlay-opacity":"","overlay-gradient":""}}},"product_brand":[],"product_cat":[54],"product_tag":[],"class_list":{"0":"post-1058","1":"product","2":"type-product","3":"status-publish","4":"has-post-thumbnail","6":"product_cat-reed-diffuser-bottles","7":"desktop-align-left","8":"tablet-align-left","9":"mobile-align-left","11":"first","12":"instock","13":"shipping-taxable","14":"product-type-simple"},"jetpack_sharing_enabled":true,"_links":{"self":[{"href":"https:\/\/mostebglass.com\/cs\/wp-json\/wp\/v2\/product\/1058","targetHints":{"allow":["GET"]}}],"collection":[{"href":"https:\/\/mostebglass.com\/cs\/wp-json\/wp\/v2\/product"}],"about":[{"href":"https:\/\/mostebglass.com\/cs\/wp-json\/wp\/v2\/types\/product"}],"wp:featuredmedia":[{"embeddable":true,"href":"https:\/\/mostebglass.com\/cs\/wp-json\/wp\/v2\/media\/4709"}],"wp:attachment":[{"href":"https:\/\/mostebglass.com\/cs\/wp-json\/wp\/v2\/media?parent=1058"}],"wp:term":[{"taxonomy":"product_brand","embeddable":true,"href":"https:\/\/mostebglass.com\/cs\/wp-json\/wp\/v2\/product_brand?post=1058"},{"taxonomy":"product_cat","embeddable":true,"href":"https:\/\/mostebglass.com\/cs\/wp-json\/wp\/v2\/product_cat?post=1058"},{"taxonomy":"product_tag","embeddable":true,"href":"https:\/\/mostebglass.com\/cs\/wp-json\/wp\/v2\/product_tag?post=1058"}],"curies":[{"name":"wp","href":"https:\/\/api.w.org\/{rel}","templated":true}]}}