{"id":1068,"date":"2025-08-28T15:52:49","date_gmt":"2025-08-28T07:52:49","guid":{"rendered":"https:\/\/mostebglass.com\/?post_type=product&#038;p=1068"},"modified":"2026-03-17T14:16:54","modified_gmt":"2026-03-17T06:16:54","slug":"custom-empty-car-diffuser-containers-with-hanging-rope-bulk","status":"publish","type":"product","link":"https:\/\/mostebglass.com\/cs\/custom-empty-car-diffuser-containers-with-hanging-rope-bulk\/","title":{"rendered":"10ml pr\u00e1zdn\u00e9 difuz\u00e9ry do auta na zak\u00e1zku se z\u00e1v\u011bsn\u00fdm lanem"},"content":{"rendered":"<p>Hled\u00e1te kompaktn\u00ed sklen\u011bn\u00e9 difuz\u00e9ry do auta? Tento z\u00e1v\u011bsn\u00fd difuz\u00e9r do auta s lanem si st\u00e1le zachov\u00e1v\u00e1 osobitost. Zd\u00e1nliv\u011b v\u00e1lcovit\u00e1 sklen\u011bn\u00e1 lahvi\u010dka pojme pouze 10 ml esenci\u00e1ln\u00edho oleje a lze ji zav\u011bsit na strategick\u00e9 m\u00edsto. Hladk\u00e1, symetrick\u00e1 lahvi\u010dka slou\u017e\u00ed jako kr\u00e1tk\u00fd kuf\u0159\u00edk, kter\u00fd ukazuje z\u00e1\u0159iv\u00e9 barvy esenci\u00e1ln\u00edch olej\u016f.<\/p>\n<h2>Vlastnosti produktu<\/h2>\n<ul>\n<li><strong>Kompaktn\u00ed a p\u0159enosn\u00fd:<\/strong> Mini lahvi\u010dka se snadno p\u0159en\u00e1\u0161\u00ed a chr\u00e1n\u00ed v\u016fni, co\u017e je ide\u00e1ln\u00ed pro aromaterapii na cest\u00e1ch.<\/li>\n<li><strong>Konstrukce z pr\u00e9miov\u00e9ho skla a d\u0159eva:<\/strong> \u010cir\u00e9 sklo \u0161\u00ed\u0159\u00ed bohatou, sladkou v\u016fni oleje, zat\u00edmco d\u0159ev\u011bn\u00e1 te\u010dka dod\u00e1v\u00e1 h\u0159ejiv\u00fd, p\u0159\u00edrodn\u00ed n\u00e1dech.<\/li>\n<li><strong>Easy-Lataka Design:<\/strong> Spojte pletenou \u0161\u0148\u016fru a zav\u011bste ji do auta nebo na jin\u00e1 m\u00edsta, u\u0161et\u0159\u00edte m\u00edsto a spln\u00edte pot\u0159eby va\u0161\u00ed mobiln\u00ed aromaterapie.<\/li>\n<\/ul>\n<h2>P\u0159\u00edb\u011bh \u00fasp\u011bchu: Od konceptu k celost\u00e1tn\u00edmu uveden\u00ed na trh za pouh\u00fdch 6 t\u00fddn\u016f<\/h2>\n<p>Jednu z na\u0161ich z\u00e1v\u011bsn\u00fdch lahvi\u010dek s difuz\u00e9rem do auta si vybrala \u0161pan\u011blsk\u00e1 zna\u010dka automobilov\u00fdch dopl\u0148k\u016f. Zvolili malou velikost o objemu 10 ml, kter\u00e1 je speci\u00e1ln\u011b navr\u017eena pro pou\u017eit\u00ed v automobilov\u00e9m prost\u0159ed\u00ed, a uvedli, \u017ee pro zv\u00fd\u0161en\u00ed odolnosti produktu a jeho vizu\u00e1ln\u00ed atraktivity pot\u0159ebuj\u00ed vysoce \u010dir\u00e9 sklo s tlust\u00fdm dnem. D\u0159ev\u011bn\u00fd uz\u00e1v\u011br byl vylep\u0161en na bukov\u00e9 d\u0159evo, na horn\u00ed plo\u0161e je laserem vyryto logo zna\u010dky. V p\u0159\u00edpad\u011b z\u00e1v\u011bsn\u00e9 \u0161\u0148\u016fry bylo rozhodnuto pro dvoubarevn\u00fd pleten\u00fd design s vlastn\u00edmi kovov\u011b leskl\u00fdmi nit\u011bmi sm\u00edchan\u00fdmi s p\u0159\u00edrodn\u00ed b\u00e9\u017eovou barvou a syst\u00e9mem posuvn\u00fdch uzl\u016f, kter\u00fd by u\u017eivateli umo\u017enil flexibiln\u011b nastavit d\u00e9lku z\u00e1v\u011bsn\u00e9 \u0161\u0148\u016fry dle jeho po\u017eadavk\u016f.<\/p>\n<p>Po ofici\u00e1ln\u00edm uveden\u00ed produktu na trh zna\u010dka v prvn\u00edm \u010dtvrtlet\u00ed zaznamenala impozantn\u00ed 41% tr\u017eby. Klient provedl \u0161est po sob\u011b jdouc\u00edch dal\u0161\u00edch objedn\u00e1vek b\u011bhem jednoho roku.<\/p>\n<h2>Jak si mohu p\u0159izp\u016fsobit n\u00e1doby na difuz\u00e9ry do auta?<\/h2>\n<ul>\n<li>Pro sofistikovan\u00fd a luxusn\u00ed vzhled si na sklo m\u016f\u017eete nan\u00e9st sv\u00e9 logo laserov\u00fdm grav\u00edrov\u00e1n\u00edm.<\/li>\n<li>Pro dopln\u011bn\u00ed va\u0161\u00ed sb\u00edrky v\u016fn\u00ed pou\u017eijte jemnou jantarovou nebo modrou barvu skla (nap\u0159. modrou pro uklid\u0148uj\u00edc\u00ed sm\u011bs).<\/li>\n<li>Upravte si d\u0159ev\u011bn\u00fd uz\u00e1v\u011br lahve pe\u010det\u00ed va\u0161\u00ed zna\u010dky nebo jedine\u010dnou povrchovou \u00fapravou s imitac\u00ed d\u0159eva.<\/li>\n<li>Pou\u017eijte matn\u00e9 sklo pro matn\u00fd, modern\u00ed estetick\u00fd vzhled, ide\u00e1ln\u00ed pro minimalistick\u00e9 zna\u010dky.<\/li>\n<\/ul>\n<p>To nejsou jen mo\u017enosti. Jsou to zp\u016fsoby, jak prom\u011bnit oby\u010dejn\u00e9 z\u00e1v\u011bsn\u00e9 lahvi\u010dky s difuz\u00e9rem do auta ve zna\u010dkov\u00e9 suven\u00fdry. Kdy\u017e kupujete pr\u00e1zdn\u00e9 lahvi\u010dky s difuz\u00e9rem do auta za velkoobchodn\u00ed cenu, neprod\u00e1v\u00e1te jen v\u016fni \u2013 prod\u00e1v\u00e1te styl.<\/p>","protected":false},"excerpt":{"rendered":"<p>Velkoobchodn\u00ed prodej n\u00e1dobek do difuz\u00e9r\u016f do auta a pr\u00e1zdn\u00fdch lahv\u00ed do difuz\u00e9r\u016f do auta. Pr\u00e9miov\u00e9 v\u00e1lcov\u00e9 sklo, stylov\u00fd design, konkurenceschopn\u00e1 cena, rychl\u00e9 dod\u00e1n\u00ed.<\/p>","protected":false},"featured_media":4791,"template":"","meta":{"site-sidebar-layout":"default","site-content-layout":"","ast-site-content-layout":"default","site-content-style":"default","site-sidebar-style":"default","ast-global-header-display":"","ast-banner-title-visibility":"","ast-main-header-display":"","ast-hfb-above-header-display":"","ast-hfb-below-header-display":"","ast-hfb-mobile-header-display":"","site-post-title":"","ast-breadcrumbs-content":"","ast-featured-img":"","footer-sml-layout":"","theme-transparent-header-meta":"default","adv-header-id-meta":"","stick-header-meta":"","header-above-stick-meta":"","header-main-stick-meta":"","header-below-stick-meta":"","astra-migrate-meta-layouts":"set","ast-page-background-enabled":"default","ast-page-background-meta":{"desktop":{"background-color":"var(--ast-global-color-5)","background-image":"","background-repeat":"repeat","background-position":"center center","background-size":"auto","background-attachment":"scroll","background-type":"","background-media":"","overlay-type":"","overlay-color":"","overlay-opacity":"","overlay-gradient":""},"tablet":{"background-color":"","background-image":"","background-repeat":"repeat","background-position":"center center","background-size":"auto","background-attachment":"scroll","background-type":"","background-media":"","overlay-type":"","overlay-color":"","overlay-opacity":"","overlay-gradient":""},"mobile":{"background-color":"","background-image":"","background-repeat":"repeat","background-position":"center center","background-size":"auto","background-attachment":"scroll","background-type":"","background-media":"","overlay-type":"","overlay-color":"","overlay-opacity":"","overlay-gradient":""}},"ast-content-background-meta":{"desktop":{"background-color":"var(--ast-global-color-4)","background-image":"","background-repeat":"repeat","background-position":"center center","background-size":"auto","background-attachment":"scroll","background-type":"","background-media":"","overlay-type":"","overlay-color":"","overlay-opacity":"","overlay-gradient":""},"tablet":{"background-color":"var(--ast-global-color-4)","background-image":"","background-repeat":"repeat","background-position":"center center","background-size":"auto","background-attachment":"scroll","background-type":"","background-media":"","overlay-type":"","overlay-color":"","overlay-opacity":"","overlay-gradient":""},"mobile":{"background-color":"var(--ast-global-color-4)","background-image":"","background-repeat":"repeat","background-position":"center center","background-size":"auto","background-attachment":"scroll","background-type":"","background-media":"","overlay-type":"","overlay-color":"","overlay-opacity":"","overlay-gradient":""}}},"product_brand":[],"product_cat":[54],"product_tag":[],"class_list":{"0":"post-1068","1":"product","2":"type-product","3":"status-publish","4":"has-post-thumbnail","6":"product_cat-reed-diffuser-bottles","7":"desktop-align-left","8":"tablet-align-left","9":"mobile-align-left","11":"first","12":"instock","13":"shipping-taxable","14":"product-type-simple"},"jetpack_sharing_enabled":true,"_links":{"self":[{"href":"https:\/\/mostebglass.com\/cs\/wp-json\/wp\/v2\/product\/1068","targetHints":{"allow":["GET"]}}],"collection":[{"href":"https:\/\/mostebglass.com\/cs\/wp-json\/wp\/v2\/product"}],"about":[{"href":"https:\/\/mostebglass.com\/cs\/wp-json\/wp\/v2\/types\/product"}],"wp:featuredmedia":[{"embeddable":true,"href":"https:\/\/mostebglass.com\/cs\/wp-json\/wp\/v2\/media\/4791"}],"wp:attachment":[{"href":"https:\/\/mostebglass.com\/cs\/wp-json\/wp\/v2\/media?parent=1068"}],"wp:term":[{"taxonomy":"product_brand","embeddable":true,"href":"https:\/\/mostebglass.com\/cs\/wp-json\/wp\/v2\/product_brand?post=1068"},{"taxonomy":"product_cat","embeddable":true,"href":"https:\/\/mostebglass.com\/cs\/wp-json\/wp\/v2\/product_cat?post=1068"},{"taxonomy":"product_tag","embeddable":true,"href":"https:\/\/mostebglass.com\/cs\/wp-json\/wp\/v2\/product_tag?post=1068"}],"curies":[{"name":"wp","href":"https:\/\/api.w.org\/{rel}","templated":true}]}}