{"id":1087,"date":"2025-08-29T09:39:16","date_gmt":"2025-08-29T01:39:16","guid":{"rendered":"https:\/\/mostebglass.com\/?post_type=product&#038;p=1087"},"modified":"2026-02-09T11:18:14","modified_gmt":"2026-02-09T03:18:14","slug":"unique-candle-jars-with-lids-glass-candle-stands-bulk","status":"publish","type":"product","link":"https:\/\/mostebglass.com\/cs\/unique-candle-jars-with-lids-glass-candle-stands-bulk\/","title":{"rendered":"70ml 220ml 370ml Unik\u00e1tn\u00ed d\u00f3zy na sv\u00ed\u010dky s v\u00ed\u010dky | Sklen\u011bn\u00e9 stojany na sv\u00ed\u010dky ve velk\u00e9m"},"content":{"rendered":"<p>Tato speci\u00e1ln\u00ed v\u00e1lcov\u00e1 silueta s \u010dist\u00fdmi liniemi a hladk\u00fdm sklem s leskl\u00fdm a reflexn\u00edm povrchem je navr\u017eena se sklen\u011bn\u00fdmi v\u00ed\u010dky na horn\u00ed stran\u011b sklenice. T\u011b\u017ekost v\u00ed\u010dka a pevn\u00e1, m\u00edrn\u011b roz\u0161\u00ed\u0159en\u00e1 z\u00e1kladna poskytuj\u00ed vizu\u00e1ln\u00ed rovnov\u00e1hu rovn\u00e9ho svisl\u00e9ho t\u011bla a dod\u00e1vaj\u00ed sklenici stabiln\u00ed profil, kter\u00fd lze tak\u00e9 pou\u017e\u00edt jako mal\u00fd stojan na sv\u00ed\u010dky. Je zakon\u010dena podobn\u00fdm sklen\u011bn\u00fdm v\u00ed\u010dkem, kter\u00e9 skv\u011ble dopl\u0148uje zaoblen\u00e9 hrany a cel\u00e9mu v\u00fdsledku dod\u00e1v\u00e1 jednotn\u00fd a upraven\u00fd vzhled. Toto polopr\u016fhledn\u00e9 jednotn\u00e9 zbarven\u00ed fotografie m\u00e1 zajistit m\u011bkk\u00e9 sv\u011btlo sv\u00ed\u010dky a z\u00e1rove\u0148 si zachovat elegantn\u00ed, decentn\u00ed modern\u00ed design s dekorativn\u00edmi a pou\u017eiteln\u00fdmi kolekcemi sv\u00ed\u010dek.<\/p>\n<p><img fetchpriority=\"high\" decoding=\"async\" class=\"wp-image-1088\" src=\"https:\/\/mostebglass.com\/wp-content\/uploads\/2025\/08\/unique-candle-jars-with-lids-candle-stand02.webp\" alt=\"unik\u00e1tn\u00ed d\u00f3zy na sv\u00ed\u010dky s v\u00ed\u010dky\" width=\"500\" height=\"500\" srcset=\"https:\/\/mostebglass.com\/wp-content\/uploads\/2025\/08\/unique-candle-jars-with-lids-candle-stand02.webp 800w, https:\/\/mostebglass.com\/wp-content\/uploads\/2025\/08\/unique-candle-jars-with-lids-candle-stand02-300x300.webp 300w, https:\/\/mostebglass.com\/wp-content\/uploads\/2025\/08\/unique-candle-jars-with-lids-candle-stand02-100x100.webp 100w, https:\/\/mostebglass.com\/wp-content\/uploads\/2025\/08\/unique-candle-jars-with-lids-candle-stand02-600x600.webp 600w, https:\/\/mostebglass.com\/wp-content\/uploads\/2025\/08\/unique-candle-jars-with-lids-candle-stand02-768x768.webp 768w, https:\/\/mostebglass.com\/wp-content\/uploads\/2025\/08\/unique-candle-jars-with-lids-candle-stand02-12x12.webp 12w\" sizes=\"(max-width: 500px) 100vw, 500px\" \/><\/p>\n<h2>Vlastnosti produktu<\/h2>\n<p><strong>Zes\u00edlen\u00e1 z\u00e1kladna a okraj pro stabilitu:\u00a0<\/strong>Design inspirovan\u00fd stojany na sv\u00ed\u010dky m\u00e1 zes\u00edlen\u00e9 horn\u00ed a spodn\u00ed okraje (pr\u016fm\u011br 83 mm), tak\u017ee d\u00f3za na sv\u00ed\u010dky z\u016fstane rovn\u00e1 b\u011bhem hromadn\u00e9 distribuce sv\u00ed\u010dek nebo v reg\u00e1lech obchod\u016f s vysok\u00fdmi z\u00e1t\u011b\u017eemi.<\/p>\n<p><strong>K\u0159i\u0161\u0165\u00e1lov\u00e9 sklo Callier pro vizu\u00e1ln\u00ed efekty:\u00a0<\/strong>Pr\u016fhledn\u00e9 n\u00e1doby na sv\u00ed\u010dky zesiluj\u00ed sv\u011btlo sv\u00ed\u010dek a prom\u011b\u0148te tyto d\u00f3zy ve stylu kel\u00edmk\u016f v dekorace na svatby, do butikov\u00fdch vitr\u00edn nebo do luxusn\u00edch \u0159ad sv\u00ed\u010dek.<\/p>\n<p><strong>P\u0159izp\u016fsobiteln\u00e1 barevn\u00e1 varianta:\u00a0<\/strong>Tato d\u00f3za na sv\u00ed\u010dky, kter\u00e1 je k dispozici v pr\u016fhledn\u00e9 nebo lakovan\u00e9 variant\u011b (kou\u0159ov\u00e1, jantarov\u00e1, matn\u00e1), se hod\u00ed k sez\u00f3nn\u00edm t\u00e9mat\u016fm nebo produktov\u00fdm \u0159ad\u00e1m va\u0161\u00ed zna\u010dky.<\/p>\n<h2>Kl\u00ed\u010dov\u00e9 specifikace<\/h2>\n<table style=\"border-collapse: collapse; width: 80%; margin-left: auto; margin-right: auto;\" border=\"0\" width=\"144\" cellspacing=\"0\" cellpadding=\"0\">\n<tbody>\n<tr style=\"height: 13.50pt;\">\n<td style=\"height: 13.50pt; width: 54.00pt;\" width=\"72\" height=\"18\">Funkce<\/td>\n<td style=\"width: 54.00pt;\" width=\"72\">Podrobnosti<\/td>\n<\/tr>\n<tr style=\"height: 13.50pt;\">\n<td style=\"height: 13.50pt;\" height=\"18\">Kapacita<\/td>\n<td>370 ml, 220 ml, 70 ml<\/td>\n<\/tr>\n<tr style=\"height: 13.50pt;\">\n<td style=\"height: 13.50pt;\" height=\"18\">Materi\u00e1l<\/td>\n<td>Bezolovnat\u00e9 sodnov\u00e1penat\u00e9 sklo<\/td>\n<\/tr>\n<tr style=\"height: 13.50pt;\">\n<td style=\"height: 13.50pt;\" height=\"18\">Mo\u017enosti barev<\/td>\n<td>Pr\u016fhledn\u00e1, jantarov\u00e1, b\u00edl\u00e1, \u010dern\u00e1, \u0161ed\u00e1 nebo si m\u016f\u017eete p\u0159izp\u016fsobit vlastn\u00ed barvu.<\/td>\n<\/tr>\n<tr style=\"height: 13.50pt;\">\n<td style=\"height: 13.50pt;\" height=\"18\">Kompatibilita v\u00edka<\/td>\n<td>Sklen\u011bn\u00e9 v\u00edko, bambusov\u00e9 v\u00edko<\/td>\n<\/tr>\n<\/tbody>\n<\/table>\n<h2>N\u00e1pady na p\u0159izp\u016fsoben\u00ed pro v\u00e1s<\/h2>\n<ol>\n<li><strong>Logo Laser-d\u016fchodce:<\/strong> Pro velkoobchodn\u00ed i velkoobchodn\u00ed odb\u011bratele, kte\u0159\u00ed cht\u011bj\u00ed diskr\u00e9tn\u00ed balen\u00ed, p\u0159idejte do d\u00f3zy na sv\u00ed\u010dky mikroskopick\u00fd branding.<\/li>\n<li><strong>Stabiln\u00ed hromadn\u00e1 sada:<\/strong> Vyrobte d\u00f3zy na sv\u00ed\u010dky ve stylu stojanu na sv\u00ed\u010dky, kter\u00e9 se do sebe vkl\u00e1daj\u00ed, p\u0159izp\u016fsoben\u00ed skladov\u00e1n\u00ed pro velkoobchodn\u00ed p\u0159epravu sv\u00ed\u010dek.<\/li>\n<li><strong>Gradientn\u00ed odst\u00edny:<\/strong> Nab\u00eddn\u011bte unik\u00e1tn\u00ed d\u00f3zu na sv\u00ed\u010dky se \u0161t\u00edtem v gradientn\u00edch barv\u00e1ch (nap\u0159. r\u016f\u017ee odshora dol\u016f) pro svatby nebo luxusn\u00ed zna\u010dky sv\u00ed\u010dek zam\u011b\u0159en\u00e9 na svatby \u010di sv\u00e1tky.<\/li>\n<\/ol>","protected":false},"excerpt":{"rendered":"<p>Unik\u00e1tn\u00ed d\u00f3zy na sv\u00ed\u010dky s v\u00ed\u010dky navr\u017een\u00fdmi jako stojany na sv\u00ed\u010dky, s dekorativn\u00edm sklem a stabiln\u00edmi podstavci. Ide\u00e1ln\u00ed pro zna\u010dky, velkoobchodn\u00edky a pr\u00e9miov\u00e9 kolekce sv\u00ed\u010dek.<\/p>","protected":false},"featured_media":4383,"template":"","meta":{"site-sidebar-layout":"default","site-content-layout":"","ast-site-content-layout":"default","site-content-style":"default","site-sidebar-style":"default","ast-global-header-display":"","ast-banner-title-visibility":"","ast-main-header-display":"","ast-hfb-above-header-display":"","ast-hfb-below-header-display":"","ast-hfb-mobile-header-display":"","site-post-title":"","ast-breadcrumbs-content":"","ast-featured-img":"","footer-sml-layout":"","theme-transparent-header-meta":"default","adv-header-id-meta":"","stick-header-meta":"","header-above-stick-meta":"","header-main-stick-meta":"","header-below-stick-meta":"","astra-migrate-meta-layouts":"set","ast-page-background-enabled":"default","ast-page-background-meta":{"desktop":{"background-color":"var(--ast-global-color-5)","background-image":"","background-repeat":"repeat","background-position":"center center","background-size":"auto","background-attachment":"scroll","background-type":"","background-media":"","overlay-type":"","overlay-color":"","overlay-opacity":"","overlay-gradient":""},"tablet":{"background-color":"","background-image":"","background-repeat":"repeat","background-position":"center center","background-size":"auto","background-attachment":"scroll","background-type":"","background-media":"","overlay-type":"","overlay-color":"","overlay-opacity":"","overlay-gradient":""},"mobile":{"background-color":"","background-image":"","background-repeat":"repeat","background-position":"center center","background-size":"auto","background-attachment":"scroll","background-type":"","background-media":"","overlay-type":"","overlay-color":"","overlay-opacity":"","overlay-gradient":""}},"ast-content-background-meta":{"desktop":{"background-color":"var(--ast-global-color-4)","background-image":"","background-repeat":"repeat","background-position":"center center","background-size":"auto","background-attachment":"scroll","background-type":"","background-media":"","overlay-type":"","overlay-color":"","overlay-opacity":"","overlay-gradient":""},"tablet":{"background-color":"var(--ast-global-color-4)","background-image":"","background-repeat":"repeat","background-position":"center center","background-size":"auto","background-attachment":"scroll","background-type":"","background-media":"","overlay-type":"","overlay-color":"","overlay-opacity":"","overlay-gradient":""},"mobile":{"background-color":"var(--ast-global-color-4)","background-image":"","background-repeat":"repeat","background-position":"center center","background-size":"auto","background-attachment":"scroll","background-type":"","background-media":"","overlay-type":"","overlay-color":"","overlay-opacity":"","overlay-gradient":""}}},"product_brand":[],"product_cat":[28,21],"product_tag":[],"class_list":{"0":"post-1087","1":"product","2":"type-product","3":"status-publish","4":"has-post-thumbnail","6":"product_cat-glass-candle-jars","7":"product_cat-product","8":"desktop-align-left","9":"tablet-align-left","10":"mobile-align-left","12":"first","13":"instock","14":"shipping-taxable","15":"product-type-simple"},"jetpack_sharing_enabled":true,"_links":{"self":[{"href":"https:\/\/mostebglass.com\/cs\/wp-json\/wp\/v2\/product\/1087","targetHints":{"allow":["GET"]}}],"collection":[{"href":"https:\/\/mostebglass.com\/cs\/wp-json\/wp\/v2\/product"}],"about":[{"href":"https:\/\/mostebglass.com\/cs\/wp-json\/wp\/v2\/types\/product"}],"wp:featuredmedia":[{"embeddable":true,"href":"https:\/\/mostebglass.com\/cs\/wp-json\/wp\/v2\/media\/4383"}],"wp:attachment":[{"href":"https:\/\/mostebglass.com\/cs\/wp-json\/wp\/v2\/media?parent=1087"}],"wp:term":[{"taxonomy":"product_brand","embeddable":true,"href":"https:\/\/mostebglass.com\/cs\/wp-json\/wp\/v2\/product_brand?post=1087"},{"taxonomy":"product_cat","embeddable":true,"href":"https:\/\/mostebglass.com\/cs\/wp-json\/wp\/v2\/product_cat?post=1087"},{"taxonomy":"product_tag","embeddable":true,"href":"https:\/\/mostebglass.com\/cs\/wp-json\/wp\/v2\/product_tag?post=1087"}],"curies":[{"name":"wp","href":"https:\/\/api.w.org\/{rel}","templated":true}]}}