{"id":1093,"date":"2025-08-29T10:29:29","date_gmt":"2025-08-29T02:29:29","guid":{"rendered":"https:\/\/mostebglass.com\/?post_type=product&#038;p=1093"},"modified":"2026-04-09T13:34:12","modified_gmt":"2026-04-09T05:34:12","slug":"140ml-315ml-nadoby-na-svicky-z-cireho-skla-s-moznosti-vlastniho-vyberu","status":"publish","type":"product","link":"https:\/\/mostebglass.com\/cs\/140ml-315ml-clear-glass-candle-containers-with-custom-options\/","title":{"rendered":"140ml-315ml \u010cir\u00e9 kulat\u00e9 sklen\u011bn\u00e9 n\u00e1doby na sv\u00ed\u010dky s vlastn\u00edmi mo\u017enostmi"},"content":{"rendered":"<p style=\"text-align: left;\">Hled\u00e1te sv\u00edcny, kter\u00e9 kombinuj\u00ed nad\u010dasovou eleganci s modern\u00ed odolnost\u00ed? Na\u0161e sklen\u011bn\u00e9 n\u00e1doby na sv\u00ed\u010dky jsou vyrobeny z vysoce kvalitn\u00edho skla, kter\u00e9 nab\u00edz\u00ed mo\u017enost balen\u00ed sv\u00ed\u010dek, je\u017e vylep\u0161\u00ed dekoraci domova, svatebn\u00ed hostinu nebo luxusn\u00ed kolekci sv\u00ed\u010dek. D\u00edky objemu od 140 ml do 315 ml a mo\u017enostem p\u0159izp\u016fsoben\u00ed si vyb\u00edraj\u00ed preferovanou sv\u00ed\u010dku pro velk\u00e9 mno\u017estv\u00ed.<\/p>\n<h2>Vlastnosti produkt\u016f pro pozvednut\u00ed va\u0161\u00ed zna\u010dky<\/h2>\n<p><strong>Kulat\u00e1 z\u00e1kladna pro stabilitu<\/strong><\/p>\n<p>Pr\u016fhledn\u00e9 sv\u00edcny na hlasov\u00e1n\u00ed se vyzna\u010duj\u00ed silnou z\u00e1kladnou (v\u00fd\u0161ka 73\u201390 mm) a hladk\u00fdmi zaoblen\u00fdmi hranami, co\u017e zaji\u0161\u0165uje, \u017ee va\u0161e sklen\u011bn\u00e1 sv\u00ed\u010dka z\u016fstane rovn\u011b na stole s n\u00e1dobami nebo b\u011bhem hromadn\u00e9 p\u0159epravy sv\u00ed\u010dek.<\/p>\n<p><strong>Pr\u016fhlednost k\u0159i\u0161\u0165\u00e1lov\u00e9 chatky pro vizu\u00e1ln\u00ed p\u0159ita\u017elivost<\/strong><\/p>\n<p>Pr\u016fhledn\u00e9 sv\u00ed\u010dky zesiluj\u00ed sv\u011btlo sklen\u011bn\u00fdch sv\u00ed\u010dek a vykazuj\u00ed z\u00e1\u0159iv\u00e9 barvy vosku, d\u00edky \u010demu\u017e jsou tyto n\u00e1doby na sv\u00ed\u010dky ide\u00e1ln\u00ed pro luxusn\u00ed \u0159ady sv\u00ed\u010dek nebo pro bytov\u00e9 dekorace.<\/p>\n<p><strong>P\u0159izp\u016fsobiteln\u00e9 mo\u017enosti kr\u00e1sy<\/strong><\/p>\n<p>Vyberte si z \u010dir\u00e9ho nebo t\u00f3novan\u00e9ho skla (kou\u0159ov\u00e9ho, jantarov\u00e9ho, matn\u00e9ho) a nechte si laserov\u011b zest\u00e1rnout logo nebo efekt \u0161t\u00edtu, abyste si vybrali obaly na sv\u00ed\u010dky, kter\u00e9 lad\u00ed s identitou va\u0161\u00ed zna\u010dky.<\/p>\n<h2>Kl\u00ed\u010dov\u00e9 specifikace<\/h2>\n<table style=\"border-collapse: collapse; width: 80%; margin-left: auto; margin-right: auto;\" border=\"0\" width=\"288\" cellspacing=\"0\" cellpadding=\"0\">\n<tbody>\n<tr style=\"height: 13.50pt;\">\n<td style=\"height: 13.50pt; width: 54.00pt;\" width=\"72\" height=\"18\">Funkce<\/td>\n<td class=\"et2\" style=\"width: 162pt; text-align: center;\" colspan=\"3\" width=\"216\">Podrobnosti<\/td>\n<\/tr>\n<tr style=\"height: 13.50pt;\">\n<td style=\"height: 13.50pt;\" height=\"18\">Hmotnost<\/td>\n<td style=\"text-align: center;\">130 g<\/td>\n<td style=\"text-align: center;\">160 g<\/td>\n<td style=\"text-align: center;\">250 g<\/td>\n<\/tr>\n<tr style=\"height: 13.50pt;\">\n<td style=\"height: 13.50pt;\" height=\"18\">Kapacita<\/td>\n<td style=\"text-align: center;\">140 ml<\/td>\n<td style=\"text-align: center;\">210 ml<\/td>\n<td style=\"text-align: center;\">315 ml<\/td>\n<\/tr>\n<tr style=\"height: 13.50pt;\">\n<td style=\"height: 13.50pt;\" height=\"18\">Rozm\u011bry<\/td>\n<td style=\"text-align: center;\">62x57x73mm<\/td>\n<td style=\"text-align: center;\">70x65x78mm<\/td>\n<td style=\"text-align: center;\">81x76x90mm<\/td>\n<\/tr>\n<tr style=\"height: 13.50pt;\">\n<td style=\"height: 13.50pt;\" height=\"18\">Mo\u017enosti barev<\/td>\n<td class=\"et2\" style=\"text-align: center;\" colspan=\"3\">\u010cir\u00fd\/t\u00f3novan\u00fd<\/td>\n<\/tr>\n<tr style=\"height: 13.50pt;\">\n<td style=\"height: 13.50pt;\" height=\"18\">Kompatibilita v\u00edka<\/td>\n<td class=\"et2\" style=\"text-align: center;\" colspan=\"3\">Voliteln\u00fd<\/td>\n<\/tr>\n<\/tbody>\n<\/table>\n<h2>Mo\u017enosti adaptace<\/h2>\n<ol>\n<li><strong>Laserov\u00e9 grav\u00edrov\u00e1n\u00ed: <\/strong>P\u0159idejte na d\u00f3zu sv\u00ed\u010dky proz\u00edrav\u00fd branding, kter\u00fd umo\u017en\u00ed velkoobchodn\u00edm prodejc\u016fm i velkoodb\u011bratel\u016fm zvolit diskr\u00e9tn\u00ed balen\u00ed.<\/li>\n<li><strong>Stabiln\u00ed hromadn\u00e1 sada:<\/strong> Pr\u016fhledn\u00e9 sv\u00edcny na hlasov\u00e1n\u00ed jsou navr\u017eeny tak, aby se do sebe vkl\u00e1daly, co\u017e optimalizuje skladov\u00e1n\u00ed velkoobchodn\u00edch sv\u00ed\u010dek.<\/li>\n<li><strong>Siln\u00e9 sklo:<\/strong> Siln\u00e1 podlaha zaji\u0161\u0165uje stabilitu a zabra\u0148uje nehod\u00e1m b\u011bhem ho\u0159en\u00ed.<\/li>\n<\/ol>","protected":false},"excerpt":{"rendered":"<p>Pozvedn\u011bte svou zna\u010dku sklen\u011bn\u00fdmi n\u00e1dobami na sv\u00ed\u010dky a pr\u016fhledn\u00fdmi votivn\u00edmi sv\u00edcny! Vysoce kvalitn\u00ed balen\u00ed za konkurenceschopn\u00e9 ceny. Vlastn\u00ed barvy a velikosti pro velkoobchodn\u00ed i hromadn\u00e9 objedn\u00e1vky.<\/p>","protected":false},"featured_media":1097,"template":"","meta":{"site-sidebar-layout":"default","site-content-layout":"","ast-site-content-layout":"default","site-content-style":"default","site-sidebar-style":"default","ast-global-header-display":"","ast-banner-title-visibility":"","ast-main-header-display":"","ast-hfb-above-header-display":"","ast-hfb-below-header-display":"","ast-hfb-mobile-header-display":"","site-post-title":"","ast-breadcrumbs-content":"","ast-featured-img":"","footer-sml-layout":"","theme-transparent-header-meta":"default","adv-header-id-meta":"","stick-header-meta":"","header-above-stick-meta":"","header-main-stick-meta":"","header-below-stick-meta":"","astra-migrate-meta-layouts":"set","ast-page-background-enabled":"default","ast-page-background-meta":{"desktop":{"background-color":"var(--ast-global-color-5)","background-image":"","background-repeat":"repeat","background-position":"center center","background-size":"auto","background-attachment":"scroll","background-type":"","background-media":"","overlay-type":"","overlay-color":"","overlay-opacity":"","overlay-gradient":""},"tablet":{"background-color":"","background-image":"","background-repeat":"repeat","background-position":"center center","background-size":"auto","background-attachment":"scroll","background-type":"","background-media":"","overlay-type":"","overlay-color":"","overlay-opacity":"","overlay-gradient":""},"mobile":{"background-color":"","background-image":"","background-repeat":"repeat","background-position":"center center","background-size":"auto","background-attachment":"scroll","background-type":"","background-media":"","overlay-type":"","overlay-color":"","overlay-opacity":"","overlay-gradient":""}},"ast-content-background-meta":{"desktop":{"background-color":"var(--ast-global-color-4)","background-image":"","background-repeat":"repeat","background-position":"center center","background-size":"auto","background-attachment":"scroll","background-type":"","background-media":"","overlay-type":"","overlay-color":"","overlay-opacity":"","overlay-gradient":""},"tablet":{"background-color":"var(--ast-global-color-4)","background-image":"","background-repeat":"repeat","background-position":"center center","background-size":"auto","background-attachment":"scroll","background-type":"","background-media":"","overlay-type":"","overlay-color":"","overlay-opacity":"","overlay-gradient":""},"mobile":{"background-color":"var(--ast-global-color-4)","background-image":"","background-repeat":"repeat","background-position":"center center","background-size":"auto","background-attachment":"scroll","background-type":"","background-media":"","overlay-type":"","overlay-color":"","overlay-opacity":"","overlay-gradient":""}}},"product_brand":[],"product_cat":[28,21],"product_tag":[],"class_list":{"0":"post-1093","1":"product","2":"type-product","3":"status-publish","4":"has-post-thumbnail","6":"product_cat-glass-candle-jars","7":"product_cat-product","8":"desktop-align-left","9":"tablet-align-left","10":"mobile-align-left","12":"first","13":"instock","14":"shipping-taxable","15":"product-type-simple"},"jetpack_sharing_enabled":true,"_links":{"self":[{"href":"https:\/\/mostebglass.com\/cs\/wp-json\/wp\/v2\/product\/1093","targetHints":{"allow":["GET"]}}],"collection":[{"href":"https:\/\/mostebglass.com\/cs\/wp-json\/wp\/v2\/product"}],"about":[{"href":"https:\/\/mostebglass.com\/cs\/wp-json\/wp\/v2\/types\/product"}],"wp:featuredmedia":[{"embeddable":true,"href":"https:\/\/mostebglass.com\/cs\/wp-json\/wp\/v2\/media\/1097"}],"wp:attachment":[{"href":"https:\/\/mostebglass.com\/cs\/wp-json\/wp\/v2\/media?parent=1093"}],"wp:term":[{"taxonomy":"product_brand","embeddable":true,"href":"https:\/\/mostebglass.com\/cs\/wp-json\/wp\/v2\/product_brand?post=1093"},{"taxonomy":"product_cat","embeddable":true,"href":"https:\/\/mostebglass.com\/cs\/wp-json\/wp\/v2\/product_cat?post=1093"},{"taxonomy":"product_tag","embeddable":true,"href":"https:\/\/mostebglass.com\/cs\/wp-json\/wp\/v2\/product_tag?post=1093"}],"curies":[{"name":"wp","href":"https:\/\/api.w.org\/{rel}","templated":true}]}}