{"id":1123,"date":"2025-08-29T15:10:16","date_gmt":"2025-08-29T07:10:16","guid":{"rendered":"https:\/\/mostebglass.com\/?post_type=product&#038;p=1123"},"modified":"2026-03-20T14:02:22","modified_gmt":"2026-03-20T06:02:22","slug":"unique-diffuser-bottles-with-chinese-knot-design-bulk","status":"publish","type":"product","link":"https:\/\/mostebglass.com\/cs\/unique-diffuser-bottles-with-chinese-knot-design-bulk\/","title":{"rendered":"120ml 250ml unik\u00e1tn\u00ed difuz\u00e9rov\u00e9 \u200b\u200blahvi\u010dky s \u010d\u00ednsk\u00fdm uzl\u00edkem"},"content":{"rendered":"<p>Nen\u00ed to jen hezk\u00e1 difuzn\u00ed lahvi\u010dka, je to um\u011bleck\u00e9 d\u00edlo, kter\u00e9 von\u00ed. Nejsou to jen oby\u010dejn\u00e9 n\u00e1doby; jsou to unik\u00e1tn\u00ed difuzn\u00ed lahvi\u010dky ve tvaru \u010d\u00ednsk\u00e9ho uzlu, kter\u00fd je presti\u017en\u00edm symbolem \u0161t\u011bst\u00ed.<\/p>\n<h2>Vlastnosti produktu<\/h2>\n<ul>\n<li><strong>Reli\u00e9fn\u00ed \u010d\u00ednsk\u00fd uzel:<\/strong> L\u00e1hev je zdobena vzorem \u010d\u00ednsk\u00fdch uzl\u016f, kter\u00fd d\u011bd\u00ed tradi\u010dn\u00ed symboly a propojuje produkt s kulturn\u00edm d\u011bdictv\u00edm a orient\u00e1ln\u00ed estetikou.<\/li>\n<li><strong>Pr\u016fhledn\u00fd materi\u00e1l:<\/strong> Vysoce pr\u016fhledn\u00e9 sklo jasn\u011b odhaluje interi\u00e9r, zat\u00edmco reli\u00e9fn\u00ed vzor vytv\u00e1\u0159\u00ed kontrast mezi virtu\u00e1ln\u00edm a skute\u010dn\u00fdm a vytv\u00e1\u0159\u00ed tak bohat\u00e9 vizu\u00e1ln\u00ed vrstven\u00ed.<\/li>\n<li><strong>Unik\u00e1tn\u00ed a rozpoznateln\u00fd tvar:<\/strong> Silueta \u010d\u00ednsk\u00e9ho uzlu, kter\u00e1 se li\u0161\u00ed od tradi\u010dn\u00edch tvar\u016f lahv\u00ed, vytv\u00e1\u0159\u00ed odli\u0161nost a kombinuje dekorativn\u00ed a praktick\u00e9 funkce.<\/li>\n<\/ul>\n<h2>P\u0159\u00edpad \u00fasp\u011bchu<\/h2>\n<p>Jedna z australsk\u00fdch zna\u010dek v\u016fn\u00ed si vybrala n\u00e1\u0161 nov\u011b navr\u017een\u00fd tvar difuz\u00e9ru a vytvo\u0159ila s lahv\u00ed vlastn\u00ed kolekci orient\u00e1ln\u00edch v\u016fn\u00ed. Reli\u00e9fn\u00ed vzory na lahvi byly d\u00e1le zv\u00fdrazn\u011bny a pro dosa\u017een\u00ed vizu\u00e1ln\u00ed hloubky produktu byl pou\u017eit speci\u00e1ln\u00ed polopr\u016fhledn\u00fd matn\u00fd povrch. V kombinaci s matn\u011b \u010dern\u00fdm hlin\u00edkov\u00fdm v\u00edkem a speci\u00e1ln\u00edmi 3,5mm ratanov\u00fdmi pl\u00e1tky (navr\u017een\u00fdmi pro rovnom\u011brn\u00e9 rozptylov\u00e1n\u00ed) bylo dosa\u017eeno dokonal\u00e9 rovnov\u00e1hy mezi um\u011bleck\u00fdm vyj\u00e1d\u0159en\u00edm a funk\u010dn\u00edm vyu\u017eit\u00edm.<\/p>\n<p>Prodej t\u00e9to kolekce se b\u011bhem pouh\u00fdch t\u0159\u00ed m\u011bs\u00edc\u016f od jej\u00edho uveden\u00ed na trh zv\u00fd\u0161il p\u0159ibli\u017en\u011b o 47 kus\u016f. Nav\u00edc zna\u010dka ve druh\u00e9m \u010dtvrtlet\u00ed provedla dv\u011b hromadn\u00e9 objedn\u00e1vky, \u010d\u00edm\u017e se tato \u0159ada stala jedn\u00edm z jej\u00edch nejprod\u00e1van\u011bj\u0161\u00edch vlajkov\u00fdch produkt\u016f.<\/p>\n<h2>\u00dapravy aromaterapeutick\u00fdch lahv\u00ed<\/h2>\n<p>Chcete si vytvo\u0159it vlastn\u00ed unik\u00e1tn\u00ed difuz\u00e9rov\u00e9 \u200b\u200blahvi\u010dky? Za\u010dn\u011bte se samotn\u00fdm sklem:<\/p>\n<ul>\n<li>Vybarv\u011bte sklo \u2013 Vyzkou\u0161ejte gradientn\u00ed barvu, kter\u00e1 p\u0159ech\u00e1z\u00ed od tmav\u00e9ho z\u00e1kladu k \u010dir\u00e9mu vrchu, nebo zkuste smaragdov\u011b zelenou, rub\u00ednov\u011b \u010dervenou nebo jantarov\u011b zlatou pro slavnostn\u00ed nebo zna\u010dkov\u011b specifick\u00fd odst\u00edn.<\/li>\n<li>Hlub\u0161\u00ed reli\u00e9f \u2013 P\u0159idejte reli\u00e9fu hloubku pro v\u00fdrazn\u011bj\u0161\u00ed a texturovan\u011bj\u0161\u00ed vzhled.<\/li>\n<li>Men\u0161\u00ed nebo v\u011bt\u0161\u00ed uzly \u2013 Upravte m\u011b\u0159\u00edtko vzoru tak, aby se v\u00edce \u010di m\u00e9n\u011b ov\u00edjel kolem krku.<\/li>\n<li>Matn\u00e9 t\u011blo, leskl\u00fd krk \u2013 kontrastn\u00ed povrchov\u00e9 \u00fapravy d\u00e1vaj\u00ed um\u011bleck\u00e9mu d\u00edlu vyniknout.<\/li>\n<\/ul>\n<p>D\u00edky t\u011bmto chytr\u00fdm design\u016fm jsou kr\u00e1sn\u00e9 difuz\u00e9ry charakteristick\u00fdm kouskem. P\u0159i n\u00e1kupu ve velk\u00e9m m\u011b\u0159\u00edtku m\u00e1 ka\u017ed\u00fd kus n\u00e1boj n\u00e1soben\u00ed.<\/p>","protected":false},"excerpt":{"rendered":"<p>Unik\u00e1tn\u00ed difuz\u00e9ry s motivem \u010d\u00ednsk\u00e9ho uzlu. Hezk\u00e9 difuz\u00e9ry pro hromadn\u00e9 objedn\u00e1vky, vzorky zdarma, rychl\u00e9 dod\u00e1n\u00ed a pr\u00e9miov\u00e9 balen\u00ed aroma.<\/p>","protected":false},"featured_media":4841,"template":"","meta":{"site-sidebar-layout":"default","site-content-layout":"","ast-site-content-layout":"default","site-content-style":"default","site-sidebar-style":"default","ast-global-header-display":"","ast-banner-title-visibility":"","ast-main-header-display":"","ast-hfb-above-header-display":"","ast-hfb-below-header-display":"","ast-hfb-mobile-header-display":"","site-post-title":"","ast-breadcrumbs-content":"","ast-featured-img":"","footer-sml-layout":"","theme-transparent-header-meta":"default","adv-header-id-meta":"","stick-header-meta":"","header-above-stick-meta":"","header-main-stick-meta":"","header-below-stick-meta":"","astra-migrate-meta-layouts":"set","ast-page-background-enabled":"default","ast-page-background-meta":{"desktop":{"background-color":"var(--ast-global-color-5)","background-image":"","background-repeat":"repeat","background-position":"center center","background-size":"auto","background-attachment":"scroll","background-type":"","background-media":"","overlay-type":"","overlay-color":"","overlay-opacity":"","overlay-gradient":""},"tablet":{"background-color":"","background-image":"","background-repeat":"repeat","background-position":"center center","background-size":"auto","background-attachment":"scroll","background-type":"","background-media":"","overlay-type":"","overlay-color":"","overlay-opacity":"","overlay-gradient":""},"mobile":{"background-color":"","background-image":"","background-repeat":"repeat","background-position":"center center","background-size":"auto","background-attachment":"scroll","background-type":"","background-media":"","overlay-type":"","overlay-color":"","overlay-opacity":"","overlay-gradient":""}},"ast-content-background-meta":{"desktop":{"background-color":"var(--ast-global-color-4)","background-image":"","background-repeat":"repeat","background-position":"center center","background-size":"auto","background-attachment":"scroll","background-type":"","background-media":"","overlay-type":"","overlay-color":"","overlay-opacity":"","overlay-gradient":""},"tablet":{"background-color":"var(--ast-global-color-4)","background-image":"","background-repeat":"repeat","background-position":"center center","background-size":"auto","background-attachment":"scroll","background-type":"","background-media":"","overlay-type":"","overlay-color":"","overlay-opacity":"","overlay-gradient":""},"mobile":{"background-color":"var(--ast-global-color-4)","background-image":"","background-repeat":"repeat","background-position":"center center","background-size":"auto","background-attachment":"scroll","background-type":"","background-media":"","overlay-type":"","overlay-color":"","overlay-opacity":"","overlay-gradient":""}}},"product_brand":[],"product_cat":[54],"product_tag":[],"class_list":{"0":"post-1123","1":"product","2":"type-product","3":"status-publish","4":"has-post-thumbnail","6":"product_cat-reed-diffuser-bottles","7":"desktop-align-left","8":"tablet-align-left","9":"mobile-align-left","11":"first","12":"instock","13":"shipping-taxable","14":"product-type-simple"},"jetpack_sharing_enabled":true,"_links":{"self":[{"href":"https:\/\/mostebglass.com\/cs\/wp-json\/wp\/v2\/product\/1123","targetHints":{"allow":["GET"]}}],"collection":[{"href":"https:\/\/mostebglass.com\/cs\/wp-json\/wp\/v2\/product"}],"about":[{"href":"https:\/\/mostebglass.com\/cs\/wp-json\/wp\/v2\/types\/product"}],"wp:featuredmedia":[{"embeddable":true,"href":"https:\/\/mostebglass.com\/cs\/wp-json\/wp\/v2\/media\/4841"}],"wp:attachment":[{"href":"https:\/\/mostebglass.com\/cs\/wp-json\/wp\/v2\/media?parent=1123"}],"wp:term":[{"taxonomy":"product_brand","embeddable":true,"href":"https:\/\/mostebglass.com\/cs\/wp-json\/wp\/v2\/product_brand?post=1123"},{"taxonomy":"product_cat","embeddable":true,"href":"https:\/\/mostebglass.com\/cs\/wp-json\/wp\/v2\/product_cat?post=1123"},{"taxonomy":"product_tag","embeddable":true,"href":"https:\/\/mostebglass.com\/cs\/wp-json\/wp\/v2\/product_tag?post=1123"}],"curies":[{"name":"wp","href":"https:\/\/api.w.org\/{rel}","templated":true}]}}