{"id":1129,"date":"2025-08-29T15:39:21","date_gmt":"2025-08-29T07:39:21","guid":{"rendered":"https:\/\/mostebglass.com\/?post_type=product&#038;p=1129"},"modified":"2026-03-17T13:38:07","modified_gmt":"2026-03-17T05:38:07","slug":"scent-diffuser-bottles-with-four-petal-flower-base-wholesale","status":"publish","type":"product","link":"https:\/\/mostebglass.com\/cs\/scent-diffuser-bottles-with-four-petal-flower-base-wholesale\/","title":{"rendered":"Velkoobchodn\u00ed prodej lahvi\u010dek s v\u016fn\u00ed o objemu 200 ml a kv\u011btinovou z\u00e1kladnou ve tvaru \u010dty\u0159 okv\u011btn\u00edch l\u00edstk\u016f"},"content":{"rendered":"<p>Tato difuz\u00e9rov\u00e1 n\u00e1doba m\u00e1 m\u011bkk\u00fd, p\u0159irozen\u00fd tvar, p\u0159ipom\u00ednaj\u00edc\u00ed zplo\u0161t\u011bl\u00fd \u010dty\u0159okv\u011btn\u00fd kv\u011bt. Jej\u00ed okraje jsou hladk\u00e9 a zaoblen\u00e9, bez ostr\u00fdch roh\u016f. Povrch je vyroben z k\u0159i\u0161\u0165\u00e1lov\u011b \u010dist\u00e9ho aromaterapeutick\u00e9ho skla pro neuv\u011b\u0159iteln\u011b hladk\u00fd dotek. Standardn\u00ed z\u00e1vitov\u00e9 hrdlo se snadno p\u0159ipoj\u00ed k jak\u00e9koli z\u00e1tce lahve nebo aromaterapeutick\u00e9 ty\u010dince.<\/p>\n<h2>Vlastnosti produktu<\/h2>\n<ul>\n<li><strong>Tvar okv\u011btn\u00edho l\u00edstku:<\/strong> \u010cty\u0159l\u00edstkov\u00fd kv\u011btinov\u00fd vzor dod\u00e1 ka\u017ed\u00e9 m\u00edstnosti jemn\u00fd, elegantn\u00ed a modern\u00ed n\u00e1dech.<\/li>\n<li><strong>Materi\u00e1l a povrchov\u00e1 \u00faprava:<\/strong> \u010cir\u00e9, pr\u016fhledn\u00e9 sklo vytv\u00e1\u0159\u00ed \u010dist\u00fd, snadno \u010distiteln\u00fd a sofistikovan\u00fd vizu\u00e1ln\u00ed efekt za rovnom\u011brn\u00e9ho, \u200b\u200bm\u011bkk\u00e9ho sv\u011btla.<\/li>\n<li><strong>Design krku:<\/strong> Otev\u0159en\u00e9, kulat\u00e9 hrdlo lahvi\u010dky se z\u00e1vitem nab\u00edz\u00ed pr\u016fhlednou strukturu a snadno se pln\u00ed vonnou tekutinou nebo esenci\u00e1ln\u00edmi oleji.<\/li>\n<\/ul>\n<h2>Jak zna\u010dka vytv\u00e1\u0159\u00ed osobit\u00fd vzhled<\/h2>\n<p>Na\u0161e 200ml difuz\u00e9ry unik\u00e1tn\u00edho tvaru si vybrala britsk\u00e1 lifestylov\u00e1 zna\u010dka. Pro personalizaci klient navrhl \u0159adu v\u00edcebarevn\u00fdch uz\u00e1v\u011br\u016f \u2013 s r\u016fzn\u00fdmi typy povrchov\u00fdch \u00faprav, jako je levandulov\u011b fialov\u00e1, tmav\u011b zelen\u00e1 a mramorov\u00e1 textura \u2013 aby odli\u0161il jednotliv\u00e9 varianty v\u016fn\u00ed. M\u00edsto toho zvolil odn\u00edmateln\u00e9 pr\u016fhledn\u00e9 etikety s minim\u00e1ln\u00edm mno\u017estv\u00edm textu, tak\u017ee hlavn\u00ed d\u016fraz ve vizu\u00e1ln\u00ed prezentaci byl kladen na jedine\u010dn\u00fd design lahvi\u010dky. Objednal si tak\u00e9 krat\u0161\u00ed ty\u010dinky z b\u00edl\u00fdch vl\u00e1kenn\u00fdch difuz\u00e9r\u016f, kter\u00e9 byly objedn\u00e1ny na zak\u00e1zku.<\/p>\n<p>Tato s\u00e9rie zaznamenala v prvn\u00edm \u010dtvrtlet\u00ed po sv\u00e9m uveden\u00ed na trh 27% n\u00e1r\u016fst tr\u017eeb v kamenn\u00fdch obchodech. D\u00edky neust\u00e1l\u00fdm objedn\u00e1vk\u00e1m ze strany maloobchodn\u00edk\u016f klient provedl p\u011bt po sob\u011b jdouc\u00edch objedn\u00e1vek na dopln\u011bn\u00ed z\u00e1sob b\u011bhem pouh\u00fdch deseti m\u011bs\u00edc\u016f.<\/p>\n<h2>P\u0159izp\u016fsoben\u00e9 n\u00e1vrhy<\/h2>\n<ul>\n<li>Vyzkou\u0161ejte t\u00f3novan\u00e9 sklo \u2013 pro jemnou levandulovou, mo\u0159skou zelenou nebo jemnou barevnou paletu pou\u017eijte horkou tv\u00e1\u0159enku.<\/li>\n<li>Hlubok\u00fd okv\u011btn\u00ed l\u00edstek se zmen\u0161uje \u2013 samostatn\u00e9 prohlubn\u011b nebo zvln\u011bn\u00ed p\u0159i p\u0159id\u00e1v\u00e1n\u00ed hloubky na ka\u017ed\u00e9m okv\u011btn\u00edm l\u00edstku.<\/li>\n<li>Siln\u011bj\u0161\u00ed sklen\u011bn\u00e9 st\u011bny \u2013 zvy\u0161uj\u00ed odolnost a dod\u00e1vaj\u00ed mu pevn\u011bj\u0161\u00ed vzhled.<\/li>\n<\/ul>\n<p>D\u00edky t\u011bmto zm\u011bn\u00e1m se oby\u010dejn\u00e1 sklen\u011bn\u00e1 lahvi\u010dka s difuz\u00e9rem st\u00e1v\u00e1 ikonou zna\u010dky. P\u0159i velkoobchodn\u00edm n\u00e1kupu lahvi\u010dek s difuz\u00e9rem se po\u010d\u00edt\u00e1 na ka\u017ed\u00e9m detailu.<\/p>","protected":false},"excerpt":{"rendered":"<p data-pm-slice=\"1 1 []\">Elegantn\u00ed difuz\u00e9ry v\u016fn\u00ed s kv\u011btinov\u00fdm designem. Pr\u016fhledn\u00e1 difuz\u00e9rov\u00e1 n\u00e1dobka pro hromadn\u00e9 objedn\u00e1vky, vzorky zdarma, ide\u00e1ln\u00ed pro luxusn\u00ed balen\u00ed v\u016fn\u00ed.<\/p>","protected":false},"featured_media":4789,"template":"","meta":{"site-sidebar-layout":"default","site-content-layout":"","ast-site-content-layout":"default","site-content-style":"default","site-sidebar-style":"default","ast-global-header-display":"","ast-banner-title-visibility":"","ast-main-header-display":"","ast-hfb-above-header-display":"","ast-hfb-below-header-display":"","ast-hfb-mobile-header-display":"","site-post-title":"","ast-breadcrumbs-content":"","ast-featured-img":"","footer-sml-layout":"","theme-transparent-header-meta":"default","adv-header-id-meta":"","stick-header-meta":"","header-above-stick-meta":"","header-main-stick-meta":"","header-below-stick-meta":"","astra-migrate-meta-layouts":"set","ast-page-background-enabled":"default","ast-page-background-meta":{"desktop":{"background-color":"var(--ast-global-color-5)","background-image":"","background-repeat":"repeat","background-position":"center center","background-size":"auto","background-attachment":"scroll","background-type":"","background-media":"","overlay-type":"","overlay-color":"","overlay-opacity":"","overlay-gradient":""},"tablet":{"background-color":"","background-image":"","background-repeat":"repeat","background-position":"center center","background-size":"auto","background-attachment":"scroll","background-type":"","background-media":"","overlay-type":"","overlay-color":"","overlay-opacity":"","overlay-gradient":""},"mobile":{"background-color":"","background-image":"","background-repeat":"repeat","background-position":"center center","background-size":"auto","background-attachment":"scroll","background-type":"","background-media":"","overlay-type":"","overlay-color":"","overlay-opacity":"","overlay-gradient":""}},"ast-content-background-meta":{"desktop":{"background-color":"var(--ast-global-color-4)","background-image":"","background-repeat":"repeat","background-position":"center center","background-size":"auto","background-attachment":"scroll","background-type":"","background-media":"","overlay-type":"","overlay-color":"","overlay-opacity":"","overlay-gradient":""},"tablet":{"background-color":"var(--ast-global-color-4)","background-image":"","background-repeat":"repeat","background-position":"center center","background-size":"auto","background-attachment":"scroll","background-type":"","background-media":"","overlay-type":"","overlay-color":"","overlay-opacity":"","overlay-gradient":""},"mobile":{"background-color":"var(--ast-global-color-4)","background-image":"","background-repeat":"repeat","background-position":"center center","background-size":"auto","background-attachment":"scroll","background-type":"","background-media":"","overlay-type":"","overlay-color":"","overlay-opacity":"","overlay-gradient":""}}},"product_brand":[],"product_cat":[54],"product_tag":[],"class_list":{"0":"post-1129","1":"product","2":"type-product","3":"status-publish","4":"has-post-thumbnail","6":"product_cat-reed-diffuser-bottles","7":"desktop-align-left","8":"tablet-align-left","9":"mobile-align-left","11":"first","12":"instock","13":"shipping-taxable","14":"product-type-simple"},"jetpack_sharing_enabled":true,"_links":{"self":[{"href":"https:\/\/mostebglass.com\/cs\/wp-json\/wp\/v2\/product\/1129","targetHints":{"allow":["GET"]}}],"collection":[{"href":"https:\/\/mostebglass.com\/cs\/wp-json\/wp\/v2\/product"}],"about":[{"href":"https:\/\/mostebglass.com\/cs\/wp-json\/wp\/v2\/types\/product"}],"wp:featuredmedia":[{"embeddable":true,"href":"https:\/\/mostebglass.com\/cs\/wp-json\/wp\/v2\/media\/4789"}],"wp:attachment":[{"href":"https:\/\/mostebglass.com\/cs\/wp-json\/wp\/v2\/media?parent=1129"}],"wp:term":[{"taxonomy":"product_brand","embeddable":true,"href":"https:\/\/mostebglass.com\/cs\/wp-json\/wp\/v2\/product_brand?post=1129"},{"taxonomy":"product_cat","embeddable":true,"href":"https:\/\/mostebglass.com\/cs\/wp-json\/wp\/v2\/product_cat?post=1129"},{"taxonomy":"product_tag","embeddable":true,"href":"https:\/\/mostebglass.com\/cs\/wp-json\/wp\/v2\/product_tag?post=1129"}],"curies":[{"name":"wp","href":"https:\/\/api.w.org\/{rel}","templated":true}]}}