{"id":1406,"date":"2025-09-09T12:04:32","date_gmt":"2025-09-09T04:04:32","guid":{"rendered":"https:\/\/mostebglass.com\/?post_type=product&#038;p=1406"},"modified":"2026-03-10T13:54:34","modified_gmt":"2026-03-10T05:54:34","slug":"green-glass-vases-with-vertical-stripes-bulk","status":"publish","type":"product","link":"https:\/\/mostebglass.com\/cs\/green-glass-vases-with-vertical-stripes-bulk\/","title":{"rendered":"Zelen\u00e9 sklen\u011bn\u00e9 v\u00e1zy s vertik\u00e1ln\u00edmi pruhy"},"content":{"rendered":"<p>Jedn\u00e1 se o sklen\u011bnou v\u00e1zu s jemn\u00fdm \u017eebrovan\u00fdm vzorem sv\u011btle zelen\u00e9 barvy, kter\u00e1 se dod\u00e1v\u00e1 ve t\u0159ech roztomil\u00fdch tvarech: d\u00fd\u0148ov\u00fd, ku\u017eelov\u00fd a v\u00e1lcov\u00fd. V\u00e1zy maj\u00ed roz\u0161\u00ed\u0159en\u00e9, \u00fazk\u00e9 hrdlo pro snadn\u00e9 aran\u017eov\u00e1n\u00ed kv\u011btin.<\/p>\n<h2>Vlastnosti produktu<\/h2>\n<ul>\n<li><strong>Existuj\u00ed t\u0159i tvary:<\/strong> Vyberte si kr\u00e1snou d\u00fdni, modern\u00ed kornout nebo starom\u00f3dn\u00ed v\u00e1lec, kter\u00fd bude odpov\u00eddat va\u0161emu stylu dekorace.<\/li>\n<li><strong>Jemn\u00fd zelen\u00fd odst\u00edn a zvln\u011bn\u00ed:<\/strong> m\u011bkk\u00e1, sv\u011btle zelen\u00e1 barva a p\u011bkn\u00e9 r\u00fdhy se svisl\u00fdm okrajem dotv\u00e1\u0159ej\u00ed povrch a dod\u00e1vaj\u00ed mu archaick\u00fd vzhled.<\/li>\n<li><strong>Stabiln\u00ed, ploch\u00e1 z\u00e1kladna:<\/strong> V\u00e1zy jsou vyrobeny s ploch\u00fdm dnem, aby byla zaji\u0161t\u011bna stabilita na jak\u00e9mkoli povrchu.<\/li>\n<\/ul>\n<h2>Kl\u00ed\u010dov\u00e9 specifikace<\/h2>\n<table style=\"border-collapse: collapse; width: 80%; margin-left: auto; margin-right: auto;\" border=\"0\" width=\"288\" cellspacing=\"0\" cellpadding=\"0\">\n<tbody>\n<tr style=\"height: 13.50pt;\">\n<td style=\"height: 13.5pt; width: 54pt; text-align: center;\" width=\"72\" height=\"18\">Styl<\/td>\n<td style=\"width: 54pt; text-align: center;\" width=\"72\">Velikost<\/td>\n<td style=\"width: 54pt; text-align: center;\" width=\"72\">Materi\u00e1l<\/td>\n<td style=\"width: 54pt; text-align: center;\" width=\"72\">Mo\u017enosti barev<\/td>\n<\/tr>\n<tr style=\"height: 13.50pt;\">\n<td style=\"height: 13.5pt; text-align: center;\" height=\"18\">Vysok\u00e1 v\u00e1za<\/td>\n<td style=\"text-align: center;\">68 \u00d7 110 \u00d7 35 mm<\/td>\n<td class=\"et2\" style=\"text-align: center;\" rowspan=\"3\">Sklo<\/td>\n<td class=\"et2\" style=\"text-align: center;\" rowspan=\"3\">\u010cir\u00e1, \u0161ed\u00e1, zelen\u00e1, r\u016f\u017eov\u00e1, vlastn\u00ed<\/td>\n<\/tr>\n<tr style=\"height: 13.50pt;\">\n<td style=\"height: 13.5pt; text-align: center;\" height=\"18\">Kulat\u00e1 v\u00e1za<\/td>\n<td style=\"text-align: center;\">70 \u00d7 120 \u00d7 40 mm<\/td>\n<\/tr>\n<tr style=\"height: 13.50pt;\">\n<td style=\"height: 13.5pt; text-align: center;\" height=\"18\">Ov\u00e1ln\u00e1 v\u00e1za<\/td>\n<td style=\"text-align: center;\">106 \u00d7 90 \u00d7 40 mm<\/td>\n<\/tr>\n<\/tbody>\n<\/table>\n<h2>P\u0159\u00edb\u011bh \u00fasp\u011bchu<\/h2>\n<p>Jedn\u00edm z na\u0161ich z\u00e1kazn\u00edk\u016f je velk\u00fd \u0159et\u011bzec obchod\u016f s bytov\u00fdm za\u0159\u00edzen\u00edm, kter\u00fd si objednal na\u0161i sadu v\u00e1z s texturou \u0161alv\u011bjov\u011b zelen\u00e9 barvy, kter\u00e1 obsahuje 5000 kus\u016f od ka\u017ed\u00e9ho designu. Pr\u016fm\u011brn\u00fd prodej t\u00e9to koordinovan\u00e9 z\u00e1soby v\u00e1z se zv\u00fd\u0161il o 40 procent, tvar dna v\u00e1zy byl p\u0159i doru\u010den\u00ed do obchodu stabiln\u00ed, dno nebylo rozbit\u00e9 a m\u00edra vystaven\u00ed dos\u00e1hla 99,9 procenta. Obrovsk\u00e1 popularita \u0159et\u011bzce vedla k dal\u0161\u00ed z\u00e1silce 1,2 milionu v\u00e1z, aby se udr\u017eela popt\u00e1vka ve v\u0161ech obchodech b\u011bhem dvou sv\u00e1te\u010dn\u00edch sez\u00f3n.<\/p>\n<h2>N\u00e1pady na p\u0159izp\u016fsoben\u00ed pro v\u00e1s<\/h2>\n<ol>\n<li><strong>Varianty s \u017eebrovanou texturou:<\/strong> Rishi nebo svisl\u00fd \u017eebrovan\u00fd vzor v r\u016f\u017eov\u00e9 barv\u011b pro modern\u00ed vzhled v\u00e1zy.<\/li>\n<li><strong>Sez\u00f3nn\u00ed barevn\u00e1 sada:<\/strong> Nab\u00eddn\u011bte modrob\u00edl\u00e9 sady v\u00e1z na st\u016fl pro letn\u00ed svatby nebo r\u016f\u017eov\u00e9 pro jarn\u00ed v\u00fdzdobu domu.<\/li>\n<li><strong>Monogramovan\u00e9 inrik\u00e1ly:<\/strong> P\u0159idejte mikroskopick\u00e9 zlat\u00e9 f\u00f3liov\u00e9 insialky do okraj\u016f sklen\u011bn\u00fdch v\u00e1z a vytvo\u0159te tak individu\u00e1ln\u00ed d\u00e1rkov\u00e9 sady v\u00e1z. St\u016fl prom\u011bn\u00ed v\u00e1zu v luxusn\u00ed houbi\u010dku na svatby nebo firemn\u00ed akce \u2013 ide\u00e1ln\u00ed pro hromadn\u00e9 objedn\u00e1vky v\u00e1z na kv\u011btiny.<\/li>\n<\/ol>","protected":false},"excerpt":{"rendered":"<p>Kolekce dekorativn\u00edch sklen\u011bn\u00fdch v\u00e1z ve tvaru d\u00fdn\u011b, ku\u017eele a v\u00e1lce. Texturovan\u00e9 stoln\u00ed v\u00e1zy vylep\u0161uj\u00ed modern\u00ed bytov\u00fd dekor. Rychl\u00e9 dod\u00e1n\u00ed pro hromadn\u00e9 objedn\u00e1vky.<\/p>","protected":false},"featured_media":1416,"template":"","meta":{"site-sidebar-layout":"default","site-content-layout":"","ast-site-content-layout":"default","site-content-style":"default","site-sidebar-style":"default","ast-global-header-display":"","ast-banner-title-visibility":"","ast-main-header-display":"","ast-hfb-above-header-display":"","ast-hfb-below-header-display":"","ast-hfb-mobile-header-display":"","site-post-title":"","ast-breadcrumbs-content":"","ast-featured-img":"","footer-sml-layout":"","theme-transparent-header-meta":"default","adv-header-id-meta":"","stick-header-meta":"","header-above-stick-meta":"","header-main-stick-meta":"","header-below-stick-meta":"","astra-migrate-meta-layouts":"set","ast-page-background-enabled":"default","ast-page-background-meta":{"desktop":{"background-color":"var(--ast-global-color-5)","background-image":"","background-repeat":"repeat","background-position":"center center","background-size":"auto","background-attachment":"scroll","background-type":"","background-media":"","overlay-type":"","overlay-color":"","overlay-opacity":"","overlay-gradient":""},"tablet":{"background-color":"","background-image":"","background-repeat":"repeat","background-position":"center center","background-size":"auto","background-attachment":"scroll","background-type":"","background-media":"","overlay-type":"","overlay-color":"","overlay-opacity":"","overlay-gradient":""},"mobile":{"background-color":"","background-image":"","background-repeat":"repeat","background-position":"center center","background-size":"auto","background-attachment":"scroll","background-type":"","background-media":"","overlay-type":"","overlay-color":"","overlay-opacity":"","overlay-gradient":""}},"ast-content-background-meta":{"desktop":{"background-color":"var(--ast-global-color-4)","background-image":"","background-repeat":"repeat","background-position":"center center","background-size":"auto","background-attachment":"scroll","background-type":"","background-media":"","overlay-type":"","overlay-color":"","overlay-opacity":"","overlay-gradient":""},"tablet":{"background-color":"var(--ast-global-color-4)","background-image":"","background-repeat":"repeat","background-position":"center center","background-size":"auto","background-attachment":"scroll","background-type":"","background-media":"","overlay-type":"","overlay-color":"","overlay-opacity":"","overlay-gradient":""},"mobile":{"background-color":"var(--ast-global-color-4)","background-image":"","background-repeat":"repeat","background-position":"center center","background-size":"auto","background-attachment":"scroll","background-type":"","background-media":"","overlay-type":"","overlay-color":"","overlay-opacity":"","overlay-gradient":""}}},"product_brand":[],"product_cat":[57,21],"product_tag":[],"class_list":{"0":"post-1406","1":"product","2":"type-product","3":"status-publish","4":"has-post-thumbnail","6":"product_cat-glass-vases","7":"product_cat-product","8":"desktop-align-left","9":"tablet-align-left","10":"mobile-align-left","12":"first","13":"instock","14":"shipping-taxable","15":"product-type-simple"},"jetpack_sharing_enabled":true,"_links":{"self":[{"href":"https:\/\/mostebglass.com\/cs\/wp-json\/wp\/v2\/product\/1406","targetHints":{"allow":["GET"]}}],"collection":[{"href":"https:\/\/mostebglass.com\/cs\/wp-json\/wp\/v2\/product"}],"about":[{"href":"https:\/\/mostebglass.com\/cs\/wp-json\/wp\/v2\/types\/product"}],"wp:featuredmedia":[{"embeddable":true,"href":"https:\/\/mostebglass.com\/cs\/wp-json\/wp\/v2\/media\/1416"}],"wp:attachment":[{"href":"https:\/\/mostebglass.com\/cs\/wp-json\/wp\/v2\/media?parent=1406"}],"wp:term":[{"taxonomy":"product_brand","embeddable":true,"href":"https:\/\/mostebglass.com\/cs\/wp-json\/wp\/v2\/product_brand?post=1406"},{"taxonomy":"product_cat","embeddable":true,"href":"https:\/\/mostebglass.com\/cs\/wp-json\/wp\/v2\/product_cat?post=1406"},{"taxonomy":"product_tag","embeddable":true,"href":"https:\/\/mostebglass.com\/cs\/wp-json\/wp\/v2\/product_tag?post=1406"}],"curies":[{"name":"wp","href":"https:\/\/api.w.org\/{rel}","templated":true}]}}