{"id":1523,"date":"2025-09-09T16:20:01","date_gmt":"2025-09-09T08:20:01","guid":{"rendered":"https:\/\/mostebglass.com\/?post_type=product&#038;p=1523"},"modified":"2026-05-09T16:04:11","modified_gmt":"2026-05-09T08:04:11","slug":"glass-flower-vases-with-stylish-ripple-effect-wholeale","status":"publish","type":"product","link":"https:\/\/mostebglass.com\/cs\/glass-flower-vases-with-stylish-ripple-effect-wholeale\/","title":{"rendered":"Glass Flower Vases with Stylish Ripple Effect Wholeale"},"content":{"rendered":"<p>Tyto sklen\u011bn\u00e9 v\u00e1zy na kv\u011btiny maj\u00ed speci\u00e1ln\u00ed tvar vln a jsou vyrobeny z pr\u016fhledn\u00e9ho skla. Jsou v\u00edce\u00fa\u010delov\u00e9, maj\u00ed kr\u00e1tk\u00e9, zavalit\u00e9 t\u011blo a tenk\u00e9 hrdlo, a proto se nejl\u00e9pe hod\u00ed k vystaven\u00ed jednotliv\u00fdch kv\u011btin nebo mal\u00fdch aran\u017em\u00e1.<\/p>\n<h2>Vlastnosti produktu<\/h2>\n<ul>\n<li><strong>Vlnit\u00fd vzor:<\/strong> I kdy\u017e je pr\u00e1zdn\u00fd, vlnit\u00fd povrch zachycuje sv\u011btlo a dod\u00e1v\u00e1 vizu\u00e1ln\u00ed hloubku.<\/li>\n<li><strong>\u00dazk\u00fd krk a \u00fazk\u00e1 \u00fasta:<\/strong> Ide\u00e1ln\u00ed pro jednotliv\u00e9 kv\u011btiny nebo hust\u00e9 kytice, dod\u00e1 va\u0161\u00ed kv\u011btinov\u00e9 v\u00fdzdob\u011b n\u00e1dech \u0159emesln\u00e9ho um\u011bn\u00ed.<\/li>\n<li><strong>Pr\u00e9miov\u00e9 \u010dir\u00e9 sklo:<\/strong> Siln\u00e9, odoln\u00e9 sklo p\u016fsob\u00ed luxusn\u00edm dojmem a je nerozbitn\u00e9.<\/li>\n<\/ul>\n<h2>Kl\u00ed\u010dov\u00e9 specifikace<\/h2>\n<table style=\"border-collapse: collapse; margin-left: auto; margin-right: auto; width: 485.27pt;\" border=\"0\" width=\"647\" cellspacing=\"0\" cellpadding=\"0\">\n<tbody>\n<tr style=\"height: 13.50pt;\">\n<td style=\"height: 13.5pt; width: 107.25pt; text-align: center;\" width=\"143\" height=\"18\">Funkce<\/td>\n<td style=\"width: 378pt; text-align: center;\" width=\"504\">Specifikace<\/td>\n<\/tr>\n<tr style=\"height: 13.50pt;\">\n<td style=\"height: 13.5pt; text-align: center;\" height=\"18\">V\u00fd\u0161ka<\/td>\n<td style=\"text-align: center;\">130 mm<\/td>\n<\/tr>\n<tr style=\"height: 13.50pt;\">\n<td style=\"height: 13.5pt; text-align: center;\" height=\"18\">Pr\u016fm\u011br z\u00e1kladny<\/td>\n<td style=\"text-align: center;\">110 mm<\/td>\n<\/tr>\n<tr style=\"height: 13.50pt;\">\n<td style=\"height: 13.5pt; text-align: center;\" height=\"18\">Styl krku<\/td>\n<td style=\"text-align: center;\">\u0160t\u00edhl\u00fd, z\u00fa\u017een\u00fd<\/td>\n<\/tr>\n<tr style=\"height: 13.50pt;\">\n<td style=\"height: 13.5pt; text-align: center;\" height=\"18\">Otev\u0159en\u00ed \u00fast<\/td>\n<td style=\"text-align: center;\">Mal\u00e9 (vhodn\u00e9 pro pupeny)<\/td>\n<\/tr>\n<tr style=\"height: 13.50pt;\">\n<td style=\"height: 13.5pt; text-align: center;\" height=\"18\">Materi\u00e1l<\/td>\n<td style=\"text-align: center;\">Vysoce kvalitn\u00ed sklo<\/td>\n<\/tr>\n<tr style=\"height: 13.50pt;\">\n<td style=\"height: 13.5pt; text-align: center;\" height=\"18\">Dokon\u010dit<\/td>\n<td style=\"text-align: center;\">Texturovan\u00fd (vlnov\u00fd vzor)<\/td>\n<\/tr>\n<tr style=\"height: 13.50pt;\">\n<td style=\"height: 13.5pt; text-align: center;\" height=\"18\">Mo\u017enosti barev<\/td>\n<td style=\"text-align: center;\">\u010cir\u00fd nebo individu\u00e1ln\u00ed odst\u00edn<\/td>\n<\/tr>\n<tr style=\"height: 13.50pt;\">\n<td style=\"height: 13.5pt; text-align: center;\" height=\"18\">Ide\u00e1ln\u00ed pro<\/td>\n<td style=\"text-align: center;\">V\u00e1zy s pupeny, kv\u011btinov\u00e9 aran\u017em\u00e1, bytov\u00e9 dekorace, kv\u011btin\u00e1\u010de<\/td>\n<\/tr>\n<\/tbody>\n<\/table>\n<h2>P\u0159\u00edb\u011bh \u00fasp\u011bchu<\/h2>\n<p>Na\u0161e mal\u00e1 v\u00e1za s n\u00edzk\u00fdm profilem a texturou se stala \u010dlenem seversk\u00e9 lifestylov\u00e9 zna\u010dky. Provedli jsme proces \u00faprav, aby odpov\u00eddal p\u0159irozen\u00e9mu vzhledu jejich zna\u010dky: p\u016fvodn\u00ed materi\u00e1l, kter\u00fdm bylo \u010dir\u00e9 sklo, jsme nahradili mnohem pr\u016fhledn\u011bj\u0161\u00edm materi\u00e1lem s tepl\u00fdm odst\u00ednem, kter\u00fd by se dal sn\u00e1ze dr\u017eet na jedn\u00e9 stopce rovn\u011b bez nakl\u00e1n\u011bn\u00ed; textura na t\u011ble v\u00e1z byla p\u0159epracov\u00e1na na vlnit\u00fd vzor, \u200b\u200bkter\u00fd byl m\u00edrn\u011b nepravideln\u00fd a m\u00edrn\u011b jemn\u00fd: to by dod\u00e1valo vzhled ru\u010dn\u011b vyroben\u00e9ho p\u0159edm\u011btu; a \u00fahel okraje byl tak\u00e9 p\u0159epracov\u00e1n, aby se dala jedna stopka snadno postavit vzp\u0159\u00edmen\u011b bez nakl\u00e1n\u011bn\u00ed.<\/p>\n<p>B\u011bhem \u0161esti t\u00fddn\u016f po uveden\u00ed na trh produkt vyk\u00e1zal n\u00e1r\u016fst tr\u017eeb o p\u0159ibli\u017en\u011b 49 procent. Pot\u00e9, co byla prvn\u00ed v\u00e1rka kompletn\u011b vyprod\u00e1na, byl produkt dvakr\u00e1t znovu objedn\u00e1n a stal se vysoce obratn\u00fdm z\u00e1kladn\u00edm produktem, kter\u00fd bylo nutn\u00e9 v maloobchodn\u00edch prodejn\u00e1ch pravideln\u011b dopl\u0148ovat.<\/p>\n<h2>Jak si p\u0159izp\u016fsobit v\u00e1zy na kv\u011btiny?<\/h2>\n<ul>\n<li>Upravte hloubku vln \u2013 hlub\u0161\u00ed vlnky dodaj\u00ed dramatu a leh\u010d\u00ed \u010d\u00e1sti z\u016fstanou jemn\u00e9.<\/li>\n<li>Zabarven\u00ed skla \u2013 kou\u0159ov\u011b \u0161ed\u00e1 vytv\u00e1\u0159\u00ed n\u00e1ladovou eleganci, zat\u00edmco jemn\u011b zelen\u00e1 p\u016fsob\u00ed p\u0159irozen\u011b.<\/li>\n<li>Upravte d\u00e9lku krku \u2013 vy\u0161\u0161\u00ed lid\u00e9 hraj\u00ed hry, zat\u00edmco mal\u00ed lid\u00e9 jsou vhodn\u011bj\u0161\u00ed pro men\u0161\u00ed prostory.<\/li>\n<\/ul>\n<p>Nejde jen o jednoduch\u00fd dotek, dok\u00e1\u017eou prom\u011bnit oby\u010dejn\u00e9 sklen\u011bn\u00e9 n\u00e1doby v ikonick\u00e9 dekorace do dom\u00e1cnosti.<\/p>","protected":false},"excerpt":{"rendered":"<p data-pm-slice=\"1 1 []\">Elegantn\u00ed v\u00e1zy na kv\u011btiny vyroben\u00e9 z vysoce \u010dir\u00e9ho skla. Texturovan\u00e9 sklen\u011bn\u00e9 v\u00e1zy s vlnit\u00fdm reli\u00e9fem dod\u00e1vaj\u00ed modern\u00edmu bytov\u00e9mu za\u0159\u00edzen\u00ed vintage kouzlo. Vzorky zdarma.<\/p>","protected":false},"featured_media":5431,"template":"","meta":{"site-sidebar-layout":"default","site-content-layout":"","ast-site-content-layout":"default","site-content-style":"default","site-sidebar-style":"default","ast-global-header-display":"","ast-banner-title-visibility":"","ast-main-header-display":"","ast-hfb-above-header-display":"","ast-hfb-below-header-display":"","ast-hfb-mobile-header-display":"","site-post-title":"","ast-breadcrumbs-content":"","ast-featured-img":"","footer-sml-layout":"","theme-transparent-header-meta":"default","adv-header-id-meta":"","stick-header-meta":"","header-above-stick-meta":"","header-main-stick-meta":"","header-below-stick-meta":"","astra-migrate-meta-layouts":"set","ast-page-background-enabled":"default","ast-page-background-meta":{"desktop":{"background-color":"var(--ast-global-color-5)","background-image":"","background-repeat":"repeat","background-position":"center center","background-size":"auto","background-attachment":"scroll","background-type":"","background-media":"","overlay-type":"","overlay-color":"","overlay-opacity":"","overlay-gradient":""},"tablet":{"background-color":"","background-image":"","background-repeat":"repeat","background-position":"center center","background-size":"auto","background-attachment":"scroll","background-type":"","background-media":"","overlay-type":"","overlay-color":"","overlay-opacity":"","overlay-gradient":""},"mobile":{"background-color":"","background-image":"","background-repeat":"repeat","background-position":"center center","background-size":"auto","background-attachment":"scroll","background-type":"","background-media":"","overlay-type":"","overlay-color":"","overlay-opacity":"","overlay-gradient":""}},"ast-content-background-meta":{"desktop":{"background-color":"var(--ast-global-color-4)","background-image":"","background-repeat":"repeat","background-position":"center center","background-size":"auto","background-attachment":"scroll","background-type":"","background-media":"","overlay-type":"","overlay-color":"","overlay-opacity":"","overlay-gradient":""},"tablet":{"background-color":"var(--ast-global-color-4)","background-image":"","background-repeat":"repeat","background-position":"center center","background-size":"auto","background-attachment":"scroll","background-type":"","background-media":"","overlay-type":"","overlay-color":"","overlay-opacity":"","overlay-gradient":""},"mobile":{"background-color":"var(--ast-global-color-4)","background-image":"","background-repeat":"repeat","background-position":"center center","background-size":"auto","background-attachment":"scroll","background-type":"","background-media":"","overlay-type":"","overlay-color":"","overlay-opacity":"","overlay-gradient":""}}},"product_brand":[],"product_cat":[57,21],"product_tag":[],"class_list":{"0":"post-1523","1":"product","2":"type-product","3":"status-publish","4":"has-post-thumbnail","6":"product_cat-glass-vases","7":"product_cat-product","8":"desktop-align-left","9":"tablet-align-left","10":"mobile-align-left","12":"first","13":"instock","14":"shipping-taxable","15":"product-type-simple"},"jetpack_sharing_enabled":true,"_links":{"self":[{"href":"https:\/\/mostebglass.com\/cs\/wp-json\/wp\/v2\/product\/1523","targetHints":{"allow":["GET"]}}],"collection":[{"href":"https:\/\/mostebglass.com\/cs\/wp-json\/wp\/v2\/product"}],"about":[{"href":"https:\/\/mostebglass.com\/cs\/wp-json\/wp\/v2\/types\/product"}],"wp:featuredmedia":[{"embeddable":true,"href":"https:\/\/mostebglass.com\/cs\/wp-json\/wp\/v2\/media\/5431"}],"wp:attachment":[{"href":"https:\/\/mostebglass.com\/cs\/wp-json\/wp\/v2\/media?parent=1523"}],"wp:term":[{"taxonomy":"product_brand","embeddable":true,"href":"https:\/\/mostebglass.com\/cs\/wp-json\/wp\/v2\/product_brand?post=1523"},{"taxonomy":"product_cat","embeddable":true,"href":"https:\/\/mostebglass.com\/cs\/wp-json\/wp\/v2\/product_cat?post=1523"},{"taxonomy":"product_tag","embeddable":true,"href":"https:\/\/mostebglass.com\/cs\/wp-json\/wp\/v2\/product_tag?post=1523"}],"curies":[{"name":"wp","href":"https:\/\/api.w.org\/{rel}","templated":true}]}}