{"id":1621,"date":"2025-09-11T11:39:16","date_gmt":"2025-09-11T03:39:16","guid":{"rendered":"https:\/\/mostebglass.com\/?post_type=product&#038;p=1621"},"modified":"2026-03-10T14:22:20","modified_gmt":"2026-03-10T06:22:20","slug":"clear-flower-bud-vases-with-thick-base-bulk","status":"publish","type":"product","link":"https:\/\/mostebglass.com\/cs\/clear-flower-bud-vases-with-thick-base-bulk\/","title":{"rendered":"Pr\u016fhledn\u00e9 v\u00e1zy s kv\u011btinov\u00fdmi poupaty a tlust\u00fdm dnem"},"content":{"rendered":"<p>Tyto v\u00e1zy ve tvaru kv\u011btinov\u00fdch poupat maj\u00ed \u010dist\u00fd, hladk\u00fd design a jsou k dispozici ve t\u0159ech r\u016fzn\u00fdch tvarech: kulat\u00e9m, lichob\u011b\u017en\u00edkov\u00e9m a kulat\u00e9m, vyroben\u00e9 z k\u0159i\u0161\u0165\u00e1lov\u011b \u010dir\u00e9ho skla s pevn\u00fdm a zes\u00edlen\u00fdm dnem.<\/p>\n<h2>Vlastnosti produktu<\/h2>\n<ul>\n<li><strong>Sklen\u011bn\u00fd materi\u00e1l s vysokou pr\u016fhlednost\u00ed:<\/strong> Skl\u00e1d\u00e1 se z vysoce \u010dist\u00e9ho pr\u016fhledn\u00e9ho skla, kter\u00e9 m\u00e1 vysokou \u00farove\u0148 \u010dirosti a umo\u017e\u0148uje pohled na kv\u011btiny nebo tekutinu uvnit\u0159 v lehk\u00e9m a vzdu\u0161n\u00e9m vzoru.<\/li>\n<li><strong>N\u011bkolik tvar\u016f:<\/strong> Existuj\u00ed t\u0159i r\u016fzn\u00e9 tvary; zaoblen\u00e9 a tlust\u00e9, lichob\u011b\u017en\u00edkov\u00e9 a zaoblen\u00e9 tvary, a lze je pou\u017e\u00edt samostatn\u011b nebo spole\u010dn\u011b, aby vyhovovaly \u0161irok\u00e9 \u0161k\u00e1le po\u017eadavk\u016f na dekoraci prostoru.<\/li>\n<li><strong>Zes\u00edlen\u00e1 z\u00e1kladn\u00ed konstrukce:<\/strong> Toto je vylep\u0161eno pro zaji\u0161t\u011bn\u00ed stability lahve a nav\u00edc je tak\u00e9 zv\u00fd\u0161ena textura a odolnost lahve.<\/li>\n<\/ul>\n<h2><strong data-spm-anchor-id=\"5176.28103460.0.i16.29ab2e31arMQTt\">Kl\u00ed\u010dov\u00e9 specifikace<\/strong><\/h2>\n<table style=\"border-collapse: collapse; width: 80%; margin-left: auto; margin-right: auto;\" border=\"0\" width=\"216\" cellspacing=\"0\" cellpadding=\"0\">\n<tbody>\n<tr style=\"height: 13.50pt;\">\n<td style=\"height: 13.5pt; width: 54pt; text-align: center;\" width=\"72\" height=\"18\">Styl<\/td>\n<td style=\"width: 54pt; text-align: center;\" width=\"72\">Rozm\u011bry<\/td>\n<td style=\"width: 54pt; text-align: center;\" width=\"72\">Mo\u017enosti barev<\/td>\n<\/tr>\n<tr style=\"height: 13.50pt;\">\n<td style=\"height: 13.5pt; text-align: center;\" height=\"18\">Mal\u00e1 v\u00e1za na b\u0159icho<\/td>\n<td style=\"text-align: center;\">50 \u00d7 68 \u00d7 28 mm<\/td>\n<td class=\"et2\" style=\"text-align: center;\" rowspan=\"3\">Vymazat nebo Vlastn\u00ed<\/td>\n<\/tr>\n<tr style=\"height: 13.50pt;\">\n<td style=\"height: 13.5pt; text-align: center;\" height=\"18\">St\u0159edn\u00ed jurtov\u00e1 v\u00e1za<\/td>\n<td style=\"text-align: center;\">70 \u00d7 76 \u00d7 33 mm<\/td>\n<\/tr>\n<tr style=\"height: 13.50pt;\">\n<td style=\"height: 13.5pt; text-align: center;\" height=\"18\">Velk\u00e1 b\u0159i\u0161n\u00ed v\u00e1za<\/td>\n<td style=\"text-align: center;\">67 \u00d7 100 \u00d7 45 mm<\/td>\n<\/tr>\n<\/tbody>\n<\/table>\n<h2>P\u0159\u00edb\u011bh \u00fasp\u011bchu: Standardizace nadn\u00e1rodn\u00edho hotelov\u00e9ho \u0159et\u011bzce<\/h2>\n<p>Jeden mezin\u00e1rodn\u00ed hotelov\u00fd \u0159et\u011bzec si objednal na\u0161i t\u0159\u00edd\u00edlnou sadu v\u00e1z z \u010dir\u00e9ho skla, a to najednou 20 000 kus\u016f. Masivn\u00ed podstavec minimalizoval ni\u010den\u00ed p\u0159i ka\u017edodenn\u00edm \u00faklidu o 95 procent. Pr\u016fhledn\u00e9 t\u011blo se hod\u00ed ke ka\u017ed\u00e9mu stylu za\u0159izov\u00e1n\u00ed, \u010d\u00edm\u017e se spot\u0159eba jin\u00fdch zna\u010dek sn\u00ed\u017eila o 70 %. Hotel byl v\u00edce ne\u017e spokojen a v p\u0159\u00ed\u0161t\u00edch 10 letech si objednal dal\u0161\u00edch 500 000 v\u00e1z na renovace a p\u0159\u00edstavby.<\/p>\n<h2>Alternativy hromadn\u00e9ho p\u0159izp\u016fsoben\u00ed sklen\u011bn\u00fdch v\u00e1z<\/h2>\n<ul>\n<li>Detaily z\u00e1kladny: P\u0159id\u00e1n\u00ed slab\u00e9ho zapu\u0161t\u011bn\u00e9ho krou\u017eku nebo zkosen\u00ed na spodn\u00ed \u010d\u00e1st z\u00e1va\u017e\u00ed z\u00e1kladny je pro design atraktivn\u011bj\u0161\u00ed.<\/li>\n<li>Variace krku: Drobn\u00e9 zm\u011bny proveden\u00e9 na roz\u0161\u00ed\u0159en\u00e9m nebo vysok\u00e9m krku r\u016fzn\u00fdch tvar\u016f krk\u016f jim poskytuj\u00ed r\u016fznou \u00farove\u0148 podpory stonku.<\/li>\n<li>Mo\u017enosti mont\u00e1\u017ee: V na\u0161em katalogu by m\u011blo b\u00fdt k dispozici v\u00edce mo\u017enost\u00ed, kde si z\u00e1kazn\u00edci mohou p\u0159izp\u016fsobit t\u0159\u00edd\u00edlnou sadu.<\/li>\n<\/ul>","protected":false},"excerpt":{"rendered":"<p>Pr\u016fhledn\u00e9 v\u00e1zy s poup\u011bmi vyroben\u00fdmi z k\u0159i\u0161\u0165\u00e1lov\u011b \u010dist\u00e9ho skla s tlust\u00fdm dnem. Odoln\u00e9 sklen\u011bn\u00e9 v\u00e1zy ve velk\u00e9m, ide\u00e1ln\u00ed pro kv\u011btin\u00e1\u0159stv\u00ed a dekorace na akce. Rychl\u00e9 dod\u00e1n\u00ed.<\/p>","protected":false},"featured_media":1623,"template":"","meta":{"site-sidebar-layout":"default","site-content-layout":"","ast-site-content-layout":"default","site-content-style":"default","site-sidebar-style":"default","ast-global-header-display":"","ast-banner-title-visibility":"","ast-main-header-display":"","ast-hfb-above-header-display":"","ast-hfb-below-header-display":"","ast-hfb-mobile-header-display":"","site-post-title":"","ast-breadcrumbs-content":"","ast-featured-img":"","footer-sml-layout":"","theme-transparent-header-meta":"default","adv-header-id-meta":"","stick-header-meta":"","header-above-stick-meta":"","header-main-stick-meta":"","header-below-stick-meta":"","astra-migrate-meta-layouts":"set","ast-page-background-enabled":"default","ast-page-background-meta":{"desktop":{"background-color":"var(--ast-global-color-5)","background-image":"","background-repeat":"repeat","background-position":"center center","background-size":"auto","background-attachment":"scroll","background-type":"","background-media":"","overlay-type":"","overlay-color":"","overlay-opacity":"","overlay-gradient":""},"tablet":{"background-color":"","background-image":"","background-repeat":"repeat","background-position":"center center","background-size":"auto","background-attachment":"scroll","background-type":"","background-media":"","overlay-type":"","overlay-color":"","overlay-opacity":"","overlay-gradient":""},"mobile":{"background-color":"","background-image":"","background-repeat":"repeat","background-position":"center center","background-size":"auto","background-attachment":"scroll","background-type":"","background-media":"","overlay-type":"","overlay-color":"","overlay-opacity":"","overlay-gradient":""}},"ast-content-background-meta":{"desktop":{"background-color":"var(--ast-global-color-4)","background-image":"","background-repeat":"repeat","background-position":"center center","background-size":"auto","background-attachment":"scroll","background-type":"","background-media":"","overlay-type":"","overlay-color":"","overlay-opacity":"","overlay-gradient":""},"tablet":{"background-color":"var(--ast-global-color-4)","background-image":"","background-repeat":"repeat","background-position":"center center","background-size":"auto","background-attachment":"scroll","background-type":"","background-media":"","overlay-type":"","overlay-color":"","overlay-opacity":"","overlay-gradient":""},"mobile":{"background-color":"var(--ast-global-color-4)","background-image":"","background-repeat":"repeat","background-position":"center center","background-size":"auto","background-attachment":"scroll","background-type":"","background-media":"","overlay-type":"","overlay-color":"","overlay-opacity":"","overlay-gradient":""}}},"product_brand":[],"product_cat":[57,21],"product_tag":[],"class_list":{"0":"post-1621","1":"product","2":"type-product","3":"status-publish","4":"has-post-thumbnail","6":"product_cat-glass-vases","7":"product_cat-product","8":"desktop-align-left","9":"tablet-align-left","10":"mobile-align-left","12":"first","13":"instock","14":"shipping-taxable","15":"product-type-simple"},"jetpack_sharing_enabled":true,"_links":{"self":[{"href":"https:\/\/mostebglass.com\/cs\/wp-json\/wp\/v2\/product\/1621","targetHints":{"allow":["GET"]}}],"collection":[{"href":"https:\/\/mostebglass.com\/cs\/wp-json\/wp\/v2\/product"}],"about":[{"href":"https:\/\/mostebglass.com\/cs\/wp-json\/wp\/v2\/types\/product"}],"wp:featuredmedia":[{"embeddable":true,"href":"https:\/\/mostebglass.com\/cs\/wp-json\/wp\/v2\/media\/1623"}],"wp:attachment":[{"href":"https:\/\/mostebglass.com\/cs\/wp-json\/wp\/v2\/media?parent=1621"}],"wp:term":[{"taxonomy":"product_brand","embeddable":true,"href":"https:\/\/mostebglass.com\/cs\/wp-json\/wp\/v2\/product_brand?post=1621"},{"taxonomy":"product_cat","embeddable":true,"href":"https:\/\/mostebglass.com\/cs\/wp-json\/wp\/v2\/product_cat?post=1621"},{"taxonomy":"product_tag","embeddable":true,"href":"https:\/\/mostebglass.com\/cs\/wp-json\/wp\/v2\/product_tag?post=1621"}],"curies":[{"name":"wp","href":"https:\/\/api.w.org\/{rel}","templated":true}]}}