{"id":1839,"date":"2025-09-16T17:21:12","date_gmt":"2025-09-16T09:21:12","guid":{"rendered":"https:\/\/mostebglass.com\/?post_type=product&#038;p=1839"},"modified":"2026-03-10T15:14:15","modified_gmt":"2026-03-10T07:14:15","slug":"clear-embossed-glass-bud-vases-bulk","status":"publish","type":"product","link":"https:\/\/mostebglass.com\/cs\/clear-embossed-glass-bud-vases-bulk\/","title":{"rendered":"V\u00e1zy s \u010dir\u00fdm reli\u00e9fn\u00edm sklen\u011bn\u00fdm pupenem ve velk\u00e9m"},"content":{"rendered":"<p>Tyto sklen\u011bn\u00e9 v\u00e1zy ve tvaru pupen\u016f jsou zdobeny v\u00fdrazn\u00fdm geometrick\u00fdm reli\u00e9fn\u00edm vzorem, jako je diamantov\u00e9 pro\u0161\u00edv\u00e1n\u00ed a vertik\u00e1ln\u00ed h\u00e1je, a jsou k dispozici ve t\u0159ech stylech, kter\u00e9 vytv\u00e1\u0159ej\u00ed velkolep\u00fd efekt.<\/p>\n<h2>Vlastnosti produktu<\/h2>\n<ul>\n<li><strong>Velkoryse ru\u010dn\u011b zpracovan\u00e9 vzory:<\/strong> T\u0159i v\u00fdrazn\u00e9 reli\u00e9fn\u00ed vzory dod\u00e1vaj\u00ed kv\u011btin\u00e1m silnou texturu, efekt sv\u011btla a st\u00ednu a n\u00e1dech starobyl\u00fdch \u010das\u016f.<\/li>\n<li><strong>Siln\u00e1 a stabiln\u00ed z\u00e1kladna:<\/strong> V\u0161echny v\u00e1zy maj\u00ed t\u011b\u017ek\u00fd, ploch\u00fd podstavec, aby se nep\u0159evrhly, a to ani p\u0159i um\u00edst\u011bn\u00ed kytice asymetrick\u00fdch kv\u011btin.<\/li>\n<li><strong>Luxusn\u00ed krk ve tvaru trubky:<\/strong> Konstrukce krku je praktick\u00e1 pro podep\u0159en\u00ed stonk\u016f kv\u011btin a tak\u00e9 pro vytvo\u0159en\u00ed n\u00e1dhern\u00e9 postavy.<\/li>\n<\/ul>\n<h3><strong data-spm-anchor-id=\"5176.28103460.0.i12.2fc72e31pE2N38\">Kl\u00ed\u010dov\u00e9 specifikace<\/strong><\/h3>\n<table style=\"border-collapse: collapse; width: 80%; margin-left: auto; margin-right: auto;\" border=\"0\" width=\"288\" cellspacing=\"0\" cellpadding=\"0\">\n<tbody>\n<tr style=\"height: 13.50pt;\">\n<td style=\"height: 13.5pt; width: 54pt; text-align: center;\" width=\"72\" height=\"18\">Styl<\/td>\n<td style=\"width: 54pt; text-align: center;\" width=\"72\">Rozm\u011bry<\/td>\n<td style=\"width: 54pt; text-align: center;\" width=\"72\">Materi\u00e1l<\/td>\n<td style=\"width: 54pt; text-align: center;\" width=\"72\">Mo\u017enosti barev<\/td>\n<\/tr>\n<tr style=\"height: 13.50pt;\">\n<td style=\"height: 13.5pt; text-align: center;\" height=\"18\">Reli\u00e9fn\u00ed<\/td>\n<td style=\"text-align: center;\">55 \u00d7 100 \u00d7 35 mm<\/td>\n<td class=\"et2\" style=\"text-align: center;\" rowspan=\"3\">Sklo<\/td>\n<td class=\"et2\" style=\"text-align: center;\" rowspan=\"3\">Jasn\u00e9, Vlastn\u00ed<\/td>\n<\/tr>\n<tr style=\"height: 13.50pt;\">\n<td style=\"height: 13.5pt; text-align: center;\" height=\"18\">Vo\u0161tina<\/td>\n<td style=\"text-align: center;\">60 \u00d7 100 \u00d7 45 mm<\/td>\n<\/tr>\n<tr style=\"height: 13.50pt;\">\n<td style=\"height: 13.5pt; text-align: center;\" height=\"18\">Jemn\u00e9 \u017eebro<\/td>\n<td style=\"text-align: center;\">55 \u00d7 130 \u00d7 35 mm<\/td>\n<\/tr>\n<\/tbody>\n<\/table>\n<h2>P\u0159\u00edb\u011bh \u00fasp\u011bchu: Hromadn\u00e1 objedn\u00e1vka luxusn\u00ed hotelov\u00e9 skupiny<\/h2>\n<p>Na\u0161e vysok\u00e9 sklen\u011bn\u00e9 v\u00e1zy s diamantov\u00fdm vzorem si vybral zn\u00e1m\u00fd mezin\u00e1rodn\u00ed hotelov\u00fd \u0159et\u011bzec. Tyto v\u00e1zy dok\u00e1zaly nab\u00eddnout vynikaj\u00edc\u00ed hodnotu: spokojenost host\u016f se vzhledem pokoj\u016f se \u00fadajn\u011b zv\u00fd\u0161ila o 25 %. Jednotn\u00fd a n\u00e1dhern\u00fd vzhled jim umo\u017enil homogenizovat kv\u011btinov\u00e9 aran\u017em\u00e1 ve v\u0161ech jejich zna\u010dk\u00e1ch, co\u017e vedlo ke sn\u00ed\u017een\u00ed n\u00e1klad\u016f dodavatel\u016f o 15 procent. Hotelov\u00fd \u0159et\u011bzec byl ohromen a proto objednal dal\u0161\u00edch 75 000 v\u00e1z, kter\u00e9 ozdob\u00ed nov\u00e9 hotely a z\u00e1rove\u0148 obnov\u00ed jejich skladov\u00e9 z\u00e1soby.<\/p>\n<h2>P\u0159izp\u016fsoben\u00ed sklen\u011bn\u00fdch v\u00e1z<\/h2>\n<ul>\n<li>Metalick\u00fd lesk: P\u0159idejte do reli\u00e9fn\u00edch dr\u00e1\u017eek velmi tenkou vrstvu metalick\u00e9ho lesku (zlato, m\u011b\u010f), abyste zv\u00fdraznili detaily.<\/li>\n<li>Velikost a proporce: Pou\u017eijte stejn\u00fd texturovan\u00fd design na v\u011bt\u0161\u00edch a poutav\u011bj\u0161\u00edch v\u00e1z\u00e1ch nebo men\u0161\u00edch mini v\u00e1z\u00e1ch na \u010dajov\u00e9 sv\u00ed\u010dky.<\/li>\n<li>Design krku a \u00fast: Upravte \u00fahel \u00fast \u2013 leh\u010d\u00ed kytice mus\u00ed m\u00edt otev\u0159en\u00e1 \u00fasta, zat\u00edmco u\u017e\u0161\u00ed kytice mus\u00ed m\u00edt otev\u0159en\u00e1 \u00fasta.<\/li>\n<\/ul>","protected":false},"excerpt":{"rendered":"<p>Klasick\u00e9 sklen\u011bn\u00e9 v\u00e1zy ve tvaru pupen\u016f s reli\u00e9fn\u00edmi detaily a stabiln\u00ed z\u00e1kladnou. V\u0161estrann\u00e1 sada mal\u00fdch v\u00e1z vhodn\u00e1 na kv\u011btiny, su\u0161en\u00e9 stonky nebo dekora\u010dn\u00ed dopl\u0148ky. Mo\u017enosti zak\u00e1zkov\u00e9ho u\u017eit\u00ed.<\/p>","protected":false},"featured_media":1840,"template":"","meta":{"site-sidebar-layout":"default","site-content-layout":"","ast-site-content-layout":"default","site-content-style":"default","site-sidebar-style":"default","ast-global-header-display":"","ast-banner-title-visibility":"","ast-main-header-display":"","ast-hfb-above-header-display":"","ast-hfb-below-header-display":"","ast-hfb-mobile-header-display":"","site-post-title":"","ast-breadcrumbs-content":"","ast-featured-img":"","footer-sml-layout":"","theme-transparent-header-meta":"default","adv-header-id-meta":"","stick-header-meta":"","header-above-stick-meta":"","header-main-stick-meta":"","header-below-stick-meta":"","astra-migrate-meta-layouts":"set","ast-page-background-enabled":"default","ast-page-background-meta":{"desktop":{"background-color":"var(--ast-global-color-5)","background-image":"","background-repeat":"repeat","background-position":"center center","background-size":"auto","background-attachment":"scroll","background-type":"","background-media":"","overlay-type":"","overlay-color":"","overlay-opacity":"","overlay-gradient":""},"tablet":{"background-color":"","background-image":"","background-repeat":"repeat","background-position":"center center","background-size":"auto","background-attachment":"scroll","background-type":"","background-media":"","overlay-type":"","overlay-color":"","overlay-opacity":"","overlay-gradient":""},"mobile":{"background-color":"","background-image":"","background-repeat":"repeat","background-position":"center center","background-size":"auto","background-attachment":"scroll","background-type":"","background-media":"","overlay-type":"","overlay-color":"","overlay-opacity":"","overlay-gradient":""}},"ast-content-background-meta":{"desktop":{"background-color":"var(--ast-global-color-4)","background-image":"","background-repeat":"repeat","background-position":"center center","background-size":"auto","background-attachment":"scroll","background-type":"","background-media":"","overlay-type":"","overlay-color":"","overlay-opacity":"","overlay-gradient":""},"tablet":{"background-color":"var(--ast-global-color-4)","background-image":"","background-repeat":"repeat","background-position":"center center","background-size":"auto","background-attachment":"scroll","background-type":"","background-media":"","overlay-type":"","overlay-color":"","overlay-opacity":"","overlay-gradient":""},"mobile":{"background-color":"var(--ast-global-color-4)","background-image":"","background-repeat":"repeat","background-position":"center center","background-size":"auto","background-attachment":"scroll","background-type":"","background-media":"","overlay-type":"","overlay-color":"","overlay-opacity":"","overlay-gradient":""}}},"product_brand":[],"product_cat":[57,21],"product_tag":[],"class_list":{"0":"post-1839","1":"product","2":"type-product","3":"status-publish","4":"has-post-thumbnail","6":"product_cat-glass-vases","7":"product_cat-product","8":"desktop-align-left","9":"tablet-align-left","10":"mobile-align-left","12":"first","13":"instock","14":"shipping-taxable","15":"product-type-simple"},"jetpack_sharing_enabled":true,"_links":{"self":[{"href":"https:\/\/mostebglass.com\/cs\/wp-json\/wp\/v2\/product\/1839","targetHints":{"allow":["GET"]}}],"collection":[{"href":"https:\/\/mostebglass.com\/cs\/wp-json\/wp\/v2\/product"}],"about":[{"href":"https:\/\/mostebglass.com\/cs\/wp-json\/wp\/v2\/types\/product"}],"wp:featuredmedia":[{"embeddable":true,"href":"https:\/\/mostebglass.com\/cs\/wp-json\/wp\/v2\/media\/1840"}],"wp:attachment":[{"href":"https:\/\/mostebglass.com\/cs\/wp-json\/wp\/v2\/media?parent=1839"}],"wp:term":[{"taxonomy":"product_brand","embeddable":true,"href":"https:\/\/mostebglass.com\/cs\/wp-json\/wp\/v2\/product_brand?post=1839"},{"taxonomy":"product_cat","embeddable":true,"href":"https:\/\/mostebglass.com\/cs\/wp-json\/wp\/v2\/product_cat?post=1839"},{"taxonomy":"product_tag","embeddable":true,"href":"https:\/\/mostebglass.com\/cs\/wp-json\/wp\/v2\/product_tag?post=1839"}],"curies":[{"name":"wp","href":"https:\/\/api.w.org\/{rel}","templated":true}]}}