{"id":2037,"date":"2025-09-18T15:53:19","date_gmt":"2025-09-18T07:53:19","guid":{"rendered":"https:\/\/mostebglass.com\/?post_type=product&#038;p=2037"},"modified":"2026-03-04T17:07:28","modified_gmt":"2026-03-04T09:07:28","slug":"velkoobchodni-valcova-vaza-z-cireho-skla-se-zakrivenym-vrskem","status":"publish","type":"product","link":"https:\/\/mostebglass.com\/cs\/wholesale-cylindrical-clear-glass-bud-vase-with-curved-top\/","title":{"rendered":"Velkoobchodn\u00ed v\u00e1lcov\u00e9 v\u00e1zy z \u010dir\u00e9ho skla s pupeny a zak\u0159iven\u00fdm vr\u0161kem"},"content":{"rendered":"<p>Jedn\u00e1 se o pr\u016fhledn\u00e9 v\u00e1zy s \u010dist\u00fdm, aerodynamick\u00fdm tvarem kapsl\u00ed, vyroben\u00e9 z velmi pr\u016fhledn\u00fdch materi\u00e1l\u016f. M\u00edrn\u011b zak\u0159iven\u00fd okraj se perfektn\u011b hod\u00ed k jednotliv\u00fdm stonk\u016fm nebo mal\u00fdm kytic\u00edm.<\/p>\n<h2><strong>Vlastnosti produktu<\/strong><\/h2>\n<ul>\n<li><strong>Minimalistick\u00fd tvar kapsle:<\/strong> Zak\u0159iven\u00fd tvar kapsle je zcela zaoblen\u00fd a s hladk\u00fdmi a hranat\u00fdmi obrysy je minimalistick\u00fd v modern\u00edm smyslu a z\u00e1rove\u0148 poskytuje jemnou estetiku.<\/li>\n<li><strong>Vysoce pr\u016fhledn\u00e9 bezbarv\u00e9 sklo:<\/strong> Tyto v\u00e1zy jsou vyrobeny z vysoce pr\u016fhledn\u00e9ho skla; jsou zcela bezbarv\u00e9, \u010d\u00edm\u017e vynik\u00e1 kr\u00e1sa kv\u011btin a \u010distota textury v\u00e1zy.<\/li>\n<li><strong>Kombinovan\u00fd design t\u0159\u00ed velikost\u00ed:<\/strong> Tyto v\u00e1zy se dod\u00e1vaj\u00ed ve t\u0159ech r\u016fzn\u00fdch \u00farovn\u00edch, kter\u00e9 lze snadno stohovat a hodit se tak do r\u016fzn\u00fdch prostor a kv\u011btinov\u00fdch aran\u017em\u00e1.<\/li>\n<\/ul>\n<h2>Kl\u00ed\u010dov\u00e9 specifikace<\/h2>\n<table style=\"border-collapse: collapse; margin-left: auto; margin-right: auto; width: 522.02pt;\" border=\"0\" width=\"696\" cellspacing=\"0\" cellpadding=\"0\">\n<tbody>\n<tr style=\"height: 13.50pt;\">\n<td style=\"height: 13.50pt; width: 114.00pt;\" width=\"152\" height=\"18\">Funkce<\/td>\n<td style=\"width: 408.00pt;\" width=\"544\">Specifikace<\/td>\n<\/tr>\n<tr style=\"height: 13.50pt;\">\n<td style=\"height: 13.50pt;\" height=\"18\">Materi\u00e1l<\/td>\n<td>Borosilik\u00e1tov\u00e9 sklo<\/td>\n<\/tr>\n<tr style=\"height: 13.50pt;\">\n<td style=\"height: 13.50pt;\" height=\"18\">Tvar<\/td>\n<td>V\u00e1lcov\u00fd se zak\u0159iven\u00fdm okrajem<\/td>\n<\/tr>\n<tr style=\"height: 13.50pt;\">\n<td style=\"height: 13.50pt;\" height=\"18\">V\u00fd\u0161ky<\/td>\n<td>10 cm, 15 cm, 20 cm<\/td>\n<\/tr>\n<tr style=\"height: 13.50pt;\">\n<td style=\"height: 13.50pt;\" height=\"18\">Pr\u016fm\u011br z\u00e1kladny<\/td>\n<td>9 cm (v\u0161echny velikosti)<\/td>\n<\/tr>\n<tr style=\"height: 13.50pt;\">\n<td style=\"height: 13.50pt;\" height=\"18\">Dokon\u010dit<\/td>\n<td>Hladk\u00fd, pr\u016fhledn\u00fd<\/td>\n<\/tr>\n<tr style=\"height: 13.50pt;\">\n<td style=\"height: 13.50pt;\" height=\"18\">Styl<\/td>\n<td>Minimalistick\u00fd, modern\u00ed<\/td>\n<\/tr>\n<tr style=\"height: 13.50pt;\">\n<td style=\"height: 13.50pt;\" height=\"18\">Nejlep\u0161\u00ed pro<\/td>\n<td>Jednotliv\u00e9 stonky, mal\u00e1 aran\u017em\u00e1, um\u011bl\u00e9 kv\u011btiny, bytov\u00e9 dekorace<\/td>\n<\/tr>\n<\/tbody>\n<\/table>\n<h2>P\u0159\u00edb\u011bh \u00fasp\u011bchu<\/h2>\n<p>Na\u0161i v\u00e1zu si vybrala zn\u00e1m\u00e1 zna\u010dka bytov\u00fdch dekorac\u00ed v Kodani s personalizovan\u00fdm matn\u00fdm ml\u00e9\u010dn\u00fdm povrchem. Produkt zaznamenal ohromn\u00fd \u00fasp\u011bch; klienta zaujal jeho jednoduch\u00fd styl, kter\u00fd vedl k 28% n\u00e1r\u016fstu online konverz\u00ed a 42% n\u00e1r\u016fstu opakovan\u00fdch n\u00e1kup\u016f. Klient byl s t\u00edmto v\u00fdsledkem spokojen, a proto si objednal dal\u0161\u00ed 500 000 pr\u016fhledn\u00fdch v\u00e1z k distribuci po cel\u00e9m sv\u011bt\u011b.<\/p>\n<h2>N\u00e1pady na \u00fapravu sklen\u011bn\u00e9 v\u00e1zy<\/h2>\n<ul>\n<li>P\u0159echodov\u00fd odst\u00edn \u2013 Sv\u011btle modr\u00e1 nebo jantarov\u00e1 u z\u00e1kladny, kter\u00e1 postupn\u011b p\u0159ech\u00e1z\u00ed sm\u011brem nahoru \u2013 dod\u00e1v\u00e1 hloubku bez nepr\u016fhlednosti.<\/li>\n<li>Vzor odoln\u00fd v\u016f\u010di vosku \u2013 Pou\u017eijte spir\u00e1lov\u00fd nebo te\u010dkov\u00fd vzor pro ru\u010dn\u011b vyrobenou texturu, kter\u00e1 st\u00e1le p\u016fsob\u00ed modern\u011b.<\/li>\n<li>Z\u00f3na loga leptan\u00e1 kyselinou \u2013 Vytvo\u0159te na jedn\u00e9 stran\u011b malou matnou plochu pro branding (bez samolepek).<\/li>\n<\/ul>","protected":false},"excerpt":{"rendered":"<p data-pm-slice=\"1 1 []\">Elegantn\u00ed v\u00e1za ve tvaru pupen\u016f z \u010dir\u00e9ho skla, jednoduch\u00fd v\u00e1lcov\u00fd design s hladce zaoblen\u00fdm vrcholem. Modern\u00ed pr\u016fhledn\u00e9 v\u00e1zy ide\u00e1ln\u00ed pro jednotliv\u00e9 stonky nebo na dekoraci stolu. Rychl\u00e9 dod\u00e1n\u00ed.<\/p>","protected":false},"featured_media":2059,"template":"","meta":{"site-sidebar-layout":"default","site-content-layout":"","ast-site-content-layout":"default","site-content-style":"default","site-sidebar-style":"default","ast-global-header-display":"","ast-banner-title-visibility":"","ast-main-header-display":"","ast-hfb-above-header-display":"","ast-hfb-below-header-display":"","ast-hfb-mobile-header-display":"","site-post-title":"","ast-breadcrumbs-content":"","ast-featured-img":"","footer-sml-layout":"","theme-transparent-header-meta":"default","adv-header-id-meta":"","stick-header-meta":"","header-above-stick-meta":"","header-main-stick-meta":"","header-below-stick-meta":"","astra-migrate-meta-layouts":"set","ast-page-background-enabled":"default","ast-page-background-meta":{"desktop":{"background-color":"var(--ast-global-color-5)","background-image":"","background-repeat":"repeat","background-position":"center center","background-size":"auto","background-attachment":"scroll","background-type":"","background-media":"","overlay-type":"","overlay-color":"","overlay-opacity":"","overlay-gradient":""},"tablet":{"background-color":"","background-image":"","background-repeat":"repeat","background-position":"center center","background-size":"auto","background-attachment":"scroll","background-type":"","background-media":"","overlay-type":"","overlay-color":"","overlay-opacity":"","overlay-gradient":""},"mobile":{"background-color":"","background-image":"","background-repeat":"repeat","background-position":"center center","background-size":"auto","background-attachment":"scroll","background-type":"","background-media":"","overlay-type":"","overlay-color":"","overlay-opacity":"","overlay-gradient":""}},"ast-content-background-meta":{"desktop":{"background-color":"var(--ast-global-color-4)","background-image":"","background-repeat":"repeat","background-position":"center center","background-size":"auto","background-attachment":"scroll","background-type":"","background-media":"","overlay-type":"","overlay-color":"","overlay-opacity":"","overlay-gradient":""},"tablet":{"background-color":"var(--ast-global-color-4)","background-image":"","background-repeat":"repeat","background-position":"center center","background-size":"auto","background-attachment":"scroll","background-type":"","background-media":"","overlay-type":"","overlay-color":"","overlay-opacity":"","overlay-gradient":""},"mobile":{"background-color":"var(--ast-global-color-4)","background-image":"","background-repeat":"repeat","background-position":"center center","background-size":"auto","background-attachment":"scroll","background-type":"","background-media":"","overlay-type":"","overlay-color":"","overlay-opacity":"","overlay-gradient":""}}},"product_brand":[],"product_cat":[57,21],"product_tag":[],"class_list":{"0":"post-2037","1":"product","2":"type-product","3":"status-publish","4":"has-post-thumbnail","6":"product_cat-glass-vases","7":"product_cat-product","8":"desktop-align-left","9":"tablet-align-left","10":"mobile-align-left","12":"first","13":"instock","14":"shipping-taxable","15":"product-type-simple"},"jetpack_sharing_enabled":true,"_links":{"self":[{"href":"https:\/\/mostebglass.com\/cs\/wp-json\/wp\/v2\/product\/2037","targetHints":{"allow":["GET"]}}],"collection":[{"href":"https:\/\/mostebglass.com\/cs\/wp-json\/wp\/v2\/product"}],"about":[{"href":"https:\/\/mostebglass.com\/cs\/wp-json\/wp\/v2\/types\/product"}],"wp:featuredmedia":[{"embeddable":true,"href":"https:\/\/mostebglass.com\/cs\/wp-json\/wp\/v2\/media\/2059"}],"wp:attachment":[{"href":"https:\/\/mostebglass.com\/cs\/wp-json\/wp\/v2\/media?parent=2037"}],"wp:term":[{"taxonomy":"product_brand","embeddable":true,"href":"https:\/\/mostebglass.com\/cs\/wp-json\/wp\/v2\/product_brand?post=2037"},{"taxonomy":"product_cat","embeddable":true,"href":"https:\/\/mostebglass.com\/cs\/wp-json\/wp\/v2\/product_cat?post=2037"},{"taxonomy":"product_tag","embeddable":true,"href":"https:\/\/mostebglass.com\/cs\/wp-json\/wp\/v2\/product_tag?post=2037"}],"curies":[{"name":"wp","href":"https:\/\/api.w.org\/{rel}","templated":true}]}}