{"id":2651,"date":"2025-09-24T15:37:17","date_gmt":"2025-09-24T07:37:17","guid":{"rendered":"https:\/\/mostebglass.com\/?post_type=product&#038;p=2651"},"modified":"2026-03-23T15:02:47","modified_gmt":"2026-03-23T07:02:47","slug":"velkoobchodni-nadherne-drevo-a-sklo-vaza-pro-kvetiny","status":"publish","type":"product","link":"https:\/\/mostebglass.com\/cs\/wholesale-exquisite-wood-and-glass-vase-for-flowers\/","title":{"rendered":"Velkoobchodn\u00ed n\u00e1dhern\u00e1 d\u0159ev\u011bn\u00e1 a sklen\u011bn\u00e1 v\u00e1za na kv\u011btiny"},"content":{"rendered":"<p>Design t\u00e9to v\u00e1zy ze d\u0159eva a skla je hladk\u00fd, v\u00e1lcovit\u00fd, t\u011blo je vyrobeno z pr\u016fhledn\u00e9ho skla a d\u0159ev\u011bn\u00e1 z\u00e1kladna je ru\u010dn\u011b vyroben\u00e1, co\u017e j\u00ed dod\u00e1v\u00e1 modern\u00ed n\u00e1dech.<\/p>\n<h2><strong>Vlastnosti produktu<\/strong><\/h2>\n<ul>\n<li><strong>N\u00e1vrh s dvojit\u00fdm obsahem:<\/strong> Kombinace \u010dir\u00e9ho skla s odn\u00edmatelnou tmav\u011b hn\u011bdou d\u0159ev\u011bnou z\u00e1kladnou, sm\u011bs pr\u016fhlednosti skla s d\u0159ev\u011bn\u00fdm teplem pro jedine\u010dn\u00fd styl.<\/li>\n<li><strong>\u010cist\u00e1 v\u00e1lcov\u00e1 silueta:<\/strong> Jeho \u010dist\u00fd, modern\u00ed tvar v\u00e1zy se hod\u00ed jak do modern\u00edch, tak i klasick\u00fdch interi\u00e9r\u016f.<\/li>\n<li><strong>V\u00edce mo\u017enost\u00ed textur:<\/strong> Vyberte si z \u010dir\u00e9ho nebo sn\u011bhov\u011b pl\u00e1\u017eov\u00e9ho skla, kter\u00e9 bude ladit s estetikou va\u0161\u00ed zna\u010dky \u2013 od decentn\u00edho a\u017e po dramatick\u00e9.<\/li>\n<\/ul>\n<h2>Kl\u00ed\u010dov\u00e9 specifikace<\/h2>\n<table style=\"border-collapse: collapse; margin-left: auto; margin-right: auto; width: 498.77pt;\">\n<tbody>\n<tr>\n<td width=\"125\">Funkce<\/td>\n<td width=\"402\">Podrobnosti<\/td>\n<\/tr>\n<tr>\n<td>Tvar<\/td>\n<td>V\u00e1lec<\/td>\n<\/tr>\n<tr>\n<td>Mo\u017enosti v\u00fd\u0161ky<\/td>\n<td>20 cm, 25 cm<\/td>\n<\/tr>\n<tr>\n<td>Pr\u016fm\u011br<\/td>\n<td>10 cm (v\u0161echny modely)<\/td>\n<\/tr>\n<tr>\n<td>Typ skla<\/td>\n<td>\u010cir\u00fd nebo ledovcov\u011b texturovan\u00fd povrch<\/td>\n<\/tr>\n<tr>\n<td>B\u00e1ze<\/td>\n<td>Odn\u00edmateln\u00e9 masivn\u00ed d\u0159evo (tmav\u011b hn\u011bd\u00e9)<\/td>\n<\/tr>\n<tr>\n<td>Materi\u00e1l<\/td>\n<td>Sklo + p\u0159\u00edrodn\u00ed d\u0159evo<\/td>\n<\/tr>\n<tr>\n<td>Nejlep\u0161\u00ed pro<\/td>\n<td>V\u00e1za s pupeny, imitace stonku, dekorativn\u00ed prvek<\/td>\n<\/tr>\n<tr>\n<td>Styl<\/td>\n<td>Modern\u00ed v\u00e1za, minimalistick\u00e1 bytov\u00e1 dekorace<\/td>\n<\/tr>\n<\/tbody>\n<\/table>\n<h2>P\u0159\u00edb\u011bh \u00fasp\u011bchu: Minimalistick\u00e1 v\u00e1lcov\u00e1 sklen\u011bn\u00e1 v\u00e1za<\/h2>\n<p>Jedna ze zna\u010dek modern\u00edch bytov\u00fdch dekorac\u00ed v Severn\u00ed Americe si objednala na\u0161i v\u00e1zu ze d\u0159eva a skla a vyrobila z n\u00ed na zak\u00e1zku ru\u010dn\u011b tepan\u00e9 sklo. Sklo zdoben\u00e9 ru\u010dn\u011b tepanou texturou dodalo v\u00fdrobku nov\u00fd vzhled, co\u017e zv\u00fd\u0161ilo jeho prodej o 35 procent b\u011bhem jednoho m\u011bs\u00edce od uveden\u00ed na trh. Tato pevn\u00e1 z\u00e1kladna minimalizovala m\u00edru rozbit\u00ed b\u011bhem p\u0159epravy a pou\u017e\u00edv\u00e1n\u00ed na m\u00e9n\u011b ne\u017e 0,5 % a poprodejn\u00ed n\u00e1klady zna\u010dky se v\u00fdrazn\u011b sn\u00ed\u017eily. Zna\u010dka tak\u00e9 zadala dal\u0161\u00ed objedn\u00e1vku 400 000 sklen\u011bn\u00fdch v\u00e1z d\u00edky pozitivn\u00ed zp\u011btn\u00e9 vazb\u011b na trhu, aby uspokojila rostouc\u00ed velkoobchodn\u00ed popt\u00e1vku na evropsk\u00e9m trhu s modern\u00edmi bytov\u00fdmi dekoracemi.<\/p>\n<h2>N\u00e1pady na v\u00e1zu na kv\u011btiny<\/h2>\n<ul>\n<li>Vyzkou\u0161ejte kou\u0159ov\u00e9 sklo \u2013 Vym\u011b\u0148te \u010dir\u00e9 sklo za jemn\u00fd \u0161ed\u00fd odst\u00edn pro n\u00e1ladov\u00fd, modern\u00ed vzhled interi\u00e9ru.<\/li>\n<li>Vyryjte vzor laserem \u2013 Jemn\u00e9 geometrick\u00e9 nebo organick\u00e9 tvary na povrchu prom\u011bn\u00ed ka\u017edou sklen\u011bnou v\u00e1zu v um\u011bleck\u00e9 d\u00edlo.<\/li>\n<li>Vlastn\u00ed v\u00fd\u0161ka \u2013 Pro dramatick\u00fd vzhled nat\u00e1hn\u011bte na 30 cm nebo zkra\u0165te na 15 cm pro v\u00e1zu s kv\u011bty, kter\u00e1 se hod\u00ed i na st\u016fl.<\/li>\n<\/ul>\n<p>Tyto n\u00e1doby nejsou jen drobn\u00fdmi vylep\u0161en\u00edmi \u2013 jsou to n\u00e1stroje pro budov\u00e1n\u00ed zna\u010dky. Jedine\u010dn\u00e1 textura nebo styl prom\u011bn\u00ed va\u0161e v\u00e1zy s kv\u011btinami v rozpoznateln\u00fd podpis.<\/p>","protected":false},"excerpt":{"rendered":"<p data-pm-slice=\"1 1 []\">Objevte velkoobchodn\u00ed kolekce d\u0159ev\u011bn\u00fdch a sklen\u011bn\u00fdch v\u00e1z. Stylov\u00e9 v\u00e1zy na kv\u011btiny s odn\u00edmateln\u00fdmi d\u0159ev\u011bn\u00fdmi podstavci, ide\u00e1ln\u00ed pro kv\u011btin\u00e1\u0159stv\u00ed a maloobchodn\u00edky. Vzorky zdarma.<\/p>","protected":false},"featured_media":4873,"template":"","meta":{"site-sidebar-layout":"default","site-content-layout":"","ast-site-content-layout":"default","site-content-style":"default","site-sidebar-style":"default","ast-global-header-display":"","ast-banner-title-visibility":"","ast-main-header-display":"","ast-hfb-above-header-display":"","ast-hfb-below-header-display":"","ast-hfb-mobile-header-display":"","site-post-title":"","ast-breadcrumbs-content":"","ast-featured-img":"","footer-sml-layout":"","theme-transparent-header-meta":"default","adv-header-id-meta":"","stick-header-meta":"","header-above-stick-meta":"","header-main-stick-meta":"","header-below-stick-meta":"","astra-migrate-meta-layouts":"set","ast-page-background-enabled":"default","ast-page-background-meta":{"desktop":{"background-color":"var(--ast-global-color-5)","background-image":"","background-repeat":"repeat","background-position":"center center","background-size":"auto","background-attachment":"scroll","background-type":"","background-media":"","overlay-type":"","overlay-color":"","overlay-opacity":"","overlay-gradient":""},"tablet":{"background-color":"","background-image":"","background-repeat":"repeat","background-position":"center center","background-size":"auto","background-attachment":"scroll","background-type":"","background-media":"","overlay-type":"","overlay-color":"","overlay-opacity":"","overlay-gradient":""},"mobile":{"background-color":"","background-image":"","background-repeat":"repeat","background-position":"center center","background-size":"auto","background-attachment":"scroll","background-type":"","background-media":"","overlay-type":"","overlay-color":"","overlay-opacity":"","overlay-gradient":""}},"ast-content-background-meta":{"desktop":{"background-color":"var(--ast-global-color-4)","background-image":"","background-repeat":"repeat","background-position":"center center","background-size":"auto","background-attachment":"scroll","background-type":"","background-media":"","overlay-type":"","overlay-color":"","overlay-opacity":"","overlay-gradient":""},"tablet":{"background-color":"var(--ast-global-color-4)","background-image":"","background-repeat":"repeat","background-position":"center center","background-size":"auto","background-attachment":"scroll","background-type":"","background-media":"","overlay-type":"","overlay-color":"","overlay-opacity":"","overlay-gradient":""},"mobile":{"background-color":"var(--ast-global-color-4)","background-image":"","background-repeat":"repeat","background-position":"center center","background-size":"auto","background-attachment":"scroll","background-type":"","background-media":"","overlay-type":"","overlay-color":"","overlay-opacity":"","overlay-gradient":""}}},"product_brand":[],"product_cat":[57,21],"product_tag":[],"class_list":{"0":"post-2651","1":"product","2":"type-product","3":"status-publish","4":"has-post-thumbnail","6":"product_cat-glass-vases","7":"product_cat-product","8":"desktop-align-left","9":"tablet-align-left","10":"mobile-align-left","12":"first","13":"instock","14":"shipping-taxable","15":"product-type-simple"},"jetpack_sharing_enabled":true,"_links":{"self":[{"href":"https:\/\/mostebglass.com\/cs\/wp-json\/wp\/v2\/product\/2651","targetHints":{"allow":["GET"]}}],"collection":[{"href":"https:\/\/mostebglass.com\/cs\/wp-json\/wp\/v2\/product"}],"about":[{"href":"https:\/\/mostebglass.com\/cs\/wp-json\/wp\/v2\/types\/product"}],"wp:featuredmedia":[{"embeddable":true,"href":"https:\/\/mostebglass.com\/cs\/wp-json\/wp\/v2\/media\/4873"}],"wp:attachment":[{"href":"https:\/\/mostebglass.com\/cs\/wp-json\/wp\/v2\/media?parent=2651"}],"wp:term":[{"taxonomy":"product_brand","embeddable":true,"href":"https:\/\/mostebglass.com\/cs\/wp-json\/wp\/v2\/product_brand?post=2651"},{"taxonomy":"product_cat","embeddable":true,"href":"https:\/\/mostebglass.com\/cs\/wp-json\/wp\/v2\/product_cat?post=2651"},{"taxonomy":"product_tag","embeddable":true,"href":"https:\/\/mostebglass.com\/cs\/wp-json\/wp\/v2\/product_tag?post=2651"}],"curies":[{"name":"wp","href":"https:\/\/api.w.org\/{rel}","templated":true}]}}