{"id":2693,"date":"2025-09-24T17:34:08","date_gmt":"2025-09-24T09:34:08","guid":{"rendered":"https:\/\/mostebglass.com\/?post_type=product&#038;p=2693"},"modified":"2026-03-20T14:18:47","modified_gmt":"2026-03-20T06:18:47","slug":"velkoobchod-vintage-zelena-rostlina-vaza-pro-dekoraci","status":"publish","type":"product","link":"https:\/\/mostebglass.com\/cs\/wholesale-vintage-green-plant-vase-for-decoration\/","title":{"rendered":"Vintage zelen\u00e1 v\u00e1za na rostliny pro dom\u00e1c\u00ed dekoraci stolu velkoobchod"},"content":{"rendered":"<p>Tyto zelen\u00e9 v\u00e1zy na rostliny jsou vyrobeny ze sv\u011b\u017e\u00edho a \u010dir\u00e9ho sv\u011btle zelen\u00e9ho skla, zdoben\u00e9ho elegantn\u00edmi vertik\u00e1ln\u00edmi texturami a jemn\u00fdmi v\u011bj\u00ed\u0159ovit\u00fdmi \u00fast\u00edmi, a dod\u00e1vaj\u00ed se ve t\u0159ech r\u016fzn\u00fdch stylech.<\/p>\n<h2>Vlastnosti produktu<\/h2>\n<ul>\n<li><strong>Vlnit\u00fd krajkov\u00fd v\u00fdst\u0159ih:<\/strong> Hrdlo lahve m\u00e1 vlnit\u00fd krajkov\u00fd vzor, \u200b\u200bco\u017e je funk\u010dn\u00ed kombinace retro stylu a ornament\u00e1ln\u00ed funk\u010dnosti.<\/li>\n<li><strong>Vertik\u00e1ln\u00ed \u017eebrovan\u00fd fasetov\u00fd design:<\/strong> T\u011blo lahve je opat\u0159eno vertik\u00e1ln\u011b \u017eebrovan\u00fdm fazetov\u00fdm designem, kter\u00fd dod\u00e1v\u00e1 dojem sv\u011btla a st\u00ednu a vizu\u00e1ln\u00ed textury.<\/li>\n<li><strong>Adaptace zelen\u00e9 v\u00e1zy: <\/strong>Pro v\u00fdzdobu domu inspirovan\u00e9ho \u0161alv\u011bj\u00ed zvolte zelenou \u2013 va\u0161e v\u00e1za se stane hrdinou va\u0161\u00ed kr\u00e1sy.<\/li>\n<\/ul>\n<h2><strong data-spm-anchor-id=\"5176.28103460.0.i17.29ab2e31jMt8zf\">Kl\u00ed\u010dov\u00e9 specifikace <\/strong><\/h2>\n<table style=\"border-collapse: collapse; width: 80%; margin-left: auto; margin-right: auto;\" border=\"0\" width=\"356\" cellspacing=\"0\" cellpadding=\"0\">\n<tbody>\n<tr style=\"height: 13.50pt;\">\n<td style=\"height: 13.5pt; width: 82.5pt; text-align: center;\" width=\"110\" height=\"18\">Tvar<\/td>\n<td style=\"width: 62.25pt; text-align: center;\" width=\"83\">Velikost (mm)<\/td>\n<td style=\"width: 122.25pt; text-align: center;\" width=\"163\">Mo\u017enosti barev<\/td>\n<\/tr>\n<tr style=\"height: 13.50pt;\">\n<td style=\"height: 13.5pt; text-align: center;\" height=\"18\">tlust\u00fd s vroubkovan\u00fdm krkem<\/td>\n<td style=\"text-align: center;\">76x85x60<\/td>\n<td class=\"et2\" style=\"text-align: center;\" rowspan=\"3\">\u010cir\u00e1, modr\u00e1, zelen\u00e1 nebo vlastn\u00ed<\/td>\n<\/tr>\n<tr style=\"height: 13.50pt;\">\n<td style=\"height: 13.5pt; text-align: center;\" height=\"18\">St\u0159edn\u00ed s mu\u0161lov\u00fdm krkem<\/td>\n<td style=\"text-align: center;\">61x135x50<\/td>\n<\/tr>\n<tr style=\"height: 13.50pt;\">\n<td style=\"height: 13.5pt; text-align: center;\" height=\"18\">Vysok\u00fd s mu\u0161lovit\u00fdm krkem<\/td>\n<td style=\"text-align: center;\">74x150x60<\/td>\n<\/tr>\n<\/tbody>\n<\/table>\n<h2>P\u0159\u00edpad \u00fasp\u011bchu<\/h2>\n<p>Jedna z australsk\u00fdch zna\u010dek v\u016fn\u00ed si vybrala n\u00e1\u0161 nov\u011b navr\u017een\u00fd tvar difuz\u00e9ru a vytvo\u0159ila s lahv\u00ed vlastn\u00ed kolekci orient\u00e1ln\u00edch v\u016fn\u00ed. Reli\u00e9fn\u00ed vzory na lahvi byly d\u00e1le zv\u00fdrazn\u011bny a pro dosa\u017een\u00ed vizu\u00e1ln\u00ed hloubky produktu byl pou\u017eit speci\u00e1ln\u00ed polopr\u016fhledn\u00fd matn\u00fd povrch. V kombinaci s matn\u011b \u010dern\u00fdm hlin\u00edkov\u00fdm v\u00edkem a speci\u00e1ln\u00edmi 3,5mm ratanov\u00fdmi pl\u00e1tky (navr\u017een\u00fdmi pro rovnom\u011brn\u00e9 rozptylov\u00e1n\u00ed) bylo dosa\u017eeno dokonal\u00e9 rovnov\u00e1hy mezi um\u011bleck\u00fdm vyj\u00e1d\u0159en\u00edm a funk\u010dn\u00edm vyu\u017eit\u00edm.<\/p>\n<p>Prodej t\u00e9to kolekce se b\u011bhem pouh\u00fdch t\u0159\u00ed m\u011bs\u00edc\u016f od jej\u00edho uveden\u00ed na trh zv\u00fd\u0161il p\u0159ibli\u017en\u011b o 47 kus\u016f. Nav\u00edc zna\u010dka ve druh\u00e9m \u010dtvrtlet\u00ed provedla dv\u011b hromadn\u00e9 objedn\u00e1vky, \u010d\u00edm\u017e se tato \u0159ada stala jedn\u00edm z jej\u00edch nejprod\u00e1van\u011bj\u0161\u00edch vlajkov\u00fdch produkt\u016f.<\/p>\n<h2>V\u00e1\u0161 n\u00e1vod na \u00fapravy<\/h2>\n<ol>\n<li><strong>Barevn\u00e1 kouzla s p\u00e1rov\u00e1n\u00edm: <\/strong>Vym\u011b\u0148te modrou za zelenou, aby ladila s va\u0161\u00ed zna\u010dkou \u2013 \u017e\u00e1dn\u00e9 dal\u0161\u00ed n\u00e1klady p\u0159i n\u00e1kupu ve velk\u00e9m. P\u0159\u00edklad: Svatebn\u00ed sada \u201eForest Bloom\u201c SEZ se zelen\u00fdmi v\u00e1zami.<\/li>\n<li><strong>P\u0159\u00edb\u011bh zna\u010dky s laserov\u00fdm tetrag\u00e9dem: <\/strong>P\u0159idejte sv\u00e9 logo nebo slogan zalo\u017een\u00fd na v\u00e1ze s rostlinami. Eco-boires to sd\u00edlejte na Instagramu - marketing bez probl\u00e9m\u016f.<\/li>\n<\/ol>","protected":false},"excerpt":{"rendered":"<p>Pozvedn\u011bte bytovou dekoraci sadou v\u00e1z na rostliny a zelen\u00fdch v\u00e1z. Sklo na zak\u00e1zku, kv\u011btinov\u00e1 textura. Velkoobchodn\u00ed prodej. Ide\u00e1ln\u00ed na svatby, stoly. Rychl\u00e9 dod\u00e1n\u00ed.<\/p>","protected":false},"featured_media":4548,"template":"","meta":{"site-sidebar-layout":"default","site-content-layout":"","ast-site-content-layout":"default","site-content-style":"default","site-sidebar-style":"default","ast-global-header-display":"","ast-banner-title-visibility":"","ast-main-header-display":"","ast-hfb-above-header-display":"","ast-hfb-below-header-display":"","ast-hfb-mobile-header-display":"","site-post-title":"","ast-breadcrumbs-content":"","ast-featured-img":"","footer-sml-layout":"","theme-transparent-header-meta":"default","adv-header-id-meta":"","stick-header-meta":"","header-above-stick-meta":"","header-main-stick-meta":"","header-below-stick-meta":"","astra-migrate-meta-layouts":"set","ast-page-background-enabled":"default","ast-page-background-meta":{"desktop":{"background-color":"var(--ast-global-color-5)","background-image":"","background-repeat":"repeat","background-position":"center center","background-size":"auto","background-attachment":"scroll","background-type":"","background-media":"","overlay-type":"","overlay-color":"","overlay-opacity":"","overlay-gradient":""},"tablet":{"background-color":"","background-image":"","background-repeat":"repeat","background-position":"center center","background-size":"auto","background-attachment":"scroll","background-type":"","background-media":"","overlay-type":"","overlay-color":"","overlay-opacity":"","overlay-gradient":""},"mobile":{"background-color":"","background-image":"","background-repeat":"repeat","background-position":"center center","background-size":"auto","background-attachment":"scroll","background-type":"","background-media":"","overlay-type":"","overlay-color":"","overlay-opacity":"","overlay-gradient":""}},"ast-content-background-meta":{"desktop":{"background-color":"var(--ast-global-color-4)","background-image":"","background-repeat":"repeat","background-position":"center center","background-size":"auto","background-attachment":"scroll","background-type":"","background-media":"","overlay-type":"","overlay-color":"","overlay-opacity":"","overlay-gradient":""},"tablet":{"background-color":"var(--ast-global-color-4)","background-image":"","background-repeat":"repeat","background-position":"center center","background-size":"auto","background-attachment":"scroll","background-type":"","background-media":"","overlay-type":"","overlay-color":"","overlay-opacity":"","overlay-gradient":""},"mobile":{"background-color":"var(--ast-global-color-4)","background-image":"","background-repeat":"repeat","background-position":"center center","background-size":"auto","background-attachment":"scroll","background-type":"","background-media":"","overlay-type":"","overlay-color":"","overlay-opacity":"","overlay-gradient":""}}},"product_brand":[],"product_cat":[21,57],"product_tag":[],"class_list":{"0":"post-2693","1":"product","2":"type-product","3":"status-publish","4":"has-post-thumbnail","6":"product_cat-product","7":"product_cat-glass-vases","8":"desktop-align-left","9":"tablet-align-left","10":"mobile-align-left","12":"first","13":"instock","14":"shipping-taxable","15":"product-type-simple"},"jetpack_sharing_enabled":true,"_links":{"self":[{"href":"https:\/\/mostebglass.com\/cs\/wp-json\/wp\/v2\/product\/2693","targetHints":{"allow":["GET"]}}],"collection":[{"href":"https:\/\/mostebglass.com\/cs\/wp-json\/wp\/v2\/product"}],"about":[{"href":"https:\/\/mostebglass.com\/cs\/wp-json\/wp\/v2\/types\/product"}],"wp:featuredmedia":[{"embeddable":true,"href":"https:\/\/mostebglass.com\/cs\/wp-json\/wp\/v2\/media\/4548"}],"wp:attachment":[{"href":"https:\/\/mostebglass.com\/cs\/wp-json\/wp\/v2\/media?parent=2693"}],"wp:term":[{"taxonomy":"product_brand","embeddable":true,"href":"https:\/\/mostebglass.com\/cs\/wp-json\/wp\/v2\/product_brand?post=2693"},{"taxonomy":"product_cat","embeddable":true,"href":"https:\/\/mostebglass.com\/cs\/wp-json\/wp\/v2\/product_cat?post=2693"},{"taxonomy":"product_tag","embeddable":true,"href":"https:\/\/mostebglass.com\/cs\/wp-json\/wp\/v2\/product_tag?post=2693"}],"curies":[{"name":"wp","href":"https:\/\/api.w.org\/{rel}","templated":true}]}}