{"id":2718,"date":"2025-09-25T09:17:05","date_gmt":"2025-09-25T01:17:05","guid":{"rendered":"https:\/\/mostebglass.com\/?post_type=product&#038;p=2718"},"modified":"2026-03-23T13:29:33","modified_gmt":"2026-03-23T05:29:33","slug":"gradient-glass-vase-set-in-different-shape-bulk","status":"publish","type":"product","link":"https:\/\/mostebglass.com\/cs\/gradient-glass-vase-set-in-different-shape-bulk\/","title":{"rendered":"Sada v\u00e1z s gradientn\u00edm sklem v r\u016fzn\u00fdch tvarech"},"content":{"rendered":"<p>Tato p\u011btid\u00edln\u00e1 kolekce v\u00e1z m\u00e1 sklen\u011bn\u00e9 sady s p\u0159echodem od modr\u00e9 po \u017elutou, jsou k dispozici v r\u016fzn\u00fdch tvarech a zdobeny jemn\u00fdmi texturami, v\u010detn\u011b reli\u00e9fn\u00edch kv\u011btinov\u00fdch vzor\u016f, diamantov\u00fdch v\u00fdbrus\u016f, ale i \u017eebrovan\u00fdch a spir\u00e1lov\u00fdch vzor\u016f, p\u0159i\u010dem\u017e ka\u017ed\u00fd z nich vykazuje svou jedine\u010dnou kr\u00e1su.<\/p>\n<h2><strong>Vlastnosti produktu<\/strong><\/h2>\n<ul>\n<li><strong>R\u016fznorod\u00e9 tvary<\/strong>T\u011bchto 5 sklen\u011bn\u00fdch v\u00e1z m\u00e1 r\u016fzn\u00e9 tvary, v\u010detn\u011b \u0161t\u00edhl\u00fdch, spir\u00e1lov\u00fdch atd., kter\u00e9 lze p\u0159izp\u016fsobit r\u016fzn\u00fdm tvar\u016fm kv\u011btin a dekora\u010dn\u00edm sc\u00e9n\u00e1m.<\/li>\n<li><strong>Barevn\u00fd p\u0159echod<\/strong>Modro\u017elut\u00e1 gradientn\u00ed barevn\u00e1 kombinace je sv\u011b\u017e\u00ed a vrstven\u00e1, co\u017e dod\u00e1v\u00e1 kv\u011btinov\u00e9mu aran\u017em\u00e1 vizu\u00e1ln\u00ed kr\u00e1su.<\/li>\n<li><strong>Bohat\u00e1 textura povrchu<\/strong>Diamantov\u00e9, spir\u00e1lov\u00e9, \u017eebrovan\u00e9 a kv\u011btinov\u00e9 texturovan\u00e9 detaily dod\u00e1vaj\u00ed ka\u017ed\u00e9 sklen\u011bn\u00e9 v\u00e1ze pocit ru\u010dn\u011b vyroben\u00e9ho v\u00fdrobku.<\/li>\n<\/ul>\n<h2>Kl\u00ed\u010dov\u00e9 specifikace<\/h2>\n<table style=\"border-collapse: collapse; margin-left: auto; margin-right: auto; width: 468.77pt;\" border=\"0\" width=\"625\" cellspacing=\"0\" cellpadding=\"0\">\n<tbody>\n<tr style=\"height: 13.50pt;\">\n<td style=\"height: 13.5pt; width: 105pt; text-align: center;\" width=\"140\" height=\"18\">Funkce<\/td>\n<td style=\"width: 363.75pt; text-align: center;\" width=\"485\">Podrobnosti<\/td>\n<\/tr>\n<tr style=\"height: 13.50pt;\">\n<td style=\"height: 13.5pt; text-align: center;\" height=\"18\">Velikost sady<\/td>\n<td style=\"text-align: center;\">5 kus\u016f<\/td>\n<\/tr>\n<tr style=\"height: 13.50pt;\">\n<td style=\"height: 13.5pt; text-align: center;\" height=\"18\">Materi\u00e1l<\/td>\n<td style=\"text-align: center;\">Sodnov\u00e1penat\u00e9 sklo<\/td>\n<\/tr>\n<tr style=\"height: 13.50pt;\">\n<td style=\"height: 13.5pt; text-align: center;\" height=\"18\">Barva<\/td>\n<td style=\"text-align: center;\">Modro\u017elut\u00fd p\u0159echod (p\u0159izp\u016fsobiteln\u00fd)<\/td>\n<\/tr>\n<tr style=\"height: 13.50pt;\">\n<td style=\"height: 13.5pt; text-align: center;\" height=\"18\">Rozmanitost designu<\/td>\n<td style=\"text-align: center;\">Vysok\u00e1, \u00fazk\u00e1, spir\u00e1lov\u00e1, \u017eebrovan\u00e1, roz\u0161\u00ed\u0159en\u00e1, texturovan\u00e1<\/td>\n<\/tr>\n<tr style=\"height: 13.50pt;\">\n<td style=\"height: 13.5pt; text-align: center;\" height=\"18\">Detaily povrchu<\/td>\n<td style=\"text-align: center;\">Diamantov\u00fd vzor, \u200b\u200bspir\u00e1lov\u00e1 dr\u00e1\u017eka, kv\u011btinov\u00fd reli\u00e9f<\/td>\n<\/tr>\n<tr style=\"height: 13.50pt;\">\n<td style=\"height: 13.5pt; text-align: center;\" height=\"18\">Nejlep\u0161\u00ed pro<\/td>\n<td style=\"text-align: center;\">V\u00e1za s pupenem, kv\u011btinov\u00e1 v\u00e1za, um\u011bl\u00e1 stonka, kv\u011btin\u00e1\u010d<\/td>\n<\/tr>\n<tr style=\"height: 13.50pt;\">\n<td style=\"height: 13.5pt; text-align: center;\" height=\"18\">Styl<\/td>\n<td style=\"text-align: center;\">Modern\u00ed v\u00e1za, elegantn\u00ed dekorativn\u00ed v\u00e1zy<\/td>\n<\/tr>\n<\/tbody>\n<\/table>\n<h2>P\u0159\u00edb\u011bh \u00fasp\u011bchu<\/h2>\n<p>Na\u0161i kolekci mal\u00fdch stoln\u00edch v\u00e1z vybrala italsk\u00e1 zna\u010dka bytov\u00fdch dekorac\u00ed. Jeliko\u017e jejich specifick\u00fdm po\u017eadavkem bylo, aby dekorace byly vizu\u00e1ln\u011b p\u016fsobiv\u00e9, pou\u017eili jsme diferencovanou strategii personalizace: k r\u016fzn\u00fdm textur\u00e1m (diamantov\u00e1 ra\u017eba, svisl\u00e9 pruhy a vlnky) jsme p\u0159idali v\u00edce lesku povrch\u016f, aby cel\u00e1 sada produkt\u016f mohla m\u00edt r\u016fzn\u00e9 vrstvy odrazu sv\u011btla pod sv\u011btlem. Nav\u00edc jsme standardizovali otvory v\u00e1z na v\u011bt\u0161\u00ed rozm\u011bry, kter\u00e9 l\u00e9pe odpov\u00eddaj\u00ed um\u00edst\u011bn\u00ed jednotliv\u00fdch stonk\u016f nebo aran\u017em\u00e1 ze such\u00fdch kv\u011btin. Nakonec jsme vytvo\u0159ili zak\u00e1zkov\u00e9 d\u00e1rkov\u00e9 balen\u00ed, kter\u00e9 esteticky p\u0159ipom\u00ednalo vzhled samotn\u00fdch v\u00e1z, a t\u00edm p\u00e1dem bylo v souladu s celkov\u00fdm vzhledem zna\u010dky.<\/p>\n<p>S jej\u00edm uveden\u00edm na trh se prodej t\u00e9to s\u00e9rie v prvn\u00edm \u010dtvrtlet\u00ed zv\u00fd\u0161il p\u0159ibli\u017en\u011b o 58 procent. Ve druh\u00e9m \u010dtvrtlet\u00ed zna\u010dka hromadn\u011b objedn\u00e1vala celou sadu, co\u017e z n\u00ed u\u010dinilo jeden z vlajkov\u00fdch produkt\u016f v jej\u00edch v\u00fdloh\u00e1ch.<\/p>\n<h2>P\u0159izp\u016fsobte si sadu sklen\u011bn\u00fdch v\u00e1z<\/h2>\n<ul>\n<li>Laserem vyryt\u00fd charakteristick\u00fd motiv \u2013 mal\u00fd list, slunce nebo abstraktn\u00ed tvar pobl\u00ed\u017e z\u00e1kladny \u2013 viditeln\u00fd pouze zbl\u00edzka.<\/li>\n<li>Texturovan\u00fd krk \u2013 Dr\u00e1\u017ekovan\u00fd nebo vroubkovan\u00fd okraj dod\u00e1v\u00e1 hmatov\u00fd luxus a skryje otisky prst\u016f.<\/li>\n<li>Lehce zabarvte \u010dir\u00e9 sklo \u2013 I \u201e\u010dir\u00e9\u201c verze mohou m\u00edt n\u00e1znak tepla nebo chladu pro jemnou rozmanitost.<\/li>\n<\/ul>\n<p>Nejde jen o kosmetick\u00e9 zm\u011bny. Prom\u011bn\u00ed kr\u00e1snou sklen\u011bnou v\u00e1zu v charakteristick\u00fd produkt.<\/p>","protected":false},"excerpt":{"rendered":"<p data-pm-slice=\"1 1 []\">Velkoobchodn\u00ed sada v\u00e1zy s pupeny a sklen\u011bn\u00e9 v\u00e1zy s reli\u00e9fn\u00edmi detaily a elegantn\u00edmi tvary. Reli\u00e9fn\u00ed a spir\u00e1lov\u00e9 textury dod\u00e1vaj\u00ed vintage kouzlo. K dispozici jsou vzorky zdarma.<\/p>","protected":false},"featured_media":2741,"template":"","meta":{"site-sidebar-layout":"default","site-content-layout":"","ast-site-content-layout":"default","site-content-style":"default","site-sidebar-style":"default","ast-global-header-display":"","ast-banner-title-visibility":"","ast-main-header-display":"","ast-hfb-above-header-display":"","ast-hfb-below-header-display":"","ast-hfb-mobile-header-display":"","site-post-title":"","ast-breadcrumbs-content":"","ast-featured-img":"","footer-sml-layout":"","theme-transparent-header-meta":"default","adv-header-id-meta":"","stick-header-meta":"","header-above-stick-meta":"","header-main-stick-meta":"","header-below-stick-meta":"","astra-migrate-meta-layouts":"set","ast-page-background-enabled":"default","ast-page-background-meta":{"desktop":{"background-color":"var(--ast-global-color-5)","background-image":"","background-repeat":"repeat","background-position":"center center","background-size":"auto","background-attachment":"scroll","background-type":"","background-media":"","overlay-type":"","overlay-color":"","overlay-opacity":"","overlay-gradient":""},"tablet":{"background-color":"","background-image":"","background-repeat":"repeat","background-position":"center center","background-size":"auto","background-attachment":"scroll","background-type":"","background-media":"","overlay-type":"","overlay-color":"","overlay-opacity":"","overlay-gradient":""},"mobile":{"background-color":"","background-image":"","background-repeat":"repeat","background-position":"center center","background-size":"auto","background-attachment":"scroll","background-type":"","background-media":"","overlay-type":"","overlay-color":"","overlay-opacity":"","overlay-gradient":""}},"ast-content-background-meta":{"desktop":{"background-color":"var(--ast-global-color-4)","background-image":"","background-repeat":"repeat","background-position":"center center","background-size":"auto","background-attachment":"scroll","background-type":"","background-media":"","overlay-type":"","overlay-color":"","overlay-opacity":"","overlay-gradient":""},"tablet":{"background-color":"var(--ast-global-color-4)","background-image":"","background-repeat":"repeat","background-position":"center center","background-size":"auto","background-attachment":"scroll","background-type":"","background-media":"","overlay-type":"","overlay-color":"","overlay-opacity":"","overlay-gradient":""},"mobile":{"background-color":"var(--ast-global-color-4)","background-image":"","background-repeat":"repeat","background-position":"center center","background-size":"auto","background-attachment":"scroll","background-type":"","background-media":"","overlay-type":"","overlay-color":"","overlay-opacity":"","overlay-gradient":""}}},"product_brand":[],"product_cat":[57,21],"product_tag":[],"class_list":{"0":"post-2718","1":"product","2":"type-product","3":"status-publish","4":"has-post-thumbnail","6":"product_cat-glass-vases","7":"product_cat-product","8":"desktop-align-left","9":"tablet-align-left","10":"mobile-align-left","12":"first","13":"instock","14":"shipping-taxable","15":"product-type-simple"},"jetpack_sharing_enabled":true,"_links":{"self":[{"href":"https:\/\/mostebglass.com\/cs\/wp-json\/wp\/v2\/product\/2718","targetHints":{"allow":["GET"]}}],"collection":[{"href":"https:\/\/mostebglass.com\/cs\/wp-json\/wp\/v2\/product"}],"about":[{"href":"https:\/\/mostebglass.com\/cs\/wp-json\/wp\/v2\/types\/product"}],"wp:featuredmedia":[{"embeddable":true,"href":"https:\/\/mostebglass.com\/cs\/wp-json\/wp\/v2\/media\/2741"}],"wp:attachment":[{"href":"https:\/\/mostebglass.com\/cs\/wp-json\/wp\/v2\/media?parent=2718"}],"wp:term":[{"taxonomy":"product_brand","embeddable":true,"href":"https:\/\/mostebglass.com\/cs\/wp-json\/wp\/v2\/product_brand?post=2718"},{"taxonomy":"product_cat","embeddable":true,"href":"https:\/\/mostebglass.com\/cs\/wp-json\/wp\/v2\/product_cat?post=2718"},{"taxonomy":"product_tag","embeddable":true,"href":"https:\/\/mostebglass.com\/cs\/wp-json\/wp\/v2\/product_tag?post=2718"}],"curies":[{"name":"wp","href":"https:\/\/api.w.org\/{rel}","templated":true}]}}