{"id":2750,"date":"2025-09-25T17:13:49","date_gmt":"2025-09-25T09:13:49","guid":{"rendered":"https:\/\/mostebglass.com\/?post_type=product&#038;p=2750"},"modified":"2025-09-25T17:13:52","modified_gmt":"2025-09-25T09:13:52","slug":"vintage-cameo-vitraze-vazy-na-poupata-volne-lozene","status":"publish","type":"product","link":"https:\/\/mostebglass.com\/cs\/vintage-cameo-stained-glass-bud-vases-bulk\/","title":{"rendered":"Vintage v\u00e1zy s vitr\u00e1\u017e\u00ed a kamej\u00ed pro kv\u011btinov\u00e9 aran\u017em\u00e1"},"content":{"rendered":"<p>U\u017e v\u00e1s nebav\u00ed mal\u00e9 v\u00e1zy na kv\u011btiny, kter\u00e9 v\u00e1s zklamou? Vyr\u00e1b\u00edme v\u00e1zy s poup\u011bmi ve velk\u00e9m z \u010dir\u00e9ho skla s kv\u011btinov\u00fdmi texturami \u2013 \u017e\u00e1dn\u00e9 um\u011bl\u00e9 stonky nejsou pot\u0159eba. Tyto modern\u00ed v\u00e1zy prom\u011bn\u00ed um\u011bl\u00e9 stonky v rozkvetl\u00e9 okam\u017eiky. P\u0159i hromadn\u00fdch objedn\u00e1vk\u00e1ch z\u00edsk\u00e1te mo\u017enosti vlastn\u00edho barevn\u00e9ho proveden\u00ed \u2013 va\u0161e sada v\u00e1z se stane hrdinou.<\/p>\n<h2>Vlastnosti produktu<\/h2>\n<p><strong>Elegance kv\u011btinov\u00e9 textury<\/strong><\/p>\n<p>Ru\u010dn\u011b lisovan\u00e9 kv\u011btinov\u00e9 vzory na \u010dir\u00e9m skle p\u016fsob\u00ed dojmem ru\u010dn\u011b vyroben\u00e9 v\u00e1zy, nikoli masov\u00e9 v\u00fdroby.<\/p>\n<p><strong>Dokonal\u00e1 v\u00e1za s pupeny<\/strong><\/p>\n<p>V\u00e1zy s pupeny se snadno vejdou na jednotliv\u00e9 kv\u011btinov\u00e9 stonky nebo na ne\u010dist\u00e9 stonky \u2013 ide\u00e1ln\u00ed pro dom\u00e1c\u00ed dekoraci na st\u016fl nebo st\u016fl.<\/p>\n<p><strong>Barevn\u00e1 harmonie na m\u00edru<\/strong><\/p>\n<p>Vyberte si modrou, zelenou, hn\u011bdou nebo pr\u016fhlednou \u2013 va\u0161e v\u00e1za odpov\u00edd\u00e1 n\u00e1lad\u011b va\u0161\u00ed zna\u010dky, a to nejen v dan\u00e9m ro\u010dn\u00edm obdob\u00ed.<\/p>\n<h2><strong data-spm-anchor-id=\"5176.28103460.0.i14.29ab2e314T5xkY\">Kl\u00ed\u010dov\u00e9 specifikace<\/strong><\/h2>\n<table style=\"border-collapse: collapse; width: 80%; margin-left: auto; margin-right: auto;\" border=\"0\" width=\"288\" cellspacing=\"0\" cellpadding=\"0\">\n<tbody>\n<tr style=\"height: 13.50pt;\">\n<td style=\"height: 13.5pt; width: 54pt; text-align: center;\" width=\"72\" height=\"18\">Styl<\/td>\n<td style=\"width: 54pt; text-align: center;\" width=\"72\">Velikost (mm)<\/td>\n<td style=\"width: 54pt; text-align: center;\" width=\"72\">Materi\u00e1l<\/td>\n<td style=\"width: 54pt; text-align: center;\" width=\"72\">Mo\u017enosti barev<\/td>\n<\/tr>\n<tr style=\"height: 13.50pt;\">\n<td style=\"height: 13.5pt; text-align: center;\" height=\"18\">Reli\u00e9fn\u00ed vzor<\/td>\n<td style=\"text-align: center;\">68 x 127 x 33<\/td>\n<td style=\"text-align: center;\">Sklo<\/td>\n<td style=\"text-align: center;\">\u010cir\u00e1, Modr\u00e1, Zelen\u00e1, Hn\u011bd\u00e1<\/td>\n<\/tr>\n<\/tbody>\n<\/table>\n<h3>N\u00e1vrhy na m\u00edru<\/h3>\n<ol>\n<li><strong>Sez\u00f3nn\u00ed barevn\u00e9 kap\u00e1tka:<\/strong>Modrob\u00edl\u00e1 v\u00e1za je k dispozici ve velk\u00e9m na jaro a \u0161edozelen\u00e1 v\u00e1za je k dispozici ve velk\u00e9m na l\u00e9to \u2013 za objedn\u00e1vku na m\u00edru se neplat\u00ed \u017e\u00e1dn\u00fd p\u0159\u00edplatek.<\/li>\n<li><strong>Reli\u00e9fn\u00ed design:<\/strong>Tato mal\u00e1 v\u00e1za m\u00e1 jedine\u010dn\u00fd vintage reli\u00e9fn\u00ed vzor a je ide\u00e1ln\u00ed pro aran\u017em\u00e1 kv\u011btin nebo jako dekorativn\u00ed prvek v ob\u00fdvac\u00edm pokoji, u j\u00eddeln\u00edho stolu a pracoven.<\/li>\n<\/ol>\n<p>&nbsp;<\/p>","protected":false},"excerpt":{"rendered":"<p>V\u00e1zy s pupeny ve velk\u00e9m a mal\u00e9 v\u00e1zy na kv\u011btiny. Sklo na zak\u00e1zku, kv\u011btinov\u00e1 textura. Ide\u00e1ln\u00ed pro bytov\u00e9 dekorace, svatby. Velkoobchodn\u00ed ceny. Pozvedn\u011bte sv\u00e9 aran\u017em\u00e1 je\u0161t\u011b dnes!<\/p>","protected":false},"featured_media":2756,"template":"","meta":{"site-sidebar-layout":"default","site-content-layout":"","ast-site-content-layout":"default","site-content-style":"default","site-sidebar-style":"default","ast-global-header-display":"","ast-banner-title-visibility":"","ast-main-header-display":"","ast-hfb-above-header-display":"","ast-hfb-below-header-display":"","ast-hfb-mobile-header-display":"","site-post-title":"","ast-breadcrumbs-content":"","ast-featured-img":"","footer-sml-layout":"","theme-transparent-header-meta":"default","adv-header-id-meta":"","stick-header-meta":"","header-above-stick-meta":"","header-main-stick-meta":"","header-below-stick-meta":"","astra-migrate-meta-layouts":"set","ast-page-background-enabled":"default","ast-page-background-meta":{"desktop":{"background-color":"var(--ast-global-color-5)","background-image":"","background-repeat":"repeat","background-position":"center center","background-size":"auto","background-attachment":"scroll","background-type":"","background-media":"","overlay-type":"","overlay-color":"","overlay-opacity":"","overlay-gradient":""},"tablet":{"background-color":"","background-image":"","background-repeat":"repeat","background-position":"center center","background-size":"auto","background-attachment":"scroll","background-type":"","background-media":"","overlay-type":"","overlay-color":"","overlay-opacity":"","overlay-gradient":""},"mobile":{"background-color":"","background-image":"","background-repeat":"repeat","background-position":"center center","background-size":"auto","background-attachment":"scroll","background-type":"","background-media":"","overlay-type":"","overlay-color":"","overlay-opacity":"","overlay-gradient":""}},"ast-content-background-meta":{"desktop":{"background-color":"var(--ast-global-color-4)","background-image":"","background-repeat":"repeat","background-position":"center center","background-size":"auto","background-attachment":"scroll","background-type":"","background-media":"","overlay-type":"","overlay-color":"","overlay-opacity":"","overlay-gradient":""},"tablet":{"background-color":"var(--ast-global-color-4)","background-image":"","background-repeat":"repeat","background-position":"center center","background-size":"auto","background-attachment":"scroll","background-type":"","background-media":"","overlay-type":"","overlay-color":"","overlay-opacity":"","overlay-gradient":""},"mobile":{"background-color":"var(--ast-global-color-4)","background-image":"","background-repeat":"repeat","background-position":"center center","background-size":"auto","background-attachment":"scroll","background-type":"","background-media":"","overlay-type":"","overlay-color":"","overlay-opacity":"","overlay-gradient":""}}},"product_brand":[],"product_cat":[21,57],"product_tag":[],"class_list":{"0":"post-2750","1":"product","2":"type-product","3":"status-publish","4":"has-post-thumbnail","6":"product_cat-product","7":"product_cat-glass-vases","8":"desktop-align-left","9":"tablet-align-left","10":"mobile-align-left","12":"first","13":"instock","14":"shipping-taxable","15":"product-type-simple"},"jetpack_sharing_enabled":true,"_links":{"self":[{"href":"https:\/\/mostebglass.com\/cs\/wp-json\/wp\/v2\/product\/2750","targetHints":{"allow":["GET"]}}],"collection":[{"href":"https:\/\/mostebglass.com\/cs\/wp-json\/wp\/v2\/product"}],"about":[{"href":"https:\/\/mostebglass.com\/cs\/wp-json\/wp\/v2\/types\/product"}],"wp:featuredmedia":[{"embeddable":true,"href":"https:\/\/mostebglass.com\/cs\/wp-json\/wp\/v2\/media\/2756"}],"wp:attachment":[{"href":"https:\/\/mostebglass.com\/cs\/wp-json\/wp\/v2\/media?parent=2750"}],"wp:term":[{"taxonomy":"product_brand","embeddable":true,"href":"https:\/\/mostebglass.com\/cs\/wp-json\/wp\/v2\/product_brand?post=2750"},{"taxonomy":"product_cat","embeddable":true,"href":"https:\/\/mostebglass.com\/cs\/wp-json\/wp\/v2\/product_cat?post=2750"},{"taxonomy":"product_tag","embeddable":true,"href":"https:\/\/mostebglass.com\/cs\/wp-json\/wp\/v2\/product_tag?post=2750"}],"curies":[{"name":"wp","href":"https:\/\/api.w.org\/{rel}","templated":true}]}}