{"id":2848,"date":"2025-09-28T17:48:09","date_gmt":"2025-09-28T09:48:09","guid":{"rendered":"https:\/\/mostebglass.com\/?post_type=product&#038;p=2848"},"modified":"2026-05-08T13:44:49","modified_gmt":"2026-05-08T05:44:49","slug":"a-glass-vases-set-for-flower-decor-wholesale","status":"publish","type":"product","link":"https:\/\/mostebglass.com\/cs\/a-glass-vases-set-for-flower-decor-wholesale\/","title":{"rendered":"Sada sklen\u011bn\u00fdch v\u00e1z pro velkoobchodn\u00ed kv\u011btinovou dekoraci"},"content":{"rendered":"<p>U\u017e v\u00e1s nebav\u00ed sklen\u011bn\u00e9 v\u00e1zy, kter\u00e9 nebud\u00ed radost? Vyr\u00e1b\u00edme sklen\u011bn\u00e9 v\u00e1zy s modr\u00fdm gradientn\u00edm um\u011bn\u00edm \u2013 \u017e\u00e1dn\u00e9 um\u011bl\u00e9 stonky nejsou pot\u0159eba. Tyto sklen\u011bn\u00e9 kv\u011btinov\u00e9 kousky ve v\u00e1ze prom\u011bn\u00ed bytov\u00e9 dekorace v okam\u017eit\u00e9 t\u00e9ma pro konverzaci. P\u0159i hromadn\u00fdch objedn\u00e1vk\u00e1ch z\u00edsk\u00e1te mo\u017enosti vlastn\u00edho barevn\u00e9ho proveden\u00ed \u2013 va\u0161e v\u00e1zy se stanou hrdinou.<\/p>\n<h2>Vlastnosti produktu<\/h2>\n<ul>\n<li><strong>Barevn\u00fd design: <\/strong>Ru\u010dn\u00ed p\u0159id\u00e1n\u00ed um\u011bleck\u00e9 hloubky kv\u011btiny v krku na sklen\u011bnou v\u00e1zu se zd\u00e1 b\u00fdt ra\u017een\u00fdm, nikoli s\u00e9riov\u011b vyr\u00e1b\u011bn\u00fdm produktem.<\/li>\n<li><strong>Vlastn\u00ed barevn\u00e1 harmonie: <\/strong>Sla\u010fte \u0161alv\u011bjovou, jantarovou nebo lesn\u00ed zelenou barvu s p\u0159\u00edb\u011bhem va\u0161\u00ed zna\u010dky \u2013 va\u0161e sklen\u011bn\u00e1 kv\u011btina ve v\u00e1ze vypad\u00e1 jako zt\u011blesn\u011bn\u00ed va\u0161\u00ed du\u0161e.<\/li>\n<\/ul>\n<h2>Kl\u00ed\u010dov\u00e9 specifikace<\/h2>\n<table style=\"border-collapse: collapse; width: 80%; margin-left: auto; margin-right: auto;\" border=\"0\" width=\"216\" cellspacing=\"0\" cellpadding=\"0\">\n<tbody>\n<tr style=\"height: 13.50pt;\">\n<td style=\"height: 13.5pt; width: 54pt; text-align: center;\" width=\"72\" height=\"18\">Tvar<\/td>\n<td style=\"width: 54pt; text-align: center;\" width=\"72\">Velikost (mm)<\/td>\n<td style=\"width: 54pt; text-align: center;\" width=\"72\">Mo\u017enosti barev<\/td>\n<\/tr>\n<tr style=\"height: 13.50pt;\">\n<td style=\"height: 13.5pt; text-align: center;\" height=\"18\">Ploch\u00e1 kulat\u00e1 v\u00e1za<\/td>\n<td style=\"text-align: center;\">110 \u00d7 100 \u00d7 30<\/td>\n<td class=\"et2\" style=\"text-align: center;\" rowspan=\"3\">\u010cir\u00e1, jantarov\u00e1, \u0161ed\u00e1, zelen\u00e1 nebo vlastn\u00ed<\/td>\n<\/tr>\n<tr style=\"height: 13.50pt;\">\n<td style=\"height: 13.5pt; text-align: center;\" height=\"18\">Kulat\u00e1 zplo\u0161t\u011bl\u00e1 v\u00e1za<\/td>\n<td style=\"text-align: center;\">90 x 111 x 30<\/td>\n<\/tr>\n<tr style=\"height: 13.50pt;\">\n<td style=\"height: 13.5pt; text-align: center;\" height=\"18\">V\u00e1za s vysok\u00fdm hrdlem<\/td>\n<td style=\"text-align: center;\">70 x 150 x 28<\/td>\n<\/tr>\n<\/tbody>\n<\/table>\n<h2>N\u00e1vrhy na p\u0159izp\u016fsoben\u00ed<\/h2>\n<ol>\n<li><strong>Vypr\u00e1v\u011bn\u00ed p\u0159\u00edb\u011bh\u016f tvar\u016f:<\/strong>P\u0159izp\u016fsobte sklen\u011bnou kv\u011btinu sv\u00e9 zna\u010dce: vysok\u00fd krk dopl\u0148uje luxusn\u00ed n\u00e1bytek, zat\u00edmco ploch\u00fd, zaoblen\u00fd tvar dod\u00e1v\u00e1 rustik\u00e1ln\u00ed n\u00e1dech. Va\u0161e sklen\u011bn\u00e1 kv\u011btina ve v\u00e1ze zt\u011bles\u0148uje hlas va\u0161\u00ed zna\u010dky.<\/li>\n<li><strong>Barevn\u00e9 p\u00e1rov\u00e1n\u00ed:<\/strong>Klidn\u00e9 zna\u010dky mohou pou\u017e\u00edt \u0161alv\u011bjov\u011b modrou, zat\u00edmco luxusn\u00ed zna\u010dky se mohou rozhodnout pro tmav\u011b tyrkysovou. P\u0159idejte kr\u00e1tk\u00fd slogan: \u201eModr\u00e1 p\u0159edstavuje klid, sklo jasnost.\u201c<\/li>\n<\/ol>","protected":false},"excerpt":{"rendered":"<p>Sada sklen\u011bn\u00fdch v\u00e1z pro sb\u00edrku kv\u011btin a tyto sklen\u011bn\u00e9 kv\u011btiny v v\u00e1ze pro bytovou dekoraci. Nab\u00edz\u00edme dopravu z tov\u00e1rny a bezplatn\u00e9 vzorky.<\/p>","protected":false},"featured_media":2849,"template":"","meta":{"site-sidebar-layout":"default","site-content-layout":"","ast-site-content-layout":"default","site-content-style":"default","site-sidebar-style":"default","ast-global-header-display":"","ast-banner-title-visibility":"","ast-main-header-display":"","ast-hfb-above-header-display":"","ast-hfb-below-header-display":"","ast-hfb-mobile-header-display":"","site-post-title":"","ast-breadcrumbs-content":"","ast-featured-img":"","footer-sml-layout":"","theme-transparent-header-meta":"default","adv-header-id-meta":"","stick-header-meta":"","header-above-stick-meta":"","header-main-stick-meta":"","header-below-stick-meta":"","astra-migrate-meta-layouts":"set","ast-page-background-enabled":"default","ast-page-background-meta":{"desktop":{"background-color":"var(--ast-global-color-5)","background-image":"","background-repeat":"repeat","background-position":"center center","background-size":"auto","background-attachment":"scroll","background-type":"","background-media":"","overlay-type":"","overlay-color":"","overlay-opacity":"","overlay-gradient":""},"tablet":{"background-color":"","background-image":"","background-repeat":"repeat","background-position":"center center","background-size":"auto","background-attachment":"scroll","background-type":"","background-media":"","overlay-type":"","overlay-color":"","overlay-opacity":"","overlay-gradient":""},"mobile":{"background-color":"","background-image":"","background-repeat":"repeat","background-position":"center center","background-size":"auto","background-attachment":"scroll","background-type":"","background-media":"","overlay-type":"","overlay-color":"","overlay-opacity":"","overlay-gradient":""}},"ast-content-background-meta":{"desktop":{"background-color":"var(--ast-global-color-4)","background-image":"","background-repeat":"repeat","background-position":"center center","background-size":"auto","background-attachment":"scroll","background-type":"","background-media":"","overlay-type":"","overlay-color":"","overlay-opacity":"","overlay-gradient":""},"tablet":{"background-color":"var(--ast-global-color-4)","background-image":"","background-repeat":"repeat","background-position":"center center","background-size":"auto","background-attachment":"scroll","background-type":"","background-media":"","overlay-type":"","overlay-color":"","overlay-opacity":"","overlay-gradient":""},"mobile":{"background-color":"var(--ast-global-color-4)","background-image":"","background-repeat":"repeat","background-position":"center center","background-size":"auto","background-attachment":"scroll","background-type":"","background-media":"","overlay-type":"","overlay-color":"","overlay-opacity":"","overlay-gradient":""}}},"product_brand":[],"product_cat":[57,21],"product_tag":[],"class_list":{"0":"post-2848","1":"product","2":"type-product","3":"status-publish","4":"has-post-thumbnail","6":"product_cat-glass-vases","7":"product_cat-product","8":"desktop-align-left","9":"tablet-align-left","10":"mobile-align-left","12":"first","13":"instock","14":"shipping-taxable","15":"product-type-simple"},"jetpack_sharing_enabled":true,"_links":{"self":[{"href":"https:\/\/mostebglass.com\/cs\/wp-json\/wp\/v2\/product\/2848","targetHints":{"allow":["GET"]}}],"collection":[{"href":"https:\/\/mostebglass.com\/cs\/wp-json\/wp\/v2\/product"}],"about":[{"href":"https:\/\/mostebglass.com\/cs\/wp-json\/wp\/v2\/types\/product"}],"wp:featuredmedia":[{"embeddable":true,"href":"https:\/\/mostebglass.com\/cs\/wp-json\/wp\/v2\/media\/2849"}],"wp:attachment":[{"href":"https:\/\/mostebglass.com\/cs\/wp-json\/wp\/v2\/media?parent=2848"}],"wp:term":[{"taxonomy":"product_brand","embeddable":true,"href":"https:\/\/mostebglass.com\/cs\/wp-json\/wp\/v2\/product_brand?post=2848"},{"taxonomy":"product_cat","embeddable":true,"href":"https:\/\/mostebglass.com\/cs\/wp-json\/wp\/v2\/product_cat?post=2848"},{"taxonomy":"product_tag","embeddable":true,"href":"https:\/\/mostebglass.com\/cs\/wp-json\/wp\/v2\/product_tag?post=2848"}],"curies":[{"name":"wp","href":"https:\/\/api.w.org\/{rel}","templated":true}]}}