{"id":2893,"date":"2025-09-29T17:39:47","date_gmt":"2025-09-29T09:39:47","guid":{"rendered":"https:\/\/mostebglass.com\/?post_type=product&#038;p=2893"},"modified":"2026-04-23T16:15:44","modified_gmt":"2026-04-23T08:15:44","slug":"embossed-glass-sunflower-vases-in-various-sizes-wholesale","status":"publish","type":"product","link":"https:\/\/mostebglass.com\/cs\/embossed-glass-sunflower-vases-in-various-sizes-wholesale\/","title":{"rendered":"Embossed Glass Sunflower Vases in Various Sizes Wholesale"},"content":{"rendered":"<p>U\u017e v\u00e1s nebav\u00ed sady v\u00e1z, kter\u00e9 v\u00e1m doma zmiz\u00ed? Vyr\u00e1b\u00edme v\u00e1zy s motivem slune\u010dnic a kv\u011btinov\u00fdmi texturami \u2013 \u017e\u00e1dn\u00e9 um\u011bl\u00e9 stonky nejsou pot\u0159eba. Tyto sklen\u011bn\u00e9 v\u00e1zy jako \u00fast\u0159edn\u00ed dekorace prom\u011bn\u00ed bytovou dekoraci v okam\u017eit\u00fd n\u00e1m\u011bt k hovoru. P\u0159i hromadn\u00fdch objedn\u00e1vk\u00e1ch z\u00edsk\u00e1te zak\u00e1zkovou ra\u017ebu, kter\u00e1 odpov\u00edd\u00e1 du\u0161i va\u0161\u00ed zna\u010dky.<\/p>\n<h2>Vlastnosti produktu<\/h2>\n<ul>\n<li><strong>Floral texture emerging: <\/strong>Ru\u010dn\u011b lisovan\u00e9 kv\u011btinov\u00e9 vzory dod\u00e1vaj\u00ed v\u00e1ze um\u011bleckou hloubku \u2013 va\u0161e v\u00e1za p\u016fsob\u00ed ru\u010dn\u011b vyr\u00e1b\u011bn\u00fdm dojmem, nikoli masov\u011b.<\/li>\n<li><strong>Sunflower vase versatility: <\/strong>Velk\u00e1 nebo mal\u00e1 v\u00e1za se slune\u010dnic\u00ed se hod\u00ed na jednu nebo ne\u00faplnou stopku \u2013 ide\u00e1ln\u00ed pro modern\u00ed aran\u017em\u00e1 v\u00e1zy na stole nebo pracovn\u00ed desce.<\/li>\n<li><strong>Custom embossing harmony: <\/strong>Sla\u010fte kr\u00e1su va\u0161\u00ed zna\u010dky s modr\u00fdmi a b\u00edl\u00fdmi akcenty \u2013 va\u0161e sklen\u011bn\u00e9 v\u00e1zy jako \u00fast\u0159edn\u00ed dekorace p\u016fsob\u00ed jako prodlou\u017een\u00ed va\u0161eho p\u0159\u00edb\u011bhu.<\/li>\n<\/ul>\n<h2>Kl\u00ed\u010dov\u00e9 specifikace<\/h2>\n<table style=\"border-collapse: collapse; width: 80%; margin-left: auto; margin-right: auto;\" border=\"0\" width=\"216\" cellspacing=\"0\" cellpadding=\"0\">\n<tbody>\n<tr style=\"height: 13.50pt;\">\n<td style=\"height: 13.5pt; width: 54pt; text-align: center;\" width=\"72\" height=\"18\">Tvar<\/td>\n<td style=\"width: 54pt; text-align: center;\" width=\"72\">Velikost (mm)<\/td>\n<td style=\"width: 54pt; text-align: center;\" width=\"72\">Mo\u017enosti barev<\/td>\n<\/tr>\n<tr style=\"height: 13.50pt;\">\n<td style=\"height: 13.5pt; text-align: center;\" height=\"18\">Velk\u00fd reli\u00e9f<\/td>\n<td style=\"text-align: center;\">65 \u00d7 125 \u00d7 30<\/td>\n<td class=\"et2\" style=\"text-align: center;\" rowspan=\"2\">Vymazat (Vlastn\u00ed)<\/td>\n<\/tr>\n<tr style=\"height: 13.50pt;\">\n<td style=\"height: 13.5pt; text-align: center;\" height=\"18\">Mal\u00fd reli\u00e9f<\/td>\n<td style=\"text-align: center;\">60 x 85 x 27<\/td>\n<\/tr>\n<\/tbody>\n<\/table>\n<h2>P\u0159\u00edpad \u00fasp\u011bchu<\/h2>\n<p>Our embossed round sunflower vase was picked by a Spanish home decor retailer to create a new look to their seasonal tabletop decoration line. This glass centrepiece vase was tailored by us by coating it with light amber and a thin coating of gold on the opening. Also, the client chose to have a personalized label.<\/p>\n<p>After only two months of its release, the collection sold more than 25 times higher; and with the positive response of this market, the client made subsequent bulk orders in the next sales season, ordering the vase in more than 800 color variations.<\/p>\n<h2>Individualizovan\u00e9 n\u00e1vrhy<\/h2>\n<ol>\n<li><strong>P\u0159\u00edb\u011bh sez\u00f3nn\u00ed v\u00e1zy:<\/strong>Pro sv\u00e1te\u010dn\u00ed kolekci uve\u010fte v l\u00e9t\u011b v\u00e1zu se slune\u010dnicovou barvou v oran\u017eov\u00e9 barv\u011b pro svatby na pl\u00e1\u017ei a v zim\u011b sklen\u011bn\u00e9 v\u00e1zy jako dekoraci do pultu ve sn\u011bhov\u011b b\u00edl\u00e9 barv\u011b. P\u0159i velkoobchodn\u00edm prodeji se neplat\u00ed \u017e\u00e1dn\u00e9 dal\u0161\u00ed n\u00e1klady.<\/li>\n<li><strong>Unik\u00e1tn\u00ed reli\u00e9fn\u00ed dekorace:<\/strong>Nejlep\u0161\u00ed l\u00e1hev je s ryt\u00edm vzor\u016f nebo reli\u00e9fu, kter\u00e1 se hod\u00ed k r\u016fzn\u00fdm p\u0159\u00edle\u017eitostem.<\/li>\n<\/ol>","protected":false},"excerpt":{"rendered":"<p>Sunflower vase in custom embossed texture. And these glass centrepiece vases wholesale for home decor. Elevate floral arrangements with effortless elegance.<\/p>","protected":false},"featured_media":2891,"template":"","meta":{"site-sidebar-layout":"default","site-content-layout":"","ast-site-content-layout":"default","site-content-style":"default","site-sidebar-style":"default","ast-global-header-display":"","ast-banner-title-visibility":"","ast-main-header-display":"","ast-hfb-above-header-display":"","ast-hfb-below-header-display":"","ast-hfb-mobile-header-display":"","site-post-title":"","ast-breadcrumbs-content":"","ast-featured-img":"","footer-sml-layout":"","theme-transparent-header-meta":"default","adv-header-id-meta":"","stick-header-meta":"","header-above-stick-meta":"","header-main-stick-meta":"","header-below-stick-meta":"","astra-migrate-meta-layouts":"set","ast-page-background-enabled":"default","ast-page-background-meta":{"desktop":{"background-color":"var(--ast-global-color-5)","background-image":"","background-repeat":"repeat","background-position":"center center","background-size":"auto","background-attachment":"scroll","background-type":"","background-media":"","overlay-type":"","overlay-color":"","overlay-opacity":"","overlay-gradient":""},"tablet":{"background-color":"","background-image":"","background-repeat":"repeat","background-position":"center center","background-size":"auto","background-attachment":"scroll","background-type":"","background-media":"","overlay-type":"","overlay-color":"","overlay-opacity":"","overlay-gradient":""},"mobile":{"background-color":"","background-image":"","background-repeat":"repeat","background-position":"center center","background-size":"auto","background-attachment":"scroll","background-type":"","background-media":"","overlay-type":"","overlay-color":"","overlay-opacity":"","overlay-gradient":""}},"ast-content-background-meta":{"desktop":{"background-color":"var(--ast-global-color-4)","background-image":"","background-repeat":"repeat","background-position":"center center","background-size":"auto","background-attachment":"scroll","background-type":"","background-media":"","overlay-type":"","overlay-color":"","overlay-opacity":"","overlay-gradient":""},"tablet":{"background-color":"var(--ast-global-color-4)","background-image":"","background-repeat":"repeat","background-position":"center center","background-size":"auto","background-attachment":"scroll","background-type":"","background-media":"","overlay-type":"","overlay-color":"","overlay-opacity":"","overlay-gradient":""},"mobile":{"background-color":"var(--ast-global-color-4)","background-image":"","background-repeat":"repeat","background-position":"center center","background-size":"auto","background-attachment":"scroll","background-type":"","background-media":"","overlay-type":"","overlay-color":"","overlay-opacity":"","overlay-gradient":""}}},"product_brand":[],"product_cat":[57,21],"product_tag":[],"class_list":{"0":"post-2893","1":"product","2":"type-product","3":"status-publish","4":"has-post-thumbnail","6":"product_cat-glass-vases","7":"product_cat-product","8":"desktop-align-left","9":"tablet-align-left","10":"mobile-align-left","12":"first","13":"instock","14":"shipping-taxable","15":"product-type-simple"},"jetpack_sharing_enabled":true,"_links":{"self":[{"href":"https:\/\/mostebglass.com\/cs\/wp-json\/wp\/v2\/product\/2893","targetHints":{"allow":["GET"]}}],"collection":[{"href":"https:\/\/mostebglass.com\/cs\/wp-json\/wp\/v2\/product"}],"about":[{"href":"https:\/\/mostebglass.com\/cs\/wp-json\/wp\/v2\/types\/product"}],"wp:featuredmedia":[{"embeddable":true,"href":"https:\/\/mostebglass.com\/cs\/wp-json\/wp\/v2\/media\/2891"}],"wp:attachment":[{"href":"https:\/\/mostebglass.com\/cs\/wp-json\/wp\/v2\/media?parent=2893"}],"wp:term":[{"taxonomy":"product_brand","embeddable":true,"href":"https:\/\/mostebglass.com\/cs\/wp-json\/wp\/v2\/product_brand?post=2893"},{"taxonomy":"product_cat","embeddable":true,"href":"https:\/\/mostebglass.com\/cs\/wp-json\/wp\/v2\/product_cat?post=2893"},{"taxonomy":"product_tag","embeddable":true,"href":"https:\/\/mostebglass.com\/cs\/wp-json\/wp\/v2\/product_tag?post=2893"}],"curies":[{"name":"wp","href":"https:\/\/api.w.org\/{rel}","templated":true}]}}