{"id":2897,"date":"2025-09-29T17:54:26","date_gmt":"2025-09-29T09:54:26","guid":{"rendered":"https:\/\/mostebglass.com\/?post_type=product&#038;p=2897"},"modified":"2025-09-30T16:05:35","modified_gmt":"2025-09-30T08:05:35","slug":"velkoobchodni-kratka-vaza-na-kvetiny-ve-tvaru-lucerny","status":"publish","type":"product","link":"https:\/\/mostebglass.com\/cs\/wholesale-short-flower-vase-in-lantern-shape\/","title":{"rendered":"Velkoobchodn\u00ed v\u00e1za na kv\u011btiny ve tvaru lucerny"},"content":{"rendered":"<p>Tato stylov\u00e1 sm\u011bs klasick\u00e9ho \u0161armu a modern\u00ed elegance, n\u00edzk\u00e1 kv\u011btinov\u00e1 v\u00e1za ve tvaru lucerny se svisl\u00fdmi pruhy a zlat\u00fdm okrajem, je ide\u00e1ln\u00ed pro vystaven\u00ed va\u0161ich kv\u011btin.<\/p>\n<h2><strong>Vlastnosti produktu<\/strong><\/h2>\n<ul>\n<li><strong>Tvar lucerny:<\/strong> Jeho robustn\u00ed, \u017eebrovan\u00fd tvar, p\u0159ipom\u00ednaj\u00edc\u00ed staro\u017eitnou lucernu, vynik\u00e1 mezi ostatn\u00edmi dekorativn\u00edmi v\u00e1zami.<\/li>\n<li><strong>Sv\u011btlo \u2013 zv\u00fdrazn\u011bn\u00ed vertik\u00e1ln\u00ed textury:<\/strong> Textura vyv\u00fd\u0161en\u00e1 na \u010dir\u00e9m skle zv\u00fdraz\u0148uje st\u00edny a sv\u011btla, \u010d\u00edm\u017e dod\u00e1v\u00e1 na atraktivit\u011b jak\u00e9mukoli kv\u011btinov\u00e9mu proveden\u00ed.<\/li>\n<li><strong>Zlat\u00fd okraj:<\/strong> Zlat\u00fd okraj kolem horn\u00ed \u010d\u00e1sti dod\u00e1v\u00e1 n\u00e1dech sofistikovanosti a luxusu a umoc\u0148uje celkov\u00fd styl.<\/li>\n<\/ul>\n<h2>Kl\u00ed\u010dov\u00e9 specifikace<\/h2>\n<table style=\"border-collapse: collapse; margin-left: auto; margin-right: auto; width: 449.27pt;\" border=\"0\" width=\"599\" cellspacing=\"0\" cellpadding=\"0\">\n<tbody>\n<tr style=\"height: 13.50pt;\">\n<td style=\"height: 13.50pt; width: 117.00pt;\" width=\"156\" height=\"18\">Funkce<\/td>\n<td style=\"width: 332.25pt;\" width=\"443\">Detail<\/td>\n<\/tr>\n<tr style=\"height: 13.50pt;\">\n<td style=\"height: 13.50pt;\" height=\"18\">Tvar<\/td>\n<td>Lucernov\u00fd styl, kr\u00e1tk\u00fd profil<\/td>\n<\/tr>\n<tr style=\"height: 13.50pt;\">\n<td style=\"height: 13.50pt;\" height=\"18\">Materi\u00e1l<\/td>\n<td>\u010cir\u00e9 sklo s vertik\u00e1ln\u00edm \u017eebrov\u00e1n\u00edm<\/td>\n<\/tr>\n<tr style=\"height: 13.50pt;\">\n<td style=\"height: 13.50pt;\" height=\"18\">Dokon\u010dit<\/td>\n<td>Zlat\u00fd kovov\u00fd okraj (horn\u00ed okraj)<\/td>\n<\/tr>\n<tr style=\"height: 13.50pt;\">\n<td style=\"height: 13.50pt;\" height=\"18\">Dostupn\u00e9 barvy<\/td>\n<td>Pr\u016fhledn\u00e1, kou\u0159ov\u011b \u0161ed\u00e1 (lze p\u0159izp\u016fsobit)<\/td>\n<\/tr>\n<tr style=\"height: 13.50pt;\">\n<td style=\"height: 13.50pt;\" height=\"18\">Pou\u017eit\u00ed<\/td>\n<td>V\u00e1za s pupeny, kv\u011btinov\u00e9 aran\u017em\u00e1, dekorace do bytu<\/td>\n<\/tr>\n<tr style=\"height: 13.50pt;\">\n<td style=\"height: 13.50pt;\" height=\"18\">Velikost balen\u00ed<\/td>\n<td>23,2 cm \u00d7 16,8 cm \u00d7 16,3 cm<\/td>\n<\/tr>\n<tr style=\"height: 13.50pt;\">\n<td style=\"height: 13.50pt;\" height=\"18\">Styl<\/td>\n<td>Elegantn\u00ed, modern\u00ed, dekorativn\u00ed<\/td>\n<\/tr>\n<\/tbody>\n<\/table>\n<h2>P\u0159\u00edb\u011bh \u00fasp\u011bchu<\/h2>\n<p>Kanadsk\u00fd velkoobchod s bytov\u00fdmi dopl\u0148ky, kter\u00fd se pot\u00fdkal s konkurenc\u00ed dov\u00e1\u017een\u00fdch produkt\u016f z masov\u00e9ho trhu, kone\u010dn\u011b uvedl na trh t\u0159\u00edd\u00edlnou sadu v\u00e1z, kter\u00e1 zahrnovala i v\u00e1zu s lucernou z \u010dir\u00e9ho kou\u0159ov\u00e9ho skla se zlat\u00fdm lemov\u00e1n\u00edm. Tyto mal\u00e9 a n\u00e1dhern\u00e9 v\u00e1zy nab\u00edzej\u00ed n\u00e1dech textury, ide\u00e1ln\u00ed pro mal\u00e9 m\u011bstsk\u00e9 prostory a vdechuj\u00ed \u017eivot um\u011bl\u00fdm kv\u011btinov\u00fdm stonk\u016fm. Prodejci si pochvalovali zlat\u00e9 lemov\u00e1n\u00ed p\u0159ipom\u00ednaj\u00edc\u00ed drahokamy. Z\u00e1kazn\u00edci je pou\u017e\u00edvali jako svatebn\u00ed d\u00e1rky nebo mini sv\u00edcny. B\u011bhem t\u0159\u00ed m\u011bs\u00edc\u016f se prodej zv\u00fd\u0161il o 45 % a v\u00e1za s lucernou se stala pozn\u00e1vac\u00edm znamen\u00edm.<\/p>\n<h2>N\u00e1pady na p\u0159izp\u016fsoben\u00ed<\/h2>\n<ul>\n<li>Matn\u00e1 sklen\u011bn\u00e1 povrchov\u00e1 \u00faprava \u2013 nahrazen\u00ed lesku jemnou, matnou texturou \u2013 dokonale dopl\u0148uje minimalistick\u00fd interi\u00e9r dom\u00e1cnosti.<\/li>\n<li>Leptan\u00e9 kv\u011btinov\u00e9 vzory \u2013 Laserov\u00e9 grav\u00edry dod\u00e1vaj\u00ed jemn\u00fd kv\u011btinov\u00fd n\u00e1dech a vytv\u00e1\u0159ej\u00ed jemn\u00e9 linie pro vytvo\u0159en\u00ed vinn\u00e9 r\u00e9vy nebo okv\u011btn\u00edch l\u00edstk\u016f.<\/li>\n<li>K dispozici jsou zak\u00e1zkov\u00e9 velikosti \u2013 mini pro dekoraci na st\u016fl, velk\u00e1 pro velk\u00e9 kytice, dle uspo\u0159\u00e1d\u00e1n\u00ed r\u016fzn\u00fdch m\u00edst a kv\u011btin.<\/li>\n<\/ul>\n<p>D\u00edky t\u011bmto mikroskopick\u00fdm \u00faprav\u00e1m m\u016f\u017eete oslovit r\u016fzn\u00e9 trhy \u2013 od luxusn\u00edch butik\u016f a\u017e po m\u011bstsk\u00e9 obchody se suven\u00fdry. Proto\u017ee velikost v\u00e1zy s lucernou je velmi v\u00fdrazn\u00e1, i nen\u00e1padn\u00e9 zm\u011bny mohou vytvo\u0159it osv\u011b\u017euj\u00edc\u00ed design.<\/p>","protected":false},"excerpt":{"rendered":"<p data-pm-slice=\"1 1 []\">Elegantn\u00ed v\u00e1za ve tvaru lucerny se zlat\u00fdm okrajem a svisl\u00fdmi pruhy. Tuto n\u00edzkou sklen\u011bnou kv\u011btinovou v\u00e1zu lze p\u0159izp\u016fsobit pro dekorace, svatby nebo velkoobchodn\u00ed objedn\u00e1vky.<\/p>","protected":false},"featured_media":2915,"template":"","meta":{"site-sidebar-layout":"default","site-content-layout":"","ast-site-content-layout":"default","site-content-style":"default","site-sidebar-style":"default","ast-global-header-display":"","ast-banner-title-visibility":"","ast-main-header-display":"","ast-hfb-above-header-display":"","ast-hfb-below-header-display":"","ast-hfb-mobile-header-display":"","site-post-title":"","ast-breadcrumbs-content":"","ast-featured-img":"","footer-sml-layout":"","theme-transparent-header-meta":"default","adv-header-id-meta":"","stick-header-meta":"","header-above-stick-meta":"","header-main-stick-meta":"","header-below-stick-meta":"","astra-migrate-meta-layouts":"set","ast-page-background-enabled":"default","ast-page-background-meta":{"desktop":{"background-color":"var(--ast-global-color-5)","background-image":"","background-repeat":"repeat","background-position":"center center","background-size":"auto","background-attachment":"scroll","background-type":"","background-media":"","overlay-type":"","overlay-color":"","overlay-opacity":"","overlay-gradient":""},"tablet":{"background-color":"","background-image":"","background-repeat":"repeat","background-position":"center center","background-size":"auto","background-attachment":"scroll","background-type":"","background-media":"","overlay-type":"","overlay-color":"","overlay-opacity":"","overlay-gradient":""},"mobile":{"background-color":"","background-image":"","background-repeat":"repeat","background-position":"center center","background-size":"auto","background-attachment":"scroll","background-type":"","background-media":"","overlay-type":"","overlay-color":"","overlay-opacity":"","overlay-gradient":""}},"ast-content-background-meta":{"desktop":{"background-color":"var(--ast-global-color-4)","background-image":"","background-repeat":"repeat","background-position":"center center","background-size":"auto","background-attachment":"scroll","background-type":"","background-media":"","overlay-type":"","overlay-color":"","overlay-opacity":"","overlay-gradient":""},"tablet":{"background-color":"var(--ast-global-color-4)","background-image":"","background-repeat":"repeat","background-position":"center center","background-size":"auto","background-attachment":"scroll","background-type":"","background-media":"","overlay-type":"","overlay-color":"","overlay-opacity":"","overlay-gradient":""},"mobile":{"background-color":"var(--ast-global-color-4)","background-image":"","background-repeat":"repeat","background-position":"center center","background-size":"auto","background-attachment":"scroll","background-type":"","background-media":"","overlay-type":"","overlay-color":"","overlay-opacity":"","overlay-gradient":""}}},"product_brand":[],"product_cat":[21,57],"product_tag":[],"class_list":{"0":"post-2897","1":"product","2":"type-product","3":"status-publish","4":"has-post-thumbnail","6":"product_cat-product","7":"product_cat-glass-vases","8":"desktop-align-left","9":"tablet-align-left","10":"mobile-align-left","12":"first","13":"instock","14":"shipping-taxable","15":"product-type-simple"},"jetpack_sharing_enabled":true,"_links":{"self":[{"href":"https:\/\/mostebglass.com\/cs\/wp-json\/wp\/v2\/product\/2897","targetHints":{"allow":["GET"]}}],"collection":[{"href":"https:\/\/mostebglass.com\/cs\/wp-json\/wp\/v2\/product"}],"about":[{"href":"https:\/\/mostebglass.com\/cs\/wp-json\/wp\/v2\/types\/product"}],"wp:featuredmedia":[{"embeddable":true,"href":"https:\/\/mostebglass.com\/cs\/wp-json\/wp\/v2\/media\/2915"}],"wp:attachment":[{"href":"https:\/\/mostebglass.com\/cs\/wp-json\/wp\/v2\/media?parent=2897"}],"wp:term":[{"taxonomy":"product_brand","embeddable":true,"href":"https:\/\/mostebglass.com\/cs\/wp-json\/wp\/v2\/product_brand?post=2897"},{"taxonomy":"product_cat","embeddable":true,"href":"https:\/\/mostebglass.com\/cs\/wp-json\/wp\/v2\/product_cat?post=2897"},{"taxonomy":"product_tag","embeddable":true,"href":"https:\/\/mostebglass.com\/cs\/wp-json\/wp\/v2\/product_tag?post=2897"}],"curies":[{"name":"wp","href":"https:\/\/api.w.org\/{rel}","templated":true}]}}