{"id":3040,"date":"2025-10-15T15:21:06","date_gmt":"2025-10-15T07:21:06","guid":{"rendered":"https:\/\/mostebglass.com\/?post_type=product&#038;p=3040"},"modified":"2025-10-15T17:46:39","modified_gmt":"2025-10-15T09:46:39","slug":"vintage-cira-sklenena-vaza-pro-svatebni-vyzdobu","status":"publish","type":"product","link":"https:\/\/mostebglass.com\/cs\/vintage-clear-glass-bud-vase-for-wedding-decor\/","title":{"rendered":"Vintage v\u00e1za z \u010dir\u00e9ho skla s pupeny pro dom\u00e1c\u00ed a svatebn\u00ed dekoraci"},"content":{"rendered":"<p>U\u017e v\u00e1s nebav\u00ed sklen\u011bn\u00e9 v\u00e1zy, kter\u00e9 tam jen tak stoj\u00ed? Vyr\u00e1b\u00edme vintage v\u00e1zy s motivem \u010dir\u00e9ho skla a retro reli\u00e9fem \u2013 \u017e\u00e1dn\u00e1 nudn\u00e1 dekorace. Tyto v\u00e1zy s r\u016f\u017eov\u00fdm motivem prom\u011bn\u00ed bytov\u00e9 dekorace v um\u011bleck\u00e9 kousky. P\u0159i hromadn\u00fdch objedn\u00e1vk\u00e1ch z\u00edsk\u00e1te sklen\u011bn\u00e9 v\u00e1zy na m\u00edru, kter\u00e9 odpov\u00eddaj\u00ed du\u0161i va\u0161\u00ed zna\u010dky.<\/p>\n<h2>Vlastnosti produktu<\/h2>\n<p><strong>Vintage reli\u00e9fn\u00ed p\u0159\u00edv\u011bsek<\/strong><\/p>\n<p>Koso\u010dtvercov\u00fd vzor dod\u00e1v\u00e1 vintage n\u00e1dech \u2013 tato vintage v\u00e1za z \u010dir\u00e9ho skla vyza\u0159uje pocit ru\u010dn\u00ed pr\u00e1ce, nikoli masov\u00e9 v\u00fdroby.<\/p>\n<p><strong>Ide\u00e1ln\u00ed pro jednotliv\u00e9 kv\u011btiny<\/strong><\/p>\n<p>\u0160t\u00edhl\u00fd tvar je ide\u00e1ln\u00ed pro aran\u017em\u00e1 s jednotliv\u00fdmi kv\u011btinami \u2013 tato v\u00e1za s r\u016f\u017eemi se zam\u011b\u0159uje na kv\u011btiny, nikoli na samotnou v\u00e1zu.<\/p>\n<p><strong>Okam\u017eit\u011b prezentujte svou zna\u010dku<\/strong><\/p>\n<p>P\u0159idejte si na tuto v\u00e1zu s r\u016f\u017eemi sv\u00e9 vlastn\u00ed logo, aby vynikla.<\/p>\n<h2><strong data-spm-anchor-id=\"5176.28103460.0.i18.29ab2e31aVMz0n\">Kl\u00ed\u010dov\u00e9 specifikace<\/strong><\/h2>\n<table style=\"border-collapse: collapse; width: 80%; margin-left: auto; margin-right: auto;\" border=\"0\" width=\"144\" cellspacing=\"0\" cellpadding=\"0\">\n<tbody>\n<tr>\n<td style=\"text-align: center;\" width=\"72\">Atribut<\/td>\n<td style=\"text-align: center;\" width=\"72\">Detail<\/td>\n<\/tr>\n<tr>\n<td style=\"text-align: center;\">Barevn\u00e1 varianta<\/td>\n<td style=\"text-align: center;\">\u010cir\u00e1, hn\u011bd\u00e1, zelen\u00e1, modr\u00e1, \u0161ed\u00e1 (vlastn\u00ed)<\/td>\n<\/tr>\n<tr>\n<td style=\"text-align: center;\">Povrch<\/td>\n<td style=\"text-align: center;\">Retro reli\u00e9f<\/td>\n<\/tr>\n<tr>\n<td style=\"text-align: center;\">P\u0159\u00edpad pou\u017eit\u00ed<\/td>\n<td style=\"text-align: center;\">V\u00e1za s poup\u011bmi, um\u011bl\u00e1 kv\u011btinov\u00e1 dekorace, dekorace do st\u0159edu stolu<\/td>\n<\/tr>\n<tr>\n<td style=\"text-align: center;\">Ide\u00e1ln\u00ed pro<\/td>\n<td style=\"text-align: center;\">Bytov\u00e9 dekorace, svatebn\u00ed styling, butikov\u00e9 interi\u00e9ry<\/td>\n<\/tr>\n<\/tbody>\n<\/table>\n<h2>P\u0159\u00edb\u011bh \u00fasp\u011bchu<\/h2>\n<p>Britsk\u00e9 kv\u011btinov\u00e9 studio vytvo\u0159ilo perfektn\u00ed balen\u00ed pro svatebn\u00ed projekt. Zna\u010dka hledala n\u00e1dhern\u00e9 a v\u0161estrann\u00e9 v\u00e1zy, kter\u00e9 by zd\u016fraznily kr\u00e1su r\u016f\u017e\u00ed a doplnily vintage zahradn\u00ed t\u00e9ma p\u00e1ru. Objednali si zak\u00e1zkovou v\u00e1zu z r\u016f\u017eov\u00e9ho skla zdobenou vlo\u017een\u00fdmi kv\u011btinov\u00fdmi vzory ve vintage stylu. Vyrobeno z vysoce definovan\u00e9ho, \u200b\u200bsiln\u00e9ho skla, kombinuje kr\u00e1su a odolnost. Ka\u017ed\u00e1 v\u00e1za s r\u016f\u017e\u00ed byla navr\u017eena tak, aby unesla stonek nebo malou kytici, tak\u017ee se hod\u00ed jako dekorace na st\u016fl a d\u00e1rky pro hosty. V\u00e1za s r\u016f\u017e\u00ed se stala vrcholem svatebn\u00edho outfitu, v n\u011bm\u017e host\u00e9 sd\u00edleli des\u00edtky p\u0159\u00edsp\u011bvk\u016f na Instagramu a p\u0159\u00edb\u011bh\u016f, kter\u00e9 dokonale odpov\u00eddaly romantick\u00e9mu t\u00e9matu. Po akci studio zaznamenalo 40% n\u00e1r\u016fst objedn\u00e1vek, nov\u00ed z\u00e1kazn\u00edci si vy\u017e\u00e1dali stejn\u00fd design pro svou svatbu a dal\u0161\u00ed akce.<\/p>\n<h2>V\u00e1\u0161 n\u00e1vod na \u00fapravy<\/h2>\n<ol>\n<li><strong>Kv\u011btinov\u00fd pr\u016fvodce \u201eBlooming Code\u201c:<\/strong>Na spodn\u00ed stran\u011b je vyryt\u00fd QR k\u00f3d, kter\u00fd umo\u017e\u0148uje naskenovat a zobrazit informace o zna\u010dce nebo u\u017eivatelsk\u00e9 p\u0159\u00edru\u010dky.<\/li>\n<li><strong>Pohodln\u00e1 p\u0159izp\u016fsobiteln\u00e1 kolekce:<\/strong>V\u00e1za s r\u016f\u017e\u00ed je vyrobena z tmav\u011b indigov\u00e9ho skla a zdobena st\u0159\u00edbrn\u00fdmi reli\u00e9fn\u00edmi hv\u011bzdami \u2013 ide\u00e1ln\u00ed pro svatbu zalitou m\u011bs\u00ed\u010dn\u00edm sv\u011btlem. Sou\u010d\u00e1st\u00ed je i vzkaz \u201eKvetouc\u00ed pod hv\u011bzdami\u201c.<\/li>\n<\/ol>\n<p>&nbsp;<\/p>","protected":false},"excerpt":{"rendered":"<p>Vintage v\u00e1zy s poup\u011bmi a r\u016f\u017eemi z \u010dir\u00e9ho skla s nad\u010dasovou kv\u011btinovou eleganc\u00ed. Ide\u00e1ln\u00ed pro kv\u011btin\u00e1\u0159e, organiz\u00e1tory akc\u00ed a prodejce, kte\u0159\u00ed hledaj\u00ed p\u0159izp\u016fsobiteln\u00e1, vysoce kvalitn\u00ed dekora\u010dn\u00ed \u0159e\u0161en\u00ed.<\/p>","protected":false},"featured_media":3042,"template":"","meta":{"site-sidebar-layout":"default","site-content-layout":"","ast-site-content-layout":"default","site-content-style":"default","site-sidebar-style":"default","ast-global-header-display":"","ast-banner-title-visibility":"","ast-main-header-display":"","ast-hfb-above-header-display":"","ast-hfb-below-header-display":"","ast-hfb-mobile-header-display":"","site-post-title":"","ast-breadcrumbs-content":"","ast-featured-img":"","footer-sml-layout":"","theme-transparent-header-meta":"default","adv-header-id-meta":"","stick-header-meta":"","header-above-stick-meta":"","header-main-stick-meta":"","header-below-stick-meta":"","astra-migrate-meta-layouts":"set","ast-page-background-enabled":"default","ast-page-background-meta":{"desktop":{"background-color":"var(--ast-global-color-5)","background-image":"","background-repeat":"repeat","background-position":"center center","background-size":"auto","background-attachment":"scroll","background-type":"","background-media":"","overlay-type":"","overlay-color":"","overlay-opacity":"","overlay-gradient":""},"tablet":{"background-color":"","background-image":"","background-repeat":"repeat","background-position":"center center","background-size":"auto","background-attachment":"scroll","background-type":"","background-media":"","overlay-type":"","overlay-color":"","overlay-opacity":"","overlay-gradient":""},"mobile":{"background-color":"","background-image":"","background-repeat":"repeat","background-position":"center center","background-size":"auto","background-attachment":"scroll","background-type":"","background-media":"","overlay-type":"","overlay-color":"","overlay-opacity":"","overlay-gradient":""}},"ast-content-background-meta":{"desktop":{"background-color":"var(--ast-global-color-4)","background-image":"","background-repeat":"repeat","background-position":"center center","background-size":"auto","background-attachment":"scroll","background-type":"","background-media":"","overlay-type":"","overlay-color":"","overlay-opacity":"","overlay-gradient":""},"tablet":{"background-color":"var(--ast-global-color-4)","background-image":"","background-repeat":"repeat","background-position":"center center","background-size":"auto","background-attachment":"scroll","background-type":"","background-media":"","overlay-type":"","overlay-color":"","overlay-opacity":"","overlay-gradient":""},"mobile":{"background-color":"var(--ast-global-color-4)","background-image":"","background-repeat":"repeat","background-position":"center center","background-size":"auto","background-attachment":"scroll","background-type":"","background-media":"","overlay-type":"","overlay-color":"","overlay-opacity":"","overlay-gradient":""}}},"product_brand":[],"product_cat":[21,57],"product_tag":[],"class_list":{"0":"post-3040","1":"product","2":"type-product","3":"status-publish","4":"has-post-thumbnail","6":"product_cat-product","7":"product_cat-glass-vases","8":"desktop-align-left","9":"tablet-align-left","10":"mobile-align-left","12":"first","13":"instock","14":"shipping-taxable","15":"product-type-simple"},"jetpack_sharing_enabled":true,"_links":{"self":[{"href":"https:\/\/mostebglass.com\/cs\/wp-json\/wp\/v2\/product\/3040","targetHints":{"allow":["GET"]}}],"collection":[{"href":"https:\/\/mostebglass.com\/cs\/wp-json\/wp\/v2\/product"}],"about":[{"href":"https:\/\/mostebglass.com\/cs\/wp-json\/wp\/v2\/types\/product"}],"wp:featuredmedia":[{"embeddable":true,"href":"https:\/\/mostebglass.com\/cs\/wp-json\/wp\/v2\/media\/3042"}],"wp:attachment":[{"href":"https:\/\/mostebglass.com\/cs\/wp-json\/wp\/v2\/media?parent=3040"}],"wp:term":[{"taxonomy":"product_brand","embeddable":true,"href":"https:\/\/mostebglass.com\/cs\/wp-json\/wp\/v2\/product_brand?post=3040"},{"taxonomy":"product_cat","embeddable":true,"href":"https:\/\/mostebglass.com\/cs\/wp-json\/wp\/v2\/product_cat?post=3040"},{"taxonomy":"product_tag","embeddable":true,"href":"https:\/\/mostebglass.com\/cs\/wp-json\/wp\/v2\/product_tag?post=3040"}],"curies":[{"name":"wp","href":"https:\/\/api.w.org\/{rel}","templated":true}]}}