{"id":3110,"date":"2025-10-22T17:23:26","date_gmt":"2025-10-22T09:23:26","guid":{"rendered":"https:\/\/mostebglass.com\/?post_type=product&#038;p=3110"},"modified":"2025-10-22T18:01:35","modified_gmt":"2025-10-22T10:01:35","slug":"sada-starozitnych-sklenenych-vaz-pro-vyzdobu-domova-a-udalosti","status":"publish","type":"product","link":"https:\/\/mostebglass.com\/cs\/antique-glass-vases-set-for-home-and-event-decor\/","title":{"rendered":"Sada \u010dir\u00fdch staro\u017eitn\u00fdch sklen\u011bn\u00fdch v\u00e1z pro dom\u00e1c\u00ed a spole\u010densk\u00e9 dekorace"},"content":{"rendered":"<p>U\u017e v\u00e1s nebav\u00ed v\u00e1zy, kter\u00e9 ni\u010d\u00ed va\u0161e kv\u011btinov\u00e9 aran\u017em\u00e1? Vyr\u00e1b\u00edme mal\u00e9 sady v\u00e1z s \u010dir\u00fdm sklen\u011bn\u00fdm \u0161armem \u2013 u\u017e \u017e\u00e1dn\u00e1 nudn\u00e1 dekorace. Tyto pr\u016fhledn\u00e9 v\u00e1zy prom\u011bn\u00ed v\u00e1\u0161 prostor v kv\u011btinov\u00fd r\u00e1j. P\u0159i hromadn\u00fdch objedn\u00e1vk\u00e1ch z\u00edsk\u00e1te sklen\u011bn\u00e9 v\u00e1zy na m\u00edru, kter\u00e9 odpov\u00eddaj\u00ed va\u0161emu stylu.<\/p>\n<h2>Vlastnosti produktu<\/h2>\n<p><strong>Texturovan\u00e1 elegance<\/strong><\/p>\n<p>\u017debra a vzor dod\u00e1vaj\u00ed v\u011bt\u0161\u00ed hloubku \u2013 va\u0161e mal\u00e1 v\u00e1za na kv\u011btiny vypad\u00e1 jako dekorativn\u00ed um\u011bleck\u00e9 d\u00edlo ze skla.<\/p>\n<p><strong>K\u0159i\u0161\u0165\u00e1lov\u00e1 \u010distota<\/strong><\/p>\n<p>Pr\u016fhledn\u00e9 sklo nejvy\u0161\u0161\u00ed kvality odhaluje ka\u017ed\u00fd okv\u011btn\u00ed l\u00edstek \u2013 kupuj\u00edc\u00ed na prvn\u00ed pohled neodol\u00e1 pr\u016fhledn\u00e9 v\u00e1ze.<\/p>\n<p><strong>V\u0161estrann\u00fd displej<\/strong><\/p>\n<p>Skv\u011bl\u00e9 na pracovn\u00ed st\u016fl, police nebo jako dekorativn\u00ed dr\u017e\u00e1k na dutou stopku z p\u0159\u00edrodn\u00edho materi\u00e1lu - va\u0161e v\u00e1zy\/sklenice z\u00e1\u0159\u00ed.<\/p>\n<h2>Kl\u00ed\u010dov\u00e9 specifikace<\/h2>\n<table style=\"border-collapse: collapse; width: 216.03pt;\" border=\"0\" width=\"288\" cellspacing=\"0\" cellpadding=\"0\">\n<tbody>\n<tr style=\"height: 13.50pt;\">\n<td style=\"height: 13.50pt; width: 54.00pt;\" width=\"72\" height=\"18\">Styl<\/td>\n<td style=\"width: 54.00pt;\" width=\"72\">Velikost (cm)<\/td>\n<td style=\"width: 54.00pt;\" width=\"72\">Materi\u00e1l<\/td>\n<td style=\"width: 54.00pt;\" width=\"72\">Barva<\/td>\n<\/tr>\n<tr style=\"height: 13.50pt;\">\n<td style=\"height: 13.50pt;\" height=\"18\">\u017debrovan\u00e9<\/td>\n<td>5.5&#215;11.2&#215;3.8<\/td>\n<td class=\"et2\" rowspan=\"3\">Sklo<\/td>\n<td class=\"et2\" rowspan=\"3\">Vymazat nebo Vlastn\u00ed<\/td>\n<\/tr>\n<tr style=\"height: 13.50pt;\">\n<td style=\"height: 13.50pt;\" height=\"18\">Tykev<\/td>\n<td>6.0&#215;11.5&#215;3.8<\/td>\n<\/tr>\n<tr style=\"height: 13.50pt;\">\n<td style=\"height: 13.50pt;\" height=\"18\">Spir\u00e1la<\/td>\n<td>5.9&#215;11.5&#215;3.8<\/td>\n<\/tr>\n<\/tbody>\n<\/table>\n<h2>P\u0159\u00edpad \u00fasp\u011bchu<\/h2>\n<p>Decor n\u00e1m pomohl naj\u00edt studio, kde jsme pro jejich sez\u00f3nn\u00ed kolekci kv\u011btin vytvo\u0159ili kr\u00e1sn\u00e9 n\u00edzk\u00e9 sklen\u011bn\u00e9 v\u00e1zy na m\u00edru. Ka\u017ed\u00e9 aran\u017em\u00e1 m\u00e1 ru\u010dn\u011b le\u0161t\u011bn\u00fd \u00fast\u00ed a siln\u00e9, z\u00e1\u0159iv\u011b \u010dir\u00e9 sklo, kter\u00e9 kv\u011btin\u00e1m dod\u00e1v\u00e1 elegantn\u00ed a rafinovan\u00fd galerijn\u00ed efekt. Studio vynalezlo \u0159adu sklen\u011bn\u00fdch n\u00e1dob na m\u00edru, kter\u00e9 se hod\u00ed k r\u016fzn\u00fdm styl\u016fm interi\u00e9r\u016f \u2013 od matn\u00fdch a\u017e po sv\u011btle jantarov\u00e9 a kou\u0159ov\u011b \u0161ed\u00e9 podstavce.<\/p>\n<p>Dokonal\u00e9 v\u00e1zy zd\u016fraz\u0148uj\u00ed kresbu a barvy ka\u017ed\u00e9 kv\u011btiny, a t\u00edm zkr\u00e1\u0161luj\u00ed celek.<\/p>\n<p>Studio dos\u00e1hlo v\u00fd\u0161e uveden\u00e9ho za pouh\u00e9 dva m\u011bs\u00edce: tr\u017eby vzrostly o 80 % a st\u00ed\u017enosti na produkty klesly o 70 %.<\/p>\n<h2>V\u00e1\u0161 n\u00e1vod na \u00fapravy<\/h2>\n<ol>\n<li><strong>Nastaviteln\u00fd povrch lahve:<\/strong> V z\u00e1vislosti na stylu va\u0161\u00ed zna\u010dky si vyberte jednu z t\u011bchto t\u0159\u00ed mo\u017enost\u00ed, tj. p\u00edskov\u00e1n\u00ed, laserov\u00e9 grav\u00edrov\u00e1n\u00ed nebo galvanick\u00e9 pokovov\u00e1n\u00ed, pro p\u0159id\u00e1n\u00ed loga va\u0161\u00ed zna\u010dky nebo jedine\u010dn\u00fdch textur, d\u00edky nim\u017e bude v\u00e1za rozpoznateln\u011bj\u0161\u00ed a dekorativn\u011bj\u0161\u00ed.<\/li>\n<li><strong>Personalizace zna\u010dky a p\u0159\u00edslu\u0161enstv\u00ed:<\/strong> Krom\u011b d\u00e1rkov\u00e9 krabi\u010dky na m\u00edru lze k d\u00e1rkov\u00fdm \u00fa\u010del\u016fm nebo k aromaterapii pou\u017e\u00edt su\u0161en\u00e9 kv\u011btiny nebo sadu difuz\u00e9r\u016f, \u010d\u00edm\u017e se zvy\u0161uje vnit\u0159n\u00ed hodnota produktu a jeho potenci\u00e1ln\u00ed vyu\u017eit\u00ed.<\/li>\n<\/ol>\n<p>&nbsp;<\/p>\n<p>&nbsp;<\/p>","protected":false},"excerpt":{"rendered":"<p>Pr\u00e9miov\u00e9 staro\u017eitn\u00e9 sklen\u011bn\u00e9 v\u00e1zy pro firmy. Na\u0161e \u010dir\u00e9 v\u00e1zy nab\u00edzej\u00ed nad\u010dasovou eleganci k vystaven\u00ed kv\u011btinov\u00fdch aran\u017em\u00e1. Roz\u0161i\u0159te sv\u00e9 portfolio o tuto klasickou, vysoce kvalitn\u00ed kolekci. Informujte se o hromadn\u00fdch objedn\u00e1vk\u00e1ch.<\/p>","protected":false},"featured_media":3111,"template":"","meta":{"site-sidebar-layout":"default","site-content-layout":"","ast-site-content-layout":"default","site-content-style":"default","site-sidebar-style":"default","ast-global-header-display":"","ast-banner-title-visibility":"","ast-main-header-display":"","ast-hfb-above-header-display":"","ast-hfb-below-header-display":"","ast-hfb-mobile-header-display":"","site-post-title":"","ast-breadcrumbs-content":"","ast-featured-img":"","footer-sml-layout":"","theme-transparent-header-meta":"default","adv-header-id-meta":"","stick-header-meta":"","header-above-stick-meta":"","header-main-stick-meta":"","header-below-stick-meta":"","astra-migrate-meta-layouts":"set","ast-page-background-enabled":"default","ast-page-background-meta":{"desktop":{"background-color":"var(--ast-global-color-5)","background-image":"","background-repeat":"repeat","background-position":"center center","background-size":"auto","background-attachment":"scroll","background-type":"","background-media":"","overlay-type":"","overlay-color":"","overlay-opacity":"","overlay-gradient":""},"tablet":{"background-color":"","background-image":"","background-repeat":"repeat","background-position":"center center","background-size":"auto","background-attachment":"scroll","background-type":"","background-media":"","overlay-type":"","overlay-color":"","overlay-opacity":"","overlay-gradient":""},"mobile":{"background-color":"","background-image":"","background-repeat":"repeat","background-position":"center center","background-size":"auto","background-attachment":"scroll","background-type":"","background-media":"","overlay-type":"","overlay-color":"","overlay-opacity":"","overlay-gradient":""}},"ast-content-background-meta":{"desktop":{"background-color":"var(--ast-global-color-4)","background-image":"","background-repeat":"repeat","background-position":"center center","background-size":"auto","background-attachment":"scroll","background-type":"","background-media":"","overlay-type":"","overlay-color":"","overlay-opacity":"","overlay-gradient":""},"tablet":{"background-color":"var(--ast-global-color-4)","background-image":"","background-repeat":"repeat","background-position":"center center","background-size":"auto","background-attachment":"scroll","background-type":"","background-media":"","overlay-type":"","overlay-color":"","overlay-opacity":"","overlay-gradient":""},"mobile":{"background-color":"var(--ast-global-color-4)","background-image":"","background-repeat":"repeat","background-position":"center center","background-size":"auto","background-attachment":"scroll","background-type":"","background-media":"","overlay-type":"","overlay-color":"","overlay-opacity":"","overlay-gradient":""}}},"product_brand":[],"product_cat":[21,57],"product_tag":[],"class_list":{"0":"post-3110","1":"product","2":"type-product","3":"status-publish","4":"has-post-thumbnail","6":"product_cat-product","7":"product_cat-glass-vases","8":"desktop-align-left","9":"tablet-align-left","10":"mobile-align-left","12":"first","13":"instock","14":"shipping-taxable","15":"product-type-simple"},"jetpack_sharing_enabled":true,"_links":{"self":[{"href":"https:\/\/mostebglass.com\/cs\/wp-json\/wp\/v2\/product\/3110","targetHints":{"allow":["GET"]}}],"collection":[{"href":"https:\/\/mostebglass.com\/cs\/wp-json\/wp\/v2\/product"}],"about":[{"href":"https:\/\/mostebglass.com\/cs\/wp-json\/wp\/v2\/types\/product"}],"wp:featuredmedia":[{"embeddable":true,"href":"https:\/\/mostebglass.com\/cs\/wp-json\/wp\/v2\/media\/3111"}],"wp:attachment":[{"href":"https:\/\/mostebglass.com\/cs\/wp-json\/wp\/v2\/media?parent=3110"}],"wp:term":[{"taxonomy":"product_brand","embeddable":true,"href":"https:\/\/mostebglass.com\/cs\/wp-json\/wp\/v2\/product_brand?post=3110"},{"taxonomy":"product_cat","embeddable":true,"href":"https:\/\/mostebglass.com\/cs\/wp-json\/wp\/v2\/product_cat?post=3110"},{"taxonomy":"product_tag","embeddable":true,"href":"https:\/\/mostebglass.com\/cs\/wp-json\/wp\/v2\/product_tag?post=3110"}],"curies":[{"name":"wp","href":"https:\/\/api.w.org\/{rel}","templated":true}]}}