{"id":3208,"date":"2025-10-29T14:47:45","date_gmt":"2025-10-29T06:47:45","guid":{"rendered":"https:\/\/mostebglass.com\/?post_type=product&#038;p=3208"},"modified":"2025-10-29T17:50:28","modified_gmt":"2025-10-29T09:50:28","slug":"wholesale-short-glass-vase-bud-vases-supplier","status":"publish","type":"product","link":"https:\/\/mostebglass.com\/cs\/wholesale-short-glass-vase-bud-vases-supplier\/","title":{"rendered":"N\u00edzk\u00e1 sklen\u011bn\u00e1 v\u00e1za ve tvaru ku\u017eele pro minimalistick\u00e9 kv\u011btinov\u00e9 dekorace"},"content":{"rendered":"<p>P\u0159esta\u0148te pou\u017e\u00edvat nudn\u00e9 sklen\u011bn\u00e9 dekorace, kter\u00e9 ni\u010d\u00ed va\u0161i kv\u011btinovou atmosf\u00e9ru. Vyr\u00e1b\u00edme n\u00edzk\u00e9 v\u00e1zy s geometrickou texturou \u2013 u\u017e \u017e\u00e1dn\u00e9 ploch\u00e9 dekorace. Tyto sady n\u00edzk\u00fdch sklen\u011bn\u00fdch v\u00e1z prom\u011bn\u00ed v\u00e1\u0161 prostor v kv\u011btinov\u00fd sen. P\u0159i hromadn\u00fdch objedn\u00e1vk\u00e1ch z\u00edsk\u00e1te sklen\u011bn\u00e9 v\u00e1zy na m\u00edru, kter\u00e9 odpov\u00eddaj\u00ed du\u0161i va\u0161\u00ed zna\u010dky.<\/p>\n<h2>Vlastnosti produktu<\/h2>\n<p><strong>Geometrick\u00e1 textura<\/strong><\/p>\n<p>\u017debrov\u00e1n\u00ed na l\u00e1tce pom\u00e1h\u00e1 l\u00e1tce z\u00edskat v\u011bt\u0161\u00ed hloubku, ale z\u00e1rove\u0148 nebude p\u0159\u00edli\u0161 v\u00fdrazn\u00e1 \u2013 va\u0161e minimalistick\u00e1 v\u00e1za bude v ka\u017ed\u00e9m prostoru vypadat stylov\u011b a modern\u011b.<\/p>\n<p><strong>K\u0159i\u0161\u0165\u00e1lov\u011b \u010dist\u00e9<\/strong><\/p>\n<p>Ide\u00e1ln\u00ed pr\u016fhledn\u00e1 n\u00e1doba uk\u00e1\u017ee ka\u017edou kv\u011btinu \u2013 z\u00e1kazn\u00edci budou hned od za\u010d\u00e1tku okouzleni jej\u00ed \u010distotou a pr\u016fhlednost\u00ed.<\/p>\n<p><strong>R\u016fzn\u00e9 velikosti<\/strong><\/p>\n<p>T\u0159i r\u016fzn\u00e9 velikosti, a to mal\u00e1, st\u0159edn\u00ed a velk\u00e1, pro spln\u011bn\u00ed r\u016fzn\u00fdch pot\u0159eb prostoru \u2013 va\u0161e kolekce v\u00e1z m\u016f\u017ee b\u00fdt na konferen\u010dn\u00edm stolku, v knihovn\u011b nebo na svatebn\u00edm stole.<\/p>\n<h2>Kl\u00ed\u010dov\u00e9 specifikace<\/h2>\n<table style=\"border-collapse: collapse; width: 80%; margin-left: auto; margin-right: auto;\" border=\"0\" width=\"288\" cellspacing=\"0\" cellpadding=\"0\">\n<tbody>\n<tr style=\"height: 13.50pt;\">\n<td style=\"height: 13.5pt; width: 54pt; text-align: center;\" width=\"72\" height=\"18\">Styl<\/td>\n<td style=\"width: 54pt; text-align: center;\" width=\"72\">Velikost (cm)<\/td>\n<td style=\"width: 54pt; text-align: center;\" width=\"72\">Materi\u00e1l<\/td>\n<td style=\"width: 54pt; text-align: center;\" width=\"72\">Barva<\/td>\n<\/tr>\n<tr style=\"height: 13.50pt;\">\n<td style=\"height: 13.5pt; text-align: center;\" height=\"18\">Mal\u00fd<\/td>\n<td style=\"text-align: center;\">5.0&#215;11.5&#215;2.9<\/td>\n<td class=\"et2\" style=\"text-align: center;\" rowspan=\"3\">Sklo<\/td>\n<td class=\"et2\" style=\"text-align: center;\" rowspan=\"3\">Pr\u016fhledn\u00e9 nebo vlastn\u00ed<\/td>\n<\/tr>\n<tr style=\"height: 13.50pt;\">\n<td style=\"height: 13.5pt; text-align: center;\" height=\"18\">St\u0159edn\u00ed<\/td>\n<td style=\"text-align: center;\">6,6\u00d713,0x3,7<\/td>\n<\/tr>\n<tr style=\"height: 13.50pt;\">\n<td style=\"height: 13.5pt; text-align: center;\" height=\"18\">Velk\u00fd<\/td>\n<td style=\"text-align: center;\">7.0&#215;14.6&#215;3.5<\/td>\n<\/tr>\n<\/tbody>\n<\/table>\n<h2>P\u0159\u00edpad \u00fasp\u011bchu<\/h2>\n<p>Skv\u011ble jsme spolupracovali s butikov\u00fdm kv\u011btinov\u00fdm studiem z australsk\u00e9ho Melbourne na v\u00fdrob\u011b s\u00e9rie minimalistick\u00fdch sklen\u011bn\u00fdch v\u00e1z na m\u00edru pro jejich novou \u0159adu. Zna\u010dka vytvo\u0159ila v\u00e1zy ve t\u0159ech r\u016fzn\u00fdch velikostech s diamantov\u00fdm vzorem, kter\u00fd v\u00e1zy vizu\u00e1ln\u011b sjednocuje, a z\u00e1rove\u0148 z\u016fst\u00e1v\u00e1 ka\u017ed\u00e1 odli\u0161n\u00e1. Krom\u011b toho maj\u00ed v\u00e1zy matn\u00fd povrch a je mo\u017en\u00e9 nechat si na podstavec ka\u017ed\u00e9 v\u00e1zy vygrav\u00edrovat vlastn\u00ed logo.<\/p>\n<p>Kolekce v\u00e1z se po sv\u00e9m uveden\u00ed na trh uk\u00e1zala jako nejatraktivn\u011bj\u0161\u00ed volba pro svatebn\u00ed dary a bytov\u00e9 dekorace. Prodej v\u00e1z tohoto studia vzrostl za pouh\u00e9 dva m\u011bs\u00edce o 40 %.<\/p>\n<h2>V\u00e1\u0161 n\u00e1vod na \u00fapravy<\/h2>\n<ol>\n<li><strong>P\u0159izp\u016fsoben\u00ed sou\u010d\u00e1st\u00ed:<\/strong> Aby v\u00e1za z\u00edskala elegantn\u011bj\u0161\u00ed a komplexn\u011bj\u0161\u00ed vzhled, je k dispozici n\u011bkolik mo\u017enost\u00ed, jako je n\u00e1st\u0159ik (jantarov\u00e1, kou\u0159ov\u011b \u0161ed\u00e1, matn\u00e1 ml\u00e9\u010dn\u011b b\u00edl\u00e1 atd.) nebo galvanick\u00e9 pokovov\u00e1n\u00ed se zlat\u00fdm okrajem.<\/li>\n<li><strong>Aplikace loga:<\/strong> Zna\u010dku v\u00e1zy lze nen\u00e1padn\u011b a efektivn\u011b rozpoznat pomoc\u00ed s\u00edtotisku, hork\u00e9 ra\u017eby nebo embosov\u00e1n\u00ed loga na dn\u011b nebo hrdle v\u00e1zy.<\/li>\n<\/ol>","protected":false},"excerpt":{"rendered":"<p>Elegantn\u00ed sada n\u00edzk\u00fdch sklen\u011bn\u00fdch v\u00e1z navr\u017een\u00e1 pro minimalistick\u00fd dekor. Tyto n\u00edzk\u00e9 v\u00e1zy s poup\u011bmi kr\u00e1sn\u011b zv\u00fdrazn\u00ed jednotliv\u00e9 kv\u011bty, ide\u00e1ln\u00ed na svatby, st\u016fl nebo jako d\u00e1rek.<\/p>","protected":false},"featured_media":3209,"template":"","meta":{"site-sidebar-layout":"default","site-content-layout":"","ast-site-content-layout":"default","site-content-style":"default","site-sidebar-style":"default","ast-global-header-display":"","ast-banner-title-visibility":"","ast-main-header-display":"","ast-hfb-above-header-display":"","ast-hfb-below-header-display":"","ast-hfb-mobile-header-display":"","site-post-title":"","ast-breadcrumbs-content":"","ast-featured-img":"","footer-sml-layout":"","theme-transparent-header-meta":"default","adv-header-id-meta":"","stick-header-meta":"","header-above-stick-meta":"","header-main-stick-meta":"","header-below-stick-meta":"","astra-migrate-meta-layouts":"set","ast-page-background-enabled":"default","ast-page-background-meta":{"desktop":{"background-color":"var(--ast-global-color-5)","background-image":"","background-repeat":"repeat","background-position":"center center","background-size":"auto","background-attachment":"scroll","background-type":"","background-media":"","overlay-type":"","overlay-color":"","overlay-opacity":"","overlay-gradient":""},"tablet":{"background-color":"","background-image":"","background-repeat":"repeat","background-position":"center center","background-size":"auto","background-attachment":"scroll","background-type":"","background-media":"","overlay-type":"","overlay-color":"","overlay-opacity":"","overlay-gradient":""},"mobile":{"background-color":"","background-image":"","background-repeat":"repeat","background-position":"center center","background-size":"auto","background-attachment":"scroll","background-type":"","background-media":"","overlay-type":"","overlay-color":"","overlay-opacity":"","overlay-gradient":""}},"ast-content-background-meta":{"desktop":{"background-color":"var(--ast-global-color-4)","background-image":"","background-repeat":"repeat","background-position":"center center","background-size":"auto","background-attachment":"scroll","background-type":"","background-media":"","overlay-type":"","overlay-color":"","overlay-opacity":"","overlay-gradient":""},"tablet":{"background-color":"var(--ast-global-color-4)","background-image":"","background-repeat":"repeat","background-position":"center center","background-size":"auto","background-attachment":"scroll","background-type":"","background-media":"","overlay-type":"","overlay-color":"","overlay-opacity":"","overlay-gradient":""},"mobile":{"background-color":"var(--ast-global-color-4)","background-image":"","background-repeat":"repeat","background-position":"center center","background-size":"auto","background-attachment":"scroll","background-type":"","background-media":"","overlay-type":"","overlay-color":"","overlay-opacity":"","overlay-gradient":""}}},"product_brand":[],"product_cat":[21,57],"product_tag":[],"class_list":{"0":"post-3208","1":"product","2":"type-product","3":"status-publish","4":"has-post-thumbnail","6":"product_cat-product","7":"product_cat-glass-vases","8":"desktop-align-left","9":"tablet-align-left","10":"mobile-align-left","12":"first","13":"instock","14":"shipping-taxable","15":"product-type-simple"},"jetpack_sharing_enabled":true,"_links":{"self":[{"href":"https:\/\/mostebglass.com\/cs\/wp-json\/wp\/v2\/product\/3208","targetHints":{"allow":["GET"]}}],"collection":[{"href":"https:\/\/mostebglass.com\/cs\/wp-json\/wp\/v2\/product"}],"about":[{"href":"https:\/\/mostebglass.com\/cs\/wp-json\/wp\/v2\/types\/product"}],"wp:featuredmedia":[{"embeddable":true,"href":"https:\/\/mostebglass.com\/cs\/wp-json\/wp\/v2\/media\/3209"}],"wp:attachment":[{"href":"https:\/\/mostebglass.com\/cs\/wp-json\/wp\/v2\/media?parent=3208"}],"wp:term":[{"taxonomy":"product_brand","embeddable":true,"href":"https:\/\/mostebglass.com\/cs\/wp-json\/wp\/v2\/product_brand?post=3208"},{"taxonomy":"product_cat","embeddable":true,"href":"https:\/\/mostebglass.com\/cs\/wp-json\/wp\/v2\/product_cat?post=3208"},{"taxonomy":"product_tag","embeddable":true,"href":"https:\/\/mostebglass.com\/cs\/wp-json\/wp\/v2\/product_tag?post=3208"}],"curies":[{"name":"wp","href":"https:\/\/api.w.org\/{rel}","templated":true}]}}