{"id":409,"date":"2025-08-14T17:30:04","date_gmt":"2025-08-14T09:30:04","guid":{"rendered":"https:\/\/mostebglass.com\/?post_type=product&#038;p=409"},"modified":"2026-01-26T14:15:32","modified_gmt":"2026-01-26T06:15:32","slug":"360ml-clear-candle-glass-jars-unique-geometric-embossed-design","status":"publish","type":"product","link":"https:\/\/mostebglass.com\/cs\/360ml-clear-candle-glass-jars-unique-geometric-embossed-design\/","title":{"rendered":"360ml pr\u016fhledn\u00e9 sklen\u011bn\u00e9 d\u00f3zy na sv\u00ed\u010dky \u2013 unik\u00e1tn\u00ed geometrick\u00fd reli\u00e9fn\u00ed design"},"content":{"rendered":"<p>Tyto v\u00e1lcovit\u00e9 sklen\u011bn\u00e9 d\u00f3zy na sv\u00ed\u010dky s rovn\u00fdmi svisl\u00fdmi st\u011bnami jsou vyrobeny z \u010dir\u00e9ho skla. Jejich povrch je kombinac\u00ed geometrick\u00e9 reli\u00e9fn\u00ed struktury, kter\u00e1 se skl\u00e1d\u00e1 z opakuj\u00edc\u00edch se diamantov\u00fdch a hv\u011bzdicov\u00fdch fazet, je\u017e dod\u00e1vaj\u00ed t\u011blu texturovan\u00fd vzhled brou\u0161en\u00e9ho skla. Sklo je bezbarv\u00e9 a k\u0159i\u0161\u0165\u00e1lov\u011b \u010dist\u00e9, sv\u011btlo prosv\u00edt\u00e1 skrz sklo a odr\u00e1\u017e\u00ed se od textury ve vytvo\u0159en\u00e9m vzoru. Okraj je rovn\u00fd a ploch\u00fd, bez v\u00ed\u010dka a dekorace. Design celkov\u011b p\u016fsob\u00ed symetricky, strukturovan\u011b a dekorativn\u011b, co\u017e je vhodn\u00e9 pro podporu rozptylu sv\u011btla v p\u0159\u00edpad\u011b zap\u00e1len\u00ed sv\u00ed\u010dky.<\/p>\n<h2>Vlastnosti produktu<\/h2>\n<p><strong>3D vzory hv\u011bzdic pro vizu\u00e1ln\u00ed drama:\u00a0<\/strong>Textury ve tvaru diamantu tvaruj\u00ed vzory podobn\u00e9 megahv\u011bzd\u00e1m a vytv\u00e1\u0159ej\u00ed n\u00e1dobu na sv\u00ed\u010dku, kter\u00e1 p\u016fsob\u00ed ru\u010dn\u011b vyr\u00e1b\u011bn\u00fdm a luxusn\u00edm dojmem.<\/p>\n<p><strong>Design s refrakc\u00ed sv\u011btla pro estetick\u00fd vzhled:\u00a0<\/strong>Siln\u00e9 sklo a geometrick\u00e9 lepty zvy\u0161uj\u00ed jemnou v\u016fli a prom\u011bn\u00ed va\u0161i n\u00e1dobu v ozdobn\u00fd kus, i kdy\u017e je pr\u00e1zdn\u00e1.<\/p>\n<p><strong>V\u00edce\u00fa\u010delov\u00e1 flexibilita:\u00a0<\/strong>Lze jej pou\u017e\u00edt jako d\u00f3zu na sv\u00ed\u010dky, stojan na sv\u00ed\u010dky nebo jako n\u00e1dobu do gar\u00e1\u017ee \u2013 d\u00edky sv\u00e9 v\u0161estrannosti je \u017e\u00e1dan\u00fd zna\u010dkami sv\u00ed\u010dek, kter\u00e9 hledaj\u00ed \u00fa\u010deln\u00e9 um\u011bleck\u00e9 d\u00edlo.<\/p>\n<h2>Kl\u00ed\u010dov\u00e9 specifikace<\/h2>\n<table style=\"border-collapse: collapse; width: 80%; margin-left: auto; margin-right: auto;\" border=\"0\" width=\"144\" cellspacing=\"0\" cellpadding=\"0\">\n<tbody>\n<tr style=\"height: 13.50pt;\">\n<td style=\"height: 13.50pt; width: 54.00pt;\" width=\"72\" height=\"18\">Funkce<\/td>\n<td style=\"width: 54.00pt;\" width=\"72\">Podrobnosti<\/td>\n<\/tr>\n<tr style=\"height: 13.50pt;\">\n<td style=\"height: 13.50pt;\" height=\"18\">Kapacita<\/td>\n<td>360 ml<\/td>\n<\/tr>\n<tr style=\"height: 13.50pt;\">\n<td style=\"height: 13.50pt;\" height=\"18\">Hmotnost<\/td>\n<td>500 g<\/td>\n<\/tr>\n<tr style=\"height: 13.50pt;\">\n<td style=\"height: 13.50pt;\" height=\"18\">Vzory<\/td>\n<td>R\u00fd\u017eov\u00e1 te\u010dka, te\u010dkovan\u00fd, diamant, vertik\u00e1ln\u00ed, kapka vody, hv\u011bzdicov\u00fd v\u00fdbuch<\/td>\n<\/tr>\n<tr style=\"height: 13.50pt;\">\n<td style=\"height: 13.50pt;\" height=\"18\">Rozm\u011bry<\/td>\n<td>95 * 95 * 87 mm<\/td>\n<\/tr>\n<tr style=\"height: 13.50pt;\">\n<td style=\"height: 13.50pt;\" height=\"18\">Materi\u00e1l<\/td>\n<td>K\u0159i\u0161\u0165\u00e1lov\u00e9 sklo<\/td>\n<\/tr>\n<tr style=\"height: 13.50pt;\">\n<td style=\"height: 13.50pt;\" height=\"18\">Barva<\/td>\n<td>Jasn\u00fd<\/td>\n<\/tr>\n<\/tbody>\n<\/table>\n<h2>N\u00e1pady pro zak\u00e1zkov\u00fd design<\/h2>\n<ol>\n<li><strong>Sez\u00f3nn\u00ed vzory:<\/strong>Letn\u00ed m\u00f3da se vyzna\u010duje vzorem kapek vody, zat\u00edmco zimn\u00ed m\u00f3da m\u00e1 diamantov\u00fd vzor, \u200b\u200bco\u017e vytv\u00e1\u0159\u00ed sez\u00f3nn\u00ed kolekci vonn\u00fdch sv\u00ed\u010dek ide\u00e1ln\u00ed pro dovolenou a p\u0159\u00edle\u017eitosti.<\/li>\n<li><strong>Ekologick\u00e1 obalov\u00e1 \u0159e\u0161en\u00ed:<\/strong>Propagace opakovan\u011b pou\u017eiteln\u00fdch sklen\u011bn\u00fdch sv\u00edcn\u016f s n\u00e1vrhy na jejich op\u011btovn\u00e9 pou\u017eit\u00ed, a to i jako kv\u011btin\u00e1\u010de nebo \u00falo\u017en\u00e9 prostory v kuchyni, dopl\u0148uje hodnotu a je v souladu s udr\u017eiteln\u00fdmi prvky.<\/li>\n<\/ol>\n<p>&nbsp;<\/p>\n<p>&nbsp;<\/p>","protected":false},"excerpt":{"rendered":"<p>Objevte sklen\u011bn\u00e9 d\u00f3zy na sv\u00ed\u010dky a unik\u00e1tn\u00ed d\u00f3zy na sv\u00ed\u010dky s velkoobchodn\u00edmi cenami. Ide\u00e1ln\u00ed pro luxusn\u00ed zna\u010dky sv\u00ed\u010dek, vysoce kvalitn\u00ed d\u00f3zy na sv\u00ed\u010dky a hromadn\u00e9 objedn\u00e1vky sv\u00ed\u010dek.<\/p>","protected":false},"featured_media":413,"template":"","meta":{"site-sidebar-layout":"default","site-content-layout":"","ast-site-content-layout":"default","site-content-style":"default","site-sidebar-style":"default","ast-global-header-display":"","ast-banner-title-visibility":"","ast-main-header-display":"","ast-hfb-above-header-display":"","ast-hfb-below-header-display":"","ast-hfb-mobile-header-display":"","site-post-title":"","ast-breadcrumbs-content":"","ast-featured-img":"","footer-sml-layout":"","theme-transparent-header-meta":"default","adv-header-id-meta":"","stick-header-meta":"","header-above-stick-meta":"","header-main-stick-meta":"","header-below-stick-meta":"","astra-migrate-meta-layouts":"set","ast-page-background-enabled":"default","ast-page-background-meta":{"desktop":{"background-color":"var(--ast-global-color-5)","background-image":"","background-repeat":"repeat","background-position":"center center","background-size":"auto","background-attachment":"scroll","background-type":"","background-media":"","overlay-type":"","overlay-color":"","overlay-opacity":"","overlay-gradient":""},"tablet":{"background-color":"","background-image":"","background-repeat":"repeat","background-position":"center center","background-size":"auto","background-attachment":"scroll","background-type":"","background-media":"","overlay-type":"","overlay-color":"","overlay-opacity":"","overlay-gradient":""},"mobile":{"background-color":"","background-image":"","background-repeat":"repeat","background-position":"center center","background-size":"auto","background-attachment":"scroll","background-type":"","background-media":"","overlay-type":"","overlay-color":"","overlay-opacity":"","overlay-gradient":""}},"ast-content-background-meta":{"desktop":{"background-color":"var(--ast-global-color-4)","background-image":"","background-repeat":"repeat","background-position":"center center","background-size":"auto","background-attachment":"scroll","background-type":"","background-media":"","overlay-type":"","overlay-color":"","overlay-opacity":"","overlay-gradient":""},"tablet":{"background-color":"var(--ast-global-color-4)","background-image":"","background-repeat":"repeat","background-position":"center center","background-size":"auto","background-attachment":"scroll","background-type":"","background-media":"","overlay-type":"","overlay-color":"","overlay-opacity":"","overlay-gradient":""},"mobile":{"background-color":"var(--ast-global-color-4)","background-image":"","background-repeat":"repeat","background-position":"center center","background-size":"auto","background-attachment":"scroll","background-type":"","background-media":"","overlay-type":"","overlay-color":"","overlay-opacity":"","overlay-gradient":""}}},"product_brand":[],"product_cat":[28],"product_tag":[37,38],"class_list":{"0":"post-409","1":"product","2":"type-product","3":"status-publish","4":"has-post-thumbnail","6":"product_cat-glass-candle-jars","7":"product_tag-candle-glass-jars","8":"product_tag-unique-candle-jars","9":"desktop-align-left","10":"tablet-align-left","11":"mobile-align-left","13":"first","14":"instock","15":"shipping-taxable","16":"product-type-simple"},"jetpack_sharing_enabled":true,"_links":{"self":[{"href":"https:\/\/mostebglass.com\/cs\/wp-json\/wp\/v2\/product\/409","targetHints":{"allow":["GET"]}}],"collection":[{"href":"https:\/\/mostebglass.com\/cs\/wp-json\/wp\/v2\/product"}],"about":[{"href":"https:\/\/mostebglass.com\/cs\/wp-json\/wp\/v2\/types\/product"}],"wp:featuredmedia":[{"embeddable":true,"href":"https:\/\/mostebglass.com\/cs\/wp-json\/wp\/v2\/media\/413"}],"wp:attachment":[{"href":"https:\/\/mostebglass.com\/cs\/wp-json\/wp\/v2\/media?parent=409"}],"wp:term":[{"taxonomy":"product_brand","embeddable":true,"href":"https:\/\/mostebglass.com\/cs\/wp-json\/wp\/v2\/product_brand?post=409"},{"taxonomy":"product_cat","embeddable":true,"href":"https:\/\/mostebglass.com\/cs\/wp-json\/wp\/v2\/product_cat?post=409"},{"taxonomy":"product_tag","embeddable":true,"href":"https:\/\/mostebglass.com\/cs\/wp-json\/wp\/v2\/product_tag?post=409"}],"curies":[{"name":"wp","href":"https:\/\/api.w.org\/{rel}","templated":true}]}}