{"id":414,"date":"2025-08-18T17:54:30","date_gmt":"2025-08-18T09:54:30","guid":{"rendered":"https:\/\/mostebglass.com\/?post_type=product&#038;p=414"},"modified":"2026-03-23T17:51:35","modified_gmt":"2026-03-23T09:51:35","slug":"wholesale-small-candle-containers-embossed-glass-candle-jars","status":"publish","type":"product","link":"https:\/\/mostebglass.com\/cs\/wholesale-small-candle-containers-embossed-glass-candle-jars\/","title":{"rendered":"Velkoobchodn\u00ed prodej mal\u00fdch d\u00f3z na sv\u00ed\u010dky \u2013 90ml embosovan\u00e9 sklen\u011bn\u00e9 d\u00f3zy na sv\u00ed\u010dky"},"content":{"rendered":"<p>Na\u0161e mal\u00e9 d\u00f3zy na sv\u00ed\u010dky jsou v\u00e1lcovit\u00e9 \u0159ady s n\u00edzk\u00fdm objemem 90 ml a na sv\u00e9m povrchu maj\u00ed mnoho vyra\u017een\u00fdch vzor\u016f. V\u0161echny d\u00f3zy jsou vyrobeny z vysoce kvalitn\u00edho pr\u016fhledn\u00e9ho skla se speci\u00e1ln\u00edmi vzory, jako jsou geometrick\u00e9 diamanty, vertik\u00e1ln\u00ed r\u00fdhov\u00e1n\u00ed, r\u016fzn\u00e9 tvary bublin v kruz\u00edch nebo vzory v antick\u00e9m stylu. Sklen\u011bn\u00e9 st\u011bny jsou tak\u00e9 extr\u00e9mn\u011b siln\u00e9, aby byla zaji\u0161t\u011bna jejich v\u011bt\u0161\u00ed odolnost a aby st\u011bny m\u011bly luxusn\u00ed vzhled. Pr\u016fhledn\u00e1 povrchov\u00e1 \u00faprava umo\u017e\u0148uje kr\u00e1sn\u00e9 rozptylov\u00e1n\u00ed sv\u011btla sv\u00ed\u010dky a dod\u00e1v\u00e1 jim tepl\u00fd a dekorativn\u00ed vzhled.<\/p>\n<h2>Aplikace<\/h2>\n<p>Tyto pr\u00e1zdn\u00e9 sklen\u011bn\u00e9 d\u00f3zy na sv\u00ed\u010dky jsou vhodn\u00e9 do vo\u0148av\u00fdch sv\u00ed\u010dek, votivn\u00edch sv\u00ed\u010dek, produkt\u016f ve velikosti vzork\u016f a dal\u0161\u00edch mal\u00fdch v\u00fdrobk\u016f. Mohou b\u00fdt pou\u017eity v interi\u00e9rov\u00e9 \u200b\u200bv\u00fdzdob\u011b a stylingu akc\u00ed, d\u00e1rkov\u00fdch sad\u00e1ch a pohostinsk\u00fdch slu\u017eb\u00e1ch s dekorativn\u00edmi t\u00e9maty. Toto balen\u00ed o objemu 90 ml mohou pou\u017e\u00edvat zejm\u00e9na zna\u010dky a velkoobchodn\u00edci v bal\u00ed\u010dc\u00edch a propaga\u010dn\u00edch \u0159ad\u00e1ch nebo v kolekc\u00edch s vysokou fluktuac\u00ed v maloobchodn\u00edch prodejn\u00e1ch.<\/p>\n<h2>Kl\u00ed\u010dov\u00e9 specifikace<\/h2>\n<p>&nbsp;<\/p>\n<table style=\"border-collapse: collapse; width: 80%; margin-left: auto; margin-right: auto;\" border=\"0\" width=\"144\" cellspacing=\"0\" cellpadding=\"0\">\n<tbody>\n<tr style=\"height: 13.50pt;\">\n<td style=\"height: 13.50pt; width: 54.00pt;\" width=\"72\" height=\"18\">Funkce<\/td>\n<td style=\"width: 54.00pt;\" width=\"72\">Podrobnosti<\/td>\n<\/tr>\n<tr style=\"height: 13.50pt;\">\n<td style=\"height: 13.50pt;\" height=\"18\">Kapacita<\/td>\n<td>90 ml (pr\u016fm\u011br 55 mm, pr\u016fm\u011br dna 52 mm, v\u00fd\u0161ka 65 mm)<\/td>\n<\/tr>\n<tr style=\"height: 13.50pt;\">\n<td style=\"height: 13.50pt;\" height=\"18\">Hmotnost<\/td>\n<td>120 g<\/td>\n<\/tr>\n<tr style=\"height: 13.50pt;\">\n<td style=\"height: 13.50pt;\" height=\"18\">Vzory<\/td>\n<td>\u0160nek, te\u010dkovan\u00fd, koso\u010dtverec, vertik\u00e1ln\u00ed, pampeli\u0161ka, spir\u00e1la, slune\u010dnice, obd\u00e9ln\u00edkov\u00e9 te\u010dky, v\u011bj\u00ed\u0159ovit\u00fd, vertik\u00e1ln\u00ed te\u010dky<\/td>\n<\/tr>\n<tr style=\"height: 13.50pt;\">\n<td style=\"height: 13.50pt;\" height=\"18\">Materi\u00e1l<\/td>\n<td>Sodnov\u00e1penat\u00e9 sklo<\/td>\n<\/tr>\n<tr style=\"height: 13.50pt;\">\n<td style=\"height: 13.50pt;\" height=\"18\">Mo\u017enosti p\u0159izp\u016fsoben\u00ed<\/td>\n<td>Barva, logo, v\u00edko, tvar, velikost, obalov\u00e1 krabice<\/td>\n<\/tr>\n<\/tbody>\n<\/table>\n<h2>Vlastnosti produktu<\/h2>\n<ul>\n<li data-section-id=\"15qnsrz\" data-start=\"867\" data-end=\"932\">R\u016fzn\u00e9 reli\u00e9fn\u00ed vzory pro diferencovan\u00e9 produktov\u00e9 \u0159ady<\/li>\n<li data-section-id=\"1itew8e\" data-start=\"933\" data-end=\"1000\">Kompaktn\u00ed objem 90 ml, ide\u00e1ln\u00ed pro cestovn\u00ed a vzorkov\u00e9 sv\u00ed\u010dky<\/li>\n<li data-section-id=\"12u51z5\" data-start=\"1001\" data-end=\"1056\">Siln\u00e9, odoln\u00e9 sklo s vynikaj\u00edc\u00edm rozptylem sv\u011btla<\/li>\n<\/ul>\n<h2>Tipy pro p\u0159izp\u016fsoben\u00ed<\/h2>\n<ol>\n<li><strong>V\u00edko\/Balen\u00ed\/Ozna\u010dov\u00e1n\u00ed<\/strong>Zvy\u0161te hodnotu produktu poskytnut\u00edm vhodn\u00e9ho p\u0159\u00edslu\u0161enstv\u00ed a mo\u017enost\u00ed balen\u00ed \u2013 v\u00ed\u010dka na m\u00edru (kovov\u00e1, bambusov\u00e1, d\u0159ev\u011bn\u00e1, korkov\u00e1), vnit\u0159n\u00ed balen\u00ed (p\u011bnov\u00e9 pol\u0161t\u00e1\u0159e, kraftov\u00e9 krabice, d\u00e1rkov\u00e9 sady), sady s v\u00edce sklenicemi (maloobchodn\u00ed nebo propaga\u010dn\u00ed).<\/li>\n<li><strong>Interaktivn\u00ed balen\u00ed pro velkoobchodn\u00edky se sv\u00ed\u010dkami:<\/strong>P\u0159idejte do krabice od sv\u00ed\u010dky QR k\u00f3d s odkazem na p\u0159\u00edb\u011bh va\u0161\u00ed zna\u010dky nebo vzd\u011bl\u00e1vac\u00ed materi\u00e1l o sv\u00ed\u010dk\u00e1ch. To nejen\u017ee u\u010d\u00ed z\u00e1kazn\u00edky, ale tak\u00e9 buduje d\u016fv\u011bru ve v\u00e1s.<\/li>\n<\/ol>","protected":false},"excerpt":{"rendered":"<p>Objevte mal\u00e9 d\u00f3zy na sv\u00ed\u010dky o objemu 90 ml s reli\u00e9fn\u00edmi vzory. Tyto pr\u00e1zdn\u00e9 d\u00f3zy na sv\u00ed\u010dky jsou ide\u00e1ln\u00ed pro vonn\u00e9 sv\u00ed\u010dky, d\u00e1rkov\u00e9 sady a velkoobchodn\u00ed \u00fapravy pro zna\u010dky.<\/p>","protected":false},"featured_media":4878,"template":"","meta":{"site-sidebar-layout":"default","site-content-layout":"","ast-site-content-layout":"default","site-content-style":"default","site-sidebar-style":"default","ast-global-header-display":"","ast-banner-title-visibility":"","ast-main-header-display":"","ast-hfb-above-header-display":"","ast-hfb-below-header-display":"","ast-hfb-mobile-header-display":"","site-post-title":"","ast-breadcrumbs-content":"","ast-featured-img":"","footer-sml-layout":"","theme-transparent-header-meta":"default","adv-header-id-meta":"","stick-header-meta":"","header-above-stick-meta":"","header-main-stick-meta":"","header-below-stick-meta":"","astra-migrate-meta-layouts":"set","ast-page-background-enabled":"default","ast-page-background-meta":{"desktop":{"background-color":"var(--ast-global-color-5)","background-image":"","background-repeat":"repeat","background-position":"center center","background-size":"auto","background-attachment":"scroll","background-type":"","background-media":"","overlay-type":"","overlay-color":"","overlay-opacity":"","overlay-gradient":""},"tablet":{"background-color":"","background-image":"","background-repeat":"repeat","background-position":"center center","background-size":"auto","background-attachment":"scroll","background-type":"","background-media":"","overlay-type":"","overlay-color":"","overlay-opacity":"","overlay-gradient":""},"mobile":{"background-color":"","background-image":"","background-repeat":"repeat","background-position":"center center","background-size":"auto","background-attachment":"scroll","background-type":"","background-media":"","overlay-type":"","overlay-color":"","overlay-opacity":"","overlay-gradient":""}},"ast-content-background-meta":{"desktop":{"background-color":"var(--ast-global-color-4)","background-image":"","background-repeat":"repeat","background-position":"center center","background-size":"auto","background-attachment":"scroll","background-type":"","background-media":"","overlay-type":"","overlay-color":"","overlay-opacity":"","overlay-gradient":""},"tablet":{"background-color":"var(--ast-global-color-4)","background-image":"","background-repeat":"repeat","background-position":"center center","background-size":"auto","background-attachment":"scroll","background-type":"","background-media":"","overlay-type":"","overlay-color":"","overlay-opacity":"","overlay-gradient":""},"mobile":{"background-color":"var(--ast-global-color-4)","background-image":"","background-repeat":"repeat","background-position":"center center","background-size":"auto","background-attachment":"scroll","background-type":"","background-media":"","overlay-type":"","overlay-color":"","overlay-opacity":"","overlay-gradient":""}}},"product_brand":[],"product_cat":[28,21],"product_tag":[39,40],"class_list":{"0":"post-414","1":"product","2":"type-product","3":"status-publish","4":"has-post-thumbnail","6":"product_cat-glass-candle-jars","7":"product_cat-product","8":"product_tag-candle-jar","9":"product_tag-empty-candle-jar","10":"desktop-align-left","11":"tablet-align-left","12":"mobile-align-left","14":"first","15":"instock","16":"shipping-taxable","17":"product-type-simple"},"jetpack_sharing_enabled":true,"_links":{"self":[{"href":"https:\/\/mostebglass.com\/cs\/wp-json\/wp\/v2\/product\/414","targetHints":{"allow":["GET"]}}],"collection":[{"href":"https:\/\/mostebglass.com\/cs\/wp-json\/wp\/v2\/product"}],"about":[{"href":"https:\/\/mostebglass.com\/cs\/wp-json\/wp\/v2\/types\/product"}],"wp:featuredmedia":[{"embeddable":true,"href":"https:\/\/mostebglass.com\/cs\/wp-json\/wp\/v2\/media\/4878"}],"wp:attachment":[{"href":"https:\/\/mostebglass.com\/cs\/wp-json\/wp\/v2\/media?parent=414"}],"wp:term":[{"taxonomy":"product_brand","embeddable":true,"href":"https:\/\/mostebglass.com\/cs\/wp-json\/wp\/v2\/product_brand?post=414"},{"taxonomy":"product_cat","embeddable":true,"href":"https:\/\/mostebglass.com\/cs\/wp-json\/wp\/v2\/product_cat?post=414"},{"taxonomy":"product_tag","embeddable":true,"href":"https:\/\/mostebglass.com\/cs\/wp-json\/wp\/v2\/product_tag?post=414"}],"curies":[{"name":"wp","href":"https:\/\/api.w.org\/{rel}","templated":true}]}}