{"id":424,"date":"2025-08-14T17:38:02","date_gmt":"2025-08-14T09:38:02","guid":{"rendered":"https:\/\/mostebglass.com\/?post_type=product&#038;p=424"},"modified":"2026-02-09T12:02:29","modified_gmt":"2026-02-09T04:02:29","slug":"190ml-diamond-cut-glass-vessels-candle-drinkware-solution","status":"publish","type":"product","link":"https:\/\/mostebglass.com\/cs\/190ml-diamond-cut-glass-vessels-candle-drinkware-solution\/","title":{"rendered":"190ml sklen\u011bn\u00e9 n\u00e1doby s diamantov\u00fdm v\u00fdbrusem | \u0158e\u0161en\u00ed pro sv\u00ed\u010dky a n\u00e1poje"},"content":{"rendered":"<p>Tato sklen\u011bn\u00e1 n\u00e1doba o objemu 190 ml je vyrobena z bezolovnat\u00e9ho sodno-v\u00e1penat\u00e9ho skla v\u00e1lcovit\u00e9ho tvaru s rovn\u00fdmi st\u011bnami a velmi siln\u00fdm a stabiln\u00edm dnem. Vn\u011bj\u0161\u00ed strana m\u00e1 texturovan\u00fd povrch s diamantov\u00fdm v\u00fdbrusem, kter\u00fd j\u00ed dod\u00e1v\u00e1 vynikaj\u00edc\u00ed pocit p\u0159i dr\u017een\u00ed a vzhled odrazu sv\u011btla. Pr\u016fhledn\u00e9 sklen\u011bn\u00e9 t\u011blo je um\u00edst\u011bno tak, aby designu dod\u00e1valo v\u011bt\u0161\u00ed hloubku a zaj\u00edmavost, proto\u017ee p\u0159i pou\u017eit\u00ed jako n\u00e1doby na sv\u00ed\u010dky m\u016f\u017ee sv\u011btlo prosv\u00edtat i skrz sv\u011btlo sv\u00ed\u010dky.<\/p>\n<h2>Aplikace<\/h2>\n<p>Jeho materi\u00e1l je bezpe\u010dn\u00fd pro potraviny a neobsahuje olovo a jeho tvar je pohodln\u00fd, tak\u017ee jej lze po \u0159\u00e1dn\u00e9m vy\u010di\u0161t\u011bn\u00ed znovu pou\u017e\u00edt jako sklenici na whisky nebo koktejl, co\u017e zaru\u010duje udr\u017eiteln\u00e9 a v\u00edce\u00fa\u010delov\u00e9 vyu\u017eit\u00ed. Hod\u00ed se do vonn\u00fdch sv\u00ed\u010dek, dekorativn\u00edch sv\u00ed\u010dek, d\u00e1rkov\u00fdch sad, bytov\u00fdch dekorac\u00ed, pohostinstv\u00ed a ekologicky uv\u011bdom\u011bl\u00fdch zna\u010dek, kter\u00e9 kladou d\u016fraz na formu i funk\u010dnost.<\/p>\n<h2>Vlastnosti produktu<\/h2>\n<p><strong>Vo\u0161tinov\u00e1 textura pro hmatov\u00fd efekt:\u00a0<\/strong>Trojrozm\u011brn\u00e1 \u0161esti\u00faheln\u00edkov\u00e1 m\u0159\u00ed\u017eka dod\u00e1v\u00e1 sv\u00ed\u010dce vizu\u00e1ln\u00ed zaj\u00edmavost a z\u00e1rove\u0148 poskytuje protiskluzov\u00fd povrch pro vyv\u00e1\u017een\u00ed n\u00e1doby na sv\u00ed\u010dku.<\/p>\n<p><strong>V\u00edce\u00fa\u010delov\u00fd design pro flexibilitu:\u00a0<\/strong>Lze jej pou\u017e\u00edt jako n\u00e1dobu na sv\u00ed\u010dky, esenci\u00e1ln\u00ed oleje nebo jako dekorativn\u00ed \u00falo\u017en\u00fd prostor \u2013 d\u00edky sv\u00e9 p\u0159izp\u016fsobivosti je \u017e\u00e1dan\u00fd v\u00fdrobci sv\u00ed\u010dek, kte\u0159\u00ed hledaj\u00ed funk\u010dn\u00ed um\u011bn\u00ed.<\/p>\n<h2>Kl\u00ed\u010dov\u00e9 specifikace<\/h2>\n<table style=\"border-collapse: collapse; width: 80%; margin-left: auto; margin-right: auto;\" border=\"0\" width=\"144\" cellspacing=\"0\" cellpadding=\"0\">\n<tbody>\n<tr style=\"height: 13.50pt;\">\n<td style=\"height: 13.50pt; width: 54.00pt;\" width=\"72\" height=\"18\">Funkce<\/td>\n<td style=\"width: 54.00pt;\" width=\"72\">Podrobnosti<\/td>\n<\/tr>\n<tr style=\"height: 13.50pt;\">\n<td style=\"height: 13.50pt;\" height=\"18\">Kapacita<\/td>\n<td>190 ml<\/td>\n<\/tr>\n<tr style=\"height: 13.50pt;\">\n<td style=\"height: 13.50pt;\" height=\"18\">Vzor<\/td>\n<td>Vo\u0161tinov\u00e1 m\u0159\u00ed\u017eka (3D textura)<\/td>\n<\/tr>\n<tr style=\"height: 13.50pt;\">\n<td style=\"height: 13.50pt;\" height=\"18\">Rozm\u011bry<\/td>\n<td>70*70*75 mm<\/td>\n<\/tr>\n<tr style=\"height: 13.50pt;\">\n<td style=\"height: 13.50pt;\" height=\"18\">Materi\u00e1l<\/td>\n<td>Bezolovnat\u00e9 sodnov\u00e1penat\u00e9 sklo<\/td>\n<\/tr>\n<tr style=\"height: 13.50pt;\">\n<td style=\"height: 13.50pt;\" height=\"18\">Barva<\/td>\n<td>Pr\u016fhledn\u00e1 a va\u0161e vlastn\u00ed barva<\/td>\n<\/tr>\n<\/tbody>\n<\/table>\n<h2>Tipy pro pokro\u010dil\u00e9 p\u0159izp\u016fsoben\u00ed<\/h2>\n<ol>\n<li><strong>Vo\u0161tinov\u00e9 stohovateln\u00e9 syst\u00e9my:<\/strong>Navrhn\u011bte v\u00ed\u010dka d\u00f3z na sv\u00ed\u010dky s do sebe zapadaj\u00edc\u00edmi okraji, aby se d\u00f3zy na sv\u00ed\u010dky daly stohovat svisle. Tento trik na \u00fasporu m\u00edsta je nejlep\u0161\u00ed pro velkoodb\u011bratele sv\u00ed\u010dek, kte\u0159\u00ed pot\u0159ebuj\u00ed d\u00f3zy na sv\u00ed\u010dky vhodn\u00e9 do gar\u00e1\u017ee, ani\u017e by museli ob\u011btovat m\u00f3dn\u00ed styl.<\/li>\n<li><strong>Interaktivn\u00ed balen\u00ed:<\/strong>P\u0159idejte na v\u00ed\u010dko d\u00f3zy na sv\u00ed\u010dky QR k\u00f3d s odkazem na n\u00e1vod, jak d\u00f3zy na sv\u00ed\u010dky doplnit a znovu pou\u017e\u00edt. T\u00edm vzd\u011bl\u00e1te z\u00e1kazn\u00edky a zv\u00fd\u0161\u00edte d\u016fv\u011bru ve va\u0161e \u00fa\u017easn\u00e9 d\u00f3zy na sv\u00ed\u010dky.<\/li>\n<\/ol>","protected":false},"excerpt":{"rendered":"<p>Pr\u00e9miov\u00e1 sklen\u011bn\u00e1 n\u00e1doba o objemu 190 ml z bezolovnat\u00e9ho skla s diamantov\u00fdm brusem pro velkoobchodn\u00ed prodej. Na sv\u00ed\u010dky, koktejly, dekorace a d\u00e1rkov\u00e9 sady. Opakovan\u011b pou\u017eiteln\u00e1, elegantn\u00ed a ekologick\u00e1.<\/p>","protected":false},"featured_media":426,"template":"","meta":{"site-sidebar-layout":"default","site-content-layout":"","ast-site-content-layout":"default","site-content-style":"default","site-sidebar-style":"default","ast-global-header-display":"","ast-banner-title-visibility":"","ast-main-header-display":"","ast-hfb-above-header-display":"","ast-hfb-below-header-display":"","ast-hfb-mobile-header-display":"","site-post-title":"","ast-breadcrumbs-content":"","ast-featured-img":"","footer-sml-layout":"","theme-transparent-header-meta":"default","adv-header-id-meta":"","stick-header-meta":"","header-above-stick-meta":"","header-main-stick-meta":"","header-below-stick-meta":"","astra-migrate-meta-layouts":"set","ast-page-background-enabled":"default","ast-page-background-meta":{"desktop":{"background-color":"var(--ast-global-color-5)","background-image":"","background-repeat":"repeat","background-position":"center center","background-size":"auto","background-attachment":"scroll","background-type":"","background-media":"","overlay-type":"","overlay-color":"","overlay-opacity":"","overlay-gradient":""},"tablet":{"background-color":"","background-image":"","background-repeat":"repeat","background-position":"center center","background-size":"auto","background-attachment":"scroll","background-type":"","background-media":"","overlay-type":"","overlay-color":"","overlay-opacity":"","overlay-gradient":""},"mobile":{"background-color":"","background-image":"","background-repeat":"repeat","background-position":"center center","background-size":"auto","background-attachment":"scroll","background-type":"","background-media":"","overlay-type":"","overlay-color":"","overlay-opacity":"","overlay-gradient":""}},"ast-content-background-meta":{"desktop":{"background-color":"var(--ast-global-color-4)","background-image":"","background-repeat":"repeat","background-position":"center center","background-size":"auto","background-attachment":"scroll","background-type":"","background-media":"","overlay-type":"","overlay-color":"","overlay-opacity":"","overlay-gradient":""},"tablet":{"background-color":"var(--ast-global-color-4)","background-image":"","background-repeat":"repeat","background-position":"center center","background-size":"auto","background-attachment":"scroll","background-type":"","background-media":"","overlay-type":"","overlay-color":"","overlay-opacity":"","overlay-gradient":""},"mobile":{"background-color":"var(--ast-global-color-4)","background-image":"","background-repeat":"repeat","background-position":"center center","background-size":"auto","background-attachment":"scroll","background-type":"","background-media":"","overlay-type":"","overlay-color":"","overlay-opacity":"","overlay-gradient":""}}},"product_brand":[],"product_cat":[28,21],"product_tag":[43,45],"class_list":{"0":"post-424","1":"product","2":"type-product","3":"status-publish","4":"has-post-thumbnail","6":"product_cat-glass-candle-jars","7":"product_cat-product","8":"product_tag-candles-jars","9":"product_tag-unique-jar-candles","10":"desktop-align-left","11":"tablet-align-left","12":"mobile-align-left","14":"first","15":"instock","16":"shipping-taxable","17":"product-type-simple"},"jetpack_sharing_enabled":true,"_links":{"self":[{"href":"https:\/\/mostebglass.com\/cs\/wp-json\/wp\/v2\/product\/424","targetHints":{"allow":["GET"]}}],"collection":[{"href":"https:\/\/mostebglass.com\/cs\/wp-json\/wp\/v2\/product"}],"about":[{"href":"https:\/\/mostebglass.com\/cs\/wp-json\/wp\/v2\/types\/product"}],"wp:featuredmedia":[{"embeddable":true,"href":"https:\/\/mostebglass.com\/cs\/wp-json\/wp\/v2\/media\/426"}],"wp:attachment":[{"href":"https:\/\/mostebglass.com\/cs\/wp-json\/wp\/v2\/media?parent=424"}],"wp:term":[{"taxonomy":"product_brand","embeddable":true,"href":"https:\/\/mostebglass.com\/cs\/wp-json\/wp\/v2\/product_brand?post=424"},{"taxonomy":"product_cat","embeddable":true,"href":"https:\/\/mostebglass.com\/cs\/wp-json\/wp\/v2\/product_cat?post=424"},{"taxonomy":"product_tag","embeddable":true,"href":"https:\/\/mostebglass.com\/cs\/wp-json\/wp\/v2\/product_tag?post=424"}],"curies":[{"name":"wp","href":"https:\/\/api.w.org\/{rel}","templated":true}]}}