{"id":4521,"date":"2026-02-28T15:44:08","date_gmt":"2026-02-28T07:44:08","guid":{"rendered":"https:\/\/mostebglass.com\/?post_type=product&#038;p=4521"},"modified":"2026-02-28T15:51:22","modified_gmt":"2026-02-28T07:51:22","slug":"dual-use-colored-glass-candle-stand-holders-bulk","status":"publish","type":"product","link":"https:\/\/mostebglass.com\/cs\/dual-use-colored-glass-candle-stand-holders-bulk\/","title":{"rendered":"Sv\u00edcny z barevn\u00e9ho skla s dvoj\u00edm pou\u017eit\u00edm, velkoobchod"},"content":{"rendered":"<p>Tato s\u00e9rie je sklen\u011bn\u00e1 n\u00e1doba na sv\u00ed\u010dky s dvoj\u00edm pou\u017eit\u00edm (stojan na sv\u00ed\u010dku a d\u00f3za na sv\u00ed\u010dku), kter\u00e1 m\u00e1 plasticky tvarovanou \u017eebrovanou a tvrdou z\u00e1kladnu s horn\u00ed stranou n\u00e1doby s vertik\u00e1ln\u00edmi \u017el\u00e1bky. Sestaven\u00e1 produktov\u00e1 \u0159ada se skl\u00e1d\u00e1 z r\u016fzn\u00fdch struktur\u00e1ln\u00edch variant a m\u00e1 stup\u0148ovit\u00fd, v\u00e1lcov\u00fd i m\u00edrn\u011b roz\u0161\u00ed\u0159en\u00fd tvar, v\u0161echny s harmonizovan\u00fdm geometrick\u00fdm tvarem. Povrch je dopln\u011bn line\u00e1rn\u00edmi reli\u00e9fn\u00edmi texturami, kter\u00e9 p\u0159isp\u00edvaj\u00ed k lomu sv\u011btla a dod\u00e1vaj\u00ed jemnou z\u00e1\u0159i p\u0159i ho\u0159en\u00ed sv\u00ed\u010dek.<\/p>\n<figure id=\"attachment_4526\" aria-describedby=\"caption-attachment-4526\" style=\"width: 500px\" class=\"wp-caption aligncenter\"><img fetchpriority=\"high\" decoding=\"async\" class=\"wp-image-4526\" title=\"sklen\u011bn\u00e9 dr\u017e\u00e1ky na sv\u00ed\u010dky\" src=\"https:\/\/mostebglass.com\/wp-content\/uploads\/2026\/02\/glass-Candle-Stand-Holders.webp\" alt=\"sklen\u011bn\u00e9 dr\u017e\u00e1ky na sv\u00ed\u010dky\" width=\"500\" height=\"500\" srcset=\"https:\/\/mostebglass.com\/wp-content\/uploads\/2026\/02\/glass-Candle-Stand-Holders.webp 1024w, https:\/\/mostebglass.com\/wp-content\/uploads\/2026\/02\/glass-Candle-Stand-Holders-768x768.webp 768w, https:\/\/mostebglass.com\/wp-content\/uploads\/2026\/02\/glass-Candle-Stand-Holders-12x12.webp 12w, https:\/\/mostebglass.com\/wp-content\/uploads\/2026\/02\/glass-Candle-Stand-Holders-300x300.webp 300w, https:\/\/mostebglass.com\/wp-content\/uploads\/2026\/02\/glass-Candle-Stand-Holders-600x600.webp 600w, https:\/\/mostebglass.com\/wp-content\/uploads\/2026\/02\/glass-Candle-Stand-Holders-100x100.webp 100w\" sizes=\"(max-width: 500px) 100vw, 500px\" \/><figcaption id=\"caption-attachment-4526\" class=\"wp-caption-text\">sv\u00edcny z jantarov\u00e9ho skla<\/figcaption><\/figure>\n<p>Barevn\u00e9 varianty zahrnuj\u00ed mimo jin\u00e9 pr\u016fhledn\u00e9 a jasn\u00e9, tepl\u00e9 a atmosf\u00e9rick\u00e9, kter\u00e9 jsou k dispozici v \u010dir\u00e9m, r\u016f\u017eov\u00e9m, jantarov\u00e9m, zelen\u00e9m a \u0161ed\u00e9m skle. Sklen\u011bn\u00e1 konstrukce je siln\u00e1, co\u017e ji \u010din\u00ed stabiln\u00ed a m\u00e1 dlouhou \u017eivotnost.<\/p>\n<h2>Kl\u00ed\u010dov\u00e9 specifikace<\/h2>\n<table style=\"border-collapse: collapse; width: 80%; margin-left: auto; margin-right: auto;\" border=\"0\" width=\"80%\" cellspacing=\"0\" cellpadding=\"0\">\n<tbody>\n<tr style=\"height: 13.50pt;\">\n<td style=\"height: 13.50pt; width: 137.25pt;\" width=\"183\" height=\"18\">Funkce<\/td>\n<td style=\"width: 270.00pt;\" width=\"360\">K dispozici na obou konc\u00edch<\/td>\n<\/tr>\n<tr style=\"height: 13.50pt;\">\n<td style=\"height: 13.50pt;\" height=\"18\">Tvar<\/td>\n<td>Kolo<\/td>\n<\/tr>\n<tr style=\"height: 13.50pt;\">\n<td style=\"height: 13.50pt;\" height=\"18\">Materi\u00e1l<\/td>\n<td>Bezolovnat\u00e9 sklo sodno-v\u00e1penat\u00e9<\/td>\n<\/tr>\n<tr style=\"height: 13.50pt;\">\n<td style=\"height: 13.50pt;\" height=\"18\">Styl<\/td>\n<td>modern\u00ed<\/td>\n<\/tr>\n<tr style=\"height: 13.50pt;\">\n<td style=\"height: 13.50pt;\" height=\"18\">Velikost<\/td>\n<td>Obr\u00e1zek v\u00fd\u0161e je ozna\u010den<\/td>\n<\/tr>\n<tr style=\"height: 13.50pt;\">\n<td style=\"height: 13.50pt;\" height=\"18\">Povrchov\u00e1 \u00faprava<\/td>\n<td>Reli\u00e9fn\u00ed<\/td>\n<\/tr>\n<tr style=\"height: 13.50pt;\">\n<td style=\"height: 13.50pt;\" height=\"18\">Barvy<\/td>\n<td>Pr\u016fhledn\u00e1, jantarov\u00e1, zelen\u00e1, r\u016f\u017eov\u00e1, \u0161ed\u00e1<\/td>\n<\/tr>\n<tr style=\"height: 13.50pt;\">\n<td style=\"height: 13.50pt;\" height=\"18\">Mo\u017enosti p\u0159izp\u016fsoben\u00ed<\/td>\n<td>Barva, velikost, logo, p\u0159\u00edslu\u0161enstv\u00ed, balen\u00ed<\/td>\n<\/tr>\n<\/tbody>\n<\/table>\n<h2>Aplikace<\/h2>\n<p>Tato televizn\u00ed show je zam\u011b\u0159ena na dva \u00fa\u010dely. Jedna strana zahrnuje sloupkov\u00e9 sv\u00ed\u010dky nebo mal\u00e9 n\u00e1dobky a druh\u00e1 zu\u017euj\u00edc\u00ed se sv\u00ed\u010dky, kter\u00e9 lze pou\u017e\u00edt k uspokojen\u00ed pot\u0159eb flexibiln\u00edho stylu v bytov\u00fdch dekorac\u00edch, pohostinstv\u00ed, na svatb\u00e1ch a v sez\u00f3nn\u00edch dekorac\u00edch. Ornament\u00e1ln\u00ed textura a rozmanitost barev \u010din\u00ed produkty funk\u010dn\u00edmi v maloobchodn\u00edch prodejn\u00e1ch sv\u00ed\u010dek, lifestylov\u00e9m maloobchod\u011b, d\u00e1rkov\u00fdch kolekc\u00edch a dekora\u010dn\u00edch projektech zahrnuj\u00edc\u00edch akce.<\/p>\n<h2>N\u00e1vrhy pro B2B kupuj\u00edc\u00ed: P\u0159izp\u016fsoben\u00ed<\/h2>\n<ul>\n<li>Grav\u00edrov\u00e1n\u00ed nebo ra\u017eba loga nebo s\u00edtotisk.<\/li>\n<li>Zna\u010dkov\u00e9 kartony, zak\u00e1zkov\u00e9 balen\u00ed (d\u00e1rkov\u00e1 krabi\u010dka, vlo\u017eka, krabice) a d\u00e1rkov\u00e9 krabi\u010dky, zak\u00e1zkov\u00e9 balen\u00ed (d\u00e1rkov\u00e1 krabi\u010dka, vlo\u017eka, krabice).<\/li>\n<li>zm\u011bny velikosti popt\u00e1vky u ur\u010dit\u00fdch velikost\u00ed sv\u00ed\u010dek.<\/li>\n<li>Maloobchodn\u00ed kolekce. V\u00fdvoj priv\u00e1tn\u00edch zna\u010dek.<\/li>\n<\/ul>\n<p>Tato \u0159ada up\u0159ednost\u0148uje jak estetick\u00e9 um\u00edst\u011bn\u00ed v maloobchod\u011b, tak i pracovn\u00ed vyu\u017eit\u00ed sv\u00edcn\u016f, kter\u00e9 poskytuj\u00ed vynikaj\u00edc\u00ed vizu\u00e1ln\u00ed odli\u0161en\u00ed zna\u010dky majitel\u016fm zna\u010dek i velkoobchodn\u00edk\u016fm.<\/p>","protected":false},"excerpt":{"rendered":"<p>Sklen\u011bn\u00e9 sv\u00edcny s dvojit\u00fdm pou\u017eit\u00edm v \u010dir\u00e9, r\u016f\u017eov\u00e9, jantarov\u00e9, zelen\u00e9 a \u0161ed\u00e9 barv\u011b. Vhodn\u00e9 pro sloupkov\u00e9 i ku\u017eelovit\u00e9 sv\u00ed\u010dky. Ide\u00e1ln\u00ed pro maloobchod, dekorace a projekty priv\u00e1tn\u00edch zna\u010dek.<\/p>","protected":false},"featured_media":4522,"template":"","meta":{"site-sidebar-layout":"default","site-content-layout":"","ast-site-content-layout":"default","site-content-style":"default","site-sidebar-style":"default","ast-global-header-display":"","ast-banner-title-visibility":"","ast-main-header-display":"","ast-hfb-above-header-display":"","ast-hfb-below-header-display":"","ast-hfb-mobile-header-display":"","site-post-title":"","ast-breadcrumbs-content":"","ast-featured-img":"","footer-sml-layout":"","theme-transparent-header-meta":"default","adv-header-id-meta":"","stick-header-meta":"","header-above-stick-meta":"","header-main-stick-meta":"","header-below-stick-meta":"","astra-migrate-meta-layouts":"set","ast-page-background-enabled":"default","ast-page-background-meta":{"desktop":{"background-color":"var(--ast-global-color-5)","background-image":"","background-repeat":"repeat","background-position":"center center","background-size":"auto","background-attachment":"scroll","background-type":"","background-media":"","overlay-type":"","overlay-color":"","overlay-opacity":"","overlay-gradient":""},"tablet":{"background-color":"","background-image":"","background-repeat":"repeat","background-position":"center center","background-size":"auto","background-attachment":"scroll","background-type":"","background-media":"","overlay-type":"","overlay-color":"","overlay-opacity":"","overlay-gradient":""},"mobile":{"background-color":"","background-image":"","background-repeat":"repeat","background-position":"center center","background-size":"auto","background-attachment":"scroll","background-type":"","background-media":"","overlay-type":"","overlay-color":"","overlay-opacity":"","overlay-gradient":""}},"ast-content-background-meta":{"desktop":{"background-color":"var(--ast-global-color-4)","background-image":"","background-repeat":"repeat","background-position":"center center","background-size":"auto","background-attachment":"scroll","background-type":"","background-media":"","overlay-type":"","overlay-color":"","overlay-opacity":"","overlay-gradient":""},"tablet":{"background-color":"var(--ast-global-color-4)","background-image":"","background-repeat":"repeat","background-position":"center center","background-size":"auto","background-attachment":"scroll","background-type":"","background-media":"","overlay-type":"","overlay-color":"","overlay-opacity":"","overlay-gradient":""},"mobile":{"background-color":"var(--ast-global-color-4)","background-image":"","background-repeat":"repeat","background-position":"center center","background-size":"auto","background-attachment":"scroll","background-type":"","background-media":"","overlay-type":"","overlay-color":"","overlay-opacity":"","overlay-gradient":""}}},"product_brand":[],"product_cat":[28,21],"product_tag":[],"class_list":{"0":"post-4521","1":"product","2":"type-product","3":"status-publish","4":"has-post-thumbnail","6":"product_cat-glass-candle-jars","7":"product_cat-product","8":"desktop-align-left","9":"tablet-align-left","10":"mobile-align-left","12":"first","13":"instock","14":"shipping-taxable","15":"product-type-simple"},"jetpack_sharing_enabled":true,"_links":{"self":[{"href":"https:\/\/mostebglass.com\/cs\/wp-json\/wp\/v2\/product\/4521","targetHints":{"allow":["GET"]}}],"collection":[{"href":"https:\/\/mostebglass.com\/cs\/wp-json\/wp\/v2\/product"}],"about":[{"href":"https:\/\/mostebglass.com\/cs\/wp-json\/wp\/v2\/types\/product"}],"wp:featuredmedia":[{"embeddable":true,"href":"https:\/\/mostebglass.com\/cs\/wp-json\/wp\/v2\/media\/4522"}],"wp:attachment":[{"href":"https:\/\/mostebglass.com\/cs\/wp-json\/wp\/v2\/media?parent=4521"}],"wp:term":[{"taxonomy":"product_brand","embeddable":true,"href":"https:\/\/mostebglass.com\/cs\/wp-json\/wp\/v2\/product_brand?post=4521"},{"taxonomy":"product_cat","embeddable":true,"href":"https:\/\/mostebglass.com\/cs\/wp-json\/wp\/v2\/product_cat?post=4521"},{"taxonomy":"product_tag","embeddable":true,"href":"https:\/\/mostebglass.com\/cs\/wp-json\/wp\/v2\/product_tag?post=4521"}],"curies":[{"name":"wp","href":"https:\/\/api.w.org\/{rel}","templated":true}]}}