{"id":453,"date":"2025-08-15T17:47:19","date_gmt":"2025-08-15T09:47:19","guid":{"rendered":"https:\/\/mostebglass.com\/?post_type=product&#038;p=453"},"modified":"2026-04-10T11:58:35","modified_gmt":"2026-04-10T03:58:35","slug":"embossed-pattern-glass-luxury-candle-jars-wholesale","status":"publish","type":"product","link":"https:\/\/mostebglass.com\/cs\/embossed-pattern-glass-luxury-candle-jars-wholesale\/","title":{"rendered":"220ml reli\u00e9fn\u00ed vzorovan\u00e9 sklen\u011bn\u00e9 luxusn\u00ed sv\u00ed\u010dkov\u00e9 d\u00f3zy velkoobchod"},"content":{"rendered":"<p>Hled\u00e1te luxusn\u00ed sklen\u011bn\u00e9 d\u00f3zy na sv\u00ed\u010dky velkoobchodn\u011b, kter\u00e9 kombinuj\u00ed vintage styl s modern\u00ed odolnost\u00ed? Na\u0161e luxusn\u00ed d\u00f3zy na sv\u00ed\u010dky se vyzna\u010duj\u00ed 3D kv\u011btinov\u00fdmi a geometrick\u00fdmi texturami \u2013 ide\u00e1ln\u00ed pro velkoobchodn\u00ed zna\u010dky sv\u00ed\u010dek nebo prvot\u0159\u00eddn\u00ed kolekce d\u00f3z na sv\u00ed\u010dky.<\/p>\n<h2>Vlastnosti produktu<\/h2>\n<ul>\n<li><strong>3D kv\u011btinov\u00e9 a geometrick\u00e9 textury pro vintage vzhled: <\/strong>Pampeli\u0161ky, listy, hv\u011bzdicov\u00e9 z\u00e1blesky a svisl\u00e9 \u010d\u00e1ry vytv\u00e1\u0159ej\u00ed hmatatelnou sv\u00ed\u010dkovou krabi\u010dku, kter\u00e1 p\u016fsob\u00ed jako ru\u010dn\u011b vyroben\u00e1 a nehynouc\u00ed.<\/li>\n<li><strong>Retro-inspirovan\u00fd design pro nostalgick\u00fd branding: <\/strong>Sm\u011bs motiv\u016f inspirovan\u00fdch p\u0159\u00edrodou a hladk\u00fdch lini\u00ed dod\u00e1v\u00e1 va\u0161\u00ed d\u00f3ze na sv\u00ed\u010dky poh\u00e1dkov\u00fd vzhled, co\u017e je v\u00fdjime\u010dn\u00e9 pro drah\u00e9 odr\u016fdy sv\u00ed\u010dek nebo butikov\u00e9 obchody.<\/li>\n<\/ul>\n<h2>Kl\u00ed\u010dov\u00e9 specifikace<\/h2>\n<table style=\"border-collapse: collapse; width: 80%; margin-left: auto; margin-right: auto;\" border=\"0\" width=\"144\" cellspacing=\"0\" cellpadding=\"0\">\n<tbody>\n<tr style=\"height: 13.50pt;\">\n<td style=\"height: 13.5pt; width: 54pt; text-align: center;\" width=\"72\" height=\"18\">Funkce<\/td>\n<td style=\"width: 54pt; text-align: center;\" width=\"72\">Podrobnosti<\/td>\n<\/tr>\n<tr style=\"height: 13.50pt;\">\n<td style=\"height: 13.5pt; text-align: center;\" height=\"18\">Kapacita<\/td>\n<td style=\"text-align: center;\">220 ml<\/td>\n<\/tr>\n<tr style=\"height: 13.50pt;\">\n<td style=\"height: 13.5pt; text-align: center;\" height=\"18\">Hmotnost<\/td>\n<td style=\"text-align: center;\">235 g<\/td>\n<\/tr>\n<tr style=\"height: 13.50pt;\">\n<td style=\"height: 13.5pt; text-align: center;\" height=\"18\">Vzory<\/td>\n<td style=\"text-align: center;\">Pampeli\u0161ka, List, Te\u010dky, Hv\u011bzdicov\u00fd v\u00fdbuch, Svisl\u00e9 \u010d\u00e1ry<\/td>\n<\/tr>\n<tr style=\"height: 13.50pt;\">\n<td style=\"height: 13.5pt; text-align: center;\" height=\"18\">Rozm\u011bry<\/td>\n<td style=\"text-align: center;\">72 * 72 * 80 mm<\/td>\n<\/tr>\n<tr style=\"height: 13.50pt;\">\n<td style=\"height: 13.5pt; text-align: center;\" height=\"18\">Materi\u00e1l<\/td>\n<td style=\"text-align: center;\">K\u0159i\u0161\u0165\u00e1lov\u00e9 sklo<\/td>\n<\/tr>\n<tr style=\"height: 13.50pt;\">\n<td style=\"height: 13.5pt; text-align: center;\" height=\"18\">Barva<\/td>\n<td style=\"text-align: center;\">Pr\u016fhledn\u00fd (10+ mo\u017enost\u00ed vlastn\u00edho barven\u00ed)<\/td>\n<\/tr>\n<\/tbody>\n<\/table>\n<h2>P\u0159\u00edpad \u00fasp\u011bchu<\/h2>\n<p>Francouzsk\u00e1 butikov\u00e1 zna\u010dka bytov\u00fdch v\u016fn\u00ed si vybrala jednu z na\u0161ich velkoobchodn\u00edch texturovan\u00fdch luxusn\u00edch d\u00f3z na sv\u00ed\u010dky s n\u00e1dhern\u00fdm reli\u00e9fn\u00edm te\u010dkovan\u00fdm vzorem. Sklen\u011bn\u00e1 povrchov\u00e1 \u00faprava pro\u0161la na\u0161\u00ed \u00fapravou, kter\u00e1 vytvo\u0159ila jemnou matnou texturu, zat\u00edmco jsme pomoc\u00ed hork\u00e9 ra\u017eby p\u0159\u00edmo na sklen\u011bn\u00fd povrch vyryli logo zna\u010dky. D\u00f3zu jsme dod\u00e1vali s na m\u00edru vyroben\u00fdm v\u00ed\u010dkem z p\u0159\u00edrodn\u00edho d\u0159eva, na kter\u00e9 jsme vygrav\u00edrovali n\u00e1zev zna\u010dky.<\/p>\n<p>Produkt zaznamenal b\u011bhem dvou m\u011bs\u00edc\u016f n\u00e1r\u016fst online prodeje o v\u00edce ne\u017e 30 %. Klient okam\u017eit\u011b zadal dal\u0161\u00ed objedn\u00e1vku, proto\u017ee spolupr\u00e1ce dos\u00e1hla p\u016fsobiv\u00e9ho \u00fasp\u011bchu.<\/p>\n<h2>Pokyny pro p\u0159izp\u016fsoben\u00ed<\/h2>\n<ol>\n<li><strong>Sez\u00f3nn\u00ed barevn\u00e9 p\u0159echody pro sklen\u011bn\u00e9 d\u00f3zy na sv\u00ed\u010dky - velkoobchod:<\/strong>Navrstven\u00edm dvou dopl\u0148kov\u00fdch barev (nap\u0159. podzimn\u00ed jantarov\u00e1 + lesn\u00ed zelen\u00e1) do sklen\u011bn\u00fdch d\u00f3z na sv\u00ed\u010dky vytvo\u0159\u00edte sez\u00f3nn\u00ed gradient. Tento jemn\u00fd detail prom\u011bn\u00ed luxusn\u00ed d\u00f3zy na sv\u00ed\u010dky ve skv\u011bl\u00e9 d\u00f3zy, kter\u00e9 p\u016fsob\u00ed \u0159emesln\u011b a z\u00e1rove\u0148 jsou \u010dasov\u011b n\u00e1ro\u010dn\u00e9.<\/li>\n<li><strong>Modul\u00e1rn\u00ed syst\u00e9my na sv\u00ed\u010dky pro maloobchodn\u00edky:<\/strong>Vytvo\u0159te stohovateln\u00e9 plechovky na sv\u00ed\u010dky s odpov\u00eddaj\u00edc\u00edmi sklen\u011bn\u00fdmi d\u00f3zami na sv\u00ed\u010dky (220 ml + 150 ml), aby obchody mohly prod\u00e1vat sady \u201etvaruj a sm\u00edchej\u201c.<\/li>\n<\/ol>","protected":false},"excerpt":{"rendered":"<p>Nab\u00edz\u00edme luxusn\u00ed d\u00f3zy na sv\u00ed\u010dky velkoobchodn\u011b za konkurenceschopn\u00e9 ceny. Sklen\u011bn\u00e9 d\u00f3zy na sv\u00ed\u010dky velkoobchodn\u011b ide\u00e1ln\u00ed pro hromadn\u00e9 objedn\u00e1vky sv\u00ed\u010dek, vzorky zdarma.<\/p>","protected":false},"featured_media":5025,"template":"","meta":{"site-sidebar-layout":"default","site-content-layout":"","ast-site-content-layout":"default","site-content-style":"default","site-sidebar-style":"default","ast-global-header-display":"","ast-banner-title-visibility":"","ast-main-header-display":"","ast-hfb-above-header-display":"","ast-hfb-below-header-display":"","ast-hfb-mobile-header-display":"","site-post-title":"","ast-breadcrumbs-content":"","ast-featured-img":"","footer-sml-layout":"","theme-transparent-header-meta":"default","adv-header-id-meta":"","stick-header-meta":"","header-above-stick-meta":"","header-main-stick-meta":"","header-below-stick-meta":"","astra-migrate-meta-layouts":"set","ast-page-background-enabled":"default","ast-page-background-meta":{"desktop":{"background-color":"var(--ast-global-color-5)","background-image":"","background-repeat":"repeat","background-position":"center center","background-size":"auto","background-attachment":"scroll","background-type":"","background-media":"","overlay-type":"","overlay-color":"","overlay-opacity":"","overlay-gradient":""},"tablet":{"background-color":"","background-image":"","background-repeat":"repeat","background-position":"center center","background-size":"auto","background-attachment":"scroll","background-type":"","background-media":"","overlay-type":"","overlay-color":"","overlay-opacity":"","overlay-gradient":""},"mobile":{"background-color":"","background-image":"","background-repeat":"repeat","background-position":"center center","background-size":"auto","background-attachment":"scroll","background-type":"","background-media":"","overlay-type":"","overlay-color":"","overlay-opacity":"","overlay-gradient":""}},"ast-content-background-meta":{"desktop":{"background-color":"var(--ast-global-color-4)","background-image":"","background-repeat":"repeat","background-position":"center center","background-size":"auto","background-attachment":"scroll","background-type":"","background-media":"","overlay-type":"","overlay-color":"","overlay-opacity":"","overlay-gradient":""},"tablet":{"background-color":"var(--ast-global-color-4)","background-image":"","background-repeat":"repeat","background-position":"center center","background-size":"auto","background-attachment":"scroll","background-type":"","background-media":"","overlay-type":"","overlay-color":"","overlay-opacity":"","overlay-gradient":""},"mobile":{"background-color":"var(--ast-global-color-4)","background-image":"","background-repeat":"repeat","background-position":"center center","background-size":"auto","background-attachment":"scroll","background-type":"","background-media":"","overlay-type":"","overlay-color":"","overlay-opacity":"","overlay-gradient":""}}},"product_brand":[],"product_cat":[28,21],"product_tag":[47,46],"class_list":{"0":"post-453","1":"product","2":"type-product","3":"status-publish","4":"has-post-thumbnail","6":"product_cat-glass-candle-jars","7":"product_cat-product","8":"product_tag-glass-jars-for-candles-wholesale","9":"product_tag-luxury-candle-jars-wholesale","10":"desktop-align-left","11":"tablet-align-left","12":"mobile-align-left","14":"first","15":"instock","16":"shipping-taxable","17":"product-type-simple"},"jetpack_sharing_enabled":true,"_links":{"self":[{"href":"https:\/\/mostebglass.com\/cs\/wp-json\/wp\/v2\/product\/453","targetHints":{"allow":["GET"]}}],"collection":[{"href":"https:\/\/mostebglass.com\/cs\/wp-json\/wp\/v2\/product"}],"about":[{"href":"https:\/\/mostebglass.com\/cs\/wp-json\/wp\/v2\/types\/product"}],"wp:featuredmedia":[{"embeddable":true,"href":"https:\/\/mostebglass.com\/cs\/wp-json\/wp\/v2\/media\/5025"}],"wp:attachment":[{"href":"https:\/\/mostebglass.com\/cs\/wp-json\/wp\/v2\/media?parent=453"}],"wp:term":[{"taxonomy":"product_brand","embeddable":true,"href":"https:\/\/mostebglass.com\/cs\/wp-json\/wp\/v2\/product_brand?post=453"},{"taxonomy":"product_cat","embeddable":true,"href":"https:\/\/mostebglass.com\/cs\/wp-json\/wp\/v2\/product_cat?post=453"},{"taxonomy":"product_tag","embeddable":true,"href":"https:\/\/mostebglass.com\/cs\/wp-json\/wp\/v2\/product_tag?post=453"}],"curies":[{"name":"wp","href":"https:\/\/api.w.org\/{rel}","templated":true}]}}