{"id":458,"date":"2025-08-15T17:53:33","date_gmt":"2025-08-15T09:53:33","guid":{"rendered":"https:\/\/mostebglass.com\/?post_type=product&#038;p=458"},"modified":"2026-02-26T13:48:48","modified_gmt":"2026-02-26T05:48:48","slug":"wholesale-embossed-glass-candle-containers-whiskey-glass","status":"publish","type":"product","link":"https:\/\/mostebglass.com\/cs\/wholesale-embossed-glass-candle-containers-whiskey-glass\/","title":{"rendered":"Velkoobchodn\u00ed 410ml embosovan\u00e9 sklen\u011bn\u00e9 n\u00e1doby na sv\u00ed\u010dky | Sklenice na whisky"},"content":{"rendered":"<p>Tato s\u00e9rie sklen\u011bn\u00fdch d\u00f3z na sv\u00ed\u010dky o objemu 410 ml m\u00e1 rovn\u00fd v\u00e1lcovit\u00fd tvar se siln\u00fdm a stabiln\u00edm dnem a \u0161irok\u00fdm otvorem pro snadn\u00e9 pln\u011bn\u00ed a ho\u0159en\u00ed. Kolekce obsahuje n\u011bkolik reli\u00e9fn\u00edch povrchov\u00fdch vzor\u016f, konkr\u00e9tn\u011b svisl\u00e9 \u017eebrovan\u00e9 linie, reli\u00e9fn\u00ed vzory inspirovan\u00e9 kv\u011btinami, zaoblen\u00e9 te\u010dky a fazetovan\u00e9 povrchy s diamantov\u00fdm v\u00fdbrusem. Ka\u017ed\u00e1 d\u00f3za vyroben\u00e1 z \u010dir\u00e9ho skla p\u0159isp\u00edv\u00e1 k rozptylu sv\u011btla a p\u0159i zap\u00e1len\u00ed sv\u00ed\u010dky dod\u00e1v\u00e1 bohatou, dekorativn\u00ed z\u00e1\u0159i. Z\u00e1kladn\u00ed principy konstrukce struktur vn\u00e1\u0161ej\u00ed hloubku a hmatovou tvrdost a z\u00e1rove\u0148 zachov\u00e1vaj\u00ed vyv\u00e1\u017een\u00fd a symetrick\u00fd tvar.<\/p>\n<h2>Kl\u00ed\u010dov\u00e9 specifikace<\/h2>\n<table style=\"border-collapse: collapse; width: 80%; margin-left: auto; margin-right: auto;\" border=\"0\" width=\"80%\" cellspacing=\"0\" cellpadding=\"0\">\n<tbody>\n<tr style=\"height: 13.50pt;\">\n<td style=\"height: 13.50pt; width: 54.00pt;\" width=\"72\" height=\"18\">Funkce<\/td>\n<td style=\"width: 54.00pt;\" width=\"72\">Podrobnosti<\/td>\n<\/tr>\n<tr style=\"height: 13.50pt;\">\n<td style=\"height: 13.50pt;\" height=\"18\">Velikosti<\/td>\n<td>410 ml (88 * 100 mm)<\/td>\n<\/tr>\n<tr style=\"height: 13.50pt;\">\n<td style=\"height: 13.50pt;\" height=\"18\">Materi\u00e1l<\/td>\n<td>Bezolovnat\u00e9 sodnov\u00e1penat\u00e9 sklo<\/td>\n<\/tr>\n<tr style=\"height: 13.50pt;\">\n<td style=\"height: 13.50pt;\" height=\"18\">Vzory<\/td>\n<td>Te\u010dky, m\u0159\u00ed\u017eky, slune\u010dnice, vodorovn\u00e9\/svisl\u00e9 \u010d\u00e1ry<\/td>\n<\/tr>\n<tr style=\"height: 13.50pt;\">\n<td style=\"height: 13.50pt;\" height=\"18\">Mo\u017enosti p\u0159izp\u016fsoben\u00ed<\/td>\n<td>Barva, velikost, v\u00ed\u010dko, p\u0159\u00edslu\u0161enstv\u00ed, balen\u00ed<\/td>\n<\/tr>\n<\/tbody>\n<\/table>\n<h2>Aplikace<\/h2>\n<p>D\u00edky vysok\u00e9mu objemu 410 ml se tato n\u00e1doba skv\u011ble hod\u00ed pro sv\u00ed\u010dky se t\u0159emi knoty, v\u00fdrazn\u00e9 vonn\u00e9 sv\u00ed\u010dky, luxusn\u00ed \u0159ady sv\u00ed\u010dek a dekora\u010dn\u00ed v\u016fn\u011b do dom\u00e1cnosti. D\u00edky velk\u00e9mu dno ve tvaru sklenice ji lze po \u0159\u00e1dn\u00e9m vy\u010di\u0161t\u011bn\u00ed znovu pou\u017e\u00edt jako sklenici na whisky nebo dekorativn\u00ed sklenici na pit\u00ed, co\u017e tak\u00e9 podporuje udr\u017eiteln\u00e9 a v\u00edce\u00fa\u010delov\u00e9 koncepty balen\u00ed. Vhodn\u00e1 pro maloobchodn\u00ed zna\u010dky, pohostinstv\u00ed a pr\u00e9miov\u00e9 d\u00e1rkov\u00e9 sady.<\/p>","protected":false},"excerpt":{"rendered":"<p>Sklen\u011bn\u00e9 d\u00f3zy na sv\u00ed\u010dky o objemu 410 ml s reli\u00e9fn\u00edm dnem a siln\u00fdm dnem pro luxusn\u00ed vonn\u00e9 sv\u00ed\u010dky nebo opakovan\u011b pou\u017eiteln\u00e9 sklenice. Mo\u017enost \u00faprav na m\u00edru a hromadn\u00e9 objedn\u00e1vky.<\/p>","protected":false},"featured_media":4488,"template":"","meta":{"site-sidebar-layout":"default","site-content-layout":"","ast-site-content-layout":"default","site-content-style":"default","site-sidebar-style":"default","ast-global-header-display":"","ast-banner-title-visibility":"","ast-main-header-display":"","ast-hfb-above-header-display":"","ast-hfb-below-header-display":"","ast-hfb-mobile-header-display":"","site-post-title":"","ast-breadcrumbs-content":"","ast-featured-img":"","footer-sml-layout":"","theme-transparent-header-meta":"default","adv-header-id-meta":"","stick-header-meta":"","header-above-stick-meta":"","header-main-stick-meta":"","header-below-stick-meta":"","astra-migrate-meta-layouts":"set","ast-page-background-enabled":"default","ast-page-background-meta":{"desktop":{"background-color":"var(--ast-global-color-5)","background-image":"","background-repeat":"repeat","background-position":"center center","background-size":"auto","background-attachment":"scroll","background-type":"","background-media":"","overlay-type":"","overlay-color":"","overlay-opacity":"","overlay-gradient":""},"tablet":{"background-color":"","background-image":"","background-repeat":"repeat","background-position":"center center","background-size":"auto","background-attachment":"scroll","background-type":"","background-media":"","overlay-type":"","overlay-color":"","overlay-opacity":"","overlay-gradient":""},"mobile":{"background-color":"","background-image":"","background-repeat":"repeat","background-position":"center center","background-size":"auto","background-attachment":"scroll","background-type":"","background-media":"","overlay-type":"","overlay-color":"","overlay-opacity":"","overlay-gradient":""}},"ast-content-background-meta":{"desktop":{"background-color":"var(--ast-global-color-4)","background-image":"","background-repeat":"repeat","background-position":"center center","background-size":"auto","background-attachment":"scroll","background-type":"","background-media":"","overlay-type":"","overlay-color":"","overlay-opacity":"","overlay-gradient":""},"tablet":{"background-color":"var(--ast-global-color-4)","background-image":"","background-repeat":"repeat","background-position":"center center","background-size":"auto","background-attachment":"scroll","background-type":"","background-media":"","overlay-type":"","overlay-color":"","overlay-opacity":"","overlay-gradient":""},"mobile":{"background-color":"var(--ast-global-color-4)","background-image":"","background-repeat":"repeat","background-position":"center center","background-size":"auto","background-attachment":"scroll","background-type":"","background-media":"","overlay-type":"","overlay-color":"","overlay-opacity":"","overlay-gradient":""}}},"product_brand":[],"product_cat":[28,21],"product_tag":[48,49],"class_list":{"0":"post-458","1":"product","2":"type-product","3":"status-publish","4":"has-post-thumbnail","6":"product_cat-glass-candle-jars","7":"product_cat-product","8":"product_tag-candles-jar","9":"product_tag-glass-candle-jar","10":"desktop-align-left","11":"tablet-align-left","12":"mobile-align-left","14":"first","15":"instock","16":"shipping-taxable","17":"product-type-simple"},"jetpack_sharing_enabled":true,"_links":{"self":[{"href":"https:\/\/mostebglass.com\/cs\/wp-json\/wp\/v2\/product\/458","targetHints":{"allow":["GET"]}}],"collection":[{"href":"https:\/\/mostebglass.com\/cs\/wp-json\/wp\/v2\/product"}],"about":[{"href":"https:\/\/mostebglass.com\/cs\/wp-json\/wp\/v2\/types\/product"}],"wp:featuredmedia":[{"embeddable":true,"href":"https:\/\/mostebglass.com\/cs\/wp-json\/wp\/v2\/media\/4488"}],"wp:attachment":[{"href":"https:\/\/mostebglass.com\/cs\/wp-json\/wp\/v2\/media?parent=458"}],"wp:term":[{"taxonomy":"product_brand","embeddable":true,"href":"https:\/\/mostebglass.com\/cs\/wp-json\/wp\/v2\/product_brand?post=458"},{"taxonomy":"product_cat","embeddable":true,"href":"https:\/\/mostebglass.com\/cs\/wp-json\/wp\/v2\/product_cat?post=458"},{"taxonomy":"product_tag","embeddable":true,"href":"https:\/\/mostebglass.com\/cs\/wp-json\/wp\/v2\/product_tag?post=458"}],"curies":[{"name":"wp","href":"https:\/\/api.w.org\/{rel}","templated":true}]}}