{"id":490,"date":"2025-08-18T18:13:52","date_gmt":"2025-08-18T10:13:52","guid":{"rendered":"https:\/\/mostebglass.com\/?post_type=product&#038;p=490"},"modified":"2026-02-26T16:38:51","modified_gmt":"2026-02-26T08:38:51","slug":"185ml-ribbed-glass-jar-candle-holders-with-base","status":"publish","type":"product","link":"https:\/\/mostebglass.com\/cs\/185ml-ribbed-glass-jar-candle-holders-with-base\/","title":{"rendered":"185ml \u017eebrovan\u00e9 sklen\u011bn\u00e9 sv\u00ed\u010dky s podstavcem"},"content":{"rendered":"<p>This 185ml glass jar candle holders feature a clear, thick-walled construction with elegant vertical ribbed detailing around the body. The cylindrical shape is slightly elevated by a solid round base, giving it a balanced and stable silhouette. The transparent glass allows candlelight to shine through beautifully, while the fluted texture adds depth and subtle visual interest. Its compact size makes it suitable for both tabletop display and decorative arrangements.<\/p>\n<h2>Kl\u00ed\u010dov\u00e9 specifikace<\/h2>\n<table style=\"border-collapse: collapse; width: 80%; margin-left: auto; margin-right: auto;\" border=\"0\" width=\"80%\" cellspacing=\"0\" cellpadding=\"0\">\n<tbody>\n<tr style=\"height: 13.50pt;\">\n<td style=\"height: 13.50pt;\" height=\"18\">Velikost<\/td>\n<td>185 ml (70 * 60 * 80 mm)<\/td>\n<\/tr>\n<tr style=\"height: 13.50pt;\">\n<td style=\"height: 13.50pt;\" height=\"18\">Materi\u00e1l<\/td>\n<td>Bezolovnat\u00e9 sodnov\u00e1penat\u00e9 sklo<\/td>\n<\/tr>\n<tr style=\"height: 13.50pt;\">\n<td style=\"height: 13.50pt;\" height=\"18\">Mo\u017enosti p\u0159izp\u016fsoben\u00ed<\/td>\n<td>Barva, etiketa, povrchov\u00e1 \u00faprava, v\u00edko, p\u0159\u00edslu\u0161enstv\u00ed, balen\u00ed<\/td>\n<\/tr>\n<\/tbody>\n<\/table>\n<h2>Aplikace<\/h2>\n<p>Tento sklen\u011bn\u00fd sv\u00edcen je navr\u017een pro v\u0161estrannost a je ide\u00e1ln\u00ed pro sv\u00ed\u010dky v d\u00f3ze, vonn\u00e9 sv\u00ed\u010dky a DIY projekty na v\u00fdrobu sv\u00ed\u010dek. Lze jej pou\u017e\u00edt v dom\u00e1c\u00edch dekorac\u00edch, jako jsou ob\u00fdvac\u00ed pokoje, lo\u017enice, koupelny a j\u00eddeln\u00ed stoly, ale tak\u00e9 na svatby, ve\u010d\u00edrky a jako \u00fast\u0159edn\u00ed dekorace pro r\u016fzn\u00e9 akce. Odoln\u00fd sklen\u011bn\u00fd materi\u00e1l odol\u00e1v\u00e1 teplu z vosku ze sv\u00ed\u010dek, tak\u017ee je praktick\u00fd i dekorativn\u00ed.<\/p>\n<h2>Tipy pro pokro\u010dil\u00e9 p\u0159izp\u016fsoben\u00ed<\/h2>\n<ul>\n<li><strong>Ekologicky \u0161etrn\u00e9 ozna\u010den\u00ed pro velkoobchodn\u00ed zna\u010dky sv\u00ed\u010dek:\u00a0<\/strong>Odn\u00edmateln\u00fd n\u00e1pis \u201eeko\u201c na v\u00ed\u010dku sklenice m\u016f\u017ee odhalit recyklovatelnost sv\u00ed\u010dky nebo nab\u00eddnout biologicky odbourateln\u00e9 mo\u017enosti Vik. To nejen zvy\u0161uje spolehlivost zna\u010dky jako\u017eto \u0161pi\u010dkov\u00e9 a ekologicky \u0161etrn\u00e9 sv\u00ed\u010dky, ale tak\u00e9 zvy\u0161uje pr\u00e9miovou hodnotu zna\u010dky jako konkurenceschopn\u011bj\u0161\u00ed.<\/li>\n<li><strong>Sm\u00ed\u0161en\u00e9 textury vytv\u00e1\u0159ej\u00ed \u0161irokou \u0161k\u00e1lu n\u00e1dob na sv\u00ed\u010dky:\u00a0<\/strong>Nab\u00eddka sm\u00ed\u0161en\u00fdch textur, jako jsou svisl\u00e9 pruhy, vytv\u00e1\u0159\u00ed rozmanit\u00e9 designy sv\u00ed\u010dek. Tato velkoobchodn\u00ed d\u00f3za m\u016f\u017ee sv\u00ed\u010dk\u00e1m pomoci obst\u00e1t na konkuren\u010dn\u00edm trhu.<\/li>\n<\/ul>\n<p>&nbsp;<\/p>","protected":false},"excerpt":{"rendered":"<p>Bulk 185ml ribbed glass jar candle holders for manufacturers and wholesalers. Durable thick base, ideal for private label, OEM, and custom candle production.<\/p>","protected":false},"featured_media":493,"template":"","meta":{"site-sidebar-layout":"default","site-content-layout":"","ast-site-content-layout":"default","site-content-style":"default","site-sidebar-style":"default","ast-global-header-display":"","ast-banner-title-visibility":"","ast-main-header-display":"","ast-hfb-above-header-display":"","ast-hfb-below-header-display":"","ast-hfb-mobile-header-display":"","site-post-title":"","ast-breadcrumbs-content":"","ast-featured-img":"","footer-sml-layout":"","theme-transparent-header-meta":"default","adv-header-id-meta":"","stick-header-meta":"","header-above-stick-meta":"","header-main-stick-meta":"","header-below-stick-meta":"","astra-migrate-meta-layouts":"set","ast-page-background-enabled":"default","ast-page-background-meta":{"desktop":{"background-color":"var(--ast-global-color-5)","background-image":"","background-repeat":"repeat","background-position":"center center","background-size":"auto","background-attachment":"scroll","background-type":"","background-media":"","overlay-type":"","overlay-color":"","overlay-opacity":"","overlay-gradient":""},"tablet":{"background-color":"","background-image":"","background-repeat":"repeat","background-position":"center center","background-size":"auto","background-attachment":"scroll","background-type":"","background-media":"","overlay-type":"","overlay-color":"","overlay-opacity":"","overlay-gradient":""},"mobile":{"background-color":"","background-image":"","background-repeat":"repeat","background-position":"center center","background-size":"auto","background-attachment":"scroll","background-type":"","background-media":"","overlay-type":"","overlay-color":"","overlay-opacity":"","overlay-gradient":""}},"ast-content-background-meta":{"desktop":{"background-color":"var(--ast-global-color-4)","background-image":"","background-repeat":"repeat","background-position":"center center","background-size":"auto","background-attachment":"scroll","background-type":"","background-media":"","overlay-type":"","overlay-color":"","overlay-opacity":"","overlay-gradient":""},"tablet":{"background-color":"var(--ast-global-color-4)","background-image":"","background-repeat":"repeat","background-position":"center center","background-size":"auto","background-attachment":"scroll","background-type":"","background-media":"","overlay-type":"","overlay-color":"","overlay-opacity":"","overlay-gradient":""},"mobile":{"background-color":"var(--ast-global-color-4)","background-image":"","background-repeat":"repeat","background-position":"center center","background-size":"auto","background-attachment":"scroll","background-type":"","background-media":"","overlay-type":"","overlay-color":"","overlay-opacity":"","overlay-gradient":""}}},"product_brand":[],"product_cat":[28,21],"product_tag":[],"class_list":{"0":"post-490","1":"product","2":"type-product","3":"status-publish","4":"has-post-thumbnail","6":"product_cat-glass-candle-jars","7":"product_cat-product","8":"desktop-align-left","9":"tablet-align-left","10":"mobile-align-left","12":"first","13":"instock","14":"shipping-taxable","15":"product-type-simple"},"jetpack_sharing_enabled":true,"_links":{"self":[{"href":"https:\/\/mostebglass.com\/cs\/wp-json\/wp\/v2\/product\/490","targetHints":{"allow":["GET"]}}],"collection":[{"href":"https:\/\/mostebglass.com\/cs\/wp-json\/wp\/v2\/product"}],"about":[{"href":"https:\/\/mostebglass.com\/cs\/wp-json\/wp\/v2\/types\/product"}],"wp:featuredmedia":[{"embeddable":true,"href":"https:\/\/mostebglass.com\/cs\/wp-json\/wp\/v2\/media\/493"}],"wp:attachment":[{"href":"https:\/\/mostebglass.com\/cs\/wp-json\/wp\/v2\/media?parent=490"}],"wp:term":[{"taxonomy":"product_brand","embeddable":true,"href":"https:\/\/mostebglass.com\/cs\/wp-json\/wp\/v2\/product_brand?post=490"},{"taxonomy":"product_cat","embeddable":true,"href":"https:\/\/mostebglass.com\/cs\/wp-json\/wp\/v2\/product_cat?post=490"},{"taxonomy":"product_tag","embeddable":true,"href":"https:\/\/mostebglass.com\/cs\/wp-json\/wp\/v2\/product_tag?post=490"}],"curies":[{"name":"wp","href":"https:\/\/api.w.org\/{rel}","templated":true}]}}