{"id":500,"date":"2025-08-18T17:56:50","date_gmt":"2025-08-18T09:56:50","guid":{"rendered":"https:\/\/mostebglass.com\/?post_type=product&#038;p=500"},"modified":"2026-02-09T16:42:30","modified_gmt":"2026-02-09T08:42:30","slug":"tulip-flower-candle-glass-jars-glass-candle-holders-wholesale","status":"publish","type":"product","link":"https:\/\/mostebglass.com\/cs\/tulip-flower-candle-glass-jars-glass-candle-holders-wholesale\/","title":{"rendered":"110ml sklen\u011bn\u00e9 d\u00f3zy s kv\u011btinovou sv\u00ed\u010dkou Tulip\u00e1n | Velkoobchod se sklen\u011bn\u00fdmi sv\u00ed\u010dkami"},"content":{"rendered":"<p>Tyto sklen\u011bn\u00e9 d\u00f3zy na sv\u00ed\u010dky jsou zvenku zdobeny vy\u0159ez\u00e1van\u00fdm motivem tulip\u00e1n\u016f, vn\u011bj\u0161\u00ed st\u011bny d\u00f3zy tvo\u0159\u00ed okv\u011btn\u00ed l\u00edstky v n\u011bkolika vrstv\u00e1ch. Sklo je siln\u00e9 a p\u011bkn\u011b le\u0161t\u011bn\u00e9, jemn\u00e9 k\u0159ivky a symetrick\u00fd tvar, kter\u00fd jim dod\u00e1v\u00e1 zaoblen\u00fd tvar, jsou jasn\u011b viditeln\u00e9. Zap\u00e1len\u00e1 sv\u00ed\u010dka uvnit\u0159 pr\u016fsvitn\u00e9ho a polopr\u016fhledn\u00e9ho skla odr\u00e1\u017e\u00ed a rovnom\u011brn\u011b rozptyluje sv\u011btlo, tepl\u00e9 a m\u011bkk\u00e9 sv\u011btlo hlad\u00ed vyv\u00fd\u0161en\u00e9 plochy. D\u00f3zy se vyr\u00e1b\u011bj\u00ed v n\u011bkolika r\u016fzn\u00fdch povrchov\u00fdch \u00faprav\u00e1ch, \u010dir\u00e9, jantarov\u00e9 a matn\u00e9, ka\u017ed\u00e1 z nich vytv\u00e1\u0159\u00ed jin\u00fd vizu\u00e1ln\u00ed efekt, ale kv\u011btinov\u00fd typ struktury je pro v\u0161echny stejn\u00fd.<\/p>\n<p><img fetchpriority=\"high\" decoding=\"async\" class=\"wp-image-4400 aligncenter\" src=\"https:\/\/mostebglass.com\/wp-content\/uploads\/2025\/08\/clear-Tulip-Flower-Candle-Glass-Jars.webp\" alt=\"Pr\u016fhledn\u00e9 sklen\u011bn\u00e9 d\u00f3zy na sv\u00ed\u010dky s kv\u011btinami tulip\u00e1n\u016f\" width=\"500\" height=\"500\" srcset=\"https:\/\/mostebglass.com\/wp-content\/uploads\/2025\/08\/clear-Tulip-Flower-Candle-Glass-Jars.webp 1024w, https:\/\/mostebglass.com\/wp-content\/uploads\/2025\/08\/clear-Tulip-Flower-Candle-Glass-Jars-768x768.webp 768w, https:\/\/mostebglass.com\/wp-content\/uploads\/2025\/08\/clear-Tulip-Flower-Candle-Glass-Jars-12x12.webp 12w, https:\/\/mostebglass.com\/wp-content\/uploads\/2025\/08\/clear-Tulip-Flower-Candle-Glass-Jars-300x300.webp 300w, https:\/\/mostebglass.com\/wp-content\/uploads\/2025\/08\/clear-Tulip-Flower-Candle-Glass-Jars-600x600.webp 600w, https:\/\/mostebglass.com\/wp-content\/uploads\/2025\/08\/clear-Tulip-Flower-Candle-Glass-Jars-100x100.webp 100w\" sizes=\"(max-width: 500px) 100vw, 500px\" \/><\/p>\n<h2>Vlastnosti produktu<\/h2>\n<p><strong>Okraj ve tvaru benz\u00ednu pro um\u011bleck\u00fd design:\u00a0<\/strong>N\u00e1doba na sv\u00ed\u010dku ve tvaru sv\u00ed\u010dky napodobuje rozkvetlou kv\u011btinu, d\u00edky \u010demu\u017e se va\u0161e luxusn\u00ed sv\u00ed\u010dka c\u00edt\u00ed jako \u00fast\u0159edn\u00ed bod kdekoli.<\/p>\n<p><strong>Svisl\u00e9 pruhy pro lom sv\u011btla:\u00a0<\/strong>Texturovan\u00fd povrch vytv\u00e1\u0159\u00ed k\u0159i\u0161\u0165\u00e1lovou sklen\u011bnou d\u00f3zu na sv\u00ed\u010dku, kter\u00e1 zachycuje sv\u011btlo a dod\u00e1v\u00e1 va\u0161\u00ed velkoobchodn\u00ed dekoraci sv\u00ed\u010dek hloubku.<\/p>\n<h2>Kl\u00ed\u010dov\u00e9 specifikace<\/h2>\n<table style=\"border-collapse: collapse; width: 80%; margin-left: auto; margin-right: auto;\" border=\"0\" width=\"144\" cellspacing=\"0\" cellpadding=\"0\">\n<tbody>\n<tr style=\"height: 13.50pt;\">\n<td style=\"height: 13.50pt; width: 54.00pt;\" width=\"72\" height=\"18\">Funkce<\/td>\n<td style=\"width: 54.00pt;\" width=\"72\">Podrobnosti<\/td>\n<\/tr>\n<tr style=\"height: 13.50pt;\">\n<td style=\"height: 13.50pt;\" height=\"18\">Kapacita<\/td>\n<td>110 ml<\/td>\n<\/tr>\n<tr style=\"height: 13.50pt;\">\n<td style=\"height: 13.50pt;\" height=\"18\">Rozm\u011bry<\/td>\n<td>75*75 mm<\/td>\n<\/tr>\n<tr style=\"height: 13.50pt;\">\n<td style=\"height: 13.50pt;\" height=\"18\">Vzory<\/td>\n<td>Okraj s texturou okv\u011btn\u00edch l\u00edstk\u016f, svisl\u00e9 h\u0159ebeny<\/td>\n<\/tr>\n<tr style=\"height: 13.50pt;\">\n<td style=\"height: 13.50pt;\" height=\"18\">Barva<\/td>\n<td>Jantarov\u00e1, b\u00edl\u00e1, r\u016f\u017eov\u00e1 s p\u0159echodem, pr\u016fhledn\u00e1 nebo va\u0161e vlastn\u00ed barva.<\/td>\n<\/tr>\n<\/tbody>\n<\/table>\n<h2>Tipy pro p\u0159izp\u016fsoben\u00ed<\/h2>\n<p><strong>Sez\u00f3nn\u00ed kombinace textur pro velkoobchodn\u00ed kolekci sv\u00ed\u010dek: <\/strong>B\u011bhem sv\u00e1tk\u016f se uv\u00e1d\u00ed na trh omezen\u00e1 textura v sanskrtu, jako nap\u0159\u00edklad \u201ematn\u00e9 okv\u011btn\u00ed l\u00edstky\u201c nebo \u201ezlat\u00e9 linie\u201c. Tyto zd\u00e1nliv\u011b sklen\u011bn\u00e9 sv\u00ed\u010dky se shroma\u017e\u010fuj\u00ed pro velkoobchodn\u00ed zna\u010dky sv\u00ed\u010dek Jar, kter\u00e9 maj\u00ed vyu\u017e\u00edt sez\u00f3nn\u00edch trend\u016f.<\/p>","protected":false},"excerpt":{"rendered":"<p>Pr\u00e9miov\u00e9 sklen\u011bn\u00e9 d\u00f3zy na sv\u00ed\u010dky s motivem tulip\u00e1n\u016f a tvarovan\u00fdm kv\u011btinov\u00fdm vzorem. Ide\u00e1ln\u00ed pro vonn\u00e9 sv\u00ed\u010dky, bytov\u00e9 dekorace a hromadn\u00e9 objedn\u00e1vky. Dod\u00e1vky p\u0159\u00edmo od v\u00fdrobce a mo\u017enost \u00faprav na m\u00edru.<\/p>","protected":false},"featured_media":4404,"template":"","meta":{"site-sidebar-layout":"default","site-content-layout":"","ast-site-content-layout":"default","site-content-style":"default","site-sidebar-style":"default","ast-global-header-display":"","ast-banner-title-visibility":"","ast-main-header-display":"","ast-hfb-above-header-display":"","ast-hfb-below-header-display":"","ast-hfb-mobile-header-display":"","site-post-title":"","ast-breadcrumbs-content":"","ast-featured-img":"","footer-sml-layout":"","theme-transparent-header-meta":"default","adv-header-id-meta":"","stick-header-meta":"","header-above-stick-meta":"","header-main-stick-meta":"","header-below-stick-meta":"","astra-migrate-meta-layouts":"set","ast-page-background-enabled":"default","ast-page-background-meta":{"desktop":{"background-color":"var(--ast-global-color-5)","background-image":"","background-repeat":"repeat","background-position":"center center","background-size":"auto","background-attachment":"scroll","background-type":"","background-media":"","overlay-type":"","overlay-color":"","overlay-opacity":"","overlay-gradient":""},"tablet":{"background-color":"","background-image":"","background-repeat":"repeat","background-position":"center center","background-size":"auto","background-attachment":"scroll","background-type":"","background-media":"","overlay-type":"","overlay-color":"","overlay-opacity":"","overlay-gradient":""},"mobile":{"background-color":"","background-image":"","background-repeat":"repeat","background-position":"center center","background-size":"auto","background-attachment":"scroll","background-type":"","background-media":"","overlay-type":"","overlay-color":"","overlay-opacity":"","overlay-gradient":""}},"ast-content-background-meta":{"desktop":{"background-color":"var(--ast-global-color-4)","background-image":"","background-repeat":"repeat","background-position":"center center","background-size":"auto","background-attachment":"scroll","background-type":"","background-media":"","overlay-type":"","overlay-color":"","overlay-opacity":"","overlay-gradient":""},"tablet":{"background-color":"var(--ast-global-color-4)","background-image":"","background-repeat":"repeat","background-position":"center center","background-size":"auto","background-attachment":"scroll","background-type":"","background-media":"","overlay-type":"","overlay-color":"","overlay-opacity":"","overlay-gradient":""},"mobile":{"background-color":"var(--ast-global-color-4)","background-image":"","background-repeat":"repeat","background-position":"center center","background-size":"auto","background-attachment":"scroll","background-type":"","background-media":"","overlay-type":"","overlay-color":"","overlay-opacity":"","overlay-gradient":""}}},"product_brand":[],"product_cat":[28,21],"product_tag":[],"class_list":{"0":"post-500","1":"product","2":"type-product","3":"status-publish","4":"has-post-thumbnail","6":"product_cat-glass-candle-jars","7":"product_cat-product","8":"desktop-align-left","9":"tablet-align-left","10":"mobile-align-left","12":"first","13":"instock","14":"shipping-taxable","15":"product-type-simple"},"jetpack_sharing_enabled":true,"_links":{"self":[{"href":"https:\/\/mostebglass.com\/cs\/wp-json\/wp\/v2\/product\/500","targetHints":{"allow":["GET"]}}],"collection":[{"href":"https:\/\/mostebglass.com\/cs\/wp-json\/wp\/v2\/product"}],"about":[{"href":"https:\/\/mostebglass.com\/cs\/wp-json\/wp\/v2\/types\/product"}],"wp:featuredmedia":[{"embeddable":true,"href":"https:\/\/mostebglass.com\/cs\/wp-json\/wp\/v2\/media\/4404"}],"wp:attachment":[{"href":"https:\/\/mostebglass.com\/cs\/wp-json\/wp\/v2\/media?parent=500"}],"wp:term":[{"taxonomy":"product_brand","embeddable":true,"href":"https:\/\/mostebglass.com\/cs\/wp-json\/wp\/v2\/product_brand?post=500"},{"taxonomy":"product_cat","embeddable":true,"href":"https:\/\/mostebglass.com\/cs\/wp-json\/wp\/v2\/product_cat?post=500"},{"taxonomy":"product_tag","embeddable":true,"href":"https:\/\/mostebglass.com\/cs\/wp-json\/wp\/v2\/product_tag?post=500"}],"curies":[{"name":"wp","href":"https:\/\/api.w.org\/{rel}","templated":true}]}}