{"id":516,"date":"2025-08-18T18:02:10","date_gmt":"2025-08-18T10:02:10","guid":{"rendered":"https:\/\/mostebglass.com\/?post_type=product&#038;p=516"},"modified":"2026-03-18T13:56:58","modified_gmt":"2026-03-18T05:56:58","slug":"reed-diffuser-bottles-polygon-bottom-style-wholesale","status":"publish","type":"product","link":"https:\/\/mostebglass.com\/cs\/reed-diffuser-bottles-polygon-bottom-style-wholesale\/","title":{"rendered":"120ml Reed difuz\u00e9rov\u00e9 \u200b\u200blahvi\u010dky s polygon\u00e1ln\u00edm dnem, velkoobchod"},"content":{"rendered":"<h2>\u00davod k produktu<\/h2>\n<p>Pot\u0159ebujete sklen\u011bn\u00fd difuz\u00e9r, kter\u00fd nejen uchov\u00e1v\u00e1 esenci\u00e1ln\u00ed oleje, ale mus\u00ed zt\u011bles\u0148ovat va\u0161i zna\u010dku. Tento difuz\u00e9r ve tvaru ty\u010dinek se vyzna\u010duje elegantn\u00edm povrchem, kter\u00fd odr\u00e1\u017e\u00ed sv\u011btlo a vytv\u00e1\u0159\u00ed tak elegantn\u00ed a dynamick\u00fd z\u00e1\u017eitek. Je to perfektn\u00ed \u0159e\u0161en\u00ed pro va\u0161e pot\u0159eby skladov\u00e1n\u00ed esenci\u00e1ln\u00edch olej\u016f v difuz\u00e9ru.<\/p>\n<h2>Vlastnosti produktu<\/h2>\n<ul>\n<li>Vysoce kvalitn\u00ed sklo: Pou\u017e\u00edv\u00e1me vysoce kvalitn\u00ed sklo pro odolnost a k\u0159i\u0161\u0165\u00e1lovou \u010distotu \u2013 va\u0161e esenci\u00e1ln\u00ed oleje a v\u016fn\u011b z\u016fstanou \u010dist\u00e9 a vypadaj\u00ed skv\u011ble na ka\u017ed\u00e9 poli\u010dce.<\/li>\n<li>P\u0159izp\u016fsobeno pro Reed Depute: \u00dazk\u00e1 \u00fasta udr\u017euj\u00ed pl\u00e1tek rovn\u011b, \u010d\u00edm\u017e se sni\u017euje odpa\u0159ov\u00e1n\u00ed a zaji\u0161\u0165uje se, \u017ee v\u016fn\u011b vydr\u017e\u00ed.<\/li>\n<li>Geometrick\u00fd tvar: Polygon\u00e1ln\u00ed tvar lahve je jedine\u010dn\u00fd, stylov\u00fd a um\u011bleck\u00fd, ide\u00e1ln\u00ed do jak\u00e9hokoli prostoru.<\/li>\n<\/ul>\n<h2>P\u0159\u00edpad \u00fasp\u011bchu<\/h2>\n<p>Na\u0161e 120ml \u010dir\u00e9 sklen\u011bn\u00e9 difuz\u00e9ry si vybrala mezin\u00e1rodn\u00ed spole\u010dnost zab\u00fdvaj\u00edc\u00ed se bytov\u00fdmi dekoracemi se s\u00eddlem v Nizozemsku. Kdy\u017e u\u017e mluv\u00edme o specifik\u00e1ch p\u0159izp\u016fsoben\u00ed, klient necht\u011bl pou\u017e\u00edt standardn\u00ed uz\u00e1v\u011bry lahv\u00ed a m\u00edsto toho pou\u017eil silikonov\u00fd uz\u00e1v\u011br vyroben\u00fd na m\u00edru, kter\u00fd je chyt\u0159e skryt\u00fd v hrdle; to by nejen pomohlo pevn\u011b udr\u017eet pl\u00e1tky na m\u00edst\u011b, ale tak\u00e9 by to zachovalo minimalistick\u00fd a \u010dist\u00fd vzhled lahve. Dokonce i samotn\u00e9 pl\u00e1tky byly upraveny do hybridn\u00edho form\u00e1tu \u2013 rovn\u00fdch pl\u00e1tk\u016f s ornament\u00e1ln\u00edmi kv\u011btinov\u00fdmi vrcholy \u2013 aby se produktu dodala vizu\u00e1ln\u00ed bohatost a textura.<\/p>\n<p>Po sv\u00e9m uveden\u00ed na trh zaznamenala tato s\u00e9rie v prvn\u00edm \u010dtvrtlet\u00ed n\u00e1r\u016fst maloobchodn\u00edch tr\u017eeb o 29 %. D\u00edky tak pozitivn\u00ed odezv\u011b na trhu klient v n\u00e1sleduj\u00edc\u00edch sedmi m\u011bs\u00edc\u00edch provedl \u010dty\u0159i po sob\u011b jdouc\u00ed nov\u00e9 objedn\u00e1vky.<\/p>\n<h2>Chcete si p\u0159izp\u016fsobit tuto lahvi\u010dku s difuz\u00e9rem ve tvaru r\u00e1kosu?<\/h2>\n<p>M\u00e1te mo\u017enosti \u2013 skute\u010dn\u00e9 mo\u017enosti. Chcete matn\u011b \u010dern\u00fd eloxovan\u00fd povrch se zlat\u00fdm logem ra\u017een\u00fdm za tepla? \u017d\u00e1dn\u00fd probl\u00e9m. Chcete m\u011bkk\u00fd sedan s vlastn\u00edmi pozn\u00e1vac\u00edmi zna\u010dkami a barevn\u00fdmi \u0161t\u00edtky? Snadn\u00e9. Vlastn\u00ed barevn\u00e9 sklo? \u017d\u00e1dn\u00fd probl\u00e9m! Je to zp\u016fsob, jak si p\u0159izp\u016fsobit svou kolekci lahv\u00ed s difuz\u00e9rem. Dokonce i z\u00e1tku lze p\u0159izp\u016fsobit va\u0161\u00ed barevn\u00e9 volb\u011b \u2013 d\u0159ev\u011bnou, kovovou nebo plastovou.<\/p>\n<p>Je to v\u00edc ne\u017e jen sklenice nebo oby\u010dejn\u00e1 n\u00e1doba; je to charakteristick\u00e1 sklen\u011bn\u00e1 lahev va\u0161\u00ed zna\u010dky. Jste p\u0159ipraveni ji vyzkou\u0161et nebo objednat ve velk\u00e9m? Dovolte n\u00e1m, abychom ud\u011blali z va\u0161eho dal\u0161\u00edho uveden\u00ed produktu na trh nezapomenuteln\u00fd z\u00e1\u017eitek.<\/p>","protected":false},"excerpt":{"rendered":"<p>Vysoce kvalitn\u00ed velkoobchodn\u00ed aromaterapeutick\u00e9 lahvi\u010dky, difuz\u00e9ry a zna\u010dky bytov\u00fdch dekorac\u00ed. Pro hromadn\u00e9 objedn\u00e1vky jsou k dispozici p\u0159izp\u016fsobiteln\u00e9 sklen\u011bn\u00e9 lahvi\u010dky. K dispozici jsou vzorky zdarma.<\/p>","protected":false},"featured_media":4803,"template":"","meta":{"site-sidebar-layout":"default","site-content-layout":"","ast-site-content-layout":"default","site-content-style":"default","site-sidebar-style":"default","ast-global-header-display":"","ast-banner-title-visibility":"","ast-main-header-display":"","ast-hfb-above-header-display":"","ast-hfb-below-header-display":"","ast-hfb-mobile-header-display":"","site-post-title":"","ast-breadcrumbs-content":"","ast-featured-img":"","footer-sml-layout":"","theme-transparent-header-meta":"default","adv-header-id-meta":"","stick-header-meta":"","header-above-stick-meta":"","header-main-stick-meta":"","header-below-stick-meta":"","astra-migrate-meta-layouts":"set","ast-page-background-enabled":"default","ast-page-background-meta":{"desktop":{"background-color":"var(--ast-global-color-5)","background-image":"","background-repeat":"repeat","background-position":"center center","background-size":"auto","background-attachment":"scroll","background-type":"","background-media":"","overlay-type":"","overlay-color":"","overlay-opacity":"","overlay-gradient":""},"tablet":{"background-color":"","background-image":"","background-repeat":"repeat","background-position":"center center","background-size":"auto","background-attachment":"scroll","background-type":"","background-media":"","overlay-type":"","overlay-color":"","overlay-opacity":"","overlay-gradient":""},"mobile":{"background-color":"","background-image":"","background-repeat":"repeat","background-position":"center center","background-size":"auto","background-attachment":"scroll","background-type":"","background-media":"","overlay-type":"","overlay-color":"","overlay-opacity":"","overlay-gradient":""}},"ast-content-background-meta":{"desktop":{"background-color":"var(--ast-global-color-4)","background-image":"","background-repeat":"repeat","background-position":"center center","background-size":"auto","background-attachment":"scroll","background-type":"","background-media":"","overlay-type":"","overlay-color":"","overlay-opacity":"","overlay-gradient":""},"tablet":{"background-color":"var(--ast-global-color-4)","background-image":"","background-repeat":"repeat","background-position":"center center","background-size":"auto","background-attachment":"scroll","background-type":"","background-media":"","overlay-type":"","overlay-color":"","overlay-opacity":"","overlay-gradient":""},"mobile":{"background-color":"var(--ast-global-color-4)","background-image":"","background-repeat":"repeat","background-position":"center center","background-size":"auto","background-attachment":"scroll","background-type":"","background-media":"","overlay-type":"","overlay-color":"","overlay-opacity":"","overlay-gradient":""}}},"product_brand":[],"product_cat":[54],"product_tag":[],"class_list":{"0":"post-516","1":"product","2":"type-product","3":"status-publish","4":"has-post-thumbnail","6":"product_cat-reed-diffuser-bottles","7":"desktop-align-left","8":"tablet-align-left","9":"mobile-align-left","11":"first","12":"instock","13":"shipping-taxable","14":"product-type-simple"},"jetpack_sharing_enabled":true,"_links":{"self":[{"href":"https:\/\/mostebglass.com\/cs\/wp-json\/wp\/v2\/product\/516","targetHints":{"allow":["GET"]}}],"collection":[{"href":"https:\/\/mostebglass.com\/cs\/wp-json\/wp\/v2\/product"}],"about":[{"href":"https:\/\/mostebglass.com\/cs\/wp-json\/wp\/v2\/types\/product"}],"wp:featuredmedia":[{"embeddable":true,"href":"https:\/\/mostebglass.com\/cs\/wp-json\/wp\/v2\/media\/4803"}],"wp:attachment":[{"href":"https:\/\/mostebglass.com\/cs\/wp-json\/wp\/v2\/media?parent=516"}],"wp:term":[{"taxonomy":"product_brand","embeddable":true,"href":"https:\/\/mostebglass.com\/cs\/wp-json\/wp\/v2\/product_brand?post=516"},{"taxonomy":"product_cat","embeddable":true,"href":"https:\/\/mostebglass.com\/cs\/wp-json\/wp\/v2\/product_cat?post=516"},{"taxonomy":"product_tag","embeddable":true,"href":"https:\/\/mostebglass.com\/cs\/wp-json\/wp\/v2\/product_tag?post=516"}],"curies":[{"name":"wp","href":"https:\/\/api.w.org\/{rel}","templated":true}]}}