{"id":531,"date":"2025-08-18T18:02:22","date_gmt":"2025-08-18T10:02:22","guid":{"rendered":"https:\/\/mostebglass.com\/?post_type=product&#038;p=531"},"modified":"2026-03-16T15:30:23","modified_gmt":"2026-03-16T07:30:23","slug":"reed-diffuser-bottles-with-patterned-glass-bulk","status":"publish","type":"product","link":"https:\/\/mostebglass.com\/cs\/reed-diffuser-bottles-with-patterned-glass-bulk\/","title":{"rendered":"120ml \u010dir\u00e9 lahvi\u010dky s difuz\u00e9rem Reed se vzorovan\u00fdm sklem"},"content":{"rendered":"<p>Nekupujete si jen difuz\u00e9r do lahvi\u010dky, vytv\u00e1\u0159\u00edte zna\u010dku. Na ka\u017ed\u00e9m detailu z\u00e1le\u017e\u00ed, od zmen\u0161en\u00ed mno\u017estv\u00ed skla a\u017e po zp\u016fsob, jak\u00fdm v\u016fn\u011b prostupuje pl\u00e1tkem. Proto m\u00e1 tato lahvi\u010dka s difuz\u00e9rem jemn\u00fd kulat\u00fd tvar, lehce roz\u0161\u00ed\u0159en\u00e9 t\u011blo a tenk\u00e9 hrdlo. Pr\u016fhledn\u00e1 lahvi\u010dka m\u00e1 sofistikovan\u00fd povrchov\u00fd vzor, \u200b\u200bkter\u00fd je sice praktick\u00fd, ale z\u00e1rove\u0148 vytv\u00e1\u0159\u00ed v\u00fdrazn\u00e9 efekty. Vynik\u00e1 z davu standardn\u00edch difuz\u00e9r\u016f.<\/p>\n<h2>Vlastnosti produktu<\/h2>\n<ul>\n<li><strong>Pr\u016fhledn\u00fd materi\u00e1l:<\/strong> Difuz\u00e9r je vyroben z \u010dir\u00e9ho skla, tak\u017ee je jasn\u011b viditeln\u00fd a vytv\u00e1\u0159\u00ed \u010dist\u00fd a jasn\u00fd vizu\u00e1ln\u00ed z\u00e1\u017eitek.<\/li>\n<li><strong>Elegantn\u00ed texturovan\u00e1 povrchov\u00e1 \u00faprava:<\/strong> Dekorativn\u00ed vzor na skle dod\u00e1v\u00e1 hloubku a luxus \u2013 v\u00e1\u0161 difuz\u00e9r s ty\u010dinkami dosahuje nejvy\u0161\u0161\u00ed \u00farovn\u011b, ani\u017e by p\u016fsobil p\u0159\u00edli\u0161 dramaticky.<\/li>\n<li><strong>Stabiln\u00ed a praktick\u00fd design:<\/strong> \u0160irok\u00e1 z\u00e1kladna zabra\u0148uje p\u0159evr\u00e1cen\u00ed. \u00dazk\u00e9 hrdlo zaji\u0161\u0165uje difuzn\u00ed ty\u010dinku a sni\u017euje odpa\u0159ov\u00e1n\u00ed, \u010d\u00edm\u017e se zvy\u0161uje \u0161\u00ed\u0159en\u00ed aroma a minimalizuje rozlit\u00ed.<\/li>\n<\/ul>\n<h2>Jak jedna zna\u010dka znovuobjevila svou produktovou \u0159adu<\/h2>\n<p>Na\u0161e 120ml difuz\u00e9rov\u00e9 \u200b\u200blahvi\u010dky s reli\u00e9fn\u00edm sklem byly vybr\u00e1ny italskou zna\u010dkou bytov\u00fdch v\u016fn\u00ed. Poznamenali, \u017ee m\u011blo b\u00fdt pou\u017eito vysoce \u010dir\u00e9 sklo s hlubok\u00fdm, trojrozm\u011brn\u00fdm vzorem kv\u011btinov\u00e9 ra\u017eby. Design zahrnuje logo zna\u010dky vyra\u017een\u00e9 zlatou f\u00f3li\u00ed na rameni lahvi\u010dky, difuz\u00e9rov\u00e9 \u200b\u200blahvi\u010dky z p\u0159\u00edrodn\u00edho ratanu a matn\u011b zlat\u00fd hlin\u00edkov\u00fd l\u00edmec.<br \/>\nS uveden\u00edm t\u00e9to nov\u00e9 \u0159ady difuz\u00e9r\u016f zaznamenaly sez\u00f3nn\u00ed tr\u017eby v prodejn\u00edm cyklu prvn\u00edch \u010dty\u0159 m\u011bs\u00edc\u016f impozantn\u00ed 32procentn\u00ed n\u00e1r\u016fst. Jen b\u011bhem prvn\u00edho roku uveden\u00ed produktu na trh klient provedl \u010dty\u0159i po sob\u011b jdouc\u00ed velk\u00e9 objemy objedn\u00e1vek.<\/p>\n<h2>Hled\u00e1te mo\u017enosti p\u0159izp\u016fsoben\u00ed? Zde m\u016f\u017eete zaz\u00e1\u0159it.<\/h2>\n<p>Tuto l\u00e1hev lze p\u0159izp\u016fsobit. Texturovan\u00fd povrch m\u016f\u017ee ve skute\u010dnosti vylep\u0161it ur\u010dit\u00e9 povrchov\u00e9 \u00fapravy. Vyzkou\u0161ejte tyto:<\/p>\n<p>Mezi mo\u017enosti p\u0159izp\u016fsoben\u00ed pat\u0159\u00ed hork\u00e1 ra\u017eba (skv\u011bl\u00e1 pro elegantn\u00ed logo), delik\u00e1tn\u00ed etikety\/\u0161t\u00edtky (ide\u00e1ln\u00ed pro limitovan\u00e9 verze) a pokro\u010dil\u00e9 z\u00e1tky (d\u0159ev\u011bn\u00e9, bambusov\u00e9 nebo kovov\u00e9). Design zaji\u0161\u0165uje pomal\u00e9 a stabiln\u00ed uvol\u0148ov\u00e1n\u00ed v\u016fn\u011b pro intenzivn\u011bj\u0161\u00ed z\u00e1\u017eitek z v\u016fn\u011b. Ide\u00e1ln\u00ed pro nov\u00e9 produkty nebo modernizaci st\u00e1vaj\u00edc\u00edch balen\u00ed difuz\u00e9r\u016f.<\/p>","protected":false},"excerpt":{"rendered":"<p>Velkoobchodn\u00ed zak\u00e1zkov\u00e9 difuz\u00e9ry s t\u0159pytkami \u2013 Vysoce kvalitn\u00ed a odoln\u00e9 proveden\u00ed ur\u010den\u00e9 pro aromatick\u00e9 produkty a bytov\u00e9 dekorace. Vzorky zdarma.<\/p>","protected":false},"featured_media":4784,"template":"","meta":{"site-sidebar-layout":"default","site-content-layout":"","ast-site-content-layout":"default","site-content-style":"default","site-sidebar-style":"default","ast-global-header-display":"","ast-banner-title-visibility":"","ast-main-header-display":"","ast-hfb-above-header-display":"","ast-hfb-below-header-display":"","ast-hfb-mobile-header-display":"","site-post-title":"","ast-breadcrumbs-content":"","ast-featured-img":"","footer-sml-layout":"","theme-transparent-header-meta":"default","adv-header-id-meta":"","stick-header-meta":"","header-above-stick-meta":"","header-main-stick-meta":"","header-below-stick-meta":"","astra-migrate-meta-layouts":"set","ast-page-background-enabled":"default","ast-page-background-meta":{"desktop":{"background-color":"var(--ast-global-color-5)","background-image":"","background-repeat":"repeat","background-position":"center center","background-size":"auto","background-attachment":"scroll","background-type":"","background-media":"","overlay-type":"","overlay-color":"","overlay-opacity":"","overlay-gradient":""},"tablet":{"background-color":"","background-image":"","background-repeat":"repeat","background-position":"center center","background-size":"auto","background-attachment":"scroll","background-type":"","background-media":"","overlay-type":"","overlay-color":"","overlay-opacity":"","overlay-gradient":""},"mobile":{"background-color":"","background-image":"","background-repeat":"repeat","background-position":"center center","background-size":"auto","background-attachment":"scroll","background-type":"","background-media":"","overlay-type":"","overlay-color":"","overlay-opacity":"","overlay-gradient":""}},"ast-content-background-meta":{"desktop":{"background-color":"var(--ast-global-color-4)","background-image":"","background-repeat":"repeat","background-position":"center center","background-size":"auto","background-attachment":"scroll","background-type":"","background-media":"","overlay-type":"","overlay-color":"","overlay-opacity":"","overlay-gradient":""},"tablet":{"background-color":"var(--ast-global-color-4)","background-image":"","background-repeat":"repeat","background-position":"center center","background-size":"auto","background-attachment":"scroll","background-type":"","background-media":"","overlay-type":"","overlay-color":"","overlay-opacity":"","overlay-gradient":""},"mobile":{"background-color":"var(--ast-global-color-4)","background-image":"","background-repeat":"repeat","background-position":"center center","background-size":"auto","background-attachment":"scroll","background-type":"","background-media":"","overlay-type":"","overlay-color":"","overlay-opacity":"","overlay-gradient":""}}},"product_brand":[],"product_cat":[54],"product_tag":[],"class_list":{"0":"post-531","1":"product","2":"type-product","3":"status-publish","4":"has-post-thumbnail","6":"product_cat-reed-diffuser-bottles","7":"desktop-align-left","8":"tablet-align-left","9":"mobile-align-left","11":"first","12":"instock","13":"shipping-taxable","14":"product-type-simple"},"jetpack_sharing_enabled":true,"_links":{"self":[{"href":"https:\/\/mostebglass.com\/cs\/wp-json\/wp\/v2\/product\/531","targetHints":{"allow":["GET"]}}],"collection":[{"href":"https:\/\/mostebglass.com\/cs\/wp-json\/wp\/v2\/product"}],"about":[{"href":"https:\/\/mostebglass.com\/cs\/wp-json\/wp\/v2\/types\/product"}],"wp:featuredmedia":[{"embeddable":true,"href":"https:\/\/mostebglass.com\/cs\/wp-json\/wp\/v2\/media\/4784"}],"wp:attachment":[{"href":"https:\/\/mostebglass.com\/cs\/wp-json\/wp\/v2\/media?parent=531"}],"wp:term":[{"taxonomy":"product_brand","embeddable":true,"href":"https:\/\/mostebglass.com\/cs\/wp-json\/wp\/v2\/product_brand?post=531"},{"taxonomy":"product_cat","embeddable":true,"href":"https:\/\/mostebglass.com\/cs\/wp-json\/wp\/v2\/product_cat?post=531"},{"taxonomy":"product_tag","embeddable":true,"href":"https:\/\/mostebglass.com\/cs\/wp-json\/wp\/v2\/product_tag?post=531"}],"curies":[{"name":"wp","href":"https:\/\/api.w.org\/{rel}","templated":true}]}}