{"id":535,"date":"2025-08-18T18:02:55","date_gmt":"2025-08-18T10:02:55","guid":{"rendered":"https:\/\/mostebglass.com\/?post_type=product&#038;p=535"},"modified":"2026-04-24T10:54:19","modified_gmt":"2026-04-24T02:54:19","slug":"diffuser-bottles-empty-christmas-tree-shape-wholesale","status":"publish","type":"product","link":"https:\/\/mostebglass.com\/cs\/diffuser-bottles-empty-christmas-tree-shape-wholesale\/","title":{"rendered":"100ml 200ml difuz\u00e9rov\u00e9 \u200b\u200blahve ve tvaru v\u00e1no\u010dn\u00edho stromku, velkoobchod"},"content":{"rendered":"<h2>\u00davod k produktu<\/h2>\n<p>Nejen\u017ee nakupujete difuz\u00e9ry s ty\u010dinkami ve velkoobchod\u011b, ale vytv\u00e1\u0159\u00edte sv\u00e1te\u010dn\u00ed atmosf\u00e9ru. Kdy\u017e v\u00e1\u0161 z\u00e1kazn\u00edk uvid\u00ed v reg\u00e1lu difuz\u00e9r ve tvaru v\u00e1no\u010dn\u00edho stromku, okam\u017eit\u011b rozpoznateln\u00fd \u2013 s jemn\u00fdmi liniemi napodobuj\u00edc\u00edmi v\u011btve stromku \u2013 za\u017eije v\u00edc ne\u017e jen v\u016fni; uc\u00edt\u00ed atmosf\u00e9ru po\u010das\u00ed.<\/p>\n<h2>Vlastnosti produktu<\/h2>\n<ul>\n<li><strong>Pr\u016fhledn\u00fd:<\/strong> Vyrobeno z \u010dir\u00e9ho skla, tak\u017ee uvnit\u0159 jasn\u011b vid\u00edte vonnou tekutinu, co\u017e vytv\u00e1\u0159\u00ed \u010dist\u00fd a sv\u011b\u017e\u00ed vizu\u00e1ln\u00ed z\u00e1\u017eitek.<\/li>\n<li><strong>Kompaktn\u00ed a zp\u016fsobil\u00e9:<\/strong> Kompaktn\u00ed design nezabere mnoho m\u00edsta, co\u017e z n\u011bj d\u011bl\u00e1 sofistikovanou dekoraci stolu.<\/li>\n<li><strong>Tvar v\u00e1no\u010dn\u00edho stromku podle roku:<\/strong> Vytvo\u0159\u00ed poutavou sez\u00f3nn\u00ed dekoraci a po pou\u017eit\u00ed esenci\u00e1ln\u00edch olej\u016f ji m\u016f\u017eete znovu pou\u017e\u00edt jako dekoraci. Z\u00e1kazn\u00edci si ji chv\u00e1l\u00ed.<\/li>\n<\/ul>\n<h2>Jak jedna zna\u010dka zvl\u00e1dla sv\u00e1te\u010dn\u00ed obdob\u00ed<\/h2>\n<p>Jedna z kanadsk\u00fdch zna\u010dek sez\u00f3nn\u00edch d\u00e1rk\u016f uvedla na trh \u0159adu difuz\u00e9r\u016f s v\u00e1no\u010dn\u00ed tematikou ve tvaru ty\u010dinek, v nich\u017e jako n\u00e1doby pou\u017eila na\u0161e sklen\u011bn\u00e9 lahvi\u010dky ve tvaru stromk\u016f, \u010d\u00edm\u017e vytvo\u0159ila jedine\u010dn\u00fd sv\u00e1te\u010dn\u00ed image zna\u010dky. Klient si vybral objem 100 ml a po\u017eadoval, aby materi\u00e1lem bylo vysoce \u010dir\u00e9 sklo se zes\u00edlen\u00fdmi okraji, kter\u00e9 by l\u00e9pe definovaly siluetu stromk\u016f. Lahvi\u010dky byly dopln\u011bny vysoce leskl\u00fdmi \u010dern\u00fdmi \u0161roubovac\u00edmi uz\u00e1v\u011bry, kter\u00e9 byly vybaveny vnit\u0159n\u00edmi omezovac\u00edmi z\u00e1tkami; tyto z\u00e1tky se vkl\u00e1daj\u00ed tak, aby ty\u010dinky dr\u017eely na m\u00edst\u011b, ale z\u00e1rove\u0148 \u00fa\u010dinn\u011b regulovaly rychlost odpa\u0159ov\u00e1n\u00ed vonn\u00e9ho oleje. Aby klient vytvo\u0159il luxusn\u011bj\u0161\u00ed a dekorativn\u011bj\u0161\u00ed sv\u00e1te\u010dn\u00ed vzhled, necht\u011bl, aby byly lahvi\u010dky p\u0159\u00edmo poti\u0161t\u011bny na povrchu, a proto si objednal zak\u00e1zkov\u00e9 vy\u0159ez\u00e1van\u00e9 visa\u010dky, kter\u00e9 by se na hrdla lahv\u00ed p\u0159ipevnily zlatou f\u00f3li\u00ed.<\/p>\n<p>Se zaveden\u00edm t\u011bchto nov\u00fdch sez\u00f3nn\u00edch produkt\u016f vzrostly tr\u017eby b\u011bhem v\u00e1no\u010dn\u00ed sez\u00f3ny a\u017e o 46 procent oproti p\u0159edchoz\u00edmu roku, kdy zna\u010dka st\u00e1le pou\u017e\u00edvala star\u00fd design obal\u016f. Klient provedl n\u011bkolik n\u00e1sledn\u00fdch objedn\u00e1vek postupn\u011b b\u011bhem n\u00e1sleduj\u00edc\u00edch \u0161esti m\u011bs\u00edc\u016f.<\/p>\n<h2>Chcete si to p\u0159izp\u016fsobit? P\u0159izp\u016fsobte si to<\/h2>\n<p>Tato slavnostn\u00ed l\u00e1hev je jako pl\u00e1tno. Hladk\u00e9 povrchy a \u010dist\u00e9 linie se hod\u00ed k t\u00e9m\u011b\u0159 jak\u00e9koli povrchov\u00e9 \u00faprav\u011b. Vyzkou\u0161ejte tyto:<\/p>\n<ul>\n<li><strong>Hork\u00e1 ra\u017eba:<\/strong> Na p\u0159edn\u00ed stranu si m\u016f\u017eete nan\u00e9st zlat\u00e9 nebo st\u0159\u00edbrn\u00e9 sn\u011bhov\u00e9 vlo\u010dky, hv\u011bzdy nebo sv\u00e9 logo.<\/li>\n<li><strong>S\u00edtotisk:<\/strong> P\u0159idejte jemn\u00e9 vzory \u2013 nap\u0159\u00edklad zasn\u011b\u017een\u00e9 krajiny nebo borov\u00e9 v\u011btve \u2013 kter\u00e9 se ov\u00edjej\u00ed kolem stromu.<\/li>\n<li><strong>\u0160t\u00edtky a obtisky:<\/strong> Pro hrav\u00fd n\u00e1dech pou\u017eijte tvarovan\u00e9 \u0161t\u00edtky (hv\u011bzda, ozdoba).<\/li>\n<li><strong>Vylep\u0161en\u00ed zar\u00e1\u017eky:<\/strong> \u010cerven\u00e1, zelen\u00e1, zlat\u00e1 nebo d\u0159ev\u011bn\u00e1 \u2013 lad\u00ed s v\u00e1no\u010dn\u00ed atmosf\u00e9rou va\u0161\u00ed zna\u010dky.<\/li>\n<\/ul>","protected":false},"excerpt":{"rendered":"<p>Velkoobchodn\u00ed prodej pr\u00e9miov\u00fdch pr\u00e1zdn\u00fdch difuz\u00e9r\u016f a difuz\u00e9r\u016f s t\u0159pytkami. Velkoobjemov\u00e1 sklen\u011bn\u00e1 \u0159e\u0161en\u00ed pro zna\u010dky aroma, l\u00e1zn\u00ed a bytov\u00fdch v\u016fn\u00ed.<\/p>","protected":false},"featured_media":5307,"template":"","meta":{"site-sidebar-layout":"default","site-content-layout":"","ast-site-content-layout":"default","site-content-style":"default","site-sidebar-style":"default","ast-global-header-display":"","ast-banner-title-visibility":"","ast-main-header-display":"","ast-hfb-above-header-display":"","ast-hfb-below-header-display":"","ast-hfb-mobile-header-display":"","site-post-title":"","ast-breadcrumbs-content":"","ast-featured-img":"","footer-sml-layout":"","theme-transparent-header-meta":"default","adv-header-id-meta":"","stick-header-meta":"","header-above-stick-meta":"","header-main-stick-meta":"","header-below-stick-meta":"","astra-migrate-meta-layouts":"set","ast-page-background-enabled":"default","ast-page-background-meta":{"desktop":{"background-color":"var(--ast-global-color-5)","background-image":"","background-repeat":"repeat","background-position":"center center","background-size":"auto","background-attachment":"scroll","background-type":"","background-media":"","overlay-type":"","overlay-color":"","overlay-opacity":"","overlay-gradient":""},"tablet":{"background-color":"","background-image":"","background-repeat":"repeat","background-position":"center center","background-size":"auto","background-attachment":"scroll","background-type":"","background-media":"","overlay-type":"","overlay-color":"","overlay-opacity":"","overlay-gradient":""},"mobile":{"background-color":"","background-image":"","background-repeat":"repeat","background-position":"center center","background-size":"auto","background-attachment":"scroll","background-type":"","background-media":"","overlay-type":"","overlay-color":"","overlay-opacity":"","overlay-gradient":""}},"ast-content-background-meta":{"desktop":{"background-color":"var(--ast-global-color-4)","background-image":"","background-repeat":"repeat","background-position":"center center","background-size":"auto","background-attachment":"scroll","background-type":"","background-media":"","overlay-type":"","overlay-color":"","overlay-opacity":"","overlay-gradient":""},"tablet":{"background-color":"var(--ast-global-color-4)","background-image":"","background-repeat":"repeat","background-position":"center center","background-size":"auto","background-attachment":"scroll","background-type":"","background-media":"","overlay-type":"","overlay-color":"","overlay-opacity":"","overlay-gradient":""},"mobile":{"background-color":"var(--ast-global-color-4)","background-image":"","background-repeat":"repeat","background-position":"center center","background-size":"auto","background-attachment":"scroll","background-type":"","background-media":"","overlay-type":"","overlay-color":"","overlay-opacity":"","overlay-gradient":""}}},"product_brand":[],"product_cat":[54,21],"product_tag":[],"class_list":{"0":"post-535","1":"product","2":"type-product","3":"status-publish","4":"has-post-thumbnail","6":"product_cat-reed-diffuser-bottles","7":"product_cat-product","8":"desktop-align-left","9":"tablet-align-left","10":"mobile-align-left","12":"first","13":"instock","14":"shipping-taxable","15":"product-type-simple"},"jetpack_sharing_enabled":true,"_links":{"self":[{"href":"https:\/\/mostebglass.com\/cs\/wp-json\/wp\/v2\/product\/535","targetHints":{"allow":["GET"]}}],"collection":[{"href":"https:\/\/mostebglass.com\/cs\/wp-json\/wp\/v2\/product"}],"about":[{"href":"https:\/\/mostebglass.com\/cs\/wp-json\/wp\/v2\/types\/product"}],"wp:featuredmedia":[{"embeddable":true,"href":"https:\/\/mostebglass.com\/cs\/wp-json\/wp\/v2\/media\/5307"}],"wp:attachment":[{"href":"https:\/\/mostebglass.com\/cs\/wp-json\/wp\/v2\/media?parent=535"}],"wp:term":[{"taxonomy":"product_brand","embeddable":true,"href":"https:\/\/mostebglass.com\/cs\/wp-json\/wp\/v2\/product_brand?post=535"},{"taxonomy":"product_cat","embeddable":true,"href":"https:\/\/mostebglass.com\/cs\/wp-json\/wp\/v2\/product_cat?post=535"},{"taxonomy":"product_tag","embeddable":true,"href":"https:\/\/mostebglass.com\/cs\/wp-json\/wp\/v2\/product_tag?post=535"}],"curies":[{"name":"wp","href":"https:\/\/api.w.org\/{rel}","templated":true}]}}