{"id":539,"date":"2025-08-18T18:02:43","date_gmt":"2025-08-18T10:02:43","guid":{"rendered":"https:\/\/mostebglass.com\/?post_type=product&#038;p=539"},"modified":"2026-03-13T14:04:46","modified_gmt":"2026-03-13T06:04:46","slug":"clear-glass-diffuser-bottle-with-ribbed-texture-wholesale","status":"publish","type":"product","link":"https:\/\/mostebglass.com\/cs\/clear-glass-diffuser-bottle-with-ribbed-texture-wholesale\/","title":{"rendered":"120ml \u010dir\u00e1 sklen\u011bn\u00e1 difuzn\u00ed lahvi\u010dka s \u017eebrovanou texturou Velkoobchod"},"content":{"rendered":"<p>A\u0165 u\u017e uv\u00e1d\u00edte na trh novou produktovou \u0159adu nebo osv\u011b\u017eujete obal sv\u00e9 lahvi\u010dky s difuz\u00e9rem, tento defuser m\u00e1 m\u011bkk\u00fd, ploch\u00fd, kulat\u00fd tvar, kter\u00fd prob\u00edh\u00e1 odshora dol\u016f se samostatn\u00fdmi svisl\u00fdmi dr\u00e1\u017ekami. Texturovan\u00fd povrch dr\u017e\u00ed sv\u011btlo jako rann\u00ed jinovatka na otev\u0159en\u00e9m okn\u011b, co\u017e ho \u010din\u00ed jedine\u010dn\u00fdm.<\/p>\n<h2>Vlastnosti produktu<\/h2>\n<ul>\n<li><span aria-haspopup=\"dialog\" aria-expanded=\"false\" aria-controls=\"radix-_r_3k_\" data-state=\"closed\" data-slot=\"popover-trigger\"><strong>P\u0159izp\u016fsoben\u00ed barvy skla:<\/strong> T\u011blo lahv\u00ed m\u016f\u017ee b\u00fdt vyrobeno v r\u016fzn\u00fdch barv\u00e1ch, v\u010detn\u011b jantarov\u00e9, kou\u0159ov\u011b \u0161ed\u00e9, \u010dir\u00e9, olivov\u011b zelen\u00e9 nebo matn\u011b \u010dern\u00e9.<\/span> <span aria-haspopup=\"dialog\" aria-expanded=\"false\" aria-controls=\"radix-_r_3l_\" data-state=\"closed\" data-slot=\"popover-trigger\">Je tak\u00e9 mo\u017en\u00e9 vyrobit vlastn\u00ed barvy, kter\u00e9 odpov\u00eddaj\u00ed image zna\u010dky nebo sez\u00f3nn\u00edm kolekc\u00edm v\u016fn\u00ed.<\/span><\/li>\n<li><span aria-haspopup=\"dialog\" aria-expanded=\"false\" aria-controls=\"radix-_r_3m_\" data-state=\"closed\" data-slot=\"popover-trigger\"><strong>Povrchov\u00e1 \u00faprava v\u00ed\u010dek:<\/strong> Krou\u017eek na krk nebo v\u00ed\u010dko lze objednat ve zlat\u00e9, r\u016f\u017eov\u011b zlat\u00e9, matn\u00e9 \u010dern\u00e9, kart\u00e1\u010dovan\u00e9 st\u0159\u00edbrn\u00e9 nebo hlin\u00edkov\u00e9 barv\u011b s efektem d\u0159eva, aby l\u00e9pe odpov\u00eddaly t\u00e9matu v\u016fn\u011b.<\/span><\/li>\n<li><span aria-haspopup=\"dialog\" aria-expanded=\"false\" aria-controls=\"radix-_r_3n_\" data-state=\"closed\" data-slot=\"popover-trigger\"><strong>Tisk:<\/strong> Logo zna\u010dky nebo n\u00e1zev v\u016fn\u011b lze za\u010dlenit pomoc\u00ed s\u00edtotisku, hork\u00e9 ra\u017eby, UV tisku nebo reli\u00e9fn\u00edho designu ve sklen\u011bn\u00e9 form\u011b, aby zna\u010dka vypadala je\u0161t\u011b jedine\u010dn\u011bji.<\/span><\/li>\n<\/ul>\n<h2>Jak jedna zna\u010dka vylep\u0161ila svou \u0159adu v\u016fn\u00ed<\/h2>\n<p>Spole\u010dnost st\u0159edn\u00ed t\u0159\u00eddy vyr\u00e1b\u011bj\u00edc\u00ed difuz\u00e9ry do lahv\u00ed s ty\u010dinkami ztr\u00e1cela m\u00edsto v reg\u00e1lech ve prosp\u011bch elegantn\u011bj\u0161\u00ed konkurence. Jejich star\u00e1 lahvi\u010dka s difuz\u00e9rem vypadala plo\u0161e \u2013 jako recyklovan\u00e9 lahve od d\u017eusu s ty\u010dinkami zap\u00edchnut\u00fdmi v nich. P\u0159e\u0161la na tyto \u017eebrovan\u00e9 sklen\u011bn\u00e9 lahvi\u010dky s difuz\u00e9rem. P\u0159idala jemn\u00e9 \u010dern\u00e9 s\u00edtotiskov\u00e9 logo a matn\u011b \u010dernou z\u00e1tku. L\u00e1hev nechala pr\u016fhlednou, aby vynikl jejich zlat\u00fd difuz\u00e9r s ty\u010dinkami. V\u00fdsledek? Prodejci uvedli, \u017ee lahvi\u010dka \u201ep\u016fsob\u00ed draho\u201c. Z\u00e1kazn\u00edci se na chv\u00edli zastavili, aby se j\u00ed dotkli. Tento kr\u00e1tk\u00fd okam\u017eik spojen\u00ed zv\u00fd\u0161il m\u00edru konverze t\u00e9m\u011b\u0159 o 30 %.<\/p>\n<h2>Chcete si to p\u0159izp\u016fsobit? Zde je m\u00edsto, kde za\u010d\u00edt<\/h2>\n<ol>\n<li><strong>S\u00edtotisk:<\/strong> \u010cist\u00fd a odoln\u00fd branding. Pou\u017eijte ho pro minimalistick\u00fd text nebo slo\u017eit\u00e9 vzory.<\/li>\n<li><strong>Matn\u00e9 nebo pota\u017een\u00e9 povrchov\u00e9 \u00fapravy:<\/strong> Matn\u00fd sprej na \u010dir\u00e9 sklo? Kou\u0159ov\u00e1 elegance. Nebo si m\u016f\u017eete celou lahvi\u010dku nat\u0159\u00edt svou obl\u00edbenou barvou, nap\u0159\u00edklad \u0161edou, zlatou nebo \u010dirou, aby ladila s va\u0161\u00ed kolekc\u00ed v\u016fn\u00ed. s va\u0161\u00ed \u0159adou v\u016fn\u00ed.<\/li>\n<li><span aria-haspopup=\"dialog\" aria-expanded=\"false\" aria-controls=\"radix-_r_3o_\" data-state=\"closed\" data-slot=\"popover-trigger\"><strong>V\u00fdb\u011br typu r\u00e1kosov\u00e9 ty\u010dinky:<\/strong> Zde se nab\u00edzej\u00ed r\u016fzn\u00e9 typy difuz\u00e9r\u016f s ty\u010dinkami, tj. ty\u010dinky z p\u0159\u00edrodn\u00edho ratanu, ty\u010dinky z \u010dern\u00e9ho vl\u00e1kna, spir\u00e1lov\u00e9 kovov\u00e9 ty\u010dinky nebo kv\u011btinov\u00e9 ty\u010dinky vonn\u00fdch l\u00e1tek, kter\u00e9 se hod\u00ed pro r\u016fzn\u00e9 vonn\u00e9 pl\u00e1ny.<\/span><\/li>\n<\/ol>","protected":false},"excerpt":{"rendered":"<p>Difuz\u00e9ry a ty\u010dinky pr\u00e9miov\u00e9 kvality, p\u0159izp\u016fsobiteln\u00e9 balen\u00ed difuz\u00e9r\u016f v lahvi\u010dk\u00e1ch pro velkoobchodn\u00edky s aroma, l\u00e1zn\u011bmi a difuz\u00e9ry. Vzorky zdarma.<\/p>","protected":false},"featured_media":4749,"template":"","meta":{"site-sidebar-layout":"default","site-content-layout":"","ast-site-content-layout":"default","site-content-style":"default","site-sidebar-style":"default","ast-global-header-display":"","ast-banner-title-visibility":"","ast-main-header-display":"","ast-hfb-above-header-display":"","ast-hfb-below-header-display":"","ast-hfb-mobile-header-display":"","site-post-title":"","ast-breadcrumbs-content":"","ast-featured-img":"","footer-sml-layout":"","theme-transparent-header-meta":"default","adv-header-id-meta":"","stick-header-meta":"","header-above-stick-meta":"","header-main-stick-meta":"","header-below-stick-meta":"","astra-migrate-meta-layouts":"set","ast-page-background-enabled":"default","ast-page-background-meta":{"desktop":{"background-color":"var(--ast-global-color-5)","background-image":"","background-repeat":"repeat","background-position":"center center","background-size":"auto","background-attachment":"scroll","background-type":"","background-media":"","overlay-type":"","overlay-color":"","overlay-opacity":"","overlay-gradient":""},"tablet":{"background-color":"","background-image":"","background-repeat":"repeat","background-position":"center center","background-size":"auto","background-attachment":"scroll","background-type":"","background-media":"","overlay-type":"","overlay-color":"","overlay-opacity":"","overlay-gradient":""},"mobile":{"background-color":"","background-image":"","background-repeat":"repeat","background-position":"center center","background-size":"auto","background-attachment":"scroll","background-type":"","background-media":"","overlay-type":"","overlay-color":"","overlay-opacity":"","overlay-gradient":""}},"ast-content-background-meta":{"desktop":{"background-color":"var(--ast-global-color-4)","background-image":"","background-repeat":"repeat","background-position":"center center","background-size":"auto","background-attachment":"scroll","background-type":"","background-media":"","overlay-type":"","overlay-color":"","overlay-opacity":"","overlay-gradient":""},"tablet":{"background-color":"var(--ast-global-color-4)","background-image":"","background-repeat":"repeat","background-position":"center center","background-size":"auto","background-attachment":"scroll","background-type":"","background-media":"","overlay-type":"","overlay-color":"","overlay-opacity":"","overlay-gradient":""},"mobile":{"background-color":"var(--ast-global-color-4)","background-image":"","background-repeat":"repeat","background-position":"center center","background-size":"auto","background-attachment":"scroll","background-type":"","background-media":"","overlay-type":"","overlay-color":"","overlay-opacity":"","overlay-gradient":""}}},"product_brand":[],"product_cat":[54],"product_tag":[],"class_list":{"0":"post-539","1":"product","2":"type-product","3":"status-publish","4":"has-post-thumbnail","6":"product_cat-reed-diffuser-bottles","7":"desktop-align-left","8":"tablet-align-left","9":"mobile-align-left","11":"first","12":"instock","13":"shipping-taxable","14":"product-type-simple"},"jetpack_sharing_enabled":true,"_links":{"self":[{"href":"https:\/\/mostebglass.com\/cs\/wp-json\/wp\/v2\/product\/539","targetHints":{"allow":["GET"]}}],"collection":[{"href":"https:\/\/mostebglass.com\/cs\/wp-json\/wp\/v2\/product"}],"about":[{"href":"https:\/\/mostebglass.com\/cs\/wp-json\/wp\/v2\/types\/product"}],"wp:featuredmedia":[{"embeddable":true,"href":"https:\/\/mostebglass.com\/cs\/wp-json\/wp\/v2\/media\/4749"}],"wp:attachment":[{"href":"https:\/\/mostebglass.com\/cs\/wp-json\/wp\/v2\/media?parent=539"}],"wp:term":[{"taxonomy":"product_brand","embeddable":true,"href":"https:\/\/mostebglass.com\/cs\/wp-json\/wp\/v2\/product_brand?post=539"},{"taxonomy":"product_cat","embeddable":true,"href":"https:\/\/mostebglass.com\/cs\/wp-json\/wp\/v2\/product_cat?post=539"},{"taxonomy":"product_tag","embeddable":true,"href":"https:\/\/mostebglass.com\/cs\/wp-json\/wp\/v2\/product_tag?post=539"}],"curies":[{"name":"wp","href":"https:\/\/api.w.org\/{rel}","templated":true}]}}