{"id":543,"date":"2025-08-18T17:55:37","date_gmt":"2025-08-18T09:55:37","guid":{"rendered":"https:\/\/mostebglass.com\/?post_type=product&#038;p=543"},"modified":"2025-08-19T09:12:37","modified_gmt":"2025-08-19T01:12:37","slug":"cire-nadoby-na-male-svicky-s-dulkovanou-strukturou-velkoobchod","status":"publish","type":"product","link":"https:\/\/mostebglass.com\/cs\/clear-small-candle-jars-containers-with-dimpled-texture-wholesale\/","title":{"rendered":"Pr\u016fhledn\u00e9 mal\u00e9 d\u00f3zy na sv\u00ed\u010dky \u2013 80ml n\u00e1doby s d\u016flkovou texturou, velkoobchod"},"content":{"rendered":"<p>Hled\u00e1te modern\u00ed a nad\u010dasov\u00e9 balen\u00ed d\u00f3z na sv\u00ed\u010dky? Na\u0161e mal\u00e9 d\u00f3zy na sv\u00ed\u010dky se py\u0161n\u00ed d\u016flkovitou texturou a stabiln\u00edm dnem \u2013 ide\u00e1ln\u00ed pro velkoobchodn\u00ed zna\u010dky sv\u00ed\u010dek nebo pro vysoce kvalitn\u00ed kolekce d\u00f3z na sv\u00ed\u010dky.<\/p>\n<h2>Vlastnosti produktu<\/h2>\n<p><strong>Dr\u00e1\u017ekovan\u00e1 textura pro p\u0159\u00edjemn\u00fd dotek<\/strong><\/p>\n<p>Kruhov\u00e9 vzory vyv\u00fd\u0161en\u00e9 na t\u00e9to n\u00e1dob\u011b na sv\u00ed\u010dku dod\u00e1vaj\u00ed jedine\u010dn\u00fd 3D efekt, d\u00edky kter\u00e9mu se va\u0161e sklen\u011bn\u00e1 sv\u00ed\u010dka bude c\u00edtit jako handicap.<\/p>\n<p><strong>Stabiln\u00ed z\u00e1kladna pro bezpe\u010dnost velkoobchodn\u00edch sv\u00ed\u010dek<\/strong><\/p>\n<p>S hmotnost\u00ed 120 gram\u016f zaji\u0161\u0165uje siln\u00e9 a rovn\u00e9 dno, \u017ee se tyto mal\u00e9 d\u00f3zy na sv\u00ed\u010dky p\u0159i p\u0159eprav\u011b hromadn\u00fdch sv\u00ed\u010dek nebo jejich stohov\u00e1n\u00ed v maloobchod\u011b nep\u0159evr\u00e1t\u00ed.<\/p>\n<h2>Kl\u00ed\u010dov\u00e9 specifikace<\/h2>\n<table style=\"border-collapse: collapse; width: 80%; margin-left: auto; margin-right: auto;\" border=\"0\" width=\"144\" cellspacing=\"0\" cellpadding=\"0\">\n<tbody>\n<tr style=\"height: 13.50pt;\">\n<td style=\"height: 13.50pt; width: 54.00pt;\" width=\"72\" height=\"18\">Funkce<\/td>\n<td style=\"width: 54.00pt;\" width=\"72\">Podrobnosti<\/td>\n<\/tr>\n<tr style=\"height: 13.50pt;\">\n<td style=\"height: 13.50pt;\" height=\"18\">Kapacita<\/td>\n<td>80ml<\/td>\n<\/tr>\n<tr style=\"height: 13.50pt;\">\n<td style=\"height: 13.50pt;\" height=\"18\">Hmotnost<\/td>\n<td>120 g<\/td>\n<\/tr>\n<tr style=\"height: 13.50pt;\">\n<td style=\"height: 13.50pt;\" height=\"18\">Vzory<\/td>\n<td>D\u016flkov\u00e1 textura<\/td>\n<\/tr>\n<tr style=\"height: 13.50pt;\">\n<td style=\"height: 13.50pt;\" height=\"18\">Rozm\u011bry<\/td>\n<td>55*45*64 mm<\/td>\n<\/tr>\n<\/tbody>\n<\/table>\n<h2>Tipy pro profesion\u00e1ly pro p\u0159izp\u016fsoben\u00ed<\/h2>\n<ol>\n<li><strong>P\u0159ehr\u00e1v\u00e1n\u00ed textur:<\/strong> Pro rustik\u00e1ln\u00ed linie sv\u00ed\u010dek ve sklenici pou\u017eijte d\u016flkov\u00fd vzor, \u200b\u200bpro objemn\u00e9 sv\u00ed\u010dky pak hladkou texturu.<\/li>\n<li><strong>\u010casto kladen\u00e9 ot\u00e1zky:<\/strong> Pot\u0159ebujete s v\u00fdb\u011brem pomoci? Zeptejte se n\u00e1s na n\u00e1\u0161 v\u00fdb\u011br, a\u0165 u\u017e jde o pr\u016fvodce sv\u00ed\u010dkami nebo velkoobchodn\u00ed sady d\u00f3z se sv\u00ed\u010dkami.<\/li>\n<\/ol>","protected":false},"excerpt":{"rendered":"<p>Pozdvihn\u011bte svou \u0159adu mal\u00fdch d\u00f3z na sv\u00ed\u010dky d\u00edky texturovan\u00e9mu designu d\u00f3z. Vysoce kvalitn\u00ed d\u00f3zy na sv\u00ed\u010dky za konkurenceschopn\u00e9 ceny pro velkoobchodn\u00ed i hromadn\u00e9 objedn\u00e1vky.<\/p>","protected":false},"featured_media":544,"template":"","meta":{"site-sidebar-layout":"default","site-content-layout":"","ast-site-content-layout":"default","site-content-style":"default","site-sidebar-style":"default","ast-global-header-display":"","ast-banner-title-visibility":"","ast-main-header-display":"","ast-hfb-above-header-display":"","ast-hfb-below-header-display":"","ast-hfb-mobile-header-display":"","site-post-title":"","ast-breadcrumbs-content":"","ast-featured-img":"","footer-sml-layout":"","theme-transparent-header-meta":"default","adv-header-id-meta":"","stick-header-meta":"","header-above-stick-meta":"","header-main-stick-meta":"","header-below-stick-meta":"","astra-migrate-meta-layouts":"set","ast-page-background-enabled":"default","ast-page-background-meta":{"desktop":{"background-color":"var(--ast-global-color-5)","background-image":"","background-repeat":"repeat","background-position":"center center","background-size":"auto","background-attachment":"scroll","background-type":"","background-media":"","overlay-type":"","overlay-color":"","overlay-opacity":"","overlay-gradient":""},"tablet":{"background-color":"","background-image":"","background-repeat":"repeat","background-position":"center center","background-size":"auto","background-attachment":"scroll","background-type":"","background-media":"","overlay-type":"","overlay-color":"","overlay-opacity":"","overlay-gradient":""},"mobile":{"background-color":"","background-image":"","background-repeat":"repeat","background-position":"center center","background-size":"auto","background-attachment":"scroll","background-type":"","background-media":"","overlay-type":"","overlay-color":"","overlay-opacity":"","overlay-gradient":""}},"ast-content-background-meta":{"desktop":{"background-color":"var(--ast-global-color-4)","background-image":"","background-repeat":"repeat","background-position":"center center","background-size":"auto","background-attachment":"scroll","background-type":"","background-media":"","overlay-type":"","overlay-color":"","overlay-opacity":"","overlay-gradient":""},"tablet":{"background-color":"var(--ast-global-color-4)","background-image":"","background-repeat":"repeat","background-position":"center center","background-size":"auto","background-attachment":"scroll","background-type":"","background-media":"","overlay-type":"","overlay-color":"","overlay-opacity":"","overlay-gradient":""},"mobile":{"background-color":"var(--ast-global-color-4)","background-image":"","background-repeat":"repeat","background-position":"center center","background-size":"auto","background-attachment":"scroll","background-type":"","background-media":"","overlay-type":"","overlay-color":"","overlay-opacity":"","overlay-gradient":""}}},"product_brand":[],"product_cat":[28],"product_tag":[],"class_list":{"0":"post-543","1":"product","2":"type-product","3":"status-publish","4":"has-post-thumbnail","6":"product_cat-glass-candle-jars","7":"desktop-align-left","8":"tablet-align-left","9":"mobile-align-left","11":"first","12":"instock","13":"shipping-taxable","14":"product-type-simple"},"jetpack_sharing_enabled":true,"_links":{"self":[{"href":"https:\/\/mostebglass.com\/cs\/wp-json\/wp\/v2\/product\/543","targetHints":{"allow":["GET"]}}],"collection":[{"href":"https:\/\/mostebglass.com\/cs\/wp-json\/wp\/v2\/product"}],"about":[{"href":"https:\/\/mostebglass.com\/cs\/wp-json\/wp\/v2\/types\/product"}],"wp:featuredmedia":[{"embeddable":true,"href":"https:\/\/mostebglass.com\/cs\/wp-json\/wp\/v2\/media\/544"}],"wp:attachment":[{"href":"https:\/\/mostebglass.com\/cs\/wp-json\/wp\/v2\/media?parent=543"}],"wp:term":[{"taxonomy":"product_brand","embeddable":true,"href":"https:\/\/mostebglass.com\/cs\/wp-json\/wp\/v2\/product_brand?post=543"},{"taxonomy":"product_cat","embeddable":true,"href":"https:\/\/mostebglass.com\/cs\/wp-json\/wp\/v2\/product_cat?post=543"},{"taxonomy":"product_tag","embeddable":true,"href":"https:\/\/mostebglass.com\/cs\/wp-json\/wp\/v2\/product_tag?post=543"}],"curies":[{"name":"wp","href":"https:\/\/api.w.org\/{rel}","templated":true}]}}