{"id":558,"date":"2025-08-19T11:29:06","date_gmt":"2025-08-19T03:29:06","guid":{"rendered":"https:\/\/mostebglass.com\/?post_type=product&#038;p=558"},"modified":"2026-02-26T18:08:14","modified_gmt":"2026-02-26T10:08:14","slug":"25ml-48ml-flat-rim-mini-glass-candle-jars-for-wholesale","status":"publish","type":"product","link":"https:\/\/mostebglass.com\/cs\/25ml-48ml-flat-rim-mini-glass-candle-jars-for-wholesale\/","title":{"rendered":"25ml 48ml mini sklen\u011bn\u00e9 sv\u00ed\u010dky s ploch\u00fdm okrajem pro velkoobchod"},"content":{"rendered":"<p>Mini sklen\u011bn\u00e9 d\u00f3zy na sv\u00ed\u010dky o objemu 25 ml a 48 ml maj\u00ed \u010dist\u00fd v\u00e1lcovit\u00fd tvar s rovn\u00fdmi hladk\u00fdmi boky a tlust\u00fdm, z\u00e1va\u017e\u00edm pro extra stabilitu. D\u00f3zy jsou vyrobeny z vysoce \u010dir\u00e9ho pr\u016fhledn\u00e9ho skla a maj\u00ed minimalistick\u00fd a modern\u00ed vzhled, kter\u00fd odpov\u00edd\u00e1 jejich dekorativn\u00edmu nebo funk\u010dn\u00edmu vyu\u017eit\u00ed.<\/p>\n<p>Velikost 25ml d\u00f3zy je 37x45x28 mm a 48ml d\u00f3zy je 45x39x53 mm. Ob\u011b mini sklen\u011bn\u00e9 d\u00f3zy maj\u00ed ploch\u00fd okraj a hladk\u00e9 \u00fast\u00ed bez z\u00e1vitu, d\u00edky \u010demu\u017e jsou obzvl\u00e1\u0161t\u011b vhodn\u00e9 pro v\u00fdrobu sv\u00ed\u010dek a snadn\u00e9 p\u00e1rov\u00e1n\u00ed v\u00ed\u010dek.<\/p>\n<h2>Kl\u00ed\u010dov\u00e9 specifikace<\/h2>\n<table style=\"border-collapse: collapse; width: 80%; margin-left: auto; margin-right: auto;\" border=\"0\" width=\"80%\" cellspacing=\"0\" cellpadding=\"0\">\n<tbody>\n<tr style=\"height: 13.50pt;\">\n<td style=\"height: 13.50pt;\" height=\"18\">Kapacita<\/td>\n<td>25 ml (37*45*28 mm) \/ 48 ml (45*39*53 mm)<\/td>\n<\/tr>\n<tr style=\"height: 13.50pt;\">\n<td style=\"height: 13.50pt;\" height=\"18\">Materi\u00e1l<\/td>\n<td>Bezolovnat\u00e9 sodnov\u00e1penat\u00e9 sklo<\/td>\n<\/tr>\n<tr style=\"height: 13.50pt;\">\n<td style=\"height: 13.50pt;\" height=\"18\">Mo\u017enosti p\u0159izp\u016fsoben\u00ed<\/td>\n<td>Barva, kapacita, velikost, \u0161t\u00edtek, logo, povrchov\u00e1 \u00faprava, p\u0159\u00edslu\u0161enstv\u00ed.<\/td>\n<\/tr>\n<\/tbody>\n<\/table>\n<h2>Aplikace<\/h2>\n<p>Krom\u011b pou\u017eit\u00ed jako sv\u00ed\u010dky mohou tyto sklen\u011bn\u00e9 d\u00f3zy s ploch\u00fdm okrajem slou\u017eit tak\u00e9 jako mini pan\u00e1ky, degusta\u010dn\u00ed kel\u00edmky, kel\u00edmky na vzorky nebo mal\u00e9 kel\u00edmky na dezerty, d\u00edky \u010demu\u017e jsou v\u0161estrann\u00e9 v oblasti pohostinstv\u00ed, maloobchodu, d\u00e1rkov\u00fdch sad a propaga\u010dn\u00edch obal\u016f.<\/p>\n<h2>Krej\u010dovsk\u00e9 poradenstv\u00ed<\/h2>\n<ol>\n<li><strong>Velkoobchodn\u00ed ekologick\u00e9 vlo\u017eky do v\u00ed\u010dek sv\u00ed\u010dek:<\/strong>Echt verhaal: transformatie van het merk Home Diffuser Bottles<\/li>\n<li><strong>Integrovan\u00fd QR k\u00f3d pro zodpov\u011bzen\u00ed \u010dasto kladen\u00fdch ot\u00e1zek:<\/strong>Binnen drie maanden stegen hun groothandelsbestellingen met 40%. Retailers gaven aan dat de flessen er &#034;mooi en schoon&#034; uitzagen \u2013 precies wat ze zochten.<\/li>\n<\/ol>","protected":false},"excerpt":{"rendered":"<p>Mini sklen\u011bn\u00e9 d\u00f3zy na sv\u00ed\u010dky s ploch\u00fdm okrajem o objemu 25 ml a 48 ml, kompatibiln\u00ed s bambusov\u00fdmi nebo kovov\u00fdmi v\u00ed\u010dky. Ide\u00e1ln\u00ed pro mini sv\u00ed\u010dky, d\u00e1rkov\u00e9 sady, maloobchodn\u00ed prodej i hromadnou v\u00fdrobu.<\/p>","protected":false},"featured_media":4498,"template":"","meta":{"site-sidebar-layout":"default","site-content-layout":"","ast-site-content-layout":"default","site-content-style":"default","site-sidebar-style":"default","ast-global-header-display":"","ast-banner-title-visibility":"","ast-main-header-display":"","ast-hfb-above-header-display":"","ast-hfb-below-header-display":"","ast-hfb-mobile-header-display":"","site-post-title":"","ast-breadcrumbs-content":"","ast-featured-img":"","footer-sml-layout":"","theme-transparent-header-meta":"default","adv-header-id-meta":"","stick-header-meta":"","header-above-stick-meta":"","header-main-stick-meta":"","header-below-stick-meta":"","astra-migrate-meta-layouts":"set","ast-page-background-enabled":"default","ast-page-background-meta":{"desktop":{"background-color":"var(--ast-global-color-5)","background-image":"","background-repeat":"repeat","background-position":"center center","background-size":"auto","background-attachment":"scroll","background-type":"","background-media":"","overlay-type":"","overlay-color":"","overlay-opacity":"","overlay-gradient":""},"tablet":{"background-color":"","background-image":"","background-repeat":"repeat","background-position":"center center","background-size":"auto","background-attachment":"scroll","background-type":"","background-media":"","overlay-type":"","overlay-color":"","overlay-opacity":"","overlay-gradient":""},"mobile":{"background-color":"","background-image":"","background-repeat":"repeat","background-position":"center center","background-size":"auto","background-attachment":"scroll","background-type":"","background-media":"","overlay-type":"","overlay-color":"","overlay-opacity":"","overlay-gradient":""}},"ast-content-background-meta":{"desktop":{"background-color":"var(--ast-global-color-4)","background-image":"","background-repeat":"repeat","background-position":"center center","background-size":"auto","background-attachment":"scroll","background-type":"","background-media":"","overlay-type":"","overlay-color":"","overlay-opacity":"","overlay-gradient":""},"tablet":{"background-color":"var(--ast-global-color-4)","background-image":"","background-repeat":"repeat","background-position":"center center","background-size":"auto","background-attachment":"scroll","background-type":"","background-media":"","overlay-type":"","overlay-color":"","overlay-opacity":"","overlay-gradient":""},"mobile":{"background-color":"var(--ast-global-color-4)","background-image":"","background-repeat":"repeat","background-position":"center center","background-size":"auto","background-attachment":"scroll","background-type":"","background-media":"","overlay-type":"","overlay-color":"","overlay-opacity":"","overlay-gradient":""}}},"product_brand":[],"product_cat":[28,21],"product_tag":[],"class_list":{"0":"post-558","1":"product","2":"type-product","3":"status-publish","4":"has-post-thumbnail","6":"product_cat-glass-candle-jars","7":"product_cat-product","8":"desktop-align-left","9":"tablet-align-left","10":"mobile-align-left","12":"first","13":"instock","14":"shipping-taxable","15":"product-type-simple"},"jetpack_sharing_enabled":true,"_links":{"self":[{"href":"https:\/\/mostebglass.com\/cs\/wp-json\/wp\/v2\/product\/558","targetHints":{"allow":["GET"]}}],"collection":[{"href":"https:\/\/mostebglass.com\/cs\/wp-json\/wp\/v2\/product"}],"about":[{"href":"https:\/\/mostebglass.com\/cs\/wp-json\/wp\/v2\/types\/product"}],"wp:featuredmedia":[{"embeddable":true,"href":"https:\/\/mostebglass.com\/cs\/wp-json\/wp\/v2\/media\/4498"}],"wp:attachment":[{"href":"https:\/\/mostebglass.com\/cs\/wp-json\/wp\/v2\/media?parent=558"}],"wp:term":[{"taxonomy":"product_brand","embeddable":true,"href":"https:\/\/mostebglass.com\/cs\/wp-json\/wp\/v2\/product_brand?post=558"},{"taxonomy":"product_cat","embeddable":true,"href":"https:\/\/mostebglass.com\/cs\/wp-json\/wp\/v2\/product_cat?post=558"},{"taxonomy":"product_tag","embeddable":true,"href":"https:\/\/mostebglass.com\/cs\/wp-json\/wp\/v2\/product_tag?post=558"}],"curies":[{"name":"wp","href":"https:\/\/api.w.org\/{rel}","templated":true}]}}