{"id":565,"date":"2025-08-19T13:48:58","date_gmt":"2025-08-19T05:48:58","guid":{"rendered":"https:\/\/mostebglass.com\/?post_type=product&#038;p=565"},"modified":"2026-01-29T13:37:43","modified_gmt":"2026-01-29T05:37:43","slug":"135ml-empty-candle-jars-with-lids-custom-glass-candle-jar-manufacturer","status":"publish","type":"product","link":"https:\/\/mostebglass.com\/cs\/135ml-empty-candle-jars-with-lids-custom-glass-candle-jar-manufacturer\/","title":{"rendered":"Pr\u00e1zdn\u00e9 d\u00f3zy na sv\u00ed\u010dky s v\u00ed\u010dky o objemu 135 ml | V\u00fdrobce sklen\u011bn\u00fdch d\u00f3z na sv\u00ed\u010dky na zak\u00e1zku"},"content":{"rendered":"<p>Na\u0161e pr\u00e1zdn\u00e9 kel\u00edmky na sv\u00ed\u010dky s v\u00ed\u010dky o objemu 135 ml s elegantn\u00edm a modern\u00edm profilem nab\u00edzej\u00ed slu\u017eby vysoce kvalitn\u00ed zna\u010dky sv\u00ed\u010dek\/dom\u00e1c\u00ed v\u016fn\u011b. Tato d\u00f3za m\u00e1 tvar rovn\u00e9ho v\u00e1lce s hladk\u00fdm okrajem a pevnou zes\u00edlenou z\u00e1kladnou. Sklen\u011bn\u00e9 t\u011blo je pr\u016fhledn\u00e9, s d\u016frazem na barvu a plamen sv\u00ed\u010dky, d\u00edky \u010demu\u017e je vhodn\u00e1 jak do minimalistick\u00fdch, tak i dekorativn\u00edch kolekc\u00ed.<\/p>\n<div style=\"text-align: center;\"><img fetchpriority=\"high\" decoding=\"async\" class=\"\" src=\"https:\/\/mostebglass.com\/wp-content\/uploads\/2025\/08\/colored-empty-candle-jars-with-lids.webp\" alt=\"barevn\u00e9 pr\u00e1zdn\u00e9 d\u00f3zy na sv\u00ed\u010dky s v\u00ed\u010dky\" width=\"434\" height=\"434\" \/><\/div>\n<h2>Dal\u0161\u00ed vyu\u017eit\u00ed<\/h2>\n<p>Krom\u011b sv\u00ed\u010dek lze tuto n\u00e1dobu pou\u017e\u00edt tak\u00e9 jako:<\/p>\n<ul>\n<li>Mal\u00e1 dekorativn\u00ed \u00falo\u017en\u00e1 d\u00f3za<\/li>\n<li>Mini v\u00e1za na kv\u011btiny<\/li>\n<li>Dekorativn\u00ed n\u00e1doba na bytov\u00e9 dekorace<\/li>\n<\/ul>\n<p>Tato v\u0161estrannost p\u0159id\u00e1v\u00e1 dal\u0161\u00ed hodnotu zna\u010dk\u00e1m zam\u011b\u0159en\u00fdm na lifestylov\u00e9 nebo d\u00e1rkov\u00e9 trhy.<\/p>\n<h2>Kl\u00ed\u010dov\u00e9 specifikace<\/h2>\n<table style=\"border-collapse: collapse; width: 80%; margin-left: auto; margin-right: auto;\" border=\"0\" width=\"80%\" cellspacing=\"0\" cellpadding=\"0\">\n<tbody>\n<tr style=\"height: 13.50pt;\">\n<td style=\"height: 13.50pt; width: 183.00pt;\" width=\"244\" height=\"18\"><strong>Funkce<\/strong><\/td>\n<td style=\"width: 414.00pt;\" width=\"552\"><strong>Podrobnosti<\/strong><\/td>\n<\/tr>\n<tr style=\"height: 13.50pt;\">\n<td style=\"height: 13.50pt;\" height=\"18\">Kapacita<\/td>\n<td>135 ml<\/td>\n<\/tr>\n<tr style=\"height: 13.50pt;\">\n<td style=\"height: 13.50pt;\" height=\"18\">Pr\u016fm\u011br \u00fast\u00ed<\/td>\n<td>60 mm<\/td>\n<\/tr>\n<tr style=\"height: 13.50pt;\">\n<td style=\"height: 13.50pt;\" height=\"18\">V\u00fd\u0161ka<\/td>\n<td>85 mm<\/td>\n<\/tr>\n<tr style=\"height: 13.50pt;\">\n<td style=\"height: 13.50pt;\" height=\"18\">Pr\u016fm\u011br dna<\/td>\n<td>46 mm<\/td>\n<\/tr>\n<tr style=\"height: 12.00pt;\">\n<td style=\"height: 12.00pt;\" height=\"16\">p\u0159epravn\u00ed krabice<\/td>\n<td>balen\u00ed po 120 kusech<\/td>\n<\/tr>\n<tr style=\"height: 12.00pt;\">\n<td style=\"height: 12.00pt;\" height=\"16\">Kompatibilita v\u00edka<\/td>\n<td>Kovov\u00e9 v\u00ed\u010dka (zlat\u00e1, st\u0159\u00edbrn\u00e1, \u010dern\u00e1, m\u011bd\u011bn\u00e1 atd.)<br \/>\nP\u0159\u00edrodn\u00ed korkov\u00e9 z\u00e1tky<br \/>\nBambusov\u00e9 v\u00ed\u010dka<\/td>\n<\/tr>\n<tr style=\"height: 13.50pt;\">\n<td style=\"height: 13.50pt;\" height=\"18\">Mo\u017enosti p\u0159izp\u016fsoben\u00ed skla<\/td>\n<td>Vn\u011bj\u0161\u00ed n\u00e1st\u0159ik (jednotn\u00e9 nebo gradientn\u00ed barvy)<br \/>\nMatn\u00e9 nebo matn\u00e9 povrchov\u00e9 \u00fapravy<br \/>\nS\u00edtotisk<br \/>\nVnit\u0159n\u00ed n\u00e1st\u0159ik<br \/>\nAplikace \u0161t\u00edtk\u016f<br \/>\nEfekt rtu\u0165ov\u00e9ho skla<br \/>\nSez\u00f3nn\u00ed a sv\u00e1te\u010dn\u00ed motivy<\/td>\n<\/tr>\n<\/tbody>\n<\/table>\n<div style=\"text-align: center;\"><img decoding=\"async\" class=\"\" src=\"https:\/\/mostebglass.com\/wp-content\/uploads\/2025\/08\/empty-candle-jars-with-lids-for-christmas.webp\" alt=\"pr\u00e1zdn\u00e9 d\u00f3zy na sv\u00ed\u010dky s v\u00ed\u010dky na V\u00e1noce\" width=\"447\" height=\"447\" \/><\/div>\n<h2>N\u00e1vrhy na identitu zna\u010dky<\/h2>\n<ol>\n<li><strong>Blokov\u00e1n\u00ed barev:<\/strong> Pro sez\u00f3nn\u00ed kolekce pou\u017eijte minim\u00e1ln\u00ed velkoobchodn\u00ed \u0159ady sv\u00ed\u010dek nebo pr\u016fhlednou velkou sklenici na sv\u00ed\u010dky pro zesv\u011btlenou barvu.<\/li>\n<li><strong>\u010casto kladen\u00e9 ot\u00e1zky:<\/strong> Pot\u0159ebujete pomoc s v\u00fdb\u011brem? Zeptejte se n\u00e1s na n\u00e1\u0161 v\u00fdb\u011br pr\u016fvodc\u016f sv\u00ed\u010dkami nebo na velkoobchodn\u00ed sady d\u00f3z se sv\u00ed\u010dkami.<\/li>\n<\/ol>\n<p>Nab\u00edz\u00edme kompletn\u00ed OEM a ODM slu\u017eby, v\u010detn\u011b, ale nikoli v\u00fdhradn\u011b, n\u00e1vrhu a v\u00fdvoje forem, dekorac\u00ed a balen\u00ed; jako v\u00fdrobce sklen\u011bn\u00fdch obal\u016f se star\u00e1me o velkoobchodn\u00edky, majitele zna\u010dek a dokonce i o provozovny priv\u00e1tn\u00edch zna\u010dek.<\/p>","protected":false},"excerpt":{"rendered":"<p>Pr\u00e1zdn\u00e9 d\u00f3zy na sv\u00ed\u010dky o objemu 135 ml s v\u00ed\u010dky s kovov\u00fdmi, bambusov\u00fdmi nebo korkov\u00fdmi mo\u017enostmi. Vlastn\u00ed logo, sklen\u011bn\u00e9 povrchov\u00e9 \u00fapravy a OEM\/ODM \u0159e\u0161en\u00ed pro zna\u010dky a velkoobchodn\u00edky sv\u00ed\u010dek.<\/p>","protected":false},"featured_media":4237,"template":"","meta":{"site-sidebar-layout":"default","site-content-layout":"","ast-site-content-layout":"default","site-content-style":"default","site-sidebar-style":"default","ast-global-header-display":"","ast-banner-title-visibility":"","ast-main-header-display":"","ast-hfb-above-header-display":"","ast-hfb-below-header-display":"","ast-hfb-mobile-header-display":"","site-post-title":"","ast-breadcrumbs-content":"","ast-featured-img":"","footer-sml-layout":"","theme-transparent-header-meta":"default","adv-header-id-meta":"","stick-header-meta":"","header-above-stick-meta":"","header-main-stick-meta":"","header-below-stick-meta":"","astra-migrate-meta-layouts":"set","ast-page-background-enabled":"default","ast-page-background-meta":{"desktop":{"background-color":"var(--ast-global-color-5)","background-image":"","background-repeat":"repeat","background-position":"center center","background-size":"auto","background-attachment":"scroll","background-type":"","background-media":"","overlay-type":"","overlay-color":"","overlay-opacity":"","overlay-gradient":""},"tablet":{"background-color":"","background-image":"","background-repeat":"repeat","background-position":"center center","background-size":"auto","background-attachment":"scroll","background-type":"","background-media":"","overlay-type":"","overlay-color":"","overlay-opacity":"","overlay-gradient":""},"mobile":{"background-color":"","background-image":"","background-repeat":"repeat","background-position":"center center","background-size":"auto","background-attachment":"scroll","background-type":"","background-media":"","overlay-type":"","overlay-color":"","overlay-opacity":"","overlay-gradient":""}},"ast-content-background-meta":{"desktop":{"background-color":"var(--ast-global-color-4)","background-image":"","background-repeat":"repeat","background-position":"center center","background-size":"auto","background-attachment":"scroll","background-type":"","background-media":"","overlay-type":"","overlay-color":"","overlay-opacity":"","overlay-gradient":""},"tablet":{"background-color":"var(--ast-global-color-4)","background-image":"","background-repeat":"repeat","background-position":"center center","background-size":"auto","background-attachment":"scroll","background-type":"","background-media":"","overlay-type":"","overlay-color":"","overlay-opacity":"","overlay-gradient":""},"mobile":{"background-color":"var(--ast-global-color-4)","background-image":"","background-repeat":"repeat","background-position":"center center","background-size":"auto","background-attachment":"scroll","background-type":"","background-media":"","overlay-type":"","overlay-color":"","overlay-opacity":"","overlay-gradient":""}}},"product_brand":[],"product_cat":[28],"product_tag":[],"class_list":{"0":"post-565","1":"product","2":"type-product","3":"status-publish","4":"has-post-thumbnail","6":"product_cat-glass-candle-jars","7":"desktop-align-left","8":"tablet-align-left","9":"mobile-align-left","11":"first","12":"instock","13":"shipping-taxable","14":"product-type-simple"},"jetpack_sharing_enabled":true,"_links":{"self":[{"href":"https:\/\/mostebglass.com\/cs\/wp-json\/wp\/v2\/product\/565","targetHints":{"allow":["GET"]}}],"collection":[{"href":"https:\/\/mostebglass.com\/cs\/wp-json\/wp\/v2\/product"}],"about":[{"href":"https:\/\/mostebglass.com\/cs\/wp-json\/wp\/v2\/types\/product"}],"wp:featuredmedia":[{"embeddable":true,"href":"https:\/\/mostebglass.com\/cs\/wp-json\/wp\/v2\/media\/4237"}],"wp:attachment":[{"href":"https:\/\/mostebglass.com\/cs\/wp-json\/wp\/v2\/media?parent=565"}],"wp:term":[{"taxonomy":"product_brand","embeddable":true,"href":"https:\/\/mostebglass.com\/cs\/wp-json\/wp\/v2\/product_brand?post=565"},{"taxonomy":"product_cat","embeddable":true,"href":"https:\/\/mostebglass.com\/cs\/wp-json\/wp\/v2\/product_cat?post=565"},{"taxonomy":"product_tag","embeddable":true,"href":"https:\/\/mostebglass.com\/cs\/wp-json\/wp\/v2\/product_tag?post=565"}],"curies":[{"name":"wp","href":"https:\/\/api.w.org\/{rel}","templated":true}]}}