{"id":571,"date":"2025-08-19T14:46:43","date_gmt":"2025-08-19T06:46:43","guid":{"rendered":"https:\/\/mostebglass.com\/?post_type=product&#038;p=571"},"modified":"2026-03-20T16:16:32","modified_gmt":"2026-03-20T08:16:32","slug":"80ml-95ml-matne-sklenene-nadoby-na-svicky-velkoobchod","status":"publish","type":"product","link":"https:\/\/mostebglass.com\/cs\/80ml-95ml-frosted-glass-candle-jars-wholesale\/","title":{"rendered":"Velkoobchodn\u00ed prodej sklenic z matn\u00e9ho skla o objemu 80 ml a 95 ml"},"content":{"rendered":"<p>Tyto matn\u00e9 sklen\u011bn\u00e9 d\u00f3zy na sv\u00ed\u010dky se vyzna\u010duj\u00ed kulat\u00fdm designem se \u0161irok\u00fdm hrdlem a hladk\u00fdm matn\u00fdm povrchem, kter\u00fd vytv\u00e1\u0159\u00ed jemn\u00fd, rozpt\u00fdlen\u00fd vizu\u00e1ln\u00ed efekt. Jsou vyrobeny z odoln\u00e9ho sodno-v\u00e1penat\u00e9ho skla a ka\u017ed\u00e1 d\u00f3za je strojov\u011b lisov\u00e1na pro dosa\u017een\u00ed konzistence, co\u017e je ide\u00e1ln\u00ed pro velkov\u00fdrobu n\u00e1dob na sv\u00ed\u010dky. Tyto matn\u00e9 d\u00f3zy na sv\u00ed\u010dky, kter\u00e9 jsou k dispozici ve velikostech 80 ml a 95 ml, se \u0161iroce pou\u017e\u00edvaj\u00ed pro s\u00f3jov\u00e9 sv\u00ed\u010dky, vonn\u00e9 sv\u00ed\u010dky a pr\u00e9miov\u00e9 maloobchodn\u00ed kolekce. Jejich elegantn\u00ed a modern\u00ed styl vylep\u0161uje prezentaci produkt\u016f, tak\u017ee jsou vhodn\u00e9 pro luxusn\u00ed d\u00f3zy na sv\u00ed\u010dky, d\u00e1rkov\u00e9 sady a \u0161pi\u010dkov\u00e9 sklen\u011bn\u00e9 obaly.<\/p>\n<h2>Kl\u00ed\u010dov\u00e9 specifikace<\/h2>\n<table style=\"border-collapse: collapse; width: 80%; margin-left: auto; margin-right: auto;\" border=\"0\" width=\"499\" cellspacing=\"0\" cellpadding=\"0\">\n<tbody>\n<tr style=\"height: 13.50pt;\">\n<td style=\"height: 13.50pt; width: 128.25pt;\" width=\"171\" height=\"18\">Typ produktu<\/td>\n<td style=\"width: 246.00pt;\" width=\"328\">Sklen\u011bn\u00e9 d\u00f3zy na sv\u00ed\u010dky z matn\u00e9ho skla<\/td>\n<\/tr>\n<tr style=\"height: 13.50pt;\">\n<td style=\"height: 13.50pt;\" height=\"18\">Materi\u00e1l<\/td>\n<td>Sodnov\u00e1penat\u00e9 sklo<\/td>\n<\/tr>\n<tr style=\"height: 13.50pt;\">\n<td style=\"height: 13.50pt;\" height=\"18\">Povrchov\u00e1 \u00faprava<\/td>\n<td>Matn\u00fd (frosted)<\/td>\n<\/tr>\n<tr style=\"height: 13.50pt;\">\n<td style=\"height: 13.50pt;\" height=\"18\">Tvar<\/td>\n<td>Kulat\u00e1, \u0161irok\u00e1 \u00fasta<\/td>\n<\/tr>\n<tr style=\"height: 13.50pt;\">\n<td style=\"height: 13.50pt;\" height=\"18\">Kapacita<\/td>\n<td>80ml \/ 95ml<\/td>\n<\/tr>\n<tr style=\"height: 13.50pt;\">\n<td style=\"height: 13.50pt;\" height=\"18\">Rozm\u011bry (80 ml)<\/td>\n<td>\u00d852 mm \u00d7 V62 mm (z\u00e1kladna \u00d845 mm)<\/td>\n<\/tr>\n<tr style=\"height: 13.50pt;\">\n<td style=\"height: 13.50pt;\" height=\"18\">Rozm\u011bry (95 ml)<\/td>\n<td>\u00d856 mm \u00d7 V66 mm (z\u00e1kladna \u00d847 mm)<\/td>\n<\/tr>\n<tr style=\"height: 13.50pt;\">\n<td style=\"height: 13.50pt;\" height=\"18\">Mo\u017enosti v\u00edka<\/td>\n<td>Kovov\u00e9\/bambusov\u00e9 v\u00ed\u010dko se silikonov\u00fdm krou\u017ekem<\/td>\n<\/tr>\n<tr style=\"height: 13.50pt;\">\n<td style=\"height: 13.50pt;\" height=\"18\">Barva<\/td>\n<td>P\u0159izp\u016fsobiteln\u00e9<\/td>\n<\/tr>\n<tr style=\"height: 13.50pt;\">\n<td style=\"height: 13.50pt;\" height=\"18\">Metoda v\u00fdroby<\/td>\n<td>Strojov\u011b lisovan\u00e9<\/td>\n<\/tr>\n<tr style=\"height: 13.50pt;\">\n<td style=\"height: 13.50pt;\" height=\"18\">Ekologick\u00fd<\/td>\n<td>Recyklovan\u00e9, znovu pou\u017eiteln\u00e9<\/td>\n<\/tr>\n<tr style=\"height: 13.50pt;\">\n<td style=\"height: 13.50pt;\" height=\"18\">Minim\u00e1ln\u00ed objedn\u00e1vka \/ Dod\u00e1vka<\/td>\n<td>\u22651000 ks, velkoobchod a hromadn\u00e9<\/td>\n<\/tr>\n<tr style=\"height: 13.50pt;\">\n<td style=\"height: 13.50pt;\" height=\"18\">P\u0159izp\u016fsoben\u00ed<\/td>\n<td>Logo, v\u00edko, barva, povrchov\u00e1 \u00faprava, velikost, tvar<\/td>\n<\/tr>\n<\/tbody>\n<\/table>\n<h2>Kl\u00ed\u010dov\u00e9 vlastnosti<\/h2>\n<ol>\n<li><strong>M\u011bkk\u00e1 matn\u00e1 estetika<\/strong>Matn\u00fd povrch vytv\u00e1\u0159\u00ed rafinovan\u00fd lesk a zvy\u0161uje atraktivitu v reg\u00e1lu bez nutnosti dal\u0161\u00edho balen\u00ed.<\/li>\n<li><strong>Odoln\u00e9 a \u017e\u00e1ruvzdorn\u00e9 sklo<\/strong>Siln\u011bj\u0161\u00ed sklen\u011bn\u00e1 konstrukce zlep\u0161uje odolnost v\u016f\u010di tepeln\u00fdm \u0161ok\u016fm, ide\u00e1ln\u00ed pro n\u00e1doby na sv\u00ed\u010dky pln\u011bn\u00e9 hork\u00fdm n\u00e1pln\u00edm.<\/li>\n<li><strong>\u0160irok\u00e1 \u00fasta pro efektivitu<\/strong>\u0160irok\u00fd otvor zjednodu\u0161uje nal\u00e9v\u00e1n\u00ed vosku, chlazen\u00ed a \u010di\u0161t\u011bn\u00ed \u2013 ide\u00e1ln\u00ed pro automatizovanou hromadnou v\u00fdrobu.<\/li>\n<\/ol>\n<h2>\u00dasp\u011b\u0161n\u00e1 p\u0159\u00edpadov\u00e1 studie<\/h2>\n<p>Butikov\u00e1 zna\u010dka sv\u00ed\u010dek ve Francii, specializuj\u00edc\u00ed se na produkty z organick\u00e9ho s\u00f3jov\u00e9ho vosku, nakupovala velkoobchodn\u011b d\u00f3zy na sv\u00ed\u010dky z matn\u00e9ho skla pro sez\u00f3nn\u00ed produktovou \u0159adu. Jako st\u0159edn\u011b velk\u00fd maloobchodn\u00edk a majitel priv\u00e1tn\u00ed zna\u010dky si zpo\u010d\u00e1tku objednali 50 000 kus\u016f rozd\u011blen\u00fdch do objem\u016f 80 ml a 95 ml.<\/p>\n<p>\u00dapravy zahrnovaly matn\u011b b\u00edlou a jantarovou barvu, bambusov\u00e9 v\u00edko s grav\u00edrovan\u00fdm logem a minim\u00e1ln\u00ed branding pro zd\u016frazn\u011bn\u00ed matn\u00e9ho povrchu. V\u00fdsledkem byla pr\u00e9miov\u00e1 \u0159ada n\u00e1dob na sv\u00ed\u010dky, kter\u00e1 nevy\u017eadovala \u017e\u00e1dn\u00e9 sekund\u00e1rn\u00ed krabice, co\u017e sn\u00ed\u017eilo n\u00e1klady na balen\u00ed o 18 %.<\/p>\n<p>B\u011bhem t\u0159\u00ed m\u011bs\u00edc\u016f dos\u00e1hla produktov\u00e1 \u0159ada 35% n\u00e1r\u016fstu maloobchodn\u00edch tr\u017eeb, zejm\u00e9na v segmentu d\u00e1rk\u016f. Vzhledem k siln\u00e9 reakci trhu klient b\u011bhem \u0161esti m\u011bs\u00edc\u016f dvakr\u00e1t opakovan\u011b objedn\u00e1val hromadn\u00e9 objedn\u00e1vky a roz\u0161\u00ed\u0159il nab\u00eddku o dal\u0161\u00ed velikosti a zak\u00e1zkov\u00e9 tvary.<\/p>\n<h2>N\u00e1vrhy na p\u0159izp\u016fsoben\u00ed B2B<\/h2>\n<ol>\n<li><strong>P\u0159izp\u016fsoben\u00ed zam\u011b\u0159en\u00e9 na branding<\/strong>Pou\u017eijte s\u00edtotisk nebo laserov\u00e9 grav\u00edrov\u00e1n\u00ed na sklen\u011bn\u00e9 d\u00f3zy na sv\u00ed\u010dky k vytvo\u0159en\u00ed \u010dist\u00e9 a luxusn\u00ed identity bez etiket.<\/li>\n<li><strong>P\u00e1rov\u00e1n\u00ed v\u00edka a materi\u00e1lu<\/strong>Zkombinujte dr\u017e\u00e1ky z matn\u00e9ho skla s bambusov\u00fdmi v\u00ed\u010dky pro ekologick\u00fd branding nebo s kovov\u00fdmi v\u00ed\u010dky pro industri\u00e1ln\u011bj\u0161\u00ed styl.<\/li>\n<li><strong>Barevn\u00e1 strategie pro segmentaci trhu<\/strong>Vyv\u00edjejte v\u00edce barevn\u00fdch variant (nap\u0159. b\u00edl\u00e1, \u0161ed\u00e1, pastelov\u00e9 t\u00f3ny) pro c\u00edlen\u00ed na r\u016fzn\u00e9 maloobchodn\u00ed kan\u00e1ly, jako jsou l\u00e1zn\u011b, bytov\u00e9 dekorace nebo sv\u00e1te\u010dn\u00ed kolekce.<\/li>\n<\/ol>","protected":false},"excerpt":{"rendered":"<p>Pr\u00e9miov\u00e9 matn\u00e9 sklen\u011bn\u00e9 d\u00f3zy na sv\u00ed\u010dky o objemu 80 ml a 95 ml. Odoln\u00e9, p\u0159izp\u016fsobiteln\u00e9 matn\u00e9 d\u00f3zy na sv\u00ed\u010dky, ide\u00e1ln\u00ed pro velkoobchodn\u00ed v\u00fdrobu sv\u00ed\u010dek a maloobchodn\u00ed balen\u00ed.<\/p>","protected":false},"featured_media":4855,"template":"","meta":{"site-sidebar-layout":"default","site-content-layout":"","ast-site-content-layout":"default","site-content-style":"default","site-sidebar-style":"default","ast-global-header-display":"","ast-banner-title-visibility":"","ast-main-header-display":"","ast-hfb-above-header-display":"","ast-hfb-below-header-display":"","ast-hfb-mobile-header-display":"","site-post-title":"","ast-breadcrumbs-content":"","ast-featured-img":"","footer-sml-layout":"","theme-transparent-header-meta":"default","adv-header-id-meta":"","stick-header-meta":"","header-above-stick-meta":"","header-main-stick-meta":"","header-below-stick-meta":"","astra-migrate-meta-layouts":"set","ast-page-background-enabled":"default","ast-page-background-meta":{"desktop":{"background-color":"var(--ast-global-color-5)","background-image":"","background-repeat":"repeat","background-position":"center center","background-size":"auto","background-attachment":"scroll","background-type":"","background-media":"","overlay-type":"","overlay-color":"","overlay-opacity":"","overlay-gradient":""},"tablet":{"background-color":"","background-image":"","background-repeat":"repeat","background-position":"center center","background-size":"auto","background-attachment":"scroll","background-type":"","background-media":"","overlay-type":"","overlay-color":"","overlay-opacity":"","overlay-gradient":""},"mobile":{"background-color":"","background-image":"","background-repeat":"repeat","background-position":"center center","background-size":"auto","background-attachment":"scroll","background-type":"","background-media":"","overlay-type":"","overlay-color":"","overlay-opacity":"","overlay-gradient":""}},"ast-content-background-meta":{"desktop":{"background-color":"var(--ast-global-color-4)","background-image":"","background-repeat":"repeat","background-position":"center center","background-size":"auto","background-attachment":"scroll","background-type":"","background-media":"","overlay-type":"","overlay-color":"","overlay-opacity":"","overlay-gradient":""},"tablet":{"background-color":"var(--ast-global-color-4)","background-image":"","background-repeat":"repeat","background-position":"center center","background-size":"auto","background-attachment":"scroll","background-type":"","background-media":"","overlay-type":"","overlay-color":"","overlay-opacity":"","overlay-gradient":""},"mobile":{"background-color":"var(--ast-global-color-4)","background-image":"","background-repeat":"repeat","background-position":"center center","background-size":"auto","background-attachment":"scroll","background-type":"","background-media":"","overlay-type":"","overlay-color":"","overlay-opacity":"","overlay-gradient":""}}},"product_brand":[],"product_cat":[28,21],"product_tag":[],"class_list":{"0":"post-571","1":"product","2":"type-product","3":"status-publish","4":"has-post-thumbnail","6":"product_cat-glass-candle-jars","7":"product_cat-product","8":"desktop-align-left","9":"tablet-align-left","10":"mobile-align-left","12":"first","13":"instock","14":"shipping-taxable","15":"product-type-simple"},"jetpack_sharing_enabled":true,"_links":{"self":[{"href":"https:\/\/mostebglass.com\/cs\/wp-json\/wp\/v2\/product\/571","targetHints":{"allow":["GET"]}}],"collection":[{"href":"https:\/\/mostebglass.com\/cs\/wp-json\/wp\/v2\/product"}],"about":[{"href":"https:\/\/mostebglass.com\/cs\/wp-json\/wp\/v2\/types\/product"}],"wp:featuredmedia":[{"embeddable":true,"href":"https:\/\/mostebglass.com\/cs\/wp-json\/wp\/v2\/media\/4855"}],"wp:attachment":[{"href":"https:\/\/mostebglass.com\/cs\/wp-json\/wp\/v2\/media?parent=571"}],"wp:term":[{"taxonomy":"product_brand","embeddable":true,"href":"https:\/\/mostebglass.com\/cs\/wp-json\/wp\/v2\/product_brand?post=571"},{"taxonomy":"product_cat","embeddable":true,"href":"https:\/\/mostebglass.com\/cs\/wp-json\/wp\/v2\/product_cat?post=571"},{"taxonomy":"product_tag","embeddable":true,"href":"https:\/\/mostebglass.com\/cs\/wp-json\/wp\/v2\/product_tag?post=571"}],"curies":[{"name":"wp","href":"https:\/\/api.w.org\/{rel}","templated":true}]}}