{"id":577,"date":"2025-08-19T14:03:12","date_gmt":"2025-08-19T06:03:12","guid":{"rendered":"https:\/\/mostebglass.com\/?post_type=product&#038;p=577"},"modified":"2026-03-04T16:06:59","modified_gmt":"2026-03-04T08:06:59","slug":"empty-reed-diffuser-bottles-with-colorful-conical-wholesale","status":"publish","type":"product","link":"https:\/\/mostebglass.com\/cs\/empty-reed-diffuser-bottles-with-colorful-conical-wholesale\/","title":{"rendered":"120ml pr\u00e1zdn\u00e9 lahvi\u010dky s difuz\u00e9rem Reed s \u010dir\u00fdm k\u00f3nick\u00fdm tvarem ve velk\u00e9m"},"content":{"rendered":"<p>Lahvi\u010dka je sklen\u011bn\u00fd difuz\u00e9r s ty\u010dinkami, kter\u00fd m\u00e1 modern\u00ed ku\u017eelovit\u00fd tvar se \u0161irokou a stabiln\u00ed z\u00e1kladnou a m\u00edrn\u011b z\u00fa\u017een\u00fdm hrdlem. Elegantn\u00ed a hladk\u00fd povrch a line\u00e1rn\u00ed linie jsou \u010dist\u00e9 a vyv\u00e1\u017een\u00e9, co\u017e j\u00ed dod\u00e1v\u00e1 modern\u00ed a vyv\u00e1\u017een\u00fd vzhled. Lahvi\u010dka je tak\u00e9 k dispozici v r\u016fzn\u00fdch pr\u016fsvitn\u00fdch barevn\u00fdch variant\u00e1ch, jako je r\u016f\u017eov\u00e1, zelen\u00e1 a modr\u00e1, a dod\u00e1v\u00e1 na vizu\u00e1ln\u00ed p\u0159ita\u017elivosti, ale z\u00e1rove\u0148 nep\u0159ehnan\u011b neukazuje vonnou tekutinu uvnit\u0159. Je tak\u00e9 dopln\u011bna kovov\u00fdm l\u00edmcem, kter\u00fd je k dispozici ve zlat\u00e9 nebo st\u0159\u00edbrn\u00e9 povrchov\u00e9 \u00faprav\u011b a slou\u017e\u00ed k pevn\u00e9mu uchycen\u00ed ty\u010dinek difuz\u00e9ru a z\u00e1rove\u0148 k jemn\u00e9mu dekorativn\u00edmu dojmu.<\/p>\n<h2>Vlastnosti produktu<\/h2>\n<ul>\n<li><strong>Stabiln\u00ed obr\u00e1cen\u00fd ku\u017eel:<\/strong> \u0160irok\u00e1, texturovan\u00e1 z\u00e1kladna zabra\u0148uje p\u0159evr\u00e1cen\u00ed a dod\u00e1v\u00e1 va\u0161emu r\u00e1kosov\u00e9mu disku prvot\u0159\u00eddn\u00ed pocit.<\/li>\n<li><strong>Texturovan\u00e9 dno:<\/strong> Kruhov\u00e9 texturovan\u00e9 dno dod\u00e1v\u00e1 kr\u00e1sn\u00fd detail a poskytuje stabilitu.<\/li>\n<li><strong>Z\u00e1vitov\u00fd krk + z\u00e1tka:<\/strong> Bezpe\u010dn\u00e9 uzav\u0159en\u00ed udr\u017euje esenci\u00e1ln\u00ed oleje \u010derstv\u00e9 a umo\u017e\u0148uje rychlou mont\u00e1\u017e \u2013 ide\u00e1ln\u00ed pro hromadnou v\u00fdrobu.<\/li>\n<\/ul>\n<h2>Skute\u010dn\u00e9 v\u00edt\u011bzstv\u00ed: Od konceptu k bestselleru<\/h2>\n<p>Zna\u010dka wellness produkt\u016f cht\u011bla velkoobchodn\u011b koupit difuz\u00e9ry s praktickou, p\u0159\u00edrodn\u00ed v\u016fn\u00ed. Vybrali si na\u0161e pr\u00e1zdn\u00e9 difuz\u00e9ry ve tvaru ty\u010dinek z m\u011bkk\u00e9ho \u0161ed\u00e9ho skla a pro kontrast a modern\u00ed n\u00e1dech p\u0159idali \u010dern\u011b barven\u00e9 ty\u010dinky. Difuz\u00e9r uvedli do prodeje ve sv\u00e9m dom\u00e1c\u00edm butiku i online. Stabilita a pr\u016fhlednost lahvi\u010dky z n\u00ed d\u011blaj\u00ed obl\u00edbenou volbu. A proto\u017ee aromaterapeutick\u00e9 lahvi\u010dky nakupuj\u00ed velkoobchodn\u011b, jsou cenov\u011b je\u0161t\u011b konkurenceschopn\u011bj\u0161\u00ed.<\/p>\n<h2>Zak\u00e1zkov\u00e9 slu\u017eby<\/h2>\n<ul>\n<li>Vychutnejte si vintage l\u00e9k\u00e1rnickou atmosf\u00e9ru s jantarovou, kobaltov\u011b modrou nebo p\u0159echodovou barvou.<\/li>\n<li>Pro modern\u00ed vzhled nahra\u010fte p\u0159\u00edrodn\u00ed r\u00e1kos zelen\u00fdm nebo r\u016f\u017eov\u00fdm.<\/li>\n<li>Vygrav\u00edrujte sv\u00e9 logo laserem na z\u00e1tku lahve \u2013 mal\u00fd detail, kter\u00fd vytv\u00e1\u0159\u00ed silnou identitu.<\/li>\n<\/ul>\n<p>Pomohli jsme des\u00edtk\u00e1m B2B klient\u016f prom\u011bnit oby\u010dejn\u00e9 velkoobchodn\u00ed difuz\u00e9ry s ty\u010dinkami v ikonick\u00e9 kousky. V\u00e1\u0161 difuz\u00e9r by nem\u011bl b\u00fdt v\u00fdjimkou.<\/p>","protected":false},"excerpt":{"rendered":"<p>Velkoobchodn\u00ed prodej pr\u00e1zdn\u00fdch difuz\u00e9r\u016f a lahvi\u010dek do v\u016fn\u00ed pro zna\u010dky parf\u00e9m\u016f. Velkoobjemov\u00e9 sklen\u011bn\u00e9 obaly s mo\u017enost\u00ed zak\u00e1zkov\u00e9ho designu pro B2B kupuj\u00edc\u00ed. Vzorky zdarma.<\/p>","protected":false},"featured_media":4610,"template":"","meta":{"site-sidebar-layout":"default","site-content-layout":"","ast-site-content-layout":"default","site-content-style":"default","site-sidebar-style":"default","ast-global-header-display":"","ast-banner-title-visibility":"","ast-main-header-display":"","ast-hfb-above-header-display":"","ast-hfb-below-header-display":"","ast-hfb-mobile-header-display":"","site-post-title":"","ast-breadcrumbs-content":"","ast-featured-img":"","footer-sml-layout":"","theme-transparent-header-meta":"default","adv-header-id-meta":"","stick-header-meta":"","header-above-stick-meta":"","header-main-stick-meta":"","header-below-stick-meta":"","astra-migrate-meta-layouts":"set","ast-page-background-enabled":"default","ast-page-background-meta":{"desktop":{"background-color":"var(--ast-global-color-5)","background-image":"","background-repeat":"repeat","background-position":"center center","background-size":"auto","background-attachment":"scroll","background-type":"","background-media":"","overlay-type":"","overlay-color":"","overlay-opacity":"","overlay-gradient":""},"tablet":{"background-color":"","background-image":"","background-repeat":"repeat","background-position":"center center","background-size":"auto","background-attachment":"scroll","background-type":"","background-media":"","overlay-type":"","overlay-color":"","overlay-opacity":"","overlay-gradient":""},"mobile":{"background-color":"","background-image":"","background-repeat":"repeat","background-position":"center center","background-size":"auto","background-attachment":"scroll","background-type":"","background-media":"","overlay-type":"","overlay-color":"","overlay-opacity":"","overlay-gradient":""}},"ast-content-background-meta":{"desktop":{"background-color":"var(--ast-global-color-4)","background-image":"","background-repeat":"repeat","background-position":"center center","background-size":"auto","background-attachment":"scroll","background-type":"","background-media":"","overlay-type":"","overlay-color":"","overlay-opacity":"","overlay-gradient":""},"tablet":{"background-color":"var(--ast-global-color-4)","background-image":"","background-repeat":"repeat","background-position":"center center","background-size":"auto","background-attachment":"scroll","background-type":"","background-media":"","overlay-type":"","overlay-color":"","overlay-opacity":"","overlay-gradient":""},"mobile":{"background-color":"var(--ast-global-color-4)","background-image":"","background-repeat":"repeat","background-position":"center center","background-size":"auto","background-attachment":"scroll","background-type":"","background-media":"","overlay-type":"","overlay-color":"","overlay-opacity":"","overlay-gradient":""}}},"product_brand":[],"product_cat":[54],"product_tag":[],"class_list":{"0":"post-577","1":"product","2":"type-product","3":"status-publish","4":"has-post-thumbnail","6":"product_cat-reed-diffuser-bottles","7":"desktop-align-left","8":"tablet-align-left","9":"mobile-align-left","11":"first","12":"instock","13":"shipping-taxable","14":"product-type-simple"},"jetpack_sharing_enabled":true,"_links":{"self":[{"href":"https:\/\/mostebglass.com\/cs\/wp-json\/wp\/v2\/product\/577","targetHints":{"allow":["GET"]}}],"collection":[{"href":"https:\/\/mostebglass.com\/cs\/wp-json\/wp\/v2\/product"}],"about":[{"href":"https:\/\/mostebglass.com\/cs\/wp-json\/wp\/v2\/types\/product"}],"wp:featuredmedia":[{"embeddable":true,"href":"https:\/\/mostebglass.com\/cs\/wp-json\/wp\/v2\/media\/4610"}],"wp:attachment":[{"href":"https:\/\/mostebglass.com\/cs\/wp-json\/wp\/v2\/media?parent=577"}],"wp:term":[{"taxonomy":"product_brand","embeddable":true,"href":"https:\/\/mostebglass.com\/cs\/wp-json\/wp\/v2\/product_brand?post=577"},{"taxonomy":"product_cat","embeddable":true,"href":"https:\/\/mostebglass.com\/cs\/wp-json\/wp\/v2\/product_cat?post=577"},{"taxonomy":"product_tag","embeddable":true,"href":"https:\/\/mostebglass.com\/cs\/wp-json\/wp\/v2\/product_tag?post=577"}],"curies":[{"name":"wp","href":"https:\/\/api.w.org\/{rel}","templated":true}]}}