{"id":585,"date":"2025-08-19T14:49:43","date_gmt":"2025-08-19T06:49:43","guid":{"rendered":"https:\/\/mostebglass.com\/?post_type=product&#038;p=585"},"modified":"2026-03-18T15:41:35","modified_gmt":"2026-03-18T07:41:35","slug":"aromatherapy-bottles-with-textured-glass-wholesale","status":"publish","type":"product","link":"https:\/\/mostebglass.com\/cs\/aromatherapy-bottles-with-textured-glass-wholesale\/","title":{"rendered":"50ml 100ml aromaterapeutick\u00e9 lahve s texturovan\u00fdm sklem velkoobchod"},"content":{"rendered":"<p>P\u0159edstavujeme na\u0161e difuzn\u00ed sklenice, kter\u00e9 z\u00e1rove\u0148 slou\u017e\u00ed jako atraktivn\u00ed aromaterapeutick\u00e9 lahvi\u010dky. Tato \u010dir\u00e1 lahvi\u010dka je vyrobena z vysoce kvalitn\u00edho skla a m\u00e1 slo\u017eit\u00fd t\u0159pytiv\u00fd vzor, \u200b\u200bkter\u00fd va\u0161emu prostoru dod\u00e1 n\u00e1dech elegance.<\/p>\n<h2>Vlastnosti produktu<\/h2>\n<ul>\n<li><strong>N\u00e1vrh vzoru:<\/strong> Nepravideln\u00e9 vzory na lahvi dod\u00e1vaj\u00ed lahvi rozm\u011bry a rozp\u00ednavost, co\u017e zvy\u0161uje jej\u00ed estetickou p\u0159ita\u017elivost.<\/li>\n<li><strong>Ide\u00e1ln\u00ed objem 100 ml:<\/strong> spr\u00e1vn\u00e1 velikost do lo\u017enice, kancel\u00e1\u0159e nebo d\u00e1rkov\u00e9 sady \u2013 u\u017eijte si t\u00fddny v\u016fn\u011b.<\/li>\n<li><strong>Pr\u016fhledn\u00fd materi\u00e1l:<\/strong> Difuzn\u00ed kapalina je vyrobena z \u010dir\u00e9ho skla a je jasn\u011b viditeln\u00e1.<\/li>\n<\/ul>\n<h2>P\u0159\u00edpad \u00fasp\u011bchu<\/h2>\n<p>Na\u0161e embosovan\u00e9 sklen\u011bn\u00e9 difuz\u00e9ry si vybrala francouzsk\u00e1 zna\u010dka parf\u00e9m\u016f. Klient b\u011bhem f\u00e1ze \u00faprav uvedl objem 200 ml a po\u017e\u00e1dal o v\u00fdrazn\u011bj\u0161\u00ed reli\u00e9fn\u00ed texturu na t\u011ble lahve. Rozhodl se pro asymetrick\u00fd vzor s te\u010dkovan\u00fdmi a medailonky, aby se zv\u00fd\u0161il efekt dotyku s produktem. Abychom toho dos\u00e1hli, navrhli jsme sklen\u011bn\u00e9 dno se z\u00e1va\u017e\u00edm, abychom zv\u00fd\u0161ili stabilitu lahve. Klient se tak\u00e9 rozhodl pou\u017e\u00edt speci\u00e1ln\u011b vyroben\u00e9 difuz\u00e9ry \u010dern\u00e9 barvy o v\u00fd\u0161ce 28 cm, vyroben\u00e9 z vl\u00e1kna, aby dokonale odpov\u00eddaly vysok\u00e9 a \u0161t\u00edhl\u00e9 linii lahve.<\/p>\n<p>Po uveden\u00ed na trh zaznamenala s\u00e9rie po pouh\u00fdch dvou m\u011bs\u00edc\u00edch 34% n\u00e1r\u016fst tr\u017eeb v kamenn\u00fdch obchodech. Z\u00e1kazn\u00edk pot\u00e9 provedl t\u0159i po sob\u011b jdouc\u00ed hromadn\u00e9 objedn\u00e1vky, \u010d\u00edm\u017e roz\u0161\u00ed\u0159il sv\u016fj distribu\u010dn\u00ed kan\u00e1l do mnoha luxusn\u00edch d\u00e1rkov\u00fdch obchod\u016f v Evrop\u011b.<\/p>\n<h2>Chcete si to p\u0159izp\u016fsobit? Vyzkou\u0161ejte tyto n\u00e1pady na \u00fapravy<\/h2>\n<ul>\n<li>Zkuste si ho upravit jantarovou nebo r\u016f\u017eovou barvou pro modern\u00ed a tajemn\u00fd vzhled.<\/li>\n<li>Povzbu\u010fte opakovan\u00e9 n\u00e1v\u0161t\u011bvy nab\u00eddkou n\u00e1pln\u00ed esenci\u00e1ln\u00edch olej\u016f do difuz\u00e9ru.<\/li>\n<li>Dopl\u0148te sv\u016fj difuz\u00e9r s ty\u010dinkami \u010distic\u00edm kart\u00e1\u010dkem a novou sadou difuz\u00e9r\u016f pro \u201eosv\u011b\u017een\u00ed\u201c.<\/li>\n<li>P\u0159idejte si vlastn\u00ed z\u00e1tku s logem va\u0161\u00ed zna\u010dky \u2013 mal\u00fd detail, kter\u00fd dod\u00e1 va\u0161emu v\u00fdrobku n\u00e1dech identity.<\/li>\n<\/ul>\n<p>Pomohli jsme nespo\u010dtu zna\u010dek prom\u011bnit jednoduch\u00e9 difuz\u00e9ry v bestsellery. Va\u0161e vize? Pom\u016f\u017eeme v\u00e1m ji realizovat \u2013 jednu texturovanou lahvi\u010dku po druh\u00e9.<\/p>","protected":false},"excerpt":{"rendered":"<p>Vysoce kvalitn\u00ed difuzn\u00ed sklenice s aromaterapeutick\u00fdmi lahvi\u010dkami pro hromadn\u00e9 objedn\u00e1vky B2B a zak\u00e1zkov\u00e9 balen\u00ed v\u016fn\u00ed. Vzorky zdarma.<\/p>","protected":false},"featured_media":4810,"template":"","meta":{"site-sidebar-layout":"default","site-content-layout":"","ast-site-content-layout":"default","site-content-style":"default","site-sidebar-style":"default","ast-global-header-display":"","ast-banner-title-visibility":"","ast-main-header-display":"","ast-hfb-above-header-display":"","ast-hfb-below-header-display":"","ast-hfb-mobile-header-display":"","site-post-title":"","ast-breadcrumbs-content":"","ast-featured-img":"","footer-sml-layout":"","theme-transparent-header-meta":"default","adv-header-id-meta":"","stick-header-meta":"","header-above-stick-meta":"","header-main-stick-meta":"","header-below-stick-meta":"","astra-migrate-meta-layouts":"set","ast-page-background-enabled":"default","ast-page-background-meta":{"desktop":{"background-color":"var(--ast-global-color-5)","background-image":"","background-repeat":"repeat","background-position":"center center","background-size":"auto","background-attachment":"scroll","background-type":"","background-media":"","overlay-type":"","overlay-color":"","overlay-opacity":"","overlay-gradient":""},"tablet":{"background-color":"","background-image":"","background-repeat":"repeat","background-position":"center center","background-size":"auto","background-attachment":"scroll","background-type":"","background-media":"","overlay-type":"","overlay-color":"","overlay-opacity":"","overlay-gradient":""},"mobile":{"background-color":"","background-image":"","background-repeat":"repeat","background-position":"center center","background-size":"auto","background-attachment":"scroll","background-type":"","background-media":"","overlay-type":"","overlay-color":"","overlay-opacity":"","overlay-gradient":""}},"ast-content-background-meta":{"desktop":{"background-color":"var(--ast-global-color-4)","background-image":"","background-repeat":"repeat","background-position":"center center","background-size":"auto","background-attachment":"scroll","background-type":"","background-media":"","overlay-type":"","overlay-color":"","overlay-opacity":"","overlay-gradient":""},"tablet":{"background-color":"var(--ast-global-color-4)","background-image":"","background-repeat":"repeat","background-position":"center center","background-size":"auto","background-attachment":"scroll","background-type":"","background-media":"","overlay-type":"","overlay-color":"","overlay-opacity":"","overlay-gradient":""},"mobile":{"background-color":"var(--ast-global-color-4)","background-image":"","background-repeat":"repeat","background-position":"center center","background-size":"auto","background-attachment":"scroll","background-type":"","background-media":"","overlay-type":"","overlay-color":"","overlay-opacity":"","overlay-gradient":""}}},"product_brand":[],"product_cat":[54],"product_tag":[],"class_list":{"0":"post-585","1":"product","2":"type-product","3":"status-publish","4":"has-post-thumbnail","6":"product_cat-reed-diffuser-bottles","7":"desktop-align-left","8":"tablet-align-left","9":"mobile-align-left","11":"first","12":"instock","13":"shipping-taxable","14":"product-type-simple"},"jetpack_sharing_enabled":true,"_links":{"self":[{"href":"https:\/\/mostebglass.com\/cs\/wp-json\/wp\/v2\/product\/585","targetHints":{"allow":["GET"]}}],"collection":[{"href":"https:\/\/mostebglass.com\/cs\/wp-json\/wp\/v2\/product"}],"about":[{"href":"https:\/\/mostebglass.com\/cs\/wp-json\/wp\/v2\/types\/product"}],"wp:featuredmedia":[{"embeddable":true,"href":"https:\/\/mostebglass.com\/cs\/wp-json\/wp\/v2\/media\/4810"}],"wp:attachment":[{"href":"https:\/\/mostebglass.com\/cs\/wp-json\/wp\/v2\/media?parent=585"}],"wp:term":[{"taxonomy":"product_brand","embeddable":true,"href":"https:\/\/mostebglass.com\/cs\/wp-json\/wp\/v2\/product_brand?post=585"},{"taxonomy":"product_cat","embeddable":true,"href":"https:\/\/mostebglass.com\/cs\/wp-json\/wp\/v2\/product_cat?post=585"},{"taxonomy":"product_tag","embeddable":true,"href":"https:\/\/mostebglass.com\/cs\/wp-json\/wp\/v2\/product_tag?post=585"}],"curies":[{"name":"wp","href":"https:\/\/api.w.org\/{rel}","templated":true}]}}