{"id":605,"date":"2025-08-19T16:29:46","date_gmt":"2025-08-19T08:29:46","guid":{"rendered":"https:\/\/mostebglass.com\/?post_type=product&#038;p=605"},"modified":"2026-03-16T10:50:15","modified_gmt":"2026-03-16T02:50:15","slug":"custom-reed-diffuser-glass-bottles-with-tree-shape-bulk","status":"publish","type":"product","link":"https:\/\/mostebglass.com\/cs\/custom-reed-diffuser-glass-bottles-with-tree-shape-bulk\/","title":{"rendered":"98ml sklen\u011bn\u00e9 lahvi\u010dky s difuz\u00e9rem Reed na zak\u00e1zku ve tvaru stromu"},"content":{"rendered":"<p>Tyto sklen\u011bn\u00e9 lahvi\u010dky s ty\u010dinkov\u00fdm difuz\u00e9rem jsou v\u00edc ne\u017e jen jedna lahvi\u010dka; jsou to sv\u00e1te\u010dn\u00ed symboly ze skla. Jejich velikost p\u0159ipom\u00edn\u00e1 klasick\u00fd v\u00e1no\u010dn\u00ed strome\u010dek \u2013 troj\u00faheln\u00edkov\u00e9 panely se pomalu posouvaj\u00ed sm\u011brem ke spodn\u00ed \u010d\u00e1sti, co\u017e vede k vesel\u00e9 a slavnostn\u00ed atmosf\u00e9\u0159e. Z\u00e1tka lahvi\u010dky se snadno instaluje. Cel\u00e1 lahvi\u010dka je vyrobena z \u010dir\u00e9ho, vysoce kvalitn\u00edho skla, d\u00edky \u010demu\u017e se va\u0161e v\u016fn\u011b p\u0159irozen\u011b \u0161\u00ed\u0159\u00ed.<\/p>\n<h2>Vlastnosti produktu<\/h2>\n<ul>\n<li><strong>Tvar v\u00e1no\u010dn\u00edho stromku:<\/strong> Tvar l\u00e1hve ve tvaru v\u00e1no\u010dn\u00edho stromku vytv\u00e1\u0159\u00ed sv\u00e1te\u010dn\u00ed atmosf\u00e9ru, kter\u00e1 se perfektn\u011b hod\u00ed k v\u00e1no\u010dn\u00edmu prost\u0159ed\u00ed.<\/li>\n<li><strong>Pr\u016fhledn\u00e9 materi\u00e1ly:<\/strong> Vyrobeno z \u010dir\u00e9ho skla, obsah odvzdu\u0161\u0148ova\u010de je jasn\u011b viditeln\u00fd, co\u017e vytv\u00e1\u0159\u00ed \u010dist\u00e9 a sv\u011b\u017e\u00ed prost\u0159ed\u00ed.<\/li>\n<li><strong>V\u00edce\u00farov\u0148ov\u00e1 struktura:<\/strong> Vrstven\u00e1 troj\u00faheln\u00edkov\u00e1 struktura lahve vytv\u00e1\u0159\u00ed jedine\u010dn\u00fd, trojrozm\u011brn\u00fd tvar, kter\u00fd je vysoce dekorativn\u00ed.<\/li>\n<\/ul>\n<h2>P\u0159\u00edpadov\u00e1 studie: Jak jedna zna\u010dka \u00fasp\u011b\u0161n\u011b zachytila \u200b\u200bsv\u00e1te\u010dn\u00ed obdob\u00ed<\/h2>\n<p>Startup zab\u00fdvaj\u00edc\u00ed se bytov\u00fdmi v\u016fn\u011bmi cht\u011bl uv\u00e9st na trh limitovanou edici v\u00e1no\u010dn\u00ed kolekce. Vybrali si na\u0161e difuz\u00e9ry a ty\u010dinky pro jejich jedine\u010dn\u00fd a atraktivn\u00ed design. Pomohli jsme jim vytvo\u0159it efekt \u201esn\u011bhob\u00edl\u00e9ho\u201c polevy, p\u0159idali sko\u0159icov\u00e9 ty\u010dinky a zabalili je do \u010derven\u00fdch d\u00e1rkov\u00fdch krabi\u010dek, kter\u00e9 jsme zajistili stuhami. B\u011bhem \u0161esti t\u00fddn\u016f se produkt vyprodal. Prodejci si inovativn\u00ed design pochvalovali. Z\u00e1kazn\u00edci si lahvi\u010dky po pou\u017eit\u00ed dokonce uchov\u00e1vaj\u00ed jako dekorativn\u00ed p\u0159edm\u011bty. To je s\u00edla chytr\u00e9ho designu.<\/p>\n<h2>Zkuste si p\u0159izp\u016fsobit vlastn\u00ed sklen\u011bn\u00e9 lahvi\u010dky s difuz\u00e9rem?<\/h2>\n<ul>\n<li>Vyzkou\u0161ejte \u010derven\u00e9 nebo zelen\u00e9 sklen\u011bn\u00e9 difuz\u00e9ry, kter\u00e9 dodaj\u00ed va\u0161\u00ed sv\u00e1te\u010dn\u00ed v\u00fdzdob\u011b modern\u00ed n\u00e1dech.<\/li>\n<li>Nab\u00edz\u00edme difuz\u00e9ry bez parfemace, kter\u00e9 z\u00e1kazn\u00edk\u016fm umo\u017e\u0148uj\u00ed vytv\u00e1\u0159et si vlastn\u00ed sm\u011bsi esenci\u00e1ln\u00edch olej\u016f.<\/li>\n<li>V kombinaci s na\u0161imi pozlacen\u00fdmi difuz\u00e9ry z ty\u010dinek p\u0159edstavuj\u00ed perfektn\u00ed d\u00e1rek.<\/li>\n<li>P\u0159idejte si visa\u010dku se zna\u010dkou a prom\u011b\u0148te sv\u016fj difuz\u00e9r v suven\u00fdr.<\/li>\n<\/ul>\n<p>Pomohli jsme mnoha zna\u010dk\u00e1m prom\u011bnit jejich jedine\u010dn\u00e9 a stylov\u00e9 sklen\u011bn\u00e9 lahvi\u010dky s ty\u010dinkami na difuz\u00e9ry v bestsellery. M\u00e1te n\u00e1pad? M\u016f\u017eeme v\u00e1m ho pomoci realizovat.<\/p>","protected":false},"excerpt":{"rendered":"<p>Velkoobchodn\u00ed prodej sklen\u011bn\u00fdch lahv\u00ed s difuz\u00e9rem a lahv\u00ed s difuz\u00e9rem a r\u00e1kos\u00ed, ide\u00e1ln\u00ed pro hromadn\u00e9 balen\u00ed v\u016fn\u00ed.<\/p>","protected":false},"featured_media":4766,"template":"","meta":{"site-sidebar-layout":"default","site-content-layout":"","ast-site-content-layout":"default","site-content-style":"default","site-sidebar-style":"default","ast-global-header-display":"","ast-banner-title-visibility":"","ast-main-header-display":"","ast-hfb-above-header-display":"","ast-hfb-below-header-display":"","ast-hfb-mobile-header-display":"","site-post-title":"","ast-breadcrumbs-content":"","ast-featured-img":"","footer-sml-layout":"","theme-transparent-header-meta":"default","adv-header-id-meta":"","stick-header-meta":"","header-above-stick-meta":"","header-main-stick-meta":"","header-below-stick-meta":"","astra-migrate-meta-layouts":"set","ast-page-background-enabled":"default","ast-page-background-meta":{"desktop":{"background-color":"var(--ast-global-color-5)","background-image":"","background-repeat":"repeat","background-position":"center center","background-size":"auto","background-attachment":"scroll","background-type":"","background-media":"","overlay-type":"","overlay-color":"","overlay-opacity":"","overlay-gradient":""},"tablet":{"background-color":"","background-image":"","background-repeat":"repeat","background-position":"center center","background-size":"auto","background-attachment":"scroll","background-type":"","background-media":"","overlay-type":"","overlay-color":"","overlay-opacity":"","overlay-gradient":""},"mobile":{"background-color":"","background-image":"","background-repeat":"repeat","background-position":"center center","background-size":"auto","background-attachment":"scroll","background-type":"","background-media":"","overlay-type":"","overlay-color":"","overlay-opacity":"","overlay-gradient":""}},"ast-content-background-meta":{"desktop":{"background-color":"var(--ast-global-color-4)","background-image":"","background-repeat":"repeat","background-position":"center center","background-size":"auto","background-attachment":"scroll","background-type":"","background-media":"","overlay-type":"","overlay-color":"","overlay-opacity":"","overlay-gradient":""},"tablet":{"background-color":"var(--ast-global-color-4)","background-image":"","background-repeat":"repeat","background-position":"center center","background-size":"auto","background-attachment":"scroll","background-type":"","background-media":"","overlay-type":"","overlay-color":"","overlay-opacity":"","overlay-gradient":""},"mobile":{"background-color":"var(--ast-global-color-4)","background-image":"","background-repeat":"repeat","background-position":"center center","background-size":"auto","background-attachment":"scroll","background-type":"","background-media":"","overlay-type":"","overlay-color":"","overlay-opacity":"","overlay-gradient":""}}},"product_brand":[],"product_cat":[54],"product_tag":[],"class_list":{"0":"post-605","1":"product","2":"type-product","3":"status-publish","4":"has-post-thumbnail","6":"product_cat-reed-diffuser-bottles","7":"desktop-align-left","8":"tablet-align-left","9":"mobile-align-left","11":"first","12":"instock","13":"shipping-taxable","14":"product-type-simple"},"jetpack_sharing_enabled":true,"_links":{"self":[{"href":"https:\/\/mostebglass.com\/cs\/wp-json\/wp\/v2\/product\/605","targetHints":{"allow":["GET"]}}],"collection":[{"href":"https:\/\/mostebglass.com\/cs\/wp-json\/wp\/v2\/product"}],"about":[{"href":"https:\/\/mostebglass.com\/cs\/wp-json\/wp\/v2\/types\/product"}],"wp:featuredmedia":[{"embeddable":true,"href":"https:\/\/mostebglass.com\/cs\/wp-json\/wp\/v2\/media\/4766"}],"wp:attachment":[{"href":"https:\/\/mostebglass.com\/cs\/wp-json\/wp\/v2\/media?parent=605"}],"wp:term":[{"taxonomy":"product_brand","embeddable":true,"href":"https:\/\/mostebglass.com\/cs\/wp-json\/wp\/v2\/product_brand?post=605"},{"taxonomy":"product_cat","embeddable":true,"href":"https:\/\/mostebglass.com\/cs\/wp-json\/wp\/v2\/product_cat?post=605"},{"taxonomy":"product_tag","embeddable":true,"href":"https:\/\/mostebglass.com\/cs\/wp-json\/wp\/v2\/product_tag?post=605"}],"curies":[{"name":"wp","href":"https:\/\/api.w.org\/{rel}","templated":true}]}}