{"id":609,"date":"2025-08-20T08:49:46","date_gmt":"2025-08-20T00:49:46","guid":{"rendered":"https:\/\/mostebglass.com\/?post_type=product&#038;p=609"},"modified":"2026-03-06T16:04:26","modified_gmt":"2026-03-06T08:04:26","slug":"curved-diffuser-glass-bottles-with-sticks-bulk","status":"publish","type":"product","link":"https:\/\/mostebglass.com\/cs\/curved-diffuser-glass-bottles-with-sticks-bulk\/","title":{"rendered":"40ml 50ml zak\u0159iven\u00e9 difuz\u00e9rov\u00e9 \u200b\u200bsklen\u011bn\u00e9 lahvi\u010dky s ty\u010dinkami ve velk\u00e9m"},"content":{"rendered":"<p>A\u0165 u\u017e hled\u00e1te novou kolekci v\u016fn\u00ed, nebo roz\u0161i\u0159ujete svou sb\u00edrku, tento sklen\u011bn\u00fd defuser je pro va\u0161e pot\u0159eby ide\u00e1ln\u00ed. Jeho hladk\u00fd, kulat\u00fd tvar a plynul\u00e9 linie usnad\u0148uj\u00ed vkl\u00e1d\u00e1n\u00ed defuserov\u00e9 ty\u010dinky, zat\u00edmco ploch\u00e1 z\u00e1kladna zaji\u0161\u0165uje stabilitu a zvy\u0161uje atraktivitu police.<\/p>\n<h2>Vlastnosti produktu<\/h2>\n<ul>\n<li><strong>Vysoce kvalitn\u00ed sklo:<\/strong> Na\u0161e rozpra\u0161ovac\u00ed sklo je vyrobeno z odoln\u00fdch, vysoce pr\u016fhledn\u00fdch materi\u00e1l\u016f, kter\u00e9 zabra\u0148uj\u00ed zakalen\u00ed a zachov\u00e1vaj\u00ed integritu v\u016fn\u011b.<\/li>\n<li><strong>Ur\u010deno pro Defuser Stick:<\/strong> M\u00edrn\u011b \u0161irok\u00fd otvor perfektn\u011b padne do standardn\u00edho rozpra\u0161ova\u010de esenci\u00e1ln\u00edho oleje, co\u017e zaji\u0161\u0165uje plynul\u00e9 \u0161\u00ed\u0159en\u00ed esenci\u00e1ln\u00edho oleje bez rozlit\u00ed nebo ucp\u00e1v\u00e1n\u00ed.<\/li>\n<li><strong>Nejlep\u0161\u00ed linky:<\/strong> Hladk\u00e9 linie lahve dod\u00e1vaj\u00ed designu hloubku a design, \u010d\u00edm\u017e umoc\u0148uj\u00ed jeho kr\u00e1su.<\/li>\n<\/ul>\n<h2>Skute\u010dn\u00fd \u00fasp\u011bch: Jak jedna zna\u010dka zdvojn\u00e1sobila sv\u016fj dopad na maloobchod<\/h2>\n<p>Zna\u010dka bytov\u00e9ho za\u0159\u00edzen\u00ed se chystala uv\u00e9st na trh novou \u0159adu lahvi\u010dek s aromaterapi\u00ed, ale pot\u00fdkala se s nev\u00fdrazn\u00fdm balen\u00edm. Zvolila na\u0161e difuz\u00e9ry ze skla a vylep\u0161ila je matn\u011b \u010dern\u00fdmi ty\u010dinkami se zlat\u00fdmi hroty. Tak\u00e9 jsme p\u0159idali magnetickou z\u00e1tku na m\u00edru a minimalistick\u00e9 pouzdro. V\u00fdsledek? Jejich produkty vynikaly v obchodech se suven\u00fdry a butic\u00edch. Maloobchodn\u00edci hl\u00e1sili zdvojn\u00e1soben\u00ed impulzivn\u00edch n\u00e1kup\u016f b\u011bhem t\u0159\u00ed m\u011bs\u00edc\u016f. Tyto stylov\u00e9 sklen\u011bn\u00e9 difuz\u00e9ry jsou v\u00edc ne\u017e jen esenci\u00e1ln\u00ed oleje, vyza\u0159uj\u00ed luxus.<\/p>\n<h2>Mo\u017enosti p\u0159izp\u016fsoben\u00ed:<\/h2>\n<ul>\n<li>Povrchov\u00e1 \u00faprava: Zkuste p\u00edskov\u00e1n\u00ed pro matn\u00fd efekt nebo s\u00edtotisk pro v\u00fdrazn\u00e9 barvy.<\/li>\n<li>V\u00ed\u010dko\/zar\u00e1\u017eka: Vym\u011b\u0148te standardn\u00ed z\u00e1tky za d\u0159ev\u011bn\u00e9, bambusov\u00e9 nebo kovov\u00e9. Zna\u010dkov\u00e9 v\u00ed\u010dka d\u00e1le posiluj\u00ed identitu va\u0161\u00ed zna\u010dky.<\/li>\n<li>Barva lahvi\u010dky: V\u00edce ne\u017e jen pr\u016fhledn\u00e1. Zkuste jemn\u011b modrou, \u0161alv\u011bjov\u011b zelenou nebo tmav\u011b \u010dernou sklen\u011bnou barvu, kter\u00e1 dopln\u00ed sez\u00f3nn\u00ed v\u016fni.<\/li>\n<li>Logo: Laserov\u00e9 grav\u00edrov\u00e1n\u00ed, ozna\u010dov\u00e1n\u00ed nebo hork\u00e1 ra\u017eba \u2013 vyberte si logo, kter\u00e9 odpov\u00edd\u00e1 stylu va\u0161\u00ed zna\u010dky.<\/li>\n<li>Velikost: Pot\u0159ebujete men\u0161\u00ed velikost? Lahvi\u010dka o objemu 40 ml je ide\u00e1ln\u00ed pro cestovn\u00ed sady nebo vzorky.<\/li>\n<\/ul>\n<p>Tyto difuz\u00e9ry s ty\u010dinkami jsou v\u00edc ne\u017e jen v\u016fn\u011b; jsou tv\u00e1\u0159\u00ed va\u0161\u00ed zna\u010dky, prvn\u00edm kontaktn\u00edm bodem pro lidi a d\u016fvodem, pro\u010d si vyb\u00edraj\u00ed pr\u00e1v\u011b va\u0161i lahvi\u010dku s difuz\u00e9rem. Pom\u016f\u017eeme v\u00e1m vytvo\u0159it v\u00e1\u0161 dal\u0161\u00ed bestseller. Vy p\u0159in\u00e1\u0161\u00edte v\u016fni, my vytv\u00e1\u0159\u00edme vzhled.<\/p>","protected":false},"excerpt":{"rendered":"<p>Velkoobchodn\u00ed prodej sklen\u011bn\u00fdch lahvi\u010dek s difuz\u00e9rem a ty\u010dinkami, ide\u00e1ln\u00ed pro balen\u00ed aromat ve velk\u00e9m, do l\u00e1zn\u00ed a do dom\u00e1cnosti. Vzorky zdarma a mo\u017enost \u00fapravy ve velk\u00e9m.<\/p>","protected":false},"featured_media":4647,"template":"","meta":{"site-sidebar-layout":"default","site-content-layout":"","ast-site-content-layout":"default","site-content-style":"default","site-sidebar-style":"default","ast-global-header-display":"","ast-banner-title-visibility":"","ast-main-header-display":"","ast-hfb-above-header-display":"","ast-hfb-below-header-display":"","ast-hfb-mobile-header-display":"","site-post-title":"","ast-breadcrumbs-content":"","ast-featured-img":"","footer-sml-layout":"","theme-transparent-header-meta":"default","adv-header-id-meta":"","stick-header-meta":"","header-above-stick-meta":"","header-main-stick-meta":"","header-below-stick-meta":"","astra-migrate-meta-layouts":"set","ast-page-background-enabled":"default","ast-page-background-meta":{"desktop":{"background-color":"var(--ast-global-color-5)","background-image":"","background-repeat":"repeat","background-position":"center center","background-size":"auto","background-attachment":"scroll","background-type":"","background-media":"","overlay-type":"","overlay-color":"","overlay-opacity":"","overlay-gradient":""},"tablet":{"background-color":"","background-image":"","background-repeat":"repeat","background-position":"center center","background-size":"auto","background-attachment":"scroll","background-type":"","background-media":"","overlay-type":"","overlay-color":"","overlay-opacity":"","overlay-gradient":""},"mobile":{"background-color":"","background-image":"","background-repeat":"repeat","background-position":"center center","background-size":"auto","background-attachment":"scroll","background-type":"","background-media":"","overlay-type":"","overlay-color":"","overlay-opacity":"","overlay-gradient":""}},"ast-content-background-meta":{"desktop":{"background-color":"var(--ast-global-color-4)","background-image":"","background-repeat":"repeat","background-position":"center center","background-size":"auto","background-attachment":"scroll","background-type":"","background-media":"","overlay-type":"","overlay-color":"","overlay-opacity":"","overlay-gradient":""},"tablet":{"background-color":"var(--ast-global-color-4)","background-image":"","background-repeat":"repeat","background-position":"center center","background-size":"auto","background-attachment":"scroll","background-type":"","background-media":"","overlay-type":"","overlay-color":"","overlay-opacity":"","overlay-gradient":""},"mobile":{"background-color":"var(--ast-global-color-4)","background-image":"","background-repeat":"repeat","background-position":"center center","background-size":"auto","background-attachment":"scroll","background-type":"","background-media":"","overlay-type":"","overlay-color":"","overlay-opacity":"","overlay-gradient":""}}},"product_brand":[],"product_cat":[54],"product_tag":[],"class_list":{"0":"post-609","1":"product","2":"type-product","3":"status-publish","4":"has-post-thumbnail","6":"product_cat-reed-diffuser-bottles","7":"desktop-align-left","8":"tablet-align-left","9":"mobile-align-left","11":"first","12":"instock","13":"shipping-taxable","14":"product-type-simple"},"jetpack_sharing_enabled":true,"_links":{"self":[{"href":"https:\/\/mostebglass.com\/cs\/wp-json\/wp\/v2\/product\/609","targetHints":{"allow":["GET"]}}],"collection":[{"href":"https:\/\/mostebglass.com\/cs\/wp-json\/wp\/v2\/product"}],"about":[{"href":"https:\/\/mostebglass.com\/cs\/wp-json\/wp\/v2\/types\/product"}],"wp:featuredmedia":[{"embeddable":true,"href":"https:\/\/mostebglass.com\/cs\/wp-json\/wp\/v2\/media\/4647"}],"wp:attachment":[{"href":"https:\/\/mostebglass.com\/cs\/wp-json\/wp\/v2\/media?parent=609"}],"wp:term":[{"taxonomy":"product_brand","embeddable":true,"href":"https:\/\/mostebglass.com\/cs\/wp-json\/wp\/v2\/product_brand?post=609"},{"taxonomy":"product_cat","embeddable":true,"href":"https:\/\/mostebglass.com\/cs\/wp-json\/wp\/v2\/product_cat?post=609"},{"taxonomy":"product_tag","embeddable":true,"href":"https:\/\/mostebglass.com\/cs\/wp-json\/wp\/v2\/product_tag?post=609"}],"curies":[{"name":"wp","href":"https:\/\/api.w.org\/{rel}","templated":true}]}}