{"id":615,"date":"2025-08-20T09:56:43","date_gmt":"2025-08-20T01:56:43","guid":{"rendered":"https:\/\/mostebglass.com\/?post_type=product&#038;p=615"},"modified":"2026-02-26T10:50:54","modified_gmt":"2026-02-26T02:50:54","slug":"square-candle-jars-mini-clear-votive-shot-glass-containers","status":"publish","type":"product","link":"https:\/\/mostebglass.com\/cs\/square-candle-jars-mini-clear-votive-shot-glass-containers\/","title":{"rendered":"\u010ctvercov\u00e9 d\u00f3zy na sv\u00ed\u010dky 50ml 67ml | Mini pr\u016fhledn\u00e9 votivn\u00ed a pan\u00e1kov\u00e9 sklenice"},"content":{"rendered":"<p>Tyto \u010dtvercov\u00e9 sklen\u011bn\u00e9 d\u00f3zy na sv\u00ed\u010dky o objemu 50 ml a 67 ml ve velk\u00e9m balen\u00ed maj\u00ed mal\u00fd \u010dtvercov\u00fd tvar s m\u00edrn\u011b zaoblen\u00fdmi rohy a silnou pevnou z\u00e1kladnou pro lep\u0161\u00ed stabilitu. Miniaturn\u00ed t\u011blo z \u010dir\u00e9ho skla je z hladk\u00e9ho ploch\u00e9ho panelu a \u0161irok\u00e9ho otvoru, co\u017e celku dod\u00e1v\u00e1 \u010dist\u00fd a modern\u00ed geometrick\u00fd vzhled. V\u00fdrazn\u00e1 z\u00e1kladna dod\u00e1v\u00e1 na hmotnosti a stabilit\u011b, zat\u00edmco pr\u016fhledn\u00fd materi\u00e1l umo\u017e\u0148uje \u00fapln\u00fd v\u00fdhled na vosk a plamen a p\u0159i zap\u00e1len\u00ed poskytuje jasnou a rafinovanou z\u00e1\u0159i. Rovn\u00fd tvar vnit\u0159n\u00edch st\u011bn umo\u017e\u0148uje rovnom\u011brn\u00e9 pln\u011bn\u00ed voskem a kontrolovan\u00e9 ho\u0159en\u00ed.<\/p>\n<h2><img fetchpriority=\"high\" decoding=\"async\" class=\"aligncenter wp-image-4366\" src=\"https:\/\/mostebglass.com\/wp-content\/uploads\/2025\/08\/square-candle-jars-in-bulk-01.webp\" alt=\"\" width=\"500\" height=\"500\" srcset=\"https:\/\/mostebglass.com\/wp-content\/uploads\/2025\/08\/square-candle-jars-in-bulk-01.webp 1024w, https:\/\/mostebglass.com\/wp-content\/uploads\/2025\/08\/square-candle-jars-in-bulk-01-768x768.webp 768w, https:\/\/mostebglass.com\/wp-content\/uploads\/2025\/08\/square-candle-jars-in-bulk-01-12x12.webp 12w, https:\/\/mostebglass.com\/wp-content\/uploads\/2025\/08\/square-candle-jars-in-bulk-01-300x300.webp 300w, https:\/\/mostebglass.com\/wp-content\/uploads\/2025\/08\/square-candle-jars-in-bulk-01-600x600.webp 600w, https:\/\/mostebglass.com\/wp-content\/uploads\/2025\/08\/square-candle-jars-in-bulk-01-100x100.webp 100w\" sizes=\"(max-width: 500px) 100vw, 500px\" \/>Aplikace<\/h2>\n<p>Na\u0161e \u010dtvercov\u00e9 d\u00f3zy na sv\u00ed\u010dky jsou navr\u017eeny pro v\u0161estrannost a hod\u00ed se k votivn\u00edm sv\u00ed\u010dk\u00e1m, vzorov\u00fdm sv\u00ed\u010dk\u00e1m, mini vonn\u00fdm sv\u00ed\u010dk\u00e1m a d\u00e1rkov\u00fdm kolekc\u00edm. D\u00edky robustn\u00ed z\u00e1kladn\u011b a tvaru p\u0159ipom\u00ednaj\u00edc\u00edmu sklenici je lze po \u0159\u00e1dn\u00e9m vy\u010di\u0161t\u011bn\u00ed pou\u017e\u00edt i jako mini sklenici na whisky nebo pan\u00e1ka, co\u017e podporuje koncept opakovan\u011b pou\u017eiteln\u00fdch a udr\u017eiteln\u00fdch obal\u016f. Ide\u00e1ln\u00ed pro zna\u010dky sv\u00ed\u010dek, pohostinstv\u00ed, d\u00e1rky na akce a propaga\u010dn\u00ed projekty na m\u00edru.<\/p>\n<h2>Kl\u00ed\u010dov\u00e9 specifikace<\/h2>\n<table style=\"border-collapse: collapse; width: 80%; margin-left: auto; margin-right: auto;\" border=\"0\" width=\"144\" cellspacing=\"0\" cellpadding=\"0\">\n<tbody>\n<tr style=\"height: 13.50pt;\">\n<td style=\"height: 13.50pt; width: 54.00pt;\" width=\"72\" height=\"18\">Funkce<\/td>\n<td style=\"width: 54.00pt;\" width=\"72\">Podrobnosti<\/td>\n<\/tr>\n<tr style=\"height: 13.50pt;\">\n<td style=\"height: 13.50pt;\" height=\"18\">Velikost<\/td>\n<td>50 ml (49*43*60 mm), 67 ml (50*44*62 mm)<\/td>\n<\/tr>\n<tr style=\"height: 13.50pt;\">\n<td style=\"height: 13.50pt;\" height=\"18\">Materi\u00e1l<\/td>\n<td>Bezolovnat\u00e9 sodnov\u00e1penat\u00e9 sklo<\/td>\n<\/tr>\n<tr style=\"height: 13.50pt;\">\n<td style=\"height: 13.50pt;\" height=\"18\">Mo\u017enosti barev<\/td>\n<td>Jasn\u00e1 a va\u0161e vlastn\u00ed barva<\/td>\n<\/tr>\n<tr style=\"height: 13.50pt;\">\n<td style=\"height: 13.50pt;\" height=\"18\">Kompatibilita v\u00edka<\/td>\n<td>D\u0159ev\u011bn\u00e9 nebo kovov\u00e9 v\u00ed\u010dka<\/td>\n<\/tr>\n<\/tbody>\n<\/table>\n<p><img decoding=\"async\" class=\"aligncenter wp-image-4368\" src=\"https:\/\/mostebglass.com\/wp-content\/uploads\/2025\/08\/square-candle-jars-in-bulk-03.jpg\" alt=\"\" width=\"500\" height=\"500\" srcset=\"https:\/\/mostebglass.com\/wp-content\/uploads\/2025\/08\/square-candle-jars-in-bulk-03.jpg 1024w, https:\/\/mostebglass.com\/wp-content\/uploads\/2025\/08\/square-candle-jars-in-bulk-03-768x768.jpg 768w, https:\/\/mostebglass.com\/wp-content\/uploads\/2025\/08\/square-candle-jars-in-bulk-03-12x12.jpg 12w, https:\/\/mostebglass.com\/wp-content\/uploads\/2025\/08\/square-candle-jars-in-bulk-03-300x300.jpg 300w, https:\/\/mostebglass.com\/wp-content\/uploads\/2025\/08\/square-candle-jars-in-bulk-03-600x600.jpg 600w, https:\/\/mostebglass.com\/wp-content\/uploads\/2025\/08\/square-candle-jars-in-bulk-03-100x100.jpg 100w\" sizes=\"(max-width: 500px) 100vw, 500px\" \/><\/p>\n<h2>Tipy pro p\u0159izp\u016fsoben\u00ed pro v\u00e1s<\/h2>\n<ol>\n<li><strong>Ekologick\u00e9 akcenty:<\/strong> bambusov\u00e9 klobou\u010dky, kter\u00e9 odhal\u00ed n\u00e1dobku na sv\u00ed\u010dku s v\u00ed\u010dkem z recyklovan\u00e9ho kovu nebo bambusov\u00fdm uz\u00e1v\u011brem.<\/li>\n<li><strong>Sez\u00f3nn\u00ed t\u00e9ma:<\/strong> Pou\u017eijte \u010dir\u00e9 sklo k demonstraci sez\u00f3nn\u00edch barev (nap\u0159. \u010derven\u00e1 na V\u00e1noce, pastelov\u00e1 na jaro, pastelov\u00e1 na jaro, jaro ve velk\u00e9m, vyberte si sv\u00ed\u010dky pro sv\u011b\u017e\u00ed rok).<\/li>\n<li><strong>Interaktivn\u00ed ingredience:<\/strong> Laserov\u011b leptan\u00fd QR k\u00f3d Sv\u00ed\u010dka Tipy pro p\u00e9\u010di o sv\u00ed\u010dky nebo sklenice s p\u0159\u00edb\u011bhy zna\u010dek - Prom\u011b\u0148te jednoduchou vysoce kvalitn\u00ed sklenici na sv\u00ed\u010dky v n\u00e1stroj pro vypr\u00e1v\u011bn\u00ed p\u0159\u00edb\u011bh\u016f pro klienta sv\u00ed\u010dky po sv\u00ed\u010dce.<\/li>\n<\/ol>","protected":false},"excerpt":{"rendered":"<p>Mini \u010dtvercov\u00e9 d\u00f3zy na sv\u00ed\u010dky o objemu 50 ml a 67 ml ve velk\u00e9m. Ide\u00e1ln\u00ed pro votivn\u00ed sv\u00ed\u010dky, vzorn\u00ed sv\u00ed\u010dky, d\u00e1rkov\u00e9 sady nebo opakovan\u011b pou\u017eiteln\u00e9 skleni\u010dky na pan\u00e1ky. Mo\u017enost \u00faprav na m\u00edru.<\/p>","protected":false},"featured_media":4377,"template":"","meta":{"site-sidebar-layout":"default","site-content-layout":"","ast-site-content-layout":"default","site-content-style":"default","site-sidebar-style":"default","ast-global-header-display":"","ast-banner-title-visibility":"","ast-main-header-display":"","ast-hfb-above-header-display":"","ast-hfb-below-header-display":"","ast-hfb-mobile-header-display":"","site-post-title":"","ast-breadcrumbs-content":"","ast-featured-img":"","footer-sml-layout":"","theme-transparent-header-meta":"default","adv-header-id-meta":"","stick-header-meta":"","header-above-stick-meta":"","header-main-stick-meta":"","header-below-stick-meta":"","astra-migrate-meta-layouts":"set","ast-page-background-enabled":"default","ast-page-background-meta":{"desktop":{"background-color":"var(--ast-global-color-5)","background-image":"","background-repeat":"repeat","background-position":"center center","background-size":"auto","background-attachment":"scroll","background-type":"","background-media":"","overlay-type":"","overlay-color":"","overlay-opacity":"","overlay-gradient":""},"tablet":{"background-color":"","background-image":"","background-repeat":"repeat","background-position":"center center","background-size":"auto","background-attachment":"scroll","background-type":"","background-media":"","overlay-type":"","overlay-color":"","overlay-opacity":"","overlay-gradient":""},"mobile":{"background-color":"","background-image":"","background-repeat":"repeat","background-position":"center center","background-size":"auto","background-attachment":"scroll","background-type":"","background-media":"","overlay-type":"","overlay-color":"","overlay-opacity":"","overlay-gradient":""}},"ast-content-background-meta":{"desktop":{"background-color":"var(--ast-global-color-4)","background-image":"","background-repeat":"repeat","background-position":"center center","background-size":"auto","background-attachment":"scroll","background-type":"","background-media":"","overlay-type":"","overlay-color":"","overlay-opacity":"","overlay-gradient":""},"tablet":{"background-color":"var(--ast-global-color-4)","background-image":"","background-repeat":"repeat","background-position":"center center","background-size":"auto","background-attachment":"scroll","background-type":"","background-media":"","overlay-type":"","overlay-color":"","overlay-opacity":"","overlay-gradient":""},"mobile":{"background-color":"var(--ast-global-color-4)","background-image":"","background-repeat":"repeat","background-position":"center center","background-size":"auto","background-attachment":"scroll","background-type":"","background-media":"","overlay-type":"","overlay-color":"","overlay-opacity":"","overlay-gradient":""}}},"product_brand":[],"product_cat":[28],"product_tag":[],"class_list":{"0":"post-615","1":"product","2":"type-product","3":"status-publish","4":"has-post-thumbnail","6":"product_cat-glass-candle-jars","7":"desktop-align-left","8":"tablet-align-left","9":"mobile-align-left","11":"first","12":"instock","13":"shipping-taxable","14":"product-type-simple"},"jetpack_sharing_enabled":true,"_links":{"self":[{"href":"https:\/\/mostebglass.com\/cs\/wp-json\/wp\/v2\/product\/615","targetHints":{"allow":["GET"]}}],"collection":[{"href":"https:\/\/mostebglass.com\/cs\/wp-json\/wp\/v2\/product"}],"about":[{"href":"https:\/\/mostebglass.com\/cs\/wp-json\/wp\/v2\/types\/product"}],"wp:featuredmedia":[{"embeddable":true,"href":"https:\/\/mostebglass.com\/cs\/wp-json\/wp\/v2\/media\/4377"}],"wp:attachment":[{"href":"https:\/\/mostebglass.com\/cs\/wp-json\/wp\/v2\/media?parent=615"}],"wp:term":[{"taxonomy":"product_brand","embeddable":true,"href":"https:\/\/mostebglass.com\/cs\/wp-json\/wp\/v2\/product_brand?post=615"},{"taxonomy":"product_cat","embeddable":true,"href":"https:\/\/mostebglass.com\/cs\/wp-json\/wp\/v2\/product_cat?post=615"},{"taxonomy":"product_tag","embeddable":true,"href":"https:\/\/mostebglass.com\/cs\/wp-json\/wp\/v2\/product_tag?post=615"}],"curies":[{"name":"wp","href":"https:\/\/api.w.org\/{rel}","templated":true}]}}