{"id":619,"date":"2025-08-20T09:30:06","date_gmt":"2025-08-20T01:30:06","guid":{"rendered":"https:\/\/mostebglass.com\/?post_type=product&#038;p=619"},"modified":"2026-03-04T14:14:37","modified_gmt":"2026-03-04T06:14:37","slug":"clear-reed-diffuser-bottles-with-diamond-texture-bulk","status":"publish","type":"product","link":"https:\/\/mostebglass.com\/cs\/clear-reed-diffuser-bottles-with-diamond-texture-bulk\/","title":{"rendered":"100ml 200ml \u010dir\u00e9 lahvi\u010dky s difuz\u00e9rem s diamantovou texturou"},"content":{"rendered":"<p>Pr\u016fhledn\u00e9 lahvi\u010dky s difuz\u00e9rem ve tvaru pl\u00e1tk\u016f maj\u00ed siluetu zaoblen\u00e9 koule s reli\u00e9fn\u00edm diamantov\u00fdm v\u00fdbrusem po cel\u00e9m povrchu sklen\u011bn\u00e9ho difuz\u00e9ru. Texturovan\u00fd povrch zvy\u0161uje odraz sv\u011btla, a t\u00edm lahvi\u010dce dod\u00e1v\u00e1 sofistikovan\u00fd a dekorativn\u00ed vzhled. L\u00e1hev je tak\u00e9 dopln\u011bna kovov\u00fdm zlat\u00fdm l\u00edmcem, kter\u00fd vhodn\u011b upev\u0148uje pl\u00e1tky difuz\u00e9ru a z\u00e1rove\u0148 j\u00ed dod\u00e1v\u00e1 luxusn\u00ed vzhled. Velk\u00fd otvor umo\u017e\u0148uje snadn\u00e9 pln\u011bn\u00ed parf\u00e9mov\u00fdch olej\u016f a umo\u017e\u0148uje vlo\u017eit na n\u011b n\u011bkolik pl\u00e1tk\u016f. L\u00e1hev je vyrobena z \u010dir\u00e9ho skla s vysokou hustotou, kter\u00e9 vydr\u017e\u00ed dlouho a je pr\u016fhledn\u00e1, aby odr\u00e1\u017eela obsah tekutiny.<\/p>\n<h2>Vlastnosti produktu<\/h2>\n<ul>\n<li><strong>Diamantov\u00fd vzor:<\/strong> L\u00e1hev je pokryta diamantov\u00fdm vzorem, kter\u00fd dod\u00e1v\u00e1 rozta\u017enost a rozm\u011bry a umoc\u0148uje jej\u00ed kr\u00e1su.<\/li>\n<li><strong>Dv\u011b velikosti, jeden design:<\/strong> Vyberte si dva pr\u016fhledn\u00e9 odvzdu\u0161\u0148ova\u010de: 100 ml a 200 ml. Stejn\u00fd elegantn\u00ed vzhled a kvalita poskytuj\u00ed va\u0161im z\u00e1kazn\u00edk\u016fm zv\u00fd\u0161enou hodnotu.<\/li>\n<li><strong>Tvar p\u00e1te\u0159e:<\/strong> Kruhov\u00fd tvar lahve a hladk\u00e9, obl\u00e9 linie vytv\u00e1\u0159ej\u00ed jedine\u010dn\u00fd a um\u011bleck\u00fd design, kter\u00fd p\u0159i vystaven\u00ed vynikne.<\/li>\n<\/ul>\n<h2>Jak jedna zna\u010dka zdvojn\u00e1sobila opakovan\u00e9 objedn\u00e1vky<\/h2>\n<p>Startup zab\u00fdvaj\u00edc\u00ed se v\u00fdrobou bytov\u00fdch v\u016fn\u00ed cht\u011bl, aby jeho difuz\u00e9r vynikal, a proto si vybral na\u0161e 200ml kulat\u00e9 difuz\u00e9ry s ty\u010dinkami s v\u00fdrazn\u00fdm designem: tmav\u011b smaragdov\u011b zelen\u00e9 sklo (k dispozici jsou p\u0159izp\u016fsobiteln\u00e9 barvy), p\u0159\u00edrodn\u00ed lemov\u00e1n\u00ed jaz\u00fd\u010dk\u016f a zlat\u00fd hlin\u00edkov\u00fd uz\u00e1v\u011br. Na p\u0159edn\u00ed stranu lahvi\u010dky s\u00edtotiskem natiskli sv\u00e9 minimalistick\u00e9 logo. V\u00fdsledek? B\u011bhem \u010dty\u0159 m\u011bs\u00edc\u016f se m\u00edra op\u011btovn\u00e9ho odkupu zv\u00fd\u0161ila o 70 %. Z\u00e1kazn\u00edci si lahvi\u010dku ponechali dlouho pot\u00e9, co difuz\u00e9ry s ty\u010dinkami dopot\u0159ebovali. Mnoz\u00ed \u0159\u00edkali, \u017ee vypadala jako dekorativn\u00ed prvek.<\/p>\n<h2>Tipy pro p\u0159izp\u016fsoben\u00ed<\/h2>\n<ul>\n<li>Pro ucelen\u00fd vzhled sla\u010fte barvu lahvi\u010dky s odst\u00ednem va\u0161eho oleje Reed Defuser.<\/li>\n<li>P\u0159idejte sv\u00e9 logo na z\u00e1tku lahve pro individualitu a lep\u0161\u00ed rozpoznatelnost zna\u010dky.<\/li>\n<li>Dopl\u0148te o speci\u00e1ln\u00ed dekontamina\u010dn\u00ed obal pro prvot\u0159\u00eddn\u00ed z\u00e1\u017eitek z rozbalov\u00e1n\u00ed.<\/li>\n<\/ul>\n<p>Tyto difuz\u00e9ry ve tvaru pr\u016fhledn\u00fdch ty\u010dinek jsou v\u00edc ne\u017e jen n\u00e1doby; jsou to za\u0159\u00edzen\u00ed, kter\u00e1 vyza\u0159uj\u00ed va\u0161e aromaterapeutick\u00e9 produkty. A\u0165 u\u017e pot\u0159ebujete velk\u00e9 mno\u017estv\u00ed pro spln\u011bn\u00ed obchodn\u00edch po\u017eadavk\u016f, nebo jedine\u010dn\u00fd, zak\u00e1zkov\u00fd produkt pro konkr\u00e9tn\u00ed produktovou \u0159adu, nab\u00edzej\u00ed styl i funk\u010dnost.<\/p>","protected":false},"excerpt":{"rendered":"<p>Nakupujte pr\u00e9miov\u00e9 difuz\u00e9ry s ty\u010dinkami a pr\u016fhledn\u00fdmi lahvi\u010dkami s t\u0159tinkami, ide\u00e1ln\u00ed pro dom\u00e1c\u00ed aroma i velkoobchodn\u00ed dod\u00e1vky. Z\u00edskejte vzorek zdarma.<\/p>","protected":false},"featured_media":4600,"template":"","meta":{"site-sidebar-layout":"default","site-content-layout":"","ast-site-content-layout":"default","site-content-style":"default","site-sidebar-style":"default","ast-global-header-display":"","ast-banner-title-visibility":"","ast-main-header-display":"","ast-hfb-above-header-display":"","ast-hfb-below-header-display":"","ast-hfb-mobile-header-display":"","site-post-title":"","ast-breadcrumbs-content":"","ast-featured-img":"","footer-sml-layout":"","theme-transparent-header-meta":"default","adv-header-id-meta":"","stick-header-meta":"","header-above-stick-meta":"","header-main-stick-meta":"","header-below-stick-meta":"","astra-migrate-meta-layouts":"set","ast-page-background-enabled":"default","ast-page-background-meta":{"desktop":{"background-color":"var(--ast-global-color-5)","background-image":"","background-repeat":"repeat","background-position":"center center","background-size":"auto","background-attachment":"scroll","background-type":"","background-media":"","overlay-type":"","overlay-color":"","overlay-opacity":"","overlay-gradient":""},"tablet":{"background-color":"","background-image":"","background-repeat":"repeat","background-position":"center center","background-size":"auto","background-attachment":"scroll","background-type":"","background-media":"","overlay-type":"","overlay-color":"","overlay-opacity":"","overlay-gradient":""},"mobile":{"background-color":"","background-image":"","background-repeat":"repeat","background-position":"center center","background-size":"auto","background-attachment":"scroll","background-type":"","background-media":"","overlay-type":"","overlay-color":"","overlay-opacity":"","overlay-gradient":""}},"ast-content-background-meta":{"desktop":{"background-color":"var(--ast-global-color-4)","background-image":"","background-repeat":"repeat","background-position":"center center","background-size":"auto","background-attachment":"scroll","background-type":"","background-media":"","overlay-type":"","overlay-color":"","overlay-opacity":"","overlay-gradient":""},"tablet":{"background-color":"var(--ast-global-color-4)","background-image":"","background-repeat":"repeat","background-position":"center center","background-size":"auto","background-attachment":"scroll","background-type":"","background-media":"","overlay-type":"","overlay-color":"","overlay-opacity":"","overlay-gradient":""},"mobile":{"background-color":"var(--ast-global-color-4)","background-image":"","background-repeat":"repeat","background-position":"center center","background-size":"auto","background-attachment":"scroll","background-type":"","background-media":"","overlay-type":"","overlay-color":"","overlay-opacity":"","overlay-gradient":""}}},"product_brand":[],"product_cat":[54],"product_tag":[],"class_list":{"0":"post-619","1":"product","2":"type-product","3":"status-publish","4":"has-post-thumbnail","6":"product_cat-reed-diffuser-bottles","7":"desktop-align-left","8":"tablet-align-left","9":"mobile-align-left","11":"first","12":"instock","13":"shipping-taxable","14":"product-type-simple"},"jetpack_sharing_enabled":true,"_links":{"self":[{"href":"https:\/\/mostebglass.com\/cs\/wp-json\/wp\/v2\/product\/619","targetHints":{"allow":["GET"]}}],"collection":[{"href":"https:\/\/mostebglass.com\/cs\/wp-json\/wp\/v2\/product"}],"about":[{"href":"https:\/\/mostebglass.com\/cs\/wp-json\/wp\/v2\/types\/product"}],"wp:featuredmedia":[{"embeddable":true,"href":"https:\/\/mostebglass.com\/cs\/wp-json\/wp\/v2\/media\/4600"}],"wp:attachment":[{"href":"https:\/\/mostebglass.com\/cs\/wp-json\/wp\/v2\/media?parent=619"}],"wp:term":[{"taxonomy":"product_brand","embeddable":true,"href":"https:\/\/mostebglass.com\/cs\/wp-json\/wp\/v2\/product_brand?post=619"},{"taxonomy":"product_cat","embeddable":true,"href":"https:\/\/mostebglass.com\/cs\/wp-json\/wp\/v2\/product_cat?post=619"},{"taxonomy":"product_tag","embeddable":true,"href":"https:\/\/mostebglass.com\/cs\/wp-json\/wp\/v2\/product_tag?post=619"}],"curies":[{"name":"wp","href":"https:\/\/api.w.org\/{rel}","templated":true}]}}