{"id":628,"date":"2025-08-20T11:11:44","date_gmt":"2025-08-20T03:11:44","guid":{"rendered":"https:\/\/mostebglass.com\/?post_type=product&#038;p=628"},"modified":"2026-03-25T16:04:07","modified_gmt":"2026-03-25T08:04:07","slug":"small-transparent-tealight-cups-bulk","status":"publish","type":"product","link":"https:\/\/mostebglass.com\/cs\/small-transparent-tealight-cups-bulk\/","title":{"rendered":"25ml mal\u00e9 pr\u016fhledn\u00e9 kel\u00edmky na \u010dajov\u00e9 sv\u00ed\u010dky ve velk\u00e9m"},"content":{"rendered":"<p>Hled\u00e1te kvalitn\u00ed kel\u00edmky na \u010dajov\u00e9 sv\u00ed\u010dky, kter\u00e9 dodaj\u00ed funk\u010dnost a styl? Na\u0161e sklen\u011bn\u00e9 d\u00f3zy na sv\u00ed\u010dky ve velk\u00e9m jsou ide\u00e1ln\u00ed volbou pro zna\u010dky. Tyto d\u00f3zy, navr\u017een\u00e9 pro stabilitu, pr\u016fhlednost a p\u0159izp\u016fsobivost, jsou ide\u00e1ln\u00ed pro velkoobchodn\u00ed v\u00fdrobu sv\u00ed\u010dek nebo maloobchodn\u00ed balen\u00ed.<\/p>\n<h2>Vlastnosti produktu<\/h2>\n<ul>\n<li><strong>V\u00fdroba \u017e\u00e1ruvzdorn\u00e9ho skla: <\/strong>Tyto sklen\u011bn\u00e9 kel\u00edmky Chaiti se nemus\u00edte b\u00e1t prasklin ani rozpadu p\u0159i del\u0161\u00edm ho\u0159en\u00ed \u2013 ide\u00e1ln\u00ed pro velkoobchodn\u00edky se sv\u00ed\u010dkami a organiz\u00e1tory akc\u00ed.<\/li>\n<li><strong>Stohovateln\u00e9 pro \u00fasporu m\u00edsta: <\/strong>N\u00edzkoprofilov\u00fd v\u00e1lcovit\u00fd tvar umo\u017e\u0148uje bezpe\u010dn\u00e9 ulo\u017een\u00ed kel\u00edmku Telleight do hn\u00edzda. Sni\u017euje n\u00e1klady na dopravu a skladov\u00e1n\u00ed \u2013 pro velkoobchodn\u00ed prodej d\u00f3z na sv\u00ed\u010dky ve velk\u00fdch proveden\u00edch by jeden m\u011bl b\u00fdt.<\/li>\n<\/ul>\n<h2>Kl\u00ed\u010dov\u00e9 specifikace<\/h2>\n<table style=\"border-collapse: collapse; width: 80%; margin-left: auto; margin-right: auto;\" border=\"0\" width=\"144\" cellspacing=\"0\" cellpadding=\"0\">\n<tbody>\n<tr style=\"height: 13.50pt;\">\n<td style=\"height: 13.50pt; width: 54.00pt;\" width=\"72\" height=\"18\">Funkce<\/td>\n<td style=\"width: 54.00pt;\" width=\"72\">Podrobnosti<\/td>\n<\/tr>\n<tr style=\"height: 13.50pt;\">\n<td style=\"height: 13.50pt;\" height=\"18\">Kapacita<\/td>\n<td>25ml<\/td>\n<\/tr>\n<tr style=\"height: 13.50pt;\">\n<td style=\"height: 13.50pt;\" height=\"18\">Rozm\u011bry<\/td>\n<td>46*44*26 mm<\/td>\n<\/tr>\n<tr style=\"height: 13.50pt;\">\n<td style=\"height: 13.50pt;\" height=\"18\">Hmotnost<\/td>\n<td>50 g<\/td>\n<\/tr>\n<tr style=\"height: 13.50pt;\">\n<td style=\"height: 13.50pt;\" height=\"18\">Mo\u017enosti barev<\/td>\n<td>\u010cir\u00e9 nebo na m\u00edru t\u00f3novan\u00e9 sklo<\/td>\n<\/tr>\n<\/tbody>\n<\/table>\n<h2>P\u0159\u00edpad \u00fasp\u011bchu<\/h2>\n<p>Na\u0161e kel\u00edmky na \u010dajov\u00e9 sv\u00ed\u010dky byly distribuov\u00e1ny distributorem sv\u00ed\u010dek ve \u0160pan\u011blsku v sez\u00f3nn\u00edm propaga\u010dn\u00edm bal\u00ed\u010dku. Kal\u00ed\u0161ky na \u010dajov\u00e9 sv\u00ed\u010dky byly naneseny vrstvou polopr\u016fhledn\u00fdch barev nast\u0159\u00edkan\u00fdch procesem \u017e\u00edh\u00e1n\u00ed, co\u017e umo\u017enilo n\u00edzkou \u00farove\u0148 rozptylu sv\u011btla a z\u00e1rove\u0148 jednotn\u00e9 \u0161ar\u017ee. Balen\u00ed bylo tak\u00e9 navr\u017eeno se stohovateln\u00fdm t\u00e1ckem s ochrann\u00fdmi p\u0159ep\u00e1\u017ekami pro zv\u00fd\u0161en\u00ed efektivity p\u0159epravy a sn\u00ed\u017een\u00ed po\u010dtu rozbit\u00ed p\u0159i hromadn\u00e9 p\u0159eprav\u011b.<\/p>\n<p>Jejich nov\u00e1 \u0159ada \u010dajov\u00fdch sv\u00ed\u010dek zv\u00fd\u0161ila tr\u017eby o 34 procent za pouh\u00fdch 5 t\u00fddn\u016f a od t\u00e9 doby si objednali druhou s\u00e9rii v\u00edce ne\u017e 100 000 kus\u016f.<\/p>\n<h2>Tipy pro adaptaci pro v\u00e1s<\/h2>\n<ol>\n<li><strong>Mo\u017enosti barevn\u00e9ho n\u00e1t\u011bru:<\/strong> P\u0159idejte pr\u016fsvitn\u00fd, matn\u00fd, metalick\u00fd nebo gradientn\u00ed povrch pro vytvo\u0159en\u00ed r\u016fzn\u00fdch sv\u011bteln\u00fdch efekt\u016f na sv\u00ed\u010dce, kdy\u017e je zap\u00e1len\u00e1.<\/li>\n<li><strong>Branding loga:<\/strong> Na sklen\u011bn\u00fd povrch m\u016f\u017eete pou\u017e\u00edt s\u00edtotisk, samolepky nebo reli\u00e9fn\u00ed identifika\u010dn\u00ed prvky, kter\u00e9 budou pou\u017eity jako zna\u010dka.<\/li>\n<li><strong>Mo\u017enosti v\u00edka\/krytu:<\/strong> Nab\u00eddn\u011bte plastov\u00e9, kovov\u00e9 nebo pap\u00edrov\u00e9 v\u00ed\u010dka, kter\u00e1 zakryj\u00ed prach a vylep\u0161\u00ed vzhled prodejn\u00edch prezentac\u00ed.<\/li>\n<\/ol>","protected":false},"excerpt":{"rendered":"<p>Objevte odoln\u00e9 kel\u00edmky na \u010dajov\u00e9 sv\u00ed\u010dky ve velk\u00e9m za konkurenceschopn\u00e9 ceny. Ide\u00e1ln\u00ed pro luxusn\u00ed sv\u00ed\u010dky, zak\u00e1zkov\u00e9 brandingy a velkoobchodn\u00ed objedn\u00e1vky.<\/p>","protected":false},"featured_media":4918,"template":"","meta":{"site-sidebar-layout":"default","site-content-layout":"","ast-site-content-layout":"default","site-content-style":"default","site-sidebar-style":"default","ast-global-header-display":"","ast-banner-title-visibility":"","ast-main-header-display":"","ast-hfb-above-header-display":"","ast-hfb-below-header-display":"","ast-hfb-mobile-header-display":"","site-post-title":"","ast-breadcrumbs-content":"","ast-featured-img":"","footer-sml-layout":"","theme-transparent-header-meta":"default","adv-header-id-meta":"","stick-header-meta":"","header-above-stick-meta":"","header-main-stick-meta":"","header-below-stick-meta":"","astra-migrate-meta-layouts":"set","ast-page-background-enabled":"default","ast-page-background-meta":{"desktop":{"background-color":"var(--ast-global-color-5)","background-image":"","background-repeat":"repeat","background-position":"center center","background-size":"auto","background-attachment":"scroll","background-type":"","background-media":"","overlay-type":"","overlay-color":"","overlay-opacity":"","overlay-gradient":""},"tablet":{"background-color":"","background-image":"","background-repeat":"repeat","background-position":"center center","background-size":"auto","background-attachment":"scroll","background-type":"","background-media":"","overlay-type":"","overlay-color":"","overlay-opacity":"","overlay-gradient":""},"mobile":{"background-color":"","background-image":"","background-repeat":"repeat","background-position":"center center","background-size":"auto","background-attachment":"scroll","background-type":"","background-media":"","overlay-type":"","overlay-color":"","overlay-opacity":"","overlay-gradient":""}},"ast-content-background-meta":{"desktop":{"background-color":"var(--ast-global-color-4)","background-image":"","background-repeat":"repeat","background-position":"center center","background-size":"auto","background-attachment":"scroll","background-type":"","background-media":"","overlay-type":"","overlay-color":"","overlay-opacity":"","overlay-gradient":""},"tablet":{"background-color":"var(--ast-global-color-4)","background-image":"","background-repeat":"repeat","background-position":"center center","background-size":"auto","background-attachment":"scroll","background-type":"","background-media":"","overlay-type":"","overlay-color":"","overlay-opacity":"","overlay-gradient":""},"mobile":{"background-color":"var(--ast-global-color-4)","background-image":"","background-repeat":"repeat","background-position":"center center","background-size":"auto","background-attachment":"scroll","background-type":"","background-media":"","overlay-type":"","overlay-color":"","overlay-opacity":"","overlay-gradient":""}}},"product_brand":[],"product_cat":[28,21],"product_tag":[],"class_list":{"0":"post-628","1":"product","2":"type-product","3":"status-publish","4":"has-post-thumbnail","6":"product_cat-glass-candle-jars","7":"product_cat-product","8":"desktop-align-left","9":"tablet-align-left","10":"mobile-align-left","12":"first","13":"instock","14":"shipping-taxable","15":"product-type-simple"},"jetpack_sharing_enabled":true,"_links":{"self":[{"href":"https:\/\/mostebglass.com\/cs\/wp-json\/wp\/v2\/product\/628","targetHints":{"allow":["GET"]}}],"collection":[{"href":"https:\/\/mostebglass.com\/cs\/wp-json\/wp\/v2\/product"}],"about":[{"href":"https:\/\/mostebglass.com\/cs\/wp-json\/wp\/v2\/types\/product"}],"wp:featuredmedia":[{"embeddable":true,"href":"https:\/\/mostebglass.com\/cs\/wp-json\/wp\/v2\/media\/4918"}],"wp:attachment":[{"href":"https:\/\/mostebglass.com\/cs\/wp-json\/wp\/v2\/media?parent=628"}],"wp:term":[{"taxonomy":"product_brand","embeddable":true,"href":"https:\/\/mostebglass.com\/cs\/wp-json\/wp\/v2\/product_brand?post=628"},{"taxonomy":"product_cat","embeddable":true,"href":"https:\/\/mostebglass.com\/cs\/wp-json\/wp\/v2\/product_cat?post=628"},{"taxonomy":"product_tag","embeddable":true,"href":"https:\/\/mostebglass.com\/cs\/wp-json\/wp\/v2\/product_tag?post=628"}],"curies":[{"name":"wp","href":"https:\/\/api.w.org\/{rel}","templated":true}]}}