{"id":633,"date":"2025-08-20T10:51:02","date_gmt":"2025-08-20T02:51:02","guid":{"rendered":"https:\/\/mostebglass.com\/?post_type=product&#038;p=633"},"modified":"2026-03-18T14:53:07","modified_gmt":"2026-03-18T06:53:07","slug":"diffusers-glass-bottles-with-sunflower-pattern-wholesale","status":"publish","type":"product","link":"https:\/\/mostebglass.com\/cs\/diffusers-glass-bottles-with-sunflower-pattern-wholesale\/","title":{"rendered":"Velkoobchodn\u00ed prodej difuz\u00e9r\u016f 200ml se vzorem slune\u010dnice"},"content":{"rendered":"<p>Hled\u00e1te luxusn\u00ed sklen\u011bn\u00e9 difuz\u00e9ry za dostupnou cenu? Pod\u00edvejte se na n\u00e1\u0161 200ml difuz\u00e9r ve sklen\u011bn\u00e9 form\u011b \u2013 m\u00e1 \u010distou, hladkou siluetu s hladkou, pr\u016fhlednou lahvi\u010dkou, kterou dopl\u0148uje v\u00fdrazn\u00fd vzor slune\u010dn\u00edho sv\u011btla. Tento design nejen\u017ee upout\u00e1 pozornost, ale tak\u00e9 dod\u00e1v\u00e1 texturu a hloubku, \u010d\u00edm\u017e dod\u00e1v\u00e1 va\u0161emu difuz\u00e9ru luxusn\u00ed vzhled.<\/p>\n<h2>Vlastnosti produktu<\/h2>\n<ul>\n<li><strong>Fantastick\u00e1 jasnost a design:<\/strong> N\u00e1\u0161 difuz\u00e9r ve tvaru sklen\u011bn\u00fdch ty\u010dinek m\u00e1 prvot\u0159\u00eddn\u00ed, \u010dir\u00e9 sklo, kter\u00e9 odhaluje barvu va\u0161ich esenci\u00e1ln\u00edch olej\u016f, zat\u00edmco slune\u010dn\u00ed vzor dod\u00e1v\u00e1 um\u011bleck\u00fd n\u00e1dech.<\/li>\n<li><strong>Ur\u010deno pro Reed Defuser:<\/strong> \u00dazk\u00fd krk a \u0161irok\u00e1 z\u00e1kladna stabilizuj\u00ed r\u00e1kos pro maxim\u00e1ln\u00ed v\u016fni \u2013 \u017e\u00e1dn\u00e9 rozlit\u00ed, \u017e\u00e1dn\u00e9 starosti.<\/li>\n<li><strong>Vzor slune\u010dnice:<\/strong> Slune\u010dn\u00ed vzor na lahvi dod\u00e1v\u00e1 um\u011bleck\u00fd n\u00e1dech a jedine\u010dnost, \u010d\u00edm\u017e zvy\u0161uje jej\u00ed estetickou p\u0159ita\u017elivost.<\/li>\n<\/ul>\n<h2>Skute\u010dn\u00fd \u00fasp\u011bch<\/h2>\n<p>Na\u0161e embosovan\u00e9 sklen\u011bn\u00e9 difuz\u00e9ry si vybrala francouzsk\u00e1 zna\u010dka parf\u00e9m\u016f. Klient b\u011bhem f\u00e1ze \u00faprav uvedl objem 200 ml a po\u017e\u00e1dal o v\u00fdrazn\u011bj\u0161\u00ed reli\u00e9fn\u00ed texturu na t\u011ble lahve. Rozhodl se pro asymetrick\u00fd vzor s te\u010dkovan\u00fdmi a medailonky, aby se zv\u00fd\u0161il efekt dotyku s produktem. Abychom toho dos\u00e1hli, navrhli jsme sklen\u011bn\u00e9 dno se z\u00e1va\u017e\u00edm, abychom zv\u00fd\u0161ili stabilitu lahve. Klient se tak\u00e9 rozhodl pou\u017e\u00edt speci\u00e1ln\u011b vyroben\u00e9 difuz\u00e9ry \u010dern\u00e9 barvy o v\u00fd\u0161ce 28 cm, vyroben\u00e9 z vl\u00e1kna, aby dokonale odpov\u00eddaly vysok\u00e9 a \u0161t\u00edhl\u00e9 linii lahve.<\/p>\n<p>Po uveden\u00ed na trh zaznamenala s\u00e9rie po pouh\u00fdch dvou m\u011bs\u00edc\u00edch 34% n\u00e1r\u016fst tr\u017eeb v kamenn\u00fdch obchodech. Z\u00e1kazn\u00edk pot\u00e9 provedl t\u0159i po sob\u011b jdouc\u00ed hromadn\u00e9 objedn\u00e1vky, \u010d\u00edm\u017e roz\u0161\u00ed\u0159il sv\u016fj distribu\u010dn\u00ed kan\u00e1l do mnoha luxusn\u00edch d\u00e1rkov\u00fdch obchod\u016f v Evrop\u011b.<\/p>\n<h2>Tipy pro p\u0159izp\u016fsoben\u00ed:<\/h2>\n<ul>\n<li>Styl uz\u00e1v\u011bru: Vyberte si z d\u0159ev\u011bn\u00fdch z\u00e1tek, matn\u00e9ho hlin\u00edku nebo plastov\u00fdch uz\u00e1v\u011br\u016f v jak\u00e9koli barv\u011b Pantone.<\/li>\n<li>\u00dapravy velikosti: Pot\u0159ebujete vy\u0161\u0161\u00ed nebo \u0161ir\u0161\u00ed velikost? M\u016f\u017eeme doladit formu.<\/li>\n<li>Logo a branding: Nab\u00edz\u00edme s\u00edtotisk, aplikaci etiket nebo laserov\u00e9 grav\u00edrov\u00e1n\u00ed.<\/li>\n<li>Balen\u00ed: P\u0159idejte zna\u010dkov\u00e9 krabice nebo vlo\u017eky \u2013 my se postar\u00e1me o kompletn\u00ed proces balen\u00ed difuz\u00e9ru.<\/li>\n<\/ul>\n<p>Nejsou to jen sklen\u011bn\u00e9 difuz\u00e9ry. Jsou to va\u0161e difuz\u00e9ry \u2013 p\u0159ipraven\u00e9 k velkoobchodn\u00edmu prodeji, vyroben\u00e9 pro efekt.<\/p>","protected":false},"excerpt":{"rendered":"<p>Velkoobchodn\u00ed prodej sklen\u011bn\u00fdch difuz\u00e9r\u016f a difuz\u00e9r\u016f se sklen\u011bn\u00fdmi ty\u010dinkami na zak\u00e1zku. Odoln\u00e9 sklen\u011bn\u00e9 obaly ve velk\u00e9m pro aromaterapii a bytov\u00e9 dekorace. Vzorky zdarma.<\/p>","protected":false},"featured_media":4806,"template":"","meta":{"site-sidebar-layout":"default","site-content-layout":"","ast-site-content-layout":"default","site-content-style":"default","site-sidebar-style":"default","ast-global-header-display":"","ast-banner-title-visibility":"","ast-main-header-display":"","ast-hfb-above-header-display":"","ast-hfb-below-header-display":"","ast-hfb-mobile-header-display":"","site-post-title":"","ast-breadcrumbs-content":"","ast-featured-img":"","footer-sml-layout":"","theme-transparent-header-meta":"default","adv-header-id-meta":"","stick-header-meta":"","header-above-stick-meta":"","header-main-stick-meta":"","header-below-stick-meta":"","astra-migrate-meta-layouts":"set","ast-page-background-enabled":"default","ast-page-background-meta":{"desktop":{"background-color":"var(--ast-global-color-5)","background-image":"","background-repeat":"repeat","background-position":"center center","background-size":"auto","background-attachment":"scroll","background-type":"","background-media":"","overlay-type":"","overlay-color":"","overlay-opacity":"","overlay-gradient":""},"tablet":{"background-color":"","background-image":"","background-repeat":"repeat","background-position":"center center","background-size":"auto","background-attachment":"scroll","background-type":"","background-media":"","overlay-type":"","overlay-color":"","overlay-opacity":"","overlay-gradient":""},"mobile":{"background-color":"","background-image":"","background-repeat":"repeat","background-position":"center center","background-size":"auto","background-attachment":"scroll","background-type":"","background-media":"","overlay-type":"","overlay-color":"","overlay-opacity":"","overlay-gradient":""}},"ast-content-background-meta":{"desktop":{"background-color":"var(--ast-global-color-4)","background-image":"","background-repeat":"repeat","background-position":"center center","background-size":"auto","background-attachment":"scroll","background-type":"","background-media":"","overlay-type":"","overlay-color":"","overlay-opacity":"","overlay-gradient":""},"tablet":{"background-color":"var(--ast-global-color-4)","background-image":"","background-repeat":"repeat","background-position":"center center","background-size":"auto","background-attachment":"scroll","background-type":"","background-media":"","overlay-type":"","overlay-color":"","overlay-opacity":"","overlay-gradient":""},"mobile":{"background-color":"var(--ast-global-color-4)","background-image":"","background-repeat":"repeat","background-position":"center center","background-size":"auto","background-attachment":"scroll","background-type":"","background-media":"","overlay-type":"","overlay-color":"","overlay-opacity":"","overlay-gradient":""}}},"product_brand":[],"product_cat":[54],"product_tag":[],"class_list":{"0":"post-633","1":"product","2":"type-product","3":"status-publish","4":"has-post-thumbnail","6":"product_cat-reed-diffuser-bottles","7":"desktop-align-left","8":"tablet-align-left","9":"mobile-align-left","11":"first","12":"instock","13":"shipping-taxable","14":"product-type-simple"},"jetpack_sharing_enabled":true,"_links":{"self":[{"href":"https:\/\/mostebglass.com\/cs\/wp-json\/wp\/v2\/product\/633","targetHints":{"allow":["GET"]}}],"collection":[{"href":"https:\/\/mostebglass.com\/cs\/wp-json\/wp\/v2\/product"}],"about":[{"href":"https:\/\/mostebglass.com\/cs\/wp-json\/wp\/v2\/types\/product"}],"wp:featuredmedia":[{"embeddable":true,"href":"https:\/\/mostebglass.com\/cs\/wp-json\/wp\/v2\/media\/4806"}],"wp:attachment":[{"href":"https:\/\/mostebglass.com\/cs\/wp-json\/wp\/v2\/media?parent=633"}],"wp:term":[{"taxonomy":"product_brand","embeddable":true,"href":"https:\/\/mostebglass.com\/cs\/wp-json\/wp\/v2\/product_brand?post=633"},{"taxonomy":"product_cat","embeddable":true,"href":"https:\/\/mostebglass.com\/cs\/wp-json\/wp\/v2\/product_cat?post=633"},{"taxonomy":"product_tag","embeddable":true,"href":"https:\/\/mostebglass.com\/cs\/wp-json\/wp\/v2\/product_tag?post=633"}],"curies":[{"name":"wp","href":"https:\/\/api.w.org\/{rel}","templated":true}]}}