{"id":641,"date":"2025-08-20T13:01:11","date_gmt":"2025-08-20T05:01:11","guid":{"rendered":"https:\/\/mostebglass.com\/?post_type=product&#038;p=641"},"modified":"2026-03-03T16:41:37","modified_gmt":"2026-03-03T08:41:37","slug":"unique-wide-mouth-candle-jars-wholesale","status":"publish","type":"product","link":"https:\/\/mostebglass.com\/cs\/unique-wide-mouth-candle-jars-wholesale\/","title":{"rendered":"55ml unik\u00e1tn\u00ed sv\u00ed\u010dky se \u0161irok\u00fdmi \u00fasty, velkoobchodn\u00ed prodej\u00a0"},"content":{"rendered":"<p>Sklen\u011bn\u00e1 d\u00f3za na sv\u00ed\u010dku o objemu 55 ml m\u00e1 kompaktn\u00ed a \u0161irok\u00fd tvar hrdla s m\u00edrn\u011b roz\u0161\u00ed\u0159en\u00fdm okrajem a siln\u00fdm zes\u00edlen\u00fdm dnem pro zaji\u0161t\u011bn\u00ed extra stability. D\u00f3za je vyrobena z \u010dir\u00e9ho a vysoce pr\u016fhledn\u00e9ho skla, kter\u00e9 j\u00ed poskytuje \u010dist\u00fd a minimalistick\u00fd design, jen\u017e umo\u017e\u0148uje rovnom\u011brn\u00e9 z\u00e1\u0159en\u00ed sv\u00ed\u010dek o velikosti \u010dajov\u00e9 sv\u00ed\u010dky, ale i vonn\u00fdch sv\u00ed\u010dek o velikosti vzork\u016f, votivn\u00edch sv\u00ed\u010dek a r\u016fzn\u00fdch d\u00e1rkov\u00fdch sad. N\u00e1dobu lze po pou\u017eit\u00ed znovu pou\u017e\u00edt jako malou n\u00e1dobku na ulo\u017een\u00ed ko\u0159en\u00ed, dopl\u0148k\u016f nebo dekorac\u00ed.<\/p>\n<h2>Vlastnosti produktu<\/h2>\n<ul>\n<li><strong>Roz\u0161\u00ed\u0159en\u00fd otvor s \u0161irok\u00fdmi \u00fasty:<\/strong> Tato konstrukce umo\u017en\u00ed snadn\u011bj\u0161\u00ed nal\u00e9v\u00e1n\u00ed vosku a voskov\u00e9 knoty lze tak\u00e9 snadno vycentrovat b\u011bhem v\u00fdroby d\u00edky zak\u0159iven\u00e9mu okraji.<\/li>\n<li><strong>Siln\u00fd zaoblen\u00fd okraj:<\/strong> Posiluje strukturu \u00fastn\u00ed dutiny, minimalizuje riziko od\u0161t\u00edpnut\u00ed a zaru\u010duje bezpe\u010dn\u00fd a hladk\u00fd pocit.<\/li>\n<li><strong>Ploch\u00e1 spodn\u00ed plocha:<\/strong> D\u00edky tomu je st\u016fl stabiln\u00ed a nebude se kym\u00e1cet na stole, podnosu ani ozdobn\u00fdch dr\u017e\u00e1c\u00edch.<\/li>\n<\/ul>\n<h2>Kl\u00ed\u010dov\u00e9 specifikace<\/h2>\n<table style=\"border-collapse: collapse; width: 80%; margin-left: auto; margin-right: auto;\" border=\"0\" width=\"144\" cellspacing=\"0\" cellpadding=\"0\">\n<tbody>\n<tr style=\"height: 13.50pt;\">\n<td style=\"height: 13.5pt; width: 54pt; text-align: center;\" width=\"72\" height=\"18\">Funkce<\/td>\n<td style=\"width: 54pt; text-align: center;\" width=\"72\">Podrobnosti<\/td>\n<\/tr>\n<tr style=\"height: 13.50pt;\">\n<td style=\"height: 13.5pt; text-align: center;\" height=\"18\">Kapacita<\/td>\n<td style=\"text-align: center;\">55 ml<\/td>\n<\/tr>\n<tr style=\"height: 13.50pt;\">\n<td style=\"height: 13.5pt; text-align: center;\" height=\"18\">Rozm\u011bry<\/td>\n<td style=\"text-align: center;\">61*45*45 mm<\/td>\n<\/tr>\n<tr style=\"height: 13.50pt;\">\n<td style=\"height: 13.5pt; text-align: center;\" height=\"18\">Materi\u00e1l<\/td>\n<td style=\"text-align: center;\">K\u0159i\u0161\u0165\u00e1lov\u00e9 sklo<\/td>\n<\/tr>\n<tr style=\"height: 13.50pt;\">\n<td style=\"height: 13.5pt; text-align: center;\" height=\"18\">Mo\u017enosti barev<\/td>\n<td style=\"text-align: center;\">\u010cir\u00e9 nebo na m\u00edru t\u00f3novan\u00e9 sklo<\/td>\n<\/tr>\n<\/tbody>\n<\/table>\n<h2>Tipy pro p\u0159izp\u016fsoben\u00ed pro v\u00e1s<\/h2>\n<ol>\n<li><strong>Matn\u00e1 nebo gradientn\u00ed \u00faprava karoserie:<\/strong> Pro zv\u00fdrazn\u011bn\u00ed siln\u00e9 z\u00e1kladn\u00ed struktury pou\u017eijte pln\u00fd matn\u00fd n\u00e1st\u0159ik, gradientn\u00ed n\u00e1t\u011br zdola nahoru nebo \u010d\u00e1ste\u010dn\u00e9 maskov\u00e1n\u00ed.<\/li>\n<li><strong>Reli\u00e9fn\u00ed logo na rovn\u00e9 st\u011bn\u011b:<\/strong> Rovn\u00fd v\u00e1lcov\u00fd povrch lze pou\u017e\u00edt k embosov\u00e1n\u00ed nebo tvarov\u00e1n\u00ed zna\u010dky ve sklenici samotn\u00e9.<\/li>\n<li><strong>V\u00fdvoj v\u00edka na m\u00edru:<\/strong> Design: Designy, kter\u00e9 jsou navr\u017eeny tak, aby ladily se sklen\u011bn\u00fdmi, bambusov\u00fdmi, d\u0159ev\u011bn\u00fdmi nebo kovov\u00fdmi v\u00ed\u010dky v z\u00e1vislosti na pr\u016fm\u011bru v\u00e1lcovan\u00e9ho okraje.<\/li>\n<\/ol>","protected":false},"excerpt":{"rendered":"<p>Objevte d\u00f3zy na sv\u00ed\u010dky se \u0161irok\u00fdm hrdlem pro velkoobchodn\u00ed balen\u00ed sv\u00ed\u010dek. Vysoce kvalitn\u00ed, p\u0159izp\u016fsobiteln\u00e9 d\u00f3zy na sv\u00ed\u010dky v unik\u00e1tn\u00edch d\u00f3z\u00e1ch na sv\u00ed\u010dky velkoobchodn\u011b za konkurenceschopn\u00e9 ceny.<\/p>","protected":false},"featured_media":4582,"template":"","meta":{"site-sidebar-layout":"default","site-content-layout":"","ast-site-content-layout":"default","site-content-style":"default","site-sidebar-style":"default","ast-global-header-display":"","ast-banner-title-visibility":"","ast-main-header-display":"","ast-hfb-above-header-display":"","ast-hfb-below-header-display":"","ast-hfb-mobile-header-display":"","site-post-title":"","ast-breadcrumbs-content":"","ast-featured-img":"","footer-sml-layout":"","theme-transparent-header-meta":"default","adv-header-id-meta":"","stick-header-meta":"","header-above-stick-meta":"","header-main-stick-meta":"","header-below-stick-meta":"","astra-migrate-meta-layouts":"set","ast-page-background-enabled":"default","ast-page-background-meta":{"desktop":{"background-color":"var(--ast-global-color-5)","background-image":"","background-repeat":"repeat","background-position":"center center","background-size":"auto","background-attachment":"scroll","background-type":"","background-media":"","overlay-type":"","overlay-color":"","overlay-opacity":"","overlay-gradient":""},"tablet":{"background-color":"","background-image":"","background-repeat":"repeat","background-position":"center center","background-size":"auto","background-attachment":"scroll","background-type":"","background-media":"","overlay-type":"","overlay-color":"","overlay-opacity":"","overlay-gradient":""},"mobile":{"background-color":"","background-image":"","background-repeat":"repeat","background-position":"center center","background-size":"auto","background-attachment":"scroll","background-type":"","background-media":"","overlay-type":"","overlay-color":"","overlay-opacity":"","overlay-gradient":""}},"ast-content-background-meta":{"desktop":{"background-color":"var(--ast-global-color-4)","background-image":"","background-repeat":"repeat","background-position":"center center","background-size":"auto","background-attachment":"scroll","background-type":"","background-media":"","overlay-type":"","overlay-color":"","overlay-opacity":"","overlay-gradient":""},"tablet":{"background-color":"var(--ast-global-color-4)","background-image":"","background-repeat":"repeat","background-position":"center center","background-size":"auto","background-attachment":"scroll","background-type":"","background-media":"","overlay-type":"","overlay-color":"","overlay-opacity":"","overlay-gradient":""},"mobile":{"background-color":"var(--ast-global-color-4)","background-image":"","background-repeat":"repeat","background-position":"center center","background-size":"auto","background-attachment":"scroll","background-type":"","background-media":"","overlay-type":"","overlay-color":"","overlay-opacity":"","overlay-gradient":""}}},"product_brand":[],"product_cat":[28],"product_tag":[],"class_list":{"0":"post-641","1":"product","2":"type-product","3":"status-publish","4":"has-post-thumbnail","6":"product_cat-glass-candle-jars","7":"desktop-align-left","8":"tablet-align-left","9":"mobile-align-left","11":"first","12":"instock","13":"shipping-taxable","14":"product-type-simple"},"jetpack_sharing_enabled":true,"_links":{"self":[{"href":"https:\/\/mostebglass.com\/cs\/wp-json\/wp\/v2\/product\/641","targetHints":{"allow":["GET"]}}],"collection":[{"href":"https:\/\/mostebglass.com\/cs\/wp-json\/wp\/v2\/product"}],"about":[{"href":"https:\/\/mostebglass.com\/cs\/wp-json\/wp\/v2\/types\/product"}],"wp:featuredmedia":[{"embeddable":true,"href":"https:\/\/mostebglass.com\/cs\/wp-json\/wp\/v2\/media\/4582"}],"wp:attachment":[{"href":"https:\/\/mostebglass.com\/cs\/wp-json\/wp\/v2\/media?parent=641"}],"wp:term":[{"taxonomy":"product_brand","embeddable":true,"href":"https:\/\/mostebglass.com\/cs\/wp-json\/wp\/v2\/product_brand?post=641"},{"taxonomy":"product_cat","embeddable":true,"href":"https:\/\/mostebglass.com\/cs\/wp-json\/wp\/v2\/product_cat?post=641"},{"taxonomy":"product_tag","embeddable":true,"href":"https:\/\/mostebglass.com\/cs\/wp-json\/wp\/v2\/product_tag?post=641"}],"curies":[{"name":"wp","href":"https:\/\/api.w.org\/{rel}","templated":true}]}}