{"id":656,"date":"2025-08-20T13:34:30","date_gmt":"2025-08-20T05:34:30","guid":{"rendered":"https:\/\/mostebglass.com\/?post_type=product&#038;p=656"},"modified":"2026-02-10T14:12:36","modified_gmt":"2026-02-10T06:12:36","slug":"35ml-glass-candle-jar-small-candle-container-for-tealights-samples","status":"publish","type":"product","link":"https:\/\/mostebglass.com\/cs\/35ml-glass-candle-jar-small-candle-container-for-tealights-samples\/","title":{"rendered":"Sklen\u011bn\u00e1 d\u00f3za na sv\u00ed\u010dku 35ml | Mal\u00e1 n\u00e1dobka na \u010dajov\u00e9 sv\u00ed\u010dky a vzorky sv\u00ed\u010dek"},"content":{"rendered":"<p>Tato sklen\u011bn\u00e1 d\u00f3za na sv\u00ed\u010dku o objemu 35 ml m\u00e1 n\u00edzkoprofilov\u00fd v\u00e1lcovit\u00fd tvar s rovn\u00fdmi bo\u010dn\u00edmi st\u011bnami a siln\u00fdm, pevn\u00fdm dnem, kter\u00e9 poskytuje vynikaj\u00edc\u00ed stabilitu a prvot\u0159\u00eddn\u00ed pocit. Je vyrobena z \u010dir\u00e9ho skla s hladk\u00fdm, leskl\u00fdm povrchem, tak\u017ee barva vosku a plamen jsou pln\u011b viditeln\u00e9, co\u017e p\u0159i zap\u00e1len\u00ed vytv\u00e1\u0159\u00ed \u010dist\u00fd a jasn\u00fd vizu\u00e1ln\u00ed efekt. Kompaktn\u00ed velikost a \u0161irok\u00fd otvor usnad\u0148uj\u00ed pln\u011bn\u00ed, nas\u00e1v\u00e1n\u00ed knotu a rovnom\u011brn\u00e9 ho\u0159en\u00ed. Jej\u00ed jednoduch\u00fd, modern\u00ed design zaji\u0161\u0165uje konzistenci p\u0159i balen\u00ed a vystaven\u00ed velk\u00e9ho mno\u017estv\u00ed, tak\u017ee tato mal\u00e1 d\u00f3za na sv\u00ed\u010dky je vhodn\u00e1 jak pro vzorkov\u00e1n\u00ed, tak pro maloform\u00e1tov\u00e9 \u0159ady sv\u00ed\u010dek.<\/p>\n<p><img fetchpriority=\"high\" decoding=\"async\" class=\"wp-image-4442 aligncenter\" src=\"https:\/\/mostebglass.com\/wp-content\/uploads\/2025\/08\/some-small-candle-jars.webp\" alt=\"n\u011bkolik mal\u00fdch d\u00f3z na sv\u00ed\u010dky\" width=\"500\" height=\"500\" srcset=\"https:\/\/mostebglass.com\/wp-content\/uploads\/2025\/08\/some-small-candle-jars.webp 1024w, https:\/\/mostebglass.com\/wp-content\/uploads\/2025\/08\/some-small-candle-jars-768x768.webp 768w, https:\/\/mostebglass.com\/wp-content\/uploads\/2025\/08\/some-small-candle-jars-12x12.webp 12w, https:\/\/mostebglass.com\/wp-content\/uploads\/2025\/08\/some-small-candle-jars-300x300.webp 300w, https:\/\/mostebglass.com\/wp-content\/uploads\/2025\/08\/some-small-candle-jars-600x600.webp 600w, https:\/\/mostebglass.com\/wp-content\/uploads\/2025\/08\/some-small-candle-jars-100x100.webp 100w\" sizes=\"(max-width: 500px) 100vw, 500px\" \/><\/p>\n<h2>Aplikace<\/h2>\n<p>Tato sklen\u011bn\u00e1 d\u00f3za na sv\u00ed\u010dky o objemu 35 ml je ide\u00e1ln\u00ed pro \u010dajov\u00e9 sv\u00ed\u010dky, votivn\u00ed sv\u00ed\u010dky, cestovn\u00ed sv\u00ed\u010dky, vzorov\u00e9 sv\u00ed\u010dky a lze ji tak\u00e9 pou\u017e\u00edt pro dekorativn\u00ed dekorace, d\u00e1rkov\u00e9 sady nebo v pohostinstv\u00ed, jako jsou hotely, akce a aromaterapeutick\u00e9 prostory.<\/p>\n<h2>Kl\u00ed\u010dov\u00e9 specifikace<\/h2>\n<table style=\"border-collapse: collapse; width: 80%; margin-right: auto; margin-left: auto;\" border=\"0\" width=\"144\" cellspacing=\"0\" cellpadding=\"0\">\n<tbody>\n<tr style=\"height: 13.50pt;\">\n<td style=\"height: 13.50pt; width: 54.00pt;\" width=\"72\" height=\"18\">Funkce<\/td>\n<td style=\"width: 54.00pt;\" width=\"72\">Podrobnosti<\/td>\n<\/tr>\n<tr style=\"height: 13.50pt;\">\n<td style=\"height: 13.50pt;\" height=\"18\">Kapacita<\/td>\n<td>35ml<\/td>\n<\/tr>\n<tr style=\"height: 13.50pt;\">\n<td style=\"height: 13.50pt;\" height=\"18\">Rozm\u011bry<\/td>\n<td>\u00dast\u00ed 52 mm, Spodn\u00ed \u010d\u00e1st 48 mm, V\u00fd\u0161ka 34 mm<\/td>\n<\/tr>\n<tr style=\"height: 13.50pt;\">\n<td style=\"height: 13.50pt;\" height=\"18\">Mo\u017enosti barev<\/td>\n<td>Jasn\u00e1 nebo p\u0159izp\u016fsoben\u00e1 barva<\/td>\n<\/tr>\n<tr style=\"height: 13.50pt;\">\n<td style=\"height: 13.50pt;\" height=\"18\">Materi\u00e1l<\/td>\n<td>Bezolovnat\u00e9 sodnov\u00e1penat\u00e9 sklo + kovov\u00e9 v\u00ed\u010dko<\/td>\n<\/tr>\n<\/tbody>\n<\/table>\n<h2>N\u00e1pady na p\u0159izp\u016fsoben\u00ed pro v\u00e1s<img decoding=\"async\" class=\"wp-image-4440 aligncenter\" src=\"https:\/\/mostebglass.com\/wp-content\/uploads\/2025\/08\/colored-35ml-glass-candle-jars.webp\" alt=\"barevn\u00e9 sklen\u011bn\u00e9 d\u00f3zy na sv\u00ed\u010dky o objemu 35 ml\" width=\"500\" height=\"500\" srcset=\"https:\/\/mostebglass.com\/wp-content\/uploads\/2025\/08\/colored-35ml-glass-candle-jars.webp 1024w, https:\/\/mostebglass.com\/wp-content\/uploads\/2025\/08\/colored-35ml-glass-candle-jars-768x768.webp 768w, https:\/\/mostebglass.com\/wp-content\/uploads\/2025\/08\/colored-35ml-glass-candle-jars-12x12.webp 12w, https:\/\/mostebglass.com\/wp-content\/uploads\/2025\/08\/colored-35ml-glass-candle-jars-300x300.webp 300w, https:\/\/mostebglass.com\/wp-content\/uploads\/2025\/08\/colored-35ml-glass-candle-jars-600x600.webp 600w, https:\/\/mostebglass.com\/wp-content\/uploads\/2025\/08\/colored-35ml-glass-candle-jars-100x100.webp 100w\" sizes=\"(max-width: 500px) 100vw, 500px\" \/><\/h2>\n<ol>\n<li><strong>Gradientn\u00ed odst\u00edny:<\/strong> Pou\u017eijte vrstven\u00e9 barevn\u00e9 p\u0159echody k vytvo\u0159en\u00ed modern\u00ed kr\u00e1sy.<\/li>\n<li><strong>Hromadn\u00e9 balen\u00ed:<\/strong> Seskupte tyto 35ml sklen\u011bn\u00e9 d\u00f3zy na sv\u00ed\u010dky do opakovan\u011b pou\u017eiteln\u00e9 n\u00e1doby a vyberte si z d\u00e1rkov\u00fdch sad sv\u00ed\u010dek, kter\u00e9 se prod\u00e1vaj\u00ed na velkoobchodn\u00edch trz\u00edch.<\/li>\n<\/ol>","protected":false},"excerpt":{"rendered":"<p>Kompaktn\u00ed sklen\u011bn\u00e1 d\u00f3za na sv\u00ed\u010dku o objemu 35 ml s mo\u017enost\u00ed individu\u00e1ln\u00edho v\u00fdb\u011bru. Ide\u00e1ln\u00ed pro vzorn\u00ed sv\u00ed\u010dky, \u010dajov\u00e9 sv\u00ed\u010dky, votivn\u00ed sv\u00ed\u010dky a cestovn\u00ed sv\u00ed\u010dky. Vhodn\u00e1 pro hromadn\u00e9 dod\u00e1vky a zna\u010dkov\u00e9 kolekce sv\u00ed\u010dek.<\/p>","protected":false},"featured_media":4439,"template":"","meta":{"site-sidebar-layout":"default","site-content-layout":"","ast-site-content-layout":"default","site-content-style":"default","site-sidebar-style":"default","ast-global-header-display":"","ast-banner-title-visibility":"","ast-main-header-display":"","ast-hfb-above-header-display":"","ast-hfb-below-header-display":"","ast-hfb-mobile-header-display":"","site-post-title":"","ast-breadcrumbs-content":"","ast-featured-img":"","footer-sml-layout":"","theme-transparent-header-meta":"default","adv-header-id-meta":"","stick-header-meta":"","header-above-stick-meta":"","header-main-stick-meta":"","header-below-stick-meta":"","astra-migrate-meta-layouts":"set","ast-page-background-enabled":"default","ast-page-background-meta":{"desktop":{"background-color":"var(--ast-global-color-5)","background-image":"","background-repeat":"repeat","background-position":"center center","background-size":"auto","background-attachment":"scroll","background-type":"","background-media":"","overlay-type":"","overlay-color":"","overlay-opacity":"","overlay-gradient":""},"tablet":{"background-color":"","background-image":"","background-repeat":"repeat","background-position":"center center","background-size":"auto","background-attachment":"scroll","background-type":"","background-media":"","overlay-type":"","overlay-color":"","overlay-opacity":"","overlay-gradient":""},"mobile":{"background-color":"","background-image":"","background-repeat":"repeat","background-position":"center center","background-size":"auto","background-attachment":"scroll","background-type":"","background-media":"","overlay-type":"","overlay-color":"","overlay-opacity":"","overlay-gradient":""}},"ast-content-background-meta":{"desktop":{"background-color":"var(--ast-global-color-4)","background-image":"","background-repeat":"repeat","background-position":"center center","background-size":"auto","background-attachment":"scroll","background-type":"","background-media":"","overlay-type":"","overlay-color":"","overlay-opacity":"","overlay-gradient":""},"tablet":{"background-color":"var(--ast-global-color-4)","background-image":"","background-repeat":"repeat","background-position":"center center","background-size":"auto","background-attachment":"scroll","background-type":"","background-media":"","overlay-type":"","overlay-color":"","overlay-opacity":"","overlay-gradient":""},"mobile":{"background-color":"var(--ast-global-color-4)","background-image":"","background-repeat":"repeat","background-position":"center center","background-size":"auto","background-attachment":"scroll","background-type":"","background-media":"","overlay-type":"","overlay-color":"","overlay-opacity":"","overlay-gradient":""}}},"product_brand":[],"product_cat":[28,21],"product_tag":[],"class_list":{"0":"post-656","1":"product","2":"type-product","3":"status-publish","4":"has-post-thumbnail","6":"product_cat-glass-candle-jars","7":"product_cat-product","8":"desktop-align-left","9":"tablet-align-left","10":"mobile-align-left","12":"first","13":"instock","14":"shipping-taxable","15":"product-type-simple"},"jetpack_sharing_enabled":true,"_links":{"self":[{"href":"https:\/\/mostebglass.com\/cs\/wp-json\/wp\/v2\/product\/656","targetHints":{"allow":["GET"]}}],"collection":[{"href":"https:\/\/mostebglass.com\/cs\/wp-json\/wp\/v2\/product"}],"about":[{"href":"https:\/\/mostebglass.com\/cs\/wp-json\/wp\/v2\/types\/product"}],"wp:featuredmedia":[{"embeddable":true,"href":"https:\/\/mostebglass.com\/cs\/wp-json\/wp\/v2\/media\/4439"}],"wp:attachment":[{"href":"https:\/\/mostebglass.com\/cs\/wp-json\/wp\/v2\/media?parent=656"}],"wp:term":[{"taxonomy":"product_brand","embeddable":true,"href":"https:\/\/mostebglass.com\/cs\/wp-json\/wp\/v2\/product_brand?post=656"},{"taxonomy":"product_cat","embeddable":true,"href":"https:\/\/mostebglass.com\/cs\/wp-json\/wp\/v2\/product_cat?post=656"},{"taxonomy":"product_tag","embeddable":true,"href":"https:\/\/mostebglass.com\/cs\/wp-json\/wp\/v2\/product_tag?post=656"}],"curies":[{"name":"wp","href":"https:\/\/api.w.org\/{rel}","templated":true}]}}