{"id":694,"date":"2025-08-21T09:49:17","date_gmt":"2025-08-21T01:49:17","guid":{"rendered":"https:\/\/mostebglass.com\/?post_type=product&#038;p=694"},"modified":"2025-08-21T17:35:16","modified_gmt":"2025-08-21T09:35:16","slug":"zvonek-na-svicky-velkoobchod-210ml-male-nadoby-na-svicky-s-kryty","status":"publish","type":"product","link":"https:\/\/mostebglass.com\/cs\/candle-bell-jar-wholesale-210ml-small-size-candle-vessels-with-covers\/","title":{"rendered":"Velkoobchodn\u00ed prodej d\u00f3z na sv\u00ed\u010dky \u2013 mal\u00e9 d\u00f3zy na sv\u00ed\u010dky o objemu 210 ml s v\u00ed\u010dky"},"content":{"rendered":"<p>Pot\u0159ebujete vysoce kvalitn\u00ed d\u00f3zy na sv\u00ed\u010dky, kter\u00e9 kombinuj\u00ed odolnost, eleganci a funk\u010dnost? Na\u0161e velkoobchodn\u00ed d\u00f3zy na sv\u00ed\u010dky ve tvaru zvonu jsou perfektn\u00ed volbou pro zna\u010dky sv\u00ed\u010dek a obchodn\u00edky, kte\u0159\u00ed cht\u011bj\u00ed vylep\u0161it svou velkoobchodn\u00ed \u0159adu sv\u00ed\u010dek. Tyto d\u00f3zy na sv\u00ed\u010dky, navr\u017een\u00e9 pro stabilitu, p\u0159ehlednost a mo\u017enost p\u0159izp\u016fsoben\u00ed, jsou ide\u00e1ln\u00ed pro luxusn\u00ed balen\u00ed sv\u00ed\u010dek, hromadnou v\u00fdrobu sv\u00ed\u010dek nebo d\u00e1rky p\u0159ipraven\u00e9 k prodeji v maloobchod\u011b.<\/p>\n<h2>Vlastnosti produktu<\/h2>\n<p><strong>Prachot\u011bsn\u00e9 proveden\u00ed v\u00edka<\/strong><\/p>\n<p>Sklen\u011bn\u00fd kryt ve tvaru kopule s knofl\u00edkovou rukojet\u00ed chr\u00e1n\u00ed p\u0159ed prachem a vlhkost\u00ed a zachov\u00e1v\u00e1 tak kvalitu va\u0161\u00ed sv\u00ed\u010dkov\u00e9 plechovky a luxusn\u00ed sv\u00ed\u010dky.<\/p>\n<p><strong>Dv\u011b velikosti pro v\u0161estrannost<\/strong><\/p>\n<p>Vyberte si mezi v\u00fd\u0161kou 84 mm (vysok\u00e1) nebo 72 mm (mal\u00e1), aby odpov\u00eddala tvaru sv\u00ed\u010dky a pot\u0159eb\u00e1m velkoobchodu a velkoobchodu.<\/p>\n<h2>Kl\u00ed\u010dov\u00e9 specifikace<\/h2>\n<table style=\"border-collapse: collapse; width: 80%; margin-right: auto; margin-left: auto;\" border=\"0\" width=\"144\" cellspacing=\"0\" cellpadding=\"0\">\n<tbody>\n<tr>\n<td width=\"72\">Funkce<\/td>\n<td width=\"72\">Podrobnosti<\/td>\n<\/tr>\n<tr>\n<td>Kapacita<\/td>\n<td>210 ml<\/td>\n<\/tr>\n<tr>\n<td>Rozm\u011bry<\/td>\n<td>V\u00fd\u0161ka: 84*89*112 mm Kr\u00e1tk\u00e1: 72*89*79 mm<\/td>\n<\/tr>\n<tr>\n<td>Hmotnost<\/td>\n<td>320 g (vysok\u00fd) \/ 290 g (n\u00edzk\u00fd)<\/td>\n<\/tr>\n<tr>\n<td>Materi\u00e1l<\/td>\n<td>Sklo<\/td>\n<\/tr>\n<tr>\n<td>Mo\u017enosti barev<\/td>\n<td>\u010cir\u00e9 nebo na m\u00edru t\u00f3novan\u00e9 sklo<\/td>\n<\/tr>\n<\/tbody>\n<\/table>\n<h2>N\u00e1pady na p\u0159izp\u016fsoben\u00ed pro v\u00e1s<\/h2>\n<ol>\n<li><strong>Vyrobeno z ekologick\u00e9ho materi\u00e1lu:<\/strong>Tento produkt je vyroben v\u00fdhradn\u011b z recyklovan\u00e9ho skla, co\u017e ho \u010din\u00ed ide\u00e1ln\u00edm pro spot\u0159ebitele, kte\u0159\u00ed dbaj\u00ed na \u017eivotn\u00ed prost\u0159ed\u00ed a kladou d\u016fraz na stabilitu.<\/li>\n<li><strong>Logo zna\u010dky grav\u00edrovan\u00e9 laserem:<\/strong>Pomoc\u00ed p\u0159esn\u00e9 techniky laserov\u00e9ho sn\u00edm\u00e1n\u00ed je do skla vy\u0159ez\u00e1n nejlep\u0161\u00ed design (nap\u0159\u00edklad kv\u011btinov\u00fd vzor nebo minim\u00e1ln\u00ed logo). To dod\u00e1v\u00e1 na\u0161\u00ed luxusn\u00ed kolekci sv\u00ed\u010dek ve velkoobchodn\u00edch d\u00f3z\u00e1ch s v\u00ed\u010dky vysoce kvalitn\u00ed n\u00e1dech.<\/li>\n<\/ol>","protected":false},"excerpt":{"rendered":"<p>Prozkoumejte velkoobchodn\u00ed nab\u00eddku d\u00f3z na sv\u00ed\u010dky s v\u00ed\u010dky a z\u00edskejte velkoobchodn\u00ed balen\u00ed sv\u00ed\u010dek. Vysoce kvalitn\u00ed n\u00e1doby na sv\u00ed\u010dky s d\u00f3zami a v\u00ed\u010dky za konkurenceschopn\u00e9 ceny.<\/p>","protected":false},"featured_media":713,"template":"","meta":{"site-sidebar-layout":"default","site-content-layout":"","ast-site-content-layout":"default","site-content-style":"default","site-sidebar-style":"default","ast-global-header-display":"","ast-banner-title-visibility":"","ast-main-header-display":"","ast-hfb-above-header-display":"","ast-hfb-below-header-display":"","ast-hfb-mobile-header-display":"","site-post-title":"","ast-breadcrumbs-content":"","ast-featured-img":"","footer-sml-layout":"","theme-transparent-header-meta":"default","adv-header-id-meta":"","stick-header-meta":"","header-above-stick-meta":"","header-main-stick-meta":"","header-below-stick-meta":"","astra-migrate-meta-layouts":"set","ast-page-background-enabled":"default","ast-page-background-meta":{"desktop":{"background-color":"var(--ast-global-color-5)","background-image":"","background-repeat":"repeat","background-position":"center center","background-size":"auto","background-attachment":"scroll","background-type":"","background-media":"","overlay-type":"","overlay-color":"","overlay-opacity":"","overlay-gradient":""},"tablet":{"background-color":"","background-image":"","background-repeat":"repeat","background-position":"center center","background-size":"auto","background-attachment":"scroll","background-type":"","background-media":"","overlay-type":"","overlay-color":"","overlay-opacity":"","overlay-gradient":""},"mobile":{"background-color":"","background-image":"","background-repeat":"repeat","background-position":"center center","background-size":"auto","background-attachment":"scroll","background-type":"","background-media":"","overlay-type":"","overlay-color":"","overlay-opacity":"","overlay-gradient":""}},"ast-content-background-meta":{"desktop":{"background-color":"var(--ast-global-color-4)","background-image":"","background-repeat":"repeat","background-position":"center center","background-size":"auto","background-attachment":"scroll","background-type":"","background-media":"","overlay-type":"","overlay-color":"","overlay-opacity":"","overlay-gradient":""},"tablet":{"background-color":"var(--ast-global-color-4)","background-image":"","background-repeat":"repeat","background-position":"center center","background-size":"auto","background-attachment":"scroll","background-type":"","background-media":"","overlay-type":"","overlay-color":"","overlay-opacity":"","overlay-gradient":""},"mobile":{"background-color":"var(--ast-global-color-4)","background-image":"","background-repeat":"repeat","background-position":"center center","background-size":"auto","background-attachment":"scroll","background-type":"","background-media":"","overlay-type":"","overlay-color":"","overlay-opacity":"","overlay-gradient":""}}},"product_brand":[],"product_cat":[28],"product_tag":[],"class_list":{"0":"post-694","1":"product","2":"type-product","3":"status-publish","4":"has-post-thumbnail","6":"product_cat-glass-candle-jars","7":"desktop-align-left","8":"tablet-align-left","9":"mobile-align-left","11":"first","12":"instock","13":"shipping-taxable","14":"product-type-simple"},"jetpack_sharing_enabled":true,"_links":{"self":[{"href":"https:\/\/mostebglass.com\/cs\/wp-json\/wp\/v2\/product\/694","targetHints":{"allow":["GET"]}}],"collection":[{"href":"https:\/\/mostebglass.com\/cs\/wp-json\/wp\/v2\/product"}],"about":[{"href":"https:\/\/mostebglass.com\/cs\/wp-json\/wp\/v2\/types\/product"}],"wp:featuredmedia":[{"embeddable":true,"href":"https:\/\/mostebglass.com\/cs\/wp-json\/wp\/v2\/media\/713"}],"wp:attachment":[{"href":"https:\/\/mostebglass.com\/cs\/wp-json\/wp\/v2\/media?parent=694"}],"wp:term":[{"taxonomy":"product_brand","embeddable":true,"href":"https:\/\/mostebglass.com\/cs\/wp-json\/wp\/v2\/product_brand?post=694"},{"taxonomy":"product_cat","embeddable":true,"href":"https:\/\/mostebglass.com\/cs\/wp-json\/wp\/v2\/product_cat?post=694"},{"taxonomy":"product_tag","embeddable":true,"href":"https:\/\/mostebglass.com\/cs\/wp-json\/wp\/v2\/product_tag?post=694"}],"curies":[{"name":"wp","href":"https:\/\/api.w.org\/{rel}","templated":true}]}}